{"id":10127,"date":"2020-04-03T15:36:11","date_gmt":"2020-04-03T13:36:11","guid":{"rendered":"https:\/\/vimcar.de\/boxenstopp\/?page_id=10127"},"modified":"2020-10-22T12:54:09","modified_gmt":"2020-10-22T10:54:09","slug":"diese-fehler-sollten-existenzgruender-vermeiden","status":"publish","type":"page","link":"https:\/\/vimcar.de\/boxenstopp\/gruender\/diese-fehler-sollten-existenzgruender-vermeiden\/","title":{"rendered":"Diese Fehler sollten Existenzgr\u00fcnder unbedingt vermeiden!"},"content":{"rendered":"\t\t<div data-elementor-type=\"wp-page\" data-elementor-id=\"10127\" class=\"elementor elementor-10127\" data-elementor-post-type=\"page\">\n\t\t\t\t\t\t<section class=\"elementor-section elementor-top-section elementor-element elementor-element-b7ba16f elementor-section-boxed elementor-section-height-default elementor-section-height-default\" data-id=\"b7ba16f\" data-element_type=\"section\">\n\t\t\t\t\t\t<div class=\"elementor-container elementor-column-gap-default\">\n\t\t\t\t\t<div class=\"elementor-column elementor-col-100 elementor-top-column elementor-element elementor-element-dcd9f98\" data-id=\"dcd9f98\" data-element_type=\"column\">\n\t\t\t<div class=\"elementor-widget-wrap elementor-element-populated\">\n\t\t\t\t\t\t<div class=\"elementor-element elementor-element-89afb5c elementor-widget elementor-widget-heading\" data-id=\"89afb5c\" data-element_type=\"widget\" data-widget_type=\"heading.default\">\n\t\t\t\t<div class=\"elementor-widget-container\">\n\t\t\t<h2 class=\"elementor-heading-title elementor-size-default\">Chaos in der Buchhaltung <\/h2>\t\t<\/div>\n\t\t\t\t<\/div>\n\t\t\t\t<div class=\"elementor-element elementor-element-f044d34 elementor-widget elementor-widget-text-editor\" data-id=\"f044d34\" data-element_type=\"widget\" data-widget_type=\"text-editor.default\">\n\t\t\t\t<div class=\"elementor-widget-container\">\n\t\t\t\t\t\t\t<p><span style=\"font-weight: 400;\">Klar, fast niemand mag sich mit dem trockenen Thema Finanzen herumschlagen. Viele Existenzgr\u00fcnder legen Rechnungen und alles was mit der Buchhaltung zu tun hat, auf einen Stapel in der hintersten Ecke. Die Folgen sind gravierend: Steuern werden nicht oder zu sp\u00e4t gezahlt, Rechnungen bleiben liegen, Mahnfristen werden verpasst. Am Ende wird es ein teurer Spa\u00df, weil der Steuerberater Licht ins Dickicht der Belege bringen muss. Die Steuerbeh\u00f6rden kennen kein Mitleid: Wer Termine verpasst, wird mit hohen Versp\u00e4tungszuschl\u00e4ge zur Kasse gebeten.<\/span><\/p>\t\t\t\t\t\t<\/div>\n\t\t\t\t<\/div>\n\t\t\t\t<div class=\"elementor-element elementor-element-f17c8b1 elementor-widget elementor-widget-heading\" data-id=\"f17c8b1\" data-element_type=\"widget\" data-widget_type=\"heading.default\">\n\t\t\t\t<div class=\"elementor-widget-container\">\n\t\t\t<h2 class=\"elementor-heading-title elementor-size-default\">Kein Geld f\u00fcr Steuerzahlungen \n<\/h2>\t\t<\/div>\n\t\t\t\t<\/div>\n\t\t\t\t<div class=\"elementor-element elementor-element-cb34539 elementor-widget elementor-widget-text-editor\" data-id=\"cb34539\" data-element_type=\"widget\" data-widget_type=\"text-editor.default\">\n\t\t\t\t<div class=\"elementor-widget-container\">\n\t\t\t\t\t\t\t<p><span style=\"font-weight: 400;\">Das Finanzamt wei\u00df am Anfang des Jahres noch nicht, wie hoch das zu versteuernde Einkommen am Ende des Gesch\u00e4ftsjahres sein wird. Der Existenzgr\u00fcnder kann also nicht jeden Monat einen genauen Betrag an Einkommensteuer abf\u00fchren. Das f\u00fchrt dazu, dass Selbstst\u00e4ndige zu Beginn ihre Steuern erst einmal nachzahlen. Denn erst nach Abzug aller Ausgaben wei\u00df der Fiskus exakt, wie hoch die Steuerlast ist. Wer dann nicht ausreichend Geld zur Seite gelegt hat, kommt schnell in Liquidit\u00e4tsschwierigkeiten. Die Steuervorauszahlungen des n\u00e4chsten Jahres richten sich nach diesem Wert. In demselben Jahr werden also Steuernachzahlungen sowie Steuervorauszahlungen gleicherma\u00dfen f\u00e4llig. Steuerberater sch\u00e4tzen etwa 30 Prozent Steuern auf den Gewinn, die zur Seite gelegt werden sollten.<\/span><\/p>\t\t\t\t\t\t<\/div>\n\t\t\t\t<\/div>\n\t\t\t\t<div class=\"elementor-element elementor-element-a5efb13 elementor-widget elementor-widget-heading\" data-id=\"a5efb13\" data-element_type=\"widget\" data-widget_type=\"heading.default\">\n\t\t\t\t<div class=\"elementor-widget-container\">\n\t\t\t<h2 class=\"elementor-heading-title elementor-size-default\">Ratschl\u00e4ge ignorieren\n<\/h2>\t\t<\/div>\n\t\t\t\t<\/div>\n\t\t\t\t<div class=\"elementor-element elementor-element-93cbe7f elementor-widget elementor-widget-text-editor\" data-id=\"93cbe7f\" data-element_type=\"widget\" data-widget_type=\"text-editor.default\">\n\t\t\t\t<div class=\"elementor-widget-container\">\n\t\t\t\t\t\t\t<p><span style=\"font-weight: 400;\">Jeder Existenzgr\u00fcnder kennt sie, die eigenen Zweifel am Erfolg der Gesch\u00e4ftsidee \u2013 aber auch die aus dem Bekanntenkreis. Nicht jede Kritik ist zielf\u00fchrend. Nur konstruktiver Kritik und wertvollen Ideen bringen den Existenzgr\u00fcnder weiter. Und die kommen in erster Linie von Experten, die sich mit der Materie gut auskennen. Ein Gr\u00fcndungsberater d\u00fcrfte hier die richtige Wahl sein. Von der Unternehmensgr\u00fcndung bis zur Nachgr\u00fcndungsberatung begleitet er den jungen Unternehmer. Er hilft bei der Businessplan-Erstellung bis hin zur F\u00f6rdermittel-Beantragung.\u00a0<\/span><\/p>\t\t\t\t\t\t<\/div>\n\t\t\t\t<\/div>\n\t\t\t\t<div class=\"elementor-element elementor-element-9b920b5 elementor-widget elementor-widget-heading\" data-id=\"9b920b5\" data-element_type=\"widget\" data-widget_type=\"heading.default\">\n\t\t\t\t<div class=\"elementor-widget-container\">\n\t\t\t<h2 class=\"elementor-heading-title elementor-size-default\">Businessplan vergessen<\/h2>\t\t<\/div>\n\t\t\t\t<\/div>\n\t\t\t\t<div class=\"elementor-element elementor-element-dd5e37a elementor-widget elementor-widget-text-editor\" data-id=\"dd5e37a\" data-element_type=\"widget\" data-widget_type=\"text-editor.default\">\n\t\t\t\t<div class=\"elementor-widget-container\">\n\t\t\t\t\t\t\t<p><span style=\"font-weight: 400;\">Der Businessplan dient dem Selbstst\u00e4ndigen als Fahrplan f\u00fcr seine T\u00e4tigkeiten. Mit fundierten wirtschaftlichen Angaben hilft er zudem bei der Beschaffung von Krediten. Doch die Angaben in einem Businessplan sind kein starres Ger\u00fcst, sondern m\u00fcssen stets an ver\u00e4nderte Umst\u00e4nde angepasst werden. Wer den Businessplan bei Ver\u00e4nderungen nicht st\u00e4ndig korrigiert, l\u00e4uft Gefahr mit dem Unternehmen zu kentern.<\/span><\/p>\t\t\t\t\t\t<\/div>\n\t\t\t\t<\/div>\n\t\t\t\t<div class=\"elementor-element elementor-element-3fde68f elementor-widget elementor-widget-heading\" data-id=\"3fde68f\" data-element_type=\"widget\" data-widget_type=\"heading.default\">\n\t\t\t\t<div class=\"elementor-widget-container\">\n\t\t\t<h2 class=\"elementor-heading-title elementor-size-default\">Akquise vernachl\u00e4ssigen\n<\/h2>\t\t<\/div>\n\t\t\t\t<\/div>\n\t\t\t\t<div class=\"elementor-element elementor-element-b6998ea elementor-widget elementor-widget-text-editor\" data-id=\"b6998ea\" data-element_type=\"widget\" data-widget_type=\"text-editor.default\">\n\t\t\t\t<div class=\"elementor-widget-container\">\n\t\t\t\t\t\t\t<p><span style=\"font-weight: 400;\">Keine Akquise, keine Auftr\u00e4ge: Wer nicht rechtzeitig neue Kunden akquiriert, hat keine Einnahmen. Schon w\u00e4hrend der Projektarbeit sollte man sich deshalb auch Zeit nehmen f\u00fcr die Neukundenakquise. Am besten baut man sich ein Netzwerk von Gesch\u00e4ftspartnern auf, mit denen eine langfristige Zusammenarbeit m\u00f6glich ist.<\/span><\/p>\t\t\t\t\t\t<\/div>\n\t\t\t\t<\/div>\n\t\t\t\t<div class=\"elementor-element elementor-element-7313b1f elementor-widget elementor-widget-heading\" data-id=\"7313b1f\" data-element_type=\"widget\" data-widget_type=\"heading.default\">\n\t\t\t\t<div class=\"elementor-widget-container\">\n\t\t\t<h2 class=\"elementor-heading-title elementor-size-default\">Dem Kunden immer nachgeben\n<\/h2>\t\t<\/div>\n\t\t\t\t<\/div>\n\t\t\t\t<div class=\"elementor-element elementor-element-79c9797 elementor-widget elementor-widget-text-editor\" data-id=\"79c9797\" data-element_type=\"widget\" data-widget_type=\"text-editor.default\">\n\t\t\t\t<div class=\"elementor-widget-container\">\n\t\t\t\t\t\t\t<p><span style=\"font-weight: 400;\">Jeder kennt Kunden, die einen zur Verzweiflung treiben k\u00f6nnen. Die Gr\u00fcnde daf\u00fcr sind vielf\u00e4ltig: Schlechte Kommunikation, unversch\u00e4mte Forderungen, nicht bezahlte Rechnungen. Auch als Gr\u00fcnder sollte man klar signalisieren, wenn eine rote Linie \u00fcbertreten wurde. Als Selbstst\u00e4ndiger kann man sich seine Kunden selbst aussuchen \u2013 und sollte Auftr\u00e4ge von extrem unprofessionellen Kunden ablehnen.<\/span><\/p>\t\t\t\t\t\t<\/div>\n\t\t\t\t<\/div>\n\t\t\t\t<div class=\"elementor-element elementor-element-6b09eac elementor-widget elementor-widget-heading\" data-id=\"6b09eac\" data-element_type=\"widget\" data-widget_type=\"heading.default\">\n\t\t\t\t<div class=\"elementor-widget-container\">\n\t\t\t<h2 class=\"elementor-heading-title elementor-size-default\">Alles selbst erledigen\n<\/h2>\t\t<\/div>\n\t\t\t\t<\/div>\n\t\t\t\t<div class=\"elementor-element elementor-element-0b7b143 elementor-widget elementor-widget-text-editor\" data-id=\"0b7b143\" data-element_type=\"widget\" data-widget_type=\"text-editor.default\">\n\t\t\t\t<div class=\"elementor-widget-container\">\n\t\t\t\t\t\t\t<p><span style=\"font-weight: 400;\">Am Anfang hat man zu wenig von allem \u2013 vor allem zu wenig Zeit und Geld. Deshalb k\u00fcmmert sich der Gr\u00fcnder h\u00e4ufig um alles und verliert dabei den Fokus f\u00fcr die wesentlichen T\u00e4tigkeiten. Damit das gar nicht erst passiert, sollte von Beginn an eine Aufgabenteilung bestehen. Ob nun Steuerberater, Aushilfen oder Praktikanten \u2013 es gibt viele M\u00f6glichkeiten seine Aufgaben zu delegieren.\u00a0<\/span><\/p>\t\t\t\t\t\t<\/div>\n\t\t\t\t<\/div>\n\t\t\t\t<div class=\"elementor-element elementor-element-cccdf75 elementor-widget elementor-widget-heading\" data-id=\"cccdf75\" data-element_type=\"widget\" data-widget_type=\"heading.default\">\n\t\t\t\t<div class=\"elementor-widget-container\">\n\t\t\t<h2 class=\"elementor-heading-title elementor-size-default\">Ohne Auszeiten durcharbeiten\n<\/h2>\t\t<\/div>\n\t\t\t\t<\/div>\n\t\t\t\t<div class=\"elementor-element elementor-element-0c31699 elementor-widget elementor-widget-text-editor\" data-id=\"0c31699\" data-element_type=\"widget\" data-widget_type=\"text-editor.default\">\n\t\t\t\t<div class=\"elementor-widget-container\">\n\t\t\t\t\t\t\t<p><span style=\"font-weight: 400;\">Wer st\u00e4ndig aufs Gaspedal tritt, bei dem ist der Tank ganz schnell leer. Selbst wenn die Arbeitswochen vieler Selbstst\u00e4ndiger mitunter lang sind und Pausen zu kurz kommen, ist es wichtig, den Tank wieder aufzuf\u00fcllen. Nur wer gen\u00fcgend Energie besitzt, kann ohne k\u00f6rperliche oder seelische Sch\u00e4den den Alltag meistern. Wer sich zu wenige Auszeiten g\u00f6nnt, dem geht auf Dauer Kreativit\u00e4t und Effizienz verloren. Pausen zu halten und zu entspannen sind wesentlich, um langfristig den Erfolg zu sichern. Schlie\u00dflich haben sich Gr\u00fcnder f\u00fcr die Selbstst\u00e4ndigkeit entschieden, weil sie flexibel sein und den Alltag selbst gestalten wollen. Und was n\u00fctzt es, wenn man seine Gesundheit ruiniert und nicht mehr in der Lage ist, sein Gesch\u00e4ft zu f\u00fchren? Deshalb zwischendurch mal innehalten, durchatmen und auf seinen K\u00f6rper h\u00f6ren. Der wei\u00df am besten, wann er eine Ruhepause ben\u00f6tigt.\u00a0<\/span><\/p>\t\t\t\t\t\t<\/div>\n\t\t\t\t<\/div>\n\t\t\t\t<div class=\"elementor-element elementor-element-23e8afc elementor-widget elementor-widget-heading\" data-id=\"23e8afc\" data-element_type=\"widget\" data-widget_type=\"heading.default\">\n\t\t\t\t<div class=\"elementor-widget-container\">\n\t\t\t<h2 class=\"elementor-heading-title elementor-size-default\">Alles zum Thema Unternehmensgr\u00fcndung<\/h2>\t\t<\/div>\n\t\t\t\t<\/div>\n\t\t\t\t\t<\/div>\n\t\t<\/div>\n\t\t\t\t\t<\/div>\n\t\t<\/section>\n\t\t\t\t<section class=\"elementor-section elementor-top-section elementor-element elementor-element-9fbe516 elementor-section-boxed elementor-section-height-default elementor-section-height-default\" data-id=\"9fbe516\" data-element_type=\"section\">\n\t\t\t\t\t\t<div class=\"elementor-container elementor-column-gap-default\">\n\t\t\t\t\t<div class=\"elementor-column elementor-col-100 elementor-top-column elementor-element elementor-element-641251b\" data-id=\"641251b\" data-element_type=\"column\">\n\t\t\t<div class=\"elementor-widget-wrap elementor-element-populated\">\n\t\t\t\t\t\t<div class=\"elementor-element elementor-element-6710013 elementor-widget elementor-widget-text-editor\" data-id=\"6710013\" data-element_type=\"widget\" data-widget_type=\"text-editor.default\">\n\t\t\t\t<div class=\"elementor-widget-container\">\n\t\t\t\t\t\t\t<ul>\n<li><a href=\"https:\/\/vimcar.de\/boxenstopp\/gruender\/unternehmensgruendung\/\">Unternehmensgr\u00fcndung<\/a><\/li>\n<li><a href=\"https:\/\/vimcar.de\/boxenstopp\/gruender\/gruendung-lieferdienst\/\">Gr\u00fcndung eines Lieferdienstes<\/a><\/li>\n<li><a href=\"https:\/\/vimcar.de\/boxenstopp\/gruender\/gruendung-pflegedienst\/\">Gr\u00fcndung eines Pflegedienstes<\/a><\/li>\n<li><a href=\"https:\/\/vimcar.de\/boxenstopp\/gruender\/gruendung-eines-handwerksbetriebs\/\">Gr\u00fcndung eines Handwerkbetriebes<\/a><\/li>\n<li><a href=\"https:\/\/vimcar.de\/boxenstopp\/blog\/digitalisierung-spart-zeit-und-geld\/\">Digitalisierung spart Zeit &amp; Geld&nbsp;<\/a><\/li>\n<li><a href=\"https:\/\/vimcar.de\/boxenstopp\/blog\/rolle-mobilitaet-fuer-unternehmenserfolg\/\">Die Rolle von Mobilit\u00e4t f\u00fcr den Unternehmenserfolg<\/a><\/li>\n<li><a href=\"https:\/\/vimcar.de\/boxenstopp\/gruender\/beschaffung\/\">Beschaffung f\u00fcr Gr\u00fcnder:<\/a> So bauen Sie Ihren Fuhrpark auf<\/li>\n<li><a href=\"https:\/\/vimcar.de\/boxenstopp\/blog\/steuern-sparen-als-selbstaendiger\/\">Steuern sparen als Selbstst\u00e4ndiger<\/a><\/li>\n<\/ul>\t\t\t\t\t\t<\/div>\n\t\t\t\t<\/div>\n\t\t\t\t\t<\/div>\n\t\t<\/div>\n\t\t\t\t\t<\/div>\n\t\t<\/section>\n\t\t\t\t<\/div>\n\t\t","protected":false},"excerpt":{"rendered":"<p>Chaos in der Buchhaltung Klar, fast niemand mag sich mit dem trockenen Thema Finanzen herumschlagen. Viele Existenzgr\u00fcnder legen Rechnungen und alles was mit der Buchhaltung zu tun hat, auf einen Stapel in der hintersten Ecke. Die Folgen sind gravierend: Steuern werden nicht oder zu sp\u00e4t gezahlt, Rechnungen bleiben liegen, Mahnfristen werden verpasst. Am Ende wird [&hellip;]<\/p>\n","protected":false},"author":74,"featured_media":0,"parent":9681,"menu_order":0,"comment_status":"closed","ping_status":"closed","template":"","meta":{"footnotes":"","_wp_rev_ctl_limit":""},"yoast_head":"<!-- This site is optimized with the Yoast SEO Premium plugin v21.5 (Yoast SEO v21.5) - https:\/\/yoast.com\/wordpress\/plugins\/seo\/ -->\n<title>Diese Fehler sollten Existenzgr\u00fcnder unbedingt vermeiden!<\/title>\n<meta name=\"description\" content=\"M\u00f6chten Sie ein Unternehmen gr\u00fcnden? Dann erfahren Sie hier, welche Fehler Existenzgr\u00fcnder vermeiden sollten. Jetzt weiterlesen!\" \/>\n<meta name=\"robots\" content=\"index, follow, max-snippet:-1, max-image-preview:large, max-video-preview:-1\" \/>\n<link rel=\"canonical\" href=\"https:\/\/vimcar.de\/boxenstopp\/gruender\/diese-fehler-sollten-existenzgruender-vermeiden\/\" \/>\n<meta property=\"og:locale\" content=\"de_DE\" \/>\n<meta property=\"og:type\" content=\"article\" \/>\n<meta property=\"og:title\" content=\"Diese Fehler sollten Existenzgr\u00fcnder unbedingt vermeiden!\" \/>\n<meta property=\"og:description\" content=\"M\u00f6chten Sie ein Unternehmen gr\u00fcnden? Dann erfahren Sie hier, welche Fehler Existenzgr\u00fcnder vermeiden sollten. Jetzt weiterlesen!\" \/>\n<meta property=\"og:url\" content=\"https:\/\/vimcar.de\/boxenstopp\/gruender\/diese-fehler-sollten-existenzgruender-vermeiden\/\" \/>\n<meta property=\"og:site_name\" content=\"Vimcar Boxenstopp\" \/>\n<meta property=\"article:publisher\" content=\"https:\/\/www.facebook.com\/vimcar\" \/>\n<meta property=\"article:modified_time\" content=\"2020-10-22T10:54:09+00:00\" \/>\n<meta name=\"twitter:card\" content=\"summary_large_image\" \/>\n<meta name=\"twitter:site\" content=\"@goVimcar\" \/>\n<meta name=\"twitter:label1\" content=\"Gesch\u00e4tzte Lesezeit\" \/>\n\t<meta name=\"twitter:data1\" content=\"4\u00a0Minuten\" \/>\n<!-- \/ Yoast SEO Premium plugin. -->","yoast_head_json":{"title":"Diese Fehler sollten Existenzgr\u00fcnder unbedingt vermeiden!","description":"M\u00f6chten Sie ein Unternehmen gr\u00fcnden? Dann erfahren Sie hier, welche Fehler Existenzgr\u00fcnder vermeiden sollten. Jetzt weiterlesen!","robots":{"index":"index","follow":"follow","max-snippet":"max-snippet:-1","max-image-preview":"max-image-preview:large","max-video-preview":"max-video-preview:-1"},"canonical":"https:\/\/vimcar.de\/boxenstopp\/gruender\/diese-fehler-sollten-existenzgruender-vermeiden\/","og_locale":"de_DE","og_type":"article","og_title":"Diese Fehler sollten Existenzgr\u00fcnder unbedingt vermeiden!","og_description":"M\u00f6chten Sie ein Unternehmen gr\u00fcnden? Dann erfahren Sie hier, welche Fehler Existenzgr\u00fcnder vermeiden sollten. Jetzt weiterlesen!","og_url":"https:\/\/vimcar.de\/boxenstopp\/gruender\/diese-fehler-sollten-existenzgruender-vermeiden\/","og_site_name":"Vimcar Boxenstopp","article_publisher":"https:\/\/www.facebook.com\/vimcar","article_modified_time":"2020-10-22T10:54:09+00:00","twitter_card":"summary_large_image","twitter_site":"@goVimcar","twitter_misc":{"Gesch\u00e4tzte Lesezeit":"4\u00a0Minuten"},"schema":{"@context":"https:\/\/schema.org","@graph":[{"@type":"WebPage","@id":"https:\/\/vimcar.de\/boxenstopp\/gruender\/diese-fehler-sollten-existenzgruender-vermeiden\/","url":"https:\/\/vimcar.de\/boxenstopp\/gruender\/diese-fehler-sollten-existenzgruender-vermeiden\/","name":"Diese Fehler sollten Existenzgr\u00fcnder unbedingt vermeiden!","isPartOf":{"@id":"https:\/\/vimcar.de\/boxenstopp\/#website"},"datePublished":"2020-04-03T13:36:11+00:00","dateModified":"2020-10-22T10:54:09+00:00","description":"M\u00f6chten Sie ein Unternehmen gr\u00fcnden? Dann erfahren Sie hier, welche Fehler Existenzgr\u00fcnder vermeiden sollten. Jetzt weiterlesen!","breadcrumb":{"@id":"https:\/\/vimcar.de\/boxenstopp\/gruender\/diese-fehler-sollten-existenzgruender-vermeiden\/#breadcrumb"},"inLanguage":"de","potentialAction":[{"@type":"ReadAction","target":["https:\/\/vimcar.de\/boxenstopp\/gruender\/diese-fehler-sollten-existenzgruender-vermeiden\/"]}]},{"@type":"BreadcrumbList","@id":"https:\/\/vimcar.de\/boxenstopp\/gruender\/diese-fehler-sollten-existenzgruender-vermeiden\/#breadcrumb","itemListElement":[{"@type":"ListItem","position":1,"name":"Startseite","item":"https:\/\/vimcar.de\/boxenstopp\/"},{"@type":"ListItem","position":2,"name":"Richtig Gr\u00fcnden: Das 1&#215;1 der Unternehmensgr\u00fcndung","item":"https:\/\/vimcar.de\/boxenstopp\/gruender\/"},{"@type":"ListItem","position":3,"name":"Diese Fehler sollten Existenzgr\u00fcnder unbedingt vermeiden!"}]},{"@type":"WebSite","@id":"https:\/\/vimcar.de\/boxenstopp\/#website","url":"https:\/\/vimcar.de\/boxenstopp\/","name":"Vimcar Boxenstopp","description":"- Die Lernplattform f\u00fcr Fuhrparkleiter","publisher":{"@id":"https:\/\/vimcar.de\/boxenstopp\/#organization"},"potentialAction":[{"@type":"SearchAction","target":{"@type":"EntryPoint","urlTemplate":"https:\/\/vimcar.de\/boxenstopp\/?s={search_term_string}"},"query-input":"required name=search_term_string"}],"inLanguage":"de"},{"@type":"Organization","@id":"https:\/\/vimcar.de\/boxenstopp\/#organization","name":"Vimcar Boxenstopp - Fuhrparkwissen","url":"https:\/\/vimcar.de\/boxenstopp\/","logo":{"@type":"ImageObject","inLanguage":"de","@id":"https:\/\/vimcar.de\/boxenstopp\/#\/schema\/logo\/image\/","url":"https:\/\/vimcar.de\/boxenstopp\/wp-content\/uploads\/2020\/10\/logo-vimcar-boxenstopp.png","contentUrl":"https:\/\/vimcar.de\/boxenstopp\/wp-content\/uploads\/2020\/10\/logo-vimcar-boxenstopp.png","width":250,"height":50,"caption":"Vimcar Boxenstopp - Fuhrparkwissen"},"image":{"@id":"https:\/\/vimcar.de\/boxenstopp\/#\/schema\/logo\/image\/"},"sameAs":["https:\/\/www.facebook.com\/vimcar","https:\/\/twitter.com\/goVimcar","https:\/\/www.instagram.com\/vimcar_official\/","https:\/\/de.linkedin.com\/company\/vimcar","https:\/\/www.pinterest.de\/vimcar\/","https:\/\/www.youtube.com\/channel\/UCWRajoA7OnWsAw-ezAahZPg"]}]}},"_links":{"self":[{"href":"https:\/\/vimcar.de\/boxenstopp\/wp-json\/wp\/v2\/pages\/10127"}],"collection":[{"href":"https:\/\/vimcar.de\/boxenstopp\/wp-json\/wp\/v2\/pages"}],"about":[{"href":"https:\/\/vimcar.de\/boxenstopp\/wp-json\/wp\/v2\/types\/page"}],"author":[{"embeddable":true,"href":"https:\/\/vimcar.de\/boxenstopp\/wp-json\/wp\/v2\/users\/74"}],"replies":[{"embeddable":true,"href":"https:\/\/vimcar.de\/boxenstopp\/wp-json\/wp\/v2\/comments?post=10127"}],"version-history":[{"count":0,"href":"https:\/\/vimcar.de\/boxenstopp\/wp-json\/wp\/v2\/pages\/10127\/revisions"}],"up":[{"embeddable":true,"href":"https:\/\/vimcar.de\/boxenstopp\/wp-json\/wp\/v2\/pages\/9681"}],"wp:attachment":[{"href":"https:\/\/vimcar.de\/boxenstopp\/wp-json\/wp\/v2\/media?parent=10127"}],"curies":[{"name":"wp","href":"https:\/\/api.w.org\/{rel}","templated":true}]}}