{"id":10535,"date":"2020-04-17T14:55:21","date_gmt":"2020-04-17T12:55:21","guid":{"rendered":"https:\/\/vimcar.de\/boxenstopp\/?page_id=10535"},"modified":"2024-07-15T13:35:46","modified_gmt":"2024-07-15T11:35:46","slug":"home-office-mit-vimcar","status":"publish","type":"page","link":"https:\/\/vimcar.de\/boxenstopp\/digitalisierung\/home-office-mit-vimcar\/","title":{"rendered":"Home Office mit Vimcar"},"content":{"rendered":"\t\t<div data-elementor-type=\"wp-page\" data-elementor-id=\"10535\" class=\"elementor elementor-10535\" data-elementor-post-type=\"page\">\n\t\t\t\t\t\t<section class=\"elementor-section elementor-top-section elementor-element elementor-element-43c0427 elementor-section-boxed elementor-section-height-default elementor-section-height-default\" data-id=\"43c0427\" data-element_type=\"section\">\n\t\t\t\t\t\t<div class=\"elementor-container elementor-column-gap-default\">\n\t\t\t\t\t<div class=\"elementor-column elementor-col-100 elementor-top-column elementor-element elementor-element-087ea90\" data-id=\"087ea90\" data-element_type=\"column\">\n\t\t\t<div class=\"elementor-widget-wrap elementor-element-populated\">\n\t\t\t\t\t\t<div class=\"elementor-element elementor-element-6539185 elementor-widget elementor-widget-text-editor\" data-id=\"6539185\" data-element_type=\"widget\" data-widget_type=\"text-editor.default\">\n\t\t\t\t<div class=\"elementor-widget-container\">\n\t\t\t\t\t\t\t<p><span style=\"font-weight: 400;\">Der Begriff \u201cHome Office\u201d ist sp\u00e4testens seit der Corona Pandemie in aller Munde. Gemeint ist damit schlicht das Arbeiten von zuhause aus. Unternehmen, die ihren Mitarbeitern das Home Office erm\u00f6glichen, senken die Ansteckungsgefahr unter den Angestellten drastisch und beugen so einem Komplettausfall der Belegschaft vor. Doch nicht nur im Extremfall kann das Home Office eine gute L\u00f6sung sein, auch unter normalen Umst\u00e4nden ist die M\u00f6glichkeit des Home Offices ein attraktives Angebot f\u00fcr <a href=\"https:\/\/vimcar.de\/boxenstopp\/lexikon\/fuhrparkleiter\/\" target=\"_blank\" rel=\"noopener\">Fuhrparkleiter<\/a> und Mitarbeiter. Beispielsweise, wenn ein Mitarbeiter aufgrund einer wichtigen Lieferung darauf angewiesen ist, zuhause zu bleiben.<\/span><\/p>\t\t\t\t\t\t<\/div>\n\t\t\t\t<\/div>\n\t\t\t\t\t<\/div>\n\t\t<\/div>\n\t\t\t\t\t<\/div>\n\t\t<\/section>\n\t\t\t\t<section class=\"elementor-section elementor-top-section elementor-element elementor-element-ef8d7b0 elementor-section-boxed elementor-section-height-default elementor-section-height-default\" data-id=\"ef8d7b0\" data-element_type=\"section\">\n\t\t\t\t\t\t<div class=\"elementor-container elementor-column-gap-default\">\n\t\t\t\t\t<div class=\"elementor-column elementor-col-100 elementor-top-column elementor-element elementor-element-0252ed1\" data-id=\"0252ed1\" data-element_type=\"column\">\n\t\t\t<div class=\"elementor-widget-wrap elementor-element-populated\">\n\t\t\t\t\t\t<div class=\"elementor-element elementor-element-c30c745 elementor-widget elementor-widget-text-editor\" data-id=\"c30c745\" data-element_type=\"widget\" data-widget_type=\"text-editor.default\">\n\t\t\t\t<div class=\"elementor-widget-container\">\n\t\t\t\t\t\t\t<p><span style=\"font-weight: 400;\">F\u00fcr die Umsetzung des Home Office wird, wie im B\u00fcro auch, eine technische Grundausstattung ben\u00f6tigt. Diese besteht in den meisten F\u00e4llen aus einem Computer (Desktop-PC oder Laptop) und einer stabilen Internetverbindung. Doch um effizient arbeiten zu k\u00f6nnen, ist in vielen F\u00e4llen auch die geeignete Software n\u00f6tig. <\/span><\/p>\t\t\t\t\t\t<\/div>\n\t\t\t\t<\/div>\n\t\t\t\t\t<\/div>\n\t\t<\/div>\n\t\t\t\t\t<\/div>\n\t\t<\/section>\n\t\t\t\t<section class=\"elementor-section elementor-top-section elementor-element elementor-element-d0d95c2 elementor-section-boxed elementor-section-height-default elementor-section-height-default\" data-id=\"d0d95c2\" data-element_type=\"section\">\n\t\t\t\t\t\t<div class=\"elementor-container elementor-column-gap-default\">\n\t\t\t\t\t<div class=\"elementor-column elementor-col-100 elementor-top-column elementor-element elementor-element-ab1ed37\" data-id=\"ab1ed37\" data-element_type=\"column\">\n\t\t\t<div class=\"elementor-widget-wrap elementor-element-populated\">\n\t\t\t\t\t\t<div class=\"elementor-element elementor-element-e176993 elementor-widget elementor-widget-heading\" data-id=\"e176993\" data-element_type=\"widget\" data-widget_type=\"heading.default\">\n\t\t\t\t<div class=\"elementor-widget-container\">\n\t\t\t<h2 class=\"elementor-heading-title elementor-size-default\">Fuhrparkleiter im Home Office<\/h2>\t\t<\/div>\n\t\t\t\t<\/div>\n\t\t\t\t\t<\/div>\n\t\t<\/div>\n\t\t\t\t\t<\/div>\n\t\t<\/section>\n\t\t\t\t<section class=\"elementor-section elementor-top-section elementor-element elementor-element-d139373 elementor-section-boxed elementor-section-height-default elementor-section-height-default\" data-id=\"d139373\" data-element_type=\"section\">\n\t\t\t\t\t\t<div class=\"elementor-container elementor-column-gap-default\">\n\t\t\t\t\t<div class=\"elementor-column elementor-col-100 elementor-top-column elementor-element elementor-element-a9d7a73\" data-id=\"a9d7a73\" data-element_type=\"column\">\n\t\t\t<div class=\"elementor-widget-wrap elementor-element-populated\">\n\t\t\t\t\t\t<div class=\"elementor-element elementor-element-9f0387c elementor-widget elementor-widget-text-editor\" data-id=\"9f0387c\" data-element_type=\"widget\" data-widget_type=\"text-editor.default\">\n\t\t\t\t<div class=\"elementor-widget-container\">\n\t\t\t\t\t\t\t<p><span style=\"font-weight: 400;\">Auch als Fuhrparkverantwortlicher haben Sie die M\u00f6glichkeit, im Home Office zu arbeiten. Falls Ihnen zuhause die technische Grundausstattung zur Verf\u00fcgung steht, k\u00f6nnen Sie wie gewohnt auf Ihr Vimcar Kundenkonto zugreifen und Ihrer Arbeit nachgehen. Das Beste daran: Dank der Vimcar Software m\u00fcssen Sie nicht zahllose Aktenordner aus dem B\u00fcro mit nach Hause nehmen oder Angst haben, im B\u00fcro wichtige Unterlagen vergessen zu haben. Mit Vimcar haben Sie jederzeit Zugriff auf Ihren Fuhrpark, egal, wo Sie sich befinden. Sie k\u00f6nnen Ihre Fahrzeuge verwalten, Buchungen \u00fcberpr\u00fcfen und haben Zugriff auf alle wichtigen Kontaktdaten. Besonders praktisch im Home Office:\u00a0 die integrierte F\u00fchrerscheinkontrolle. So k\u00f6nnen Sie die Rechtssicherheit des Fuhrparks auch im Home Office sicherstellen. Zudem haben Sie selbstverst\u00e4ndlich weiterhin die M\u00f6glichkeit, Bewegungsmelder zu erstellen. Diese Funktion ist sehr hilfreich, wenn das B\u00fcro nicht besetzt ist. Sie behalten so ein Auge auf Ihre Fahrzeuge und k\u00f6nnen diese ohne viel Aufwand vor Diebstahl sch\u00fctzen.<\/span><\/p><p><span style=\"font-weight: 400;\">Haben Sie Poolfahrzeuge im Unternehmen? Dann k\u00f6nnte Vimcar Fleet Share noch weitere Annehmlichkeiten f\u00fcr Sie und Ihre Mitarbeiter bereithalten. Die digitale Schl\u00fcsselverwaltung vereinfacht die Nutzung von Poolfahrzeugen ungemein. Tr\u00e4gt sich ein Mitarbeiter online f\u00fcr eines der Fahrzeuge ein, erh\u00e4lt dieser automatisch einen digitalen Schl\u00fcssel auf sein Smartphone, mit dem sich das Fahrzeug \u00f6ffnen l\u00e4sst. Optimal, um in Zeiten von Corona die Kontaktsperre einzuhalten, ohne auf die gemeinsame Nutzung von Dienstfahrzeugen zu verzichten. Zudem er\u00fcbrigt sich die Suche nach verloren gegangenen Schl\u00fcsseln und Termine k\u00f6nnen p\u00fcnktlich eingehalten werden.<\/span><\/p>\t\t\t\t\t\t<\/div>\n\t\t\t\t<\/div>\n\t\t\t\t\t<\/div>\n\t\t<\/div>\n\t\t\t\t\t<\/div>\n\t\t<\/section>\n\t\t\t\t<section class=\"elementor-section elementor-top-section elementor-element elementor-element-ee5cddb elementor-section-boxed elementor-section-height-default elementor-section-height-default\" data-id=\"ee5cddb\" data-element_type=\"section\">\n\t\t\t\t\t\t<div class=\"elementor-container elementor-column-gap-default\">\n\t\t\t\t\t<div class=\"elementor-column elementor-col-100 elementor-top-column elementor-element elementor-element-49254e7\" data-id=\"49254e7\" data-element_type=\"column\">\n\t\t\t<div class=\"elementor-widget-wrap elementor-element-populated\">\n\t\t\t\t\t\t<div class=\"elementor-element elementor-element-d35178e elementor-widget elementor-widget-text-editor\" data-id=\"d35178e\" data-element_type=\"widget\" data-widget_type=\"text-editor.default\">\n\t\t\t\t<div class=\"elementor-widget-container\">\n\t\t\t\t\t\t\t<p><span style=\"font-weight: 400;\">Doch Vimcar erm\u00f6glicht Ihnen noch mehr. Das Besondere: Mit der neuen App <\/span><span style=\"font-weight: 400;\">Vimcar Fleet <\/span><span style=\"font-weight: 400;\">haben Sie die M\u00f6glichkeit Ihre Poolfahrzeuge auch ohne Computer zu verwalten, sie brauchen lediglich Ihr Smartphone und eine Internetverbindung. In der App <\/span><span style=\"font-weight: 400;\">Vimcar Fleet<\/span><span style=\"font-weight: 400;\"> ist es Ihnen m\u00f6glich, Ihre Poolfahrzeuge durch GPS Live-Tracking zu orten. Denn uns ist bewusst: Gerade in Zeiten der Pandemie ist es wichtig, schnell und unkompliziert auf Kundenanfragen reagieren zu k\u00f6nnen. Beispielhaft l\u00e4sst sich das in der Pflege veranschaulichen: Erh\u00e4lt der Fuhrparkverantwortliche eines Pflegebetriebs eine dringende Anfrage, kann er im Handumdrehen nachsehen, welches seiner Poolfahrzeuge sich am n\u00e4chsten zum Zielort befindet. Der Patient kann so schnellstm\u00f6glich versorgt werden. Zudem hat der Fuhrparkleiter die M\u00f6glichkeit nachzusehen, welches seiner Fahrzeuge gerade in Bewegung ist und sich auf dem Weg zur\u00fcck ins Home Office befindet und welche Mitarbeiter gerade im direkten Einsatz sind, weil das entsprechende Fahrzeug stillsteht.<\/span><\/p>\t\t\t\t\t\t<\/div>\n\t\t\t\t<\/div>\n\t\t\t\t\t<\/div>\n\t\t<\/div>\n\t\t\t\t\t<\/div>\n\t\t<\/section>\n\t\t\t\t<section class=\"elementor-section elementor-top-section elementor-element elementor-element-18c2a50 elementor-section-boxed elementor-section-height-default elementor-section-height-default\" data-id=\"18c2a50\" data-element_type=\"section\">\n\t\t\t\t\t\t<div class=\"elementor-container elementor-column-gap-default\">\n\t\t\t\t\t<div class=\"elementor-column elementor-col-100 elementor-top-column elementor-element elementor-element-dabd822\" data-id=\"dabd822\" data-element_type=\"column\">\n\t\t\t<div class=\"elementor-widget-wrap elementor-element-populated\">\n\t\t\t\t\t\t<div class=\"elementor-element elementor-element-7925197 elementor-widget elementor-widget-text-editor\" data-id=\"7925197\" data-element_type=\"widget\" data-widget_type=\"text-editor.default\">\n\t\t\t\t<div class=\"elementor-widget-container\">\n\t\t\t\t\t\t\t<p><span style=\"font-weight: 400;\">Die Vimcar Fleet App ist als kostenloser Download im App Store und im Google Play Store erh\u00e4ltlich. Zur Nutzung ben\u00f6tigen Sie jedoch ein Kundenkonto bei Vimcar.<\/span><\/p>\t\t\t\t\t\t<\/div>\n\t\t\t\t<\/div>\n\t\t\t\t\t<\/div>\n\t\t<\/div>\n\t\t\t\t\t<\/div>\n\t\t<\/section>\n\t\t\t\t<section class=\"elementor-section elementor-top-section elementor-element elementor-element-8b26bee elementor-section-boxed elementor-section-height-default elementor-section-height-default\" data-id=\"8b26bee\" data-element_type=\"section\">\n\t\t\t\t\t\t<div class=\"elementor-container elementor-column-gap-default\">\n\t\t\t\t\t<div class=\"elementor-column elementor-col-100 elementor-top-column elementor-element elementor-element-d1a9243\" data-id=\"d1a9243\" data-element_type=\"column\">\n\t\t\t<div class=\"elementor-widget-wrap elementor-element-populated\">\n\t\t\t\t\t\t<div class=\"elementor-element elementor-element-c0a5e93 elementor-widget elementor-widget-heading\" data-id=\"c0a5e93\" data-element_type=\"widget\" data-widget_type=\"heading.default\">\n\t\t\t\t<div class=\"elementor-widget-container\">\n\t\t\t<h2 class=\"elementor-heading-title elementor-size-default\">Diese Themen k\u00f6nnten Sie auch interessieren:<\/h2>\t\t<\/div>\n\t\t\t\t<\/div>\n\t\t\t\t\t<\/div>\n\t\t<\/div>\n\t\t\t\t\t<\/div>\n\t\t<\/section>\n\t\t\t\t<section class=\"elementor-section elementor-top-section elementor-element elementor-element-ca30e7b elementor-section-boxed elementor-section-height-default elementor-section-height-default\" data-id=\"ca30e7b\" data-element_type=\"section\">\n\t\t\t\t\t\t<div class=\"elementor-container elementor-column-gap-default\">\n\t\t\t\t\t<div class=\"elementor-column elementor-col-100 elementor-top-column elementor-element elementor-element-81f3951\" data-id=\"81f3951\" data-element_type=\"column\">\n\t\t\t<div class=\"elementor-widget-wrap elementor-element-populated\">\n\t\t\t\t\t\t<div class=\"elementor-element elementor-element-f5f2017 elementor-widget elementor-widget-text-editor\" data-id=\"f5f2017\" data-element_type=\"widget\" data-widget_type=\"text-editor.default\">\n\t\t\t\t<div class=\"elementor-widget-container\">\n\t\t\t\t\t\t\t<ul>\n<li class=\"post-title\"><a href=\"https:\/\/vimcar.de\/boxenstopp\/ressourcenbereich\/aufgaben-fuhrparkleiter\/\" target=\"_blank\" rel=\"noopener\">Die 10 Aufgaben eines Fuhrparkleiters<\/a><\/li>\n<li class=\"post-title\"><a href=\"https:\/\/vimcar.de\/boxenstopp\/digialisierung\/foerderungen-kmu-gruender\/\" target=\"_blank\" rel=\"noopener\">F\u00f6rderungen zur Digitalisierung f\u00fcr KMU und Start-Ups<\/a><\/li>\n<li class=\"post-title\"><a href=\"https:\/\/vimcar.de\/boxenstopp\/blog\/fleetshare\/\" target=\"_blank\" rel=\"noopener\">Fleet Share \u2013 Corporate Carsharing f\u00fcr kleine Flotten<\/a><\/li>\n<li class=\"post-title\"><a href=\"https:\/\/vimcar.de\/boxenstopp\/blog\/datenschutz-digitale-fahrtenbuecher\/\" target=\"_blank\" rel=\"noopener\">Safety first \u2013 Datenschutz bei digitalen Fahrtenb\u00fcchern<\/a><\/li>\n<li class=\"post-title\"><a href=\"https:\/\/vimcar.de\/boxenstopp\/blog\/taetigkeitsstaette-home-office\/\" target=\"_blank\" rel=\"noopener\">T\u00e4tigkeitsst\u00e4tte Homeoffice: Das m\u00fcssen Sie beim Fahrtenbuch beachten<\/a><\/li>\n<li class=\"post-title\"><a href=\"https:\/\/vimcar.de\/boxenstopp\/ressourcenbereich\/gruende-fuer-vimcar-fleet\/\" target=\"_blank\" rel=\"noopener\">Gr\u00fcnde f\u00fcr Vimcar Fleet<\/a><\/li>\n<li class=\"post-title\"><a href=\"https:\/\/vimcar.de\/boxenstopp\/ressourcenbereich\/tooluebersicht-fuer-kmu\/\" target=\"_blank\" rel=\"noopener\">eBook 19 Must-Have-Tools f\u00fcr KMU<\/a><\/li>\n<li class=\"post-title\"><a href=\"https:\/\/vimcar.de\/boxenstopp\/ressourcenbereich\/digitalbonus-bayern\/\" target=\"_blank\">Digitalbonus Bayern<\/a><br><\/li>\n<li class=\"post-title\"><a href=\"https:\/\/vimcar.de\/boxenstopp\/blog\/digitalisierung-kmu\/\" target=\"_blank\">So bekommen KMU die Digitalisierung hin<\/a><br><\/li><li><a href=\"https:\/\/vimcar.de\/boxenstopp\/blog\/kuenstliche-intelligenz-auto\/\" target=\"_blank\" rel=\"noopener\">Digitale Fuhrparkverwaltung mit KI: Vorteile und Potenziale<\/a><\/li>\n<\/ul>\t\t\t\t\t\t<\/div>\n\t\t\t\t<\/div>\n\t\t\t\t\t<\/div>\n\t\t<\/div>\n\t\t\t\t\t<\/div>\n\t\t<\/section>\n\t\t\t\t<\/div>\n\t\t","protected":false},"excerpt":{"rendered":"<p>Der Begriff \u201cHome Office\u201d ist sp\u00e4testens seit der Corona Pandemie in aller Munde. Gemeint ist damit schlicht das Arbeiten von zuhause aus. Unternehmen, die ihren Mitarbeitern das Home Office erm\u00f6glichen, senken die Ansteckungsgefahr unter den Angestellten drastisch und beugen so einem Komplettausfall der Belegschaft vor. Doch nicht nur im Extremfall kann das Home Office eine [&hellip;]<\/p>\n","protected":false},"author":74,"featured_media":0,"parent":10314,"menu_order":0,"comment_status":"open","ping_status":"closed","template":"","meta":{"footnotes":"","_wp_rev_ctl_limit":""},"yoast_head":"<!-- This site is optimized with the Yoast SEO Premium plugin v21.5 (Yoast SEO v21.5) - https:\/\/yoast.com\/wordpress\/plugins\/seo\/ -->\n<title>Home Office mit Vimcar gestalten<\/title>\n<meta name=\"description\" content=\"Wie k\u00f6nnen sich Fuhrparkleiter im Home Office organisieren? Erfahren Sie hier alles zu den richtigen Tools. Jetzt lesen!\" \/>\n<meta name=\"robots\" content=\"index, follow, max-snippet:-1, max-image-preview:large, max-video-preview:-1\" \/>\n<link rel=\"canonical\" href=\"https:\/\/vimcar.de\/boxenstopp\/digitalisierung\/home-office-mit-vimcar\/\" \/>\n<meta property=\"og:locale\" content=\"de_DE\" \/>\n<meta property=\"og:type\" content=\"article\" \/>\n<meta property=\"og:title\" content=\"Home Office mit Vimcar\" \/>\n<meta property=\"og:description\" content=\"Wie k\u00f6nnen sich Fuhrparkleiter im Home Office organisieren? Erfahren Sie hier alles zu den richtigen Tools. Jetzt lesen!\" \/>\n<meta property=\"og:url\" content=\"https:\/\/vimcar.de\/boxenstopp\/digitalisierung\/home-office-mit-vimcar\/\" \/>\n<meta property=\"og:site_name\" content=\"Vimcar Boxenstopp\" \/>\n<meta property=\"article:publisher\" content=\"https:\/\/www.facebook.com\/vimcar\" \/>\n<meta property=\"article:modified_time\" content=\"2024-07-15T11:35:46+00:00\" \/>\n<meta name=\"twitter:card\" content=\"summary_large_image\" \/>\n<meta name=\"twitter:site\" content=\"@goVimcar\" \/>\n<meta name=\"twitter:label1\" content=\"Gesch\u00e4tzte Lesezeit\" \/>\n\t<meta name=\"twitter:data1\" content=\"4\u00a0Minuten\" \/>\n<!-- \/ Yoast SEO Premium plugin. -->","yoast_head_json":{"title":"Home Office mit Vimcar gestalten","description":"Wie k\u00f6nnen sich Fuhrparkleiter im Home Office organisieren? Erfahren Sie hier alles zu den richtigen Tools. Jetzt lesen!","robots":{"index":"index","follow":"follow","max-snippet":"max-snippet:-1","max-image-preview":"max-image-preview:large","max-video-preview":"max-video-preview:-1"},"canonical":"https:\/\/vimcar.de\/boxenstopp\/digitalisierung\/home-office-mit-vimcar\/","og_locale":"de_DE","og_type":"article","og_title":"Home Office mit Vimcar","og_description":"Wie k\u00f6nnen sich Fuhrparkleiter im Home Office organisieren? Erfahren Sie hier alles zu den richtigen Tools. Jetzt lesen!","og_url":"https:\/\/vimcar.de\/boxenstopp\/digitalisierung\/home-office-mit-vimcar\/","og_site_name":"Vimcar Boxenstopp","article_publisher":"https:\/\/www.facebook.com\/vimcar","article_modified_time":"2024-07-15T11:35:46+00:00","twitter_card":"summary_large_image","twitter_site":"@goVimcar","twitter_misc":{"Gesch\u00e4tzte Lesezeit":"4\u00a0Minuten"},"schema":{"@context":"https:\/\/schema.org","@graph":[{"@type":"WebPage","@id":"https:\/\/vimcar.de\/boxenstopp\/digitalisierung\/home-office-mit-vimcar\/","url":"https:\/\/vimcar.de\/boxenstopp\/digitalisierung\/home-office-mit-vimcar\/","name":"Home Office mit Vimcar gestalten","isPartOf":{"@id":"https:\/\/vimcar.de\/boxenstopp\/#website"},"datePublished":"2020-04-17T12:55:21+00:00","dateModified":"2024-07-15T11:35:46+00:00","description":"Wie k\u00f6nnen sich Fuhrparkleiter im Home Office organisieren? Erfahren Sie hier alles zu den richtigen Tools. Jetzt lesen!","breadcrumb":{"@id":"https:\/\/vimcar.de\/boxenstopp\/digitalisierung\/home-office-mit-vimcar\/#breadcrumb"},"inLanguage":"de","potentialAction":[{"@type":"ReadAction","target":["https:\/\/vimcar.de\/boxenstopp\/digitalisierung\/home-office-mit-vimcar\/"]}]},{"@type":"BreadcrumbList","@id":"https:\/\/vimcar.de\/boxenstopp\/digitalisierung\/home-office-mit-vimcar\/#breadcrumb","itemListElement":[{"@type":"ListItem","position":1,"name":"Startseite","item":"https:\/\/vimcar.de\/boxenstopp\/"},{"@type":"ListItem","position":2,"name":"Digitalisierung im Fuhrpark","item":"https:\/\/vimcar.de\/boxenstopp\/digitalisierung\/"},{"@type":"ListItem","position":3,"name":"Home Office mit Vimcar"}]},{"@type":"WebSite","@id":"https:\/\/vimcar.de\/boxenstopp\/#website","url":"https:\/\/vimcar.de\/boxenstopp\/","name":"Vimcar Boxenstopp","description":"- Die Lernplattform f\u00fcr Fuhrparkleiter","publisher":{"@id":"https:\/\/vimcar.de\/boxenstopp\/#organization"},"potentialAction":[{"@type":"SearchAction","target":{"@type":"EntryPoint","urlTemplate":"https:\/\/vimcar.de\/boxenstopp\/?s={search_term_string}"},"query-input":"required name=search_term_string"}],"inLanguage":"de"},{"@type":"Organization","@id":"https:\/\/vimcar.de\/boxenstopp\/#organization","name":"Vimcar Boxenstopp - Fuhrparkwissen","url":"https:\/\/vimcar.de\/boxenstopp\/","logo":{"@type":"ImageObject","inLanguage":"de","@id":"https:\/\/vimcar.de\/boxenstopp\/#\/schema\/logo\/image\/","url":"https:\/\/vimcar.de\/boxenstopp\/wp-content\/uploads\/2020\/10\/logo-vimcar-boxenstopp.png","contentUrl":"https:\/\/vimcar.de\/boxenstopp\/wp-content\/uploads\/2020\/10\/logo-vimcar-boxenstopp.png","width":250,"height":50,"caption":"Vimcar Boxenstopp - Fuhrparkwissen"},"image":{"@id":"https:\/\/vimcar.de\/boxenstopp\/#\/schema\/logo\/image\/"},"sameAs":["https:\/\/www.facebook.com\/vimcar","https:\/\/twitter.com\/goVimcar","https:\/\/www.instagram.com\/vimcar_official\/","https:\/\/de.linkedin.com\/company\/vimcar","https:\/\/www.pinterest.de\/vimcar\/","https:\/\/www.youtube.com\/channel\/UCWRajoA7OnWsAw-ezAahZPg"]}]}},"_links":{"self":[{"href":"https:\/\/vimcar.de\/boxenstopp\/wp-json\/wp\/v2\/pages\/10535"}],"collection":[{"href":"https:\/\/vimcar.de\/boxenstopp\/wp-json\/wp\/v2\/pages"}],"about":[{"href":"https:\/\/vimcar.de\/boxenstopp\/wp-json\/wp\/v2\/types\/page"}],"author":[{"embeddable":true,"href":"https:\/\/vimcar.de\/boxenstopp\/wp-json\/wp\/v2\/users\/74"}],"replies":[{"embeddable":true,"href":"https:\/\/vimcar.de\/boxenstopp\/wp-json\/wp\/v2\/comments?post=10535"}],"version-history":[{"count":1,"href":"https:\/\/vimcar.de\/boxenstopp\/wp-json\/wp\/v2\/pages\/10535\/revisions"}],"predecessor-version":[{"id":51283,"href":"https:\/\/vimcar.de\/boxenstopp\/wp-json\/wp\/v2\/pages\/10535\/revisions\/51283"}],"up":[{"embeddable":true,"href":"https:\/\/vimcar.de\/boxenstopp\/wp-json\/wp\/v2\/pages\/10314"}],"wp:attachment":[{"href":"https:\/\/vimcar.de\/boxenstopp\/wp-json\/wp\/v2\/media?parent=10535"}],"curies":[{"name":"wp","href":"https:\/\/api.w.org\/{rel}","templated":true}]}}