{"id":12995,"date":"2020-07-30T10:41:47","date_gmt":"2020-07-30T08:41:47","guid":{"rendered":"https:\/\/vimcar.de\/boxenstopp\/?page_id=12995"},"modified":"2023-03-28T12:53:23","modified_gmt":"2023-03-28T10:53:23","slug":"abbiegeassistent","status":"publish","type":"page","link":"https:\/\/vimcar.de\/boxenstopp\/lexikon\/abbiegeassistent\/","title":{"rendered":"Abbiegeassistent"},"content":{"rendered":"\t\t<div data-elementor-type=\"wp-page\" data-elementor-id=\"12995\" class=\"elementor elementor-12995\" data-elementor-post-type=\"page\">\n\t\t\t\t\t\t<section class=\"elementor-section elementor-top-section elementor-element elementor-element-690b5f2 elementor-section-boxed elementor-section-height-default elementor-section-height-default\" data-id=\"690b5f2\" data-element_type=\"section\">\n\t\t\t\t\t\t<div class=\"elementor-container elementor-column-gap-default\">\n\t\t\t\t\t<div class=\"elementor-column elementor-col-100 elementor-top-column elementor-element elementor-element-943c0a7\" data-id=\"943c0a7\" data-element_type=\"column\">\n\t\t\t<div class=\"elementor-widget-wrap elementor-element-populated\">\n\t\t\t\t\t\t<div class=\"elementor-element elementor-element-3b26ad8 elementor-widget elementor-widget-text-editor\" data-id=\"3b26ad8\" data-element_type=\"widget\" data-widget_type=\"text-editor.default\">\n\t\t\t\t<div class=\"elementor-widget-container\">\n\t\t\t\t\t\t\t<p><em>Abbiegeassistenten f\u00fcr Lkw k\u00f6nnten die Zahl der t\u00f6dlichen Unf\u00e4lle mit Fu\u00dfg\u00e4ngern und Radfahrern deutlich reduzieren. Wie sie funktionieren und warum sie eingesetzt werden \u2013 wir wissen es.<\/em><\/p>\t\t\t\t\t\t<\/div>\n\t\t\t\t<\/div>\n\t\t\t\t<div class=\"elementor-element elementor-element-38fd4b2 elementor-widget elementor-widget-heading\" data-id=\"38fd4b2\" data-element_type=\"widget\" data-widget_type=\"heading.default\">\n\t\t\t\t<div class=\"elementor-widget-container\">\n\t\t\t<h2 class=\"elementor-heading-title elementor-size-default\">Lebensretter Abbiegeassistent<\/h2>\t\t<\/div>\n\t\t\t\t<\/div>\n\t\t\t\t<div class=\"elementor-element elementor-element-1219134 elementor-widget elementor-widget-text-editor\" data-id=\"1219134\" data-element_type=\"widget\" data-widget_type=\"text-editor.default\">\n\t\t\t\t<div class=\"elementor-widget-container\">\n\t\t\t\t\t\t\t<p>Laut einer aktuellen <a href=\"https:\/\/udv.de\/de\" target=\"_blank\" rel=\"noopener\">Untersuchung der Unfallforschung der Versicherer<\/a> (UDV) endet der Zusammensto\u00df mit einem Lkw f\u00fcr Fu\u00dfg\u00e4nger genauso oft t\u00f6dlich wie f\u00fcr Radler. 54 Fu\u00dfg\u00e4nger und 52 Radfahrer starben 2018 bei einem Unfall mit einem Fahrzeug \u00fcber 3,5 Tonnen. Grund daf\u00fcr ist h\u00e4ufig der sogenannte tote Winkel \u2013 also der Bereich neben dem Fahrzeug, der trotz Au\u00dfenspiegel nicht eingesehen werden kann. Um Abbiegeunf\u00e4lle zu verhindern, sind Assistenzsysteme wie Abbiegeassistenten von 2022 an von der EU f\u00fcr jeden neuen Lastwagen gesetzlich vorgeschrieben. F\u00fcr Lkws, die bereits auf der Stra\u00dfe sind, gibt es jedoch keine Nachr\u00fcstpflicht. Sch\u00e4tzungen des\u00a0<a href=\"https:\/\/www.adfc.de\/\" target=\"_blank\" rel=\"noopener\">ADFC<\/a>\u00a0zufolge sind in Deutschland weniger als 5 Prozent der gemeldeten Lkw mit Abbiegeassistenten ausgestattet.<\/p>\t\t\t\t\t\t<\/div>\n\t\t\t\t<\/div>\n\t\t\t\t<div class=\"elementor-element elementor-element-40d50fb elementor-widget elementor-widget-heading\" data-id=\"40d50fb\" data-element_type=\"widget\" data-widget_type=\"heading.default\">\n\t\t\t\t<div class=\"elementor-widget-container\">\n\t\t\t<h2 class=\"elementor-heading-title elementor-size-default\">Viele Radfahrer werden \u00fcbersehen<\/h2>\t\t<\/div>\n\t\t\t\t<\/div>\n\t\t\t\t\t<\/div>\n\t\t<\/div>\n\t\t\t\t\t<\/div>\n\t\t<\/section>\n\t\t\t\t<section class=\"elementor-section elementor-top-section elementor-element elementor-element-433ee42 elementor-section-boxed elementor-section-height-default elementor-section-height-default\" data-id=\"433ee42\" data-element_type=\"section\">\n\t\t\t\t\t\t<div class=\"elementor-container elementor-column-gap-default\">\n\t\t\t\t\t<div class=\"elementor-column elementor-col-100 elementor-top-column elementor-element elementor-element-b5ac096\" data-id=\"b5ac096\" data-element_type=\"column\">\n\t\t\t<div class=\"elementor-widget-wrap elementor-element-populated\">\n\t\t\t\t\t\t<div class=\"elementor-element elementor-element-40936f6 elementor-widget elementor-widget-text-editor\" data-id=\"40936f6\" data-element_type=\"widget\" data-widget_type=\"text-editor.default\">\n\t\t\t\t<div class=\"elementor-widget-container\">\n\t\t\t\t\t\t\t<p>Die Unfallforschung der Versicherer sch\u00e4tzt, dass etwa ein Drittel der j\u00e4hrlich im deutschen Stra\u00dfenverkehr get\u00f6teten Radfahrer bei Abbiegeunf\u00e4llen durch rechtsabbiegende Lkw ums Leben kommen. Dabei werden die Radfahrer vom Lkw in den meisten F\u00e4llen \u00fcberrollt, die Todesrate mit Radfahrern ist in dann sehr hoch. In der Regel werden schwere Unf\u00e4lle allerdings kaum von Fahrradfahrer verschuldet. Die meisten Todesf\u00e4lle passieren dabei in folgenden Situationen:<\/p><ul><li>Der Radfahrer f\u00e4hrt auf einem Radweg, ist verdeckt durch parkende Autos oder Gr\u00fcnanlagen und der Abstand zum Lkw betr\u00e4gt zwei bis f\u00fcnf Meter.<\/li><li>Der Radfahrer f\u00e4hrt auf der Fahrbahn direkt neben dem Lkw und der Abstand zum Lkw betr\u00e4gt zwischen null bis zwei Meter.<\/li><\/ul>\t\t\t\t\t\t<\/div>\n\t\t\t\t<\/div>\n\t\t\t\t<div class=\"elementor-element elementor-element-8df288f elementor-widget elementor-widget-heading\" data-id=\"8df288f\" data-element_type=\"widget\" data-widget_type=\"heading.default\">\n\t\t\t\t<div class=\"elementor-widget-container\">\n\t\t\t<h2 class=\"elementor-heading-title elementor-size-default\">So funktioniert ein Abbiegeassistenzsystem<\/h2>\t\t<\/div>\n\t\t\t\t<\/div>\n\t\t\t\t<div class=\"elementor-element elementor-element-9d0fbea elementor-widget elementor-widget-text-editor\" data-id=\"9d0fbea\" data-element_type=\"widget\" data-widget_type=\"text-editor.default\">\n\t\t\t\t<div class=\"elementor-widget-container\">\n\t\t\t\t\t\t\t<p>Abbiegeassistenten sollen Lkw- oder Busfahrer warnen, wenn beim Abbiegen Fu\u00dfg\u00e4nger oder Radfahrer \u00fcbersehen werden. F\u00fcr die Sicherheit sollen Kameras, Ultraschall, Radar- oder Infrarotsensoren zur Erfassung von Objekten im toten Winkel des Fahrzeugs sorgen. Sobald der Fahrer den rechten Blinker setzt oder langsamer f\u00e4hrt, soll sich das Abbiegeassistenzsystem einschalten. Bei Fu\u00dfg\u00e4ngern oder Radfahrern im toten Winkel erfolgen f\u00fcr den Lkw-Fahrer optische und akustische Signale. Nach Sch\u00e4tzungen von ADFC und Unfallforschung der Versicherer k\u00f6nnen durch Abbiegeassistenten \u00fcber 60 Prozent der schweren Unf\u00e4lle verhindert werden. In Deutschland k\u00f6nnten allein dadurch j\u00e4hrlich etwa 28 Unf\u00e4lle mit get\u00f6teten und 160 mit schwer verletzten Radfahrern vermieden oder die Unfallfolgen deutlich gemildert werden. Abbiegeassistenzsysteme k\u00f6nnen also erheblich zur Verbesserung der Verkehrssicherheit im Stra\u00dfenverkehr beitragen und Unf\u00e4lle zwischen rechtsabbiegenden Lkw und ungesch\u00fctzten Verkehrsteilnehmern verhindern.<\/p>\t\t\t\t\t\t<\/div>\n\t\t\t\t<\/div>\n\t\t\t\t<div class=\"elementor-element elementor-element-05e8202 elementor-widget elementor-widget-heading\" data-id=\"05e8202\" data-element_type=\"widget\" data-widget_type=\"heading.default\">\n\t\t\t\t<div class=\"elementor-widget-container\">\n\t\t\t<h2 class=\"elementor-heading-title elementor-size-default\">Diese Abbiegeassistenten gibt es<\/h2>\t\t<\/div>\n\t\t\t\t<\/div>\n\t\t\t\t<div class=\"elementor-element elementor-element-2cf5896 elementor-widget elementor-widget-text-editor\" data-id=\"2cf5896\" data-element_type=\"widget\" data-widget_type=\"text-editor.default\">\n\t\t\t\t<div class=\"elementor-widget-container\">\n\t\t\t\t\t\t\t<ul><li><u>Mit Kamera:<\/u> Bei diesen Systemen nutzt man eine Weitwinkelkamera vorne rechts am LKW. Sie zeigt den gesamten toten Winkel auf der rechten Seite. Zus\u00e4tzlich wird der Bereich rechts hinter der A-S\u00e4ule und die ersten sechs Meter des Fahrzeugs im Abstand von 2,5 Metern von vier Sensoren \u00fcberwacht, die Hindernisse \u00fcber eine LED-Anzeige im Fahrerhaus anzeigen und per akustischem und visuellen Signal ank\u00fcndigen.<\/li><li><u>Mit Radar:<\/u> \u00c4hnlich wie bei der Kamera \u00fcberwachen Radarsysteme den Bereich rechts neben dem Fahrzeug und erkennen Objekte. Ein optisches Signal plus zus\u00e4tzlichen Warnton warnt den Fahrer vor einer Kollision.<\/li><li><u>Softwarebasierend mit Kamera:<\/u> Diese Systeme arbeiten mit einer Kamera in Echtzeit, k\u00f6nnen Farbver\u00e4nderungen in der Bildfrequenz erkennen und so \u00fcber einen Algorithmus Gefahren im toten Winkel lokalisieren. Der Algorithmus kann zwischen bewegten Objekten und statischen Objekten unterscheiden. Beim softwarebasierten System l\u00f6st der Alarm nur dann aus, wenn sich bewegende Objekte im Gefahrenbereich befinden; statische Objekte werden herausgefiltert.<\/li><\/ul>\t\t\t\t\t\t<\/div>\n\t\t\t\t<\/div>\n\t\t\t\t<div class=\"elementor-element elementor-element-2082688 elementor-widget elementor-widget-heading\" data-id=\"2082688\" data-element_type=\"widget\" data-widget_type=\"heading.default\">\n\t\t\t\t<div class=\"elementor-widget-container\">\n\t\t\t<h2 class=\"elementor-heading-title elementor-size-default\">Abbiegeassistent: So sieht es zuk\u00fcnftig aus<\/h2>\t\t<\/div>\n\t\t\t\t<\/div>\n\t\t\t\t<div class=\"elementor-element elementor-element-23e6899 elementor-widget elementor-widget-text-editor\" data-id=\"23e6899\" data-element_type=\"widget\" data-widget_type=\"text-editor.default\">\n\t\t\t\t<div class=\"elementor-widget-container\">\n\t\t\t\t\t\t\t<p>Die politischen Diskussionen \u00fcber mehr Sicherheit sind in vollem Gange. Nach jetzigem Stand wird die Europ\u00e4ische Kommission den verpflichtenden Einbau von Abbiegeassistenten ab 2022 f\u00fcr neue Fahrzeugtypen und ab 2024 f\u00fcr alle neuen Lkw und Busse vorschreiben. Daf\u00fcr hat das <a href=\"https:\/\/www.kba.de\/DE\/Home\/home_node.html\">Kraftfahrt-Bundesamt<\/a> (KBA) f\u00fcr 14 Abbiegeassistenzsysteme eine Allgemeine Betriebserlaubnis (ABE) erteilt. Lang-Lkw mit einer L\u00e4nge von bis zu 25,25 Meter m\u00fcssen mit einem Abbiegeassistenten und mitblinkenden Seitenmarkierungsleuchten ausgestattet sein. F\u00fcr neue Lang-Lkw gilt das seit Juli 2020 und f\u00fcr alle Bestandsfahrzeuge ab dem 01.07.2022.<\/p>\t\t\t\t\t\t<\/div>\n\t\t\t\t<\/div>\n\t\t\t\t<div class=\"elementor-element elementor-element-6c3f68d elementor-widget elementor-widget-heading\" data-id=\"6c3f68d\" data-element_type=\"widget\" data-widget_type=\"heading.default\">\n\t\t\t\t<div class=\"elementor-widget-container\">\n\t\t\t<h2 class=\"elementor-heading-title elementor-size-default\">F\u00f6rderprogramm \u201eAktion Abbiegeassistent\u201c <\/h2>\t\t<\/div>\n\t\t\t\t<\/div>\n\t\t\t\t<div class=\"elementor-element elementor-element-e599e35 elementor-widget elementor-widget-text-editor\" data-id=\"e599e35\" data-element_type=\"widget\" data-widget_type=\"text-editor.default\">\n\t\t\t\t<div class=\"elementor-widget-container\">\n\t\t\t\t\t\t\t<p>Die \u201eAktion Abbiegeassistent\u201c vom\u00a0<a href=\"https:\/\/www.bmvi.de\/DE\/Home\/home.html\" target=\"_blank\" rel=\"noopener\">Bundesministerium f\u00fcr Verkehr und digitale Infrastruktur<\/a>\u00a0(BMVI) m\u00f6chte Unternehmen schon vor dem Einf\u00fchrungsdatum auf EU-Ebene verpflichten, ihren Fuhrpark mit Abbiegeassistenten nachzur\u00fcsten \u2013 oder Neufahrzeuge mit Abbiegeassistenten anzuschaffen. Gef\u00f6rdert werden bei nicht mautpflichtigen Fahrzeugen 80 Prozent der Anschaffungskosten sowie der Einbau \u2013 und zwar bis maximal 1.500 Euro pro Fahrzeug. Die F\u00f6rderung betrifft Nutzfahrzeuge mit einer zul\u00e4ssigen Gesamtmasse von mehr als 3,5 Tonnen und Kraftomnibusse mit mehr als neun Sitzpl\u00e4tzen einschlie\u00dflich Fahrersitzplatz, die im Inland f\u00fcr die Aus\u00fcbung gewerblicher, freiberuflicher, gemeinn\u00fctziger oder \u00f6ffentlich-rechtlicher T\u00e4tigkeit angeschafft und betrieben werden. Im Haushalt 2020 stehen rund 10 Millionen Euro f\u00fcr die Umsetzung des F\u00f6rderprogramms zur Verf\u00fcgung. Das F\u00f6rderprogramm wird voraussichtlich f\u00fcnf Jahre gelten.<\/p>\t\t\t\t\t\t<\/div>\n\t\t\t\t<\/div>\n\t\t\t\t<div class=\"elementor-element elementor-element-c0f8c69 elementor-widget elementor-widget-heading\" data-id=\"c0f8c69\" data-element_type=\"widget\" data-widget_type=\"heading.default\">\n\t\t\t\t<div class=\"elementor-widget-container\">\n\t\t\t<h2 class=\"elementor-heading-title elementor-size-default\">Wie sichern Sie sich Ihre F\u00f6rdermittel?<\/h2>\t\t<\/div>\n\t\t\t\t<\/div>\n\t\t\t\t<div class=\"elementor-element elementor-element-3251522 elementor-widget elementor-widget-text-editor\" data-id=\"3251522\" data-element_type=\"widget\" data-widget_type=\"text-editor.default\">\n\t\t\t\t<div class=\"elementor-widget-container\">\n\t\t\t\t\t\t\t<ol><li>Unterst\u00fctzung durch Ihre SVG bei der Beantragung der F\u00f6rdermittel beim BAG<\/li><li>Eingang des Zuwendungsbescheides abwarten<\/li><li>SVG informieren und f\u00f6rderf\u00e4higes Angebot \u00fcber Ihre reservierten Systeme erhalten<\/li><\/ol><p>Weitere Infos gibt es auf der Website der <a href=\"https:\/\/www.bmvi.de\/SharedDocs\/DE\/Dossier\/Abbiegeassistent\/abbiegeassistent.html\">Bundesagentur f\u00fcr Verkehr und digitale Infrastruktur<\/a>.<\/p>\t\t\t\t\t\t<\/div>\n\t\t\t\t<\/div>\n\t\t\t\t<div class=\"elementor-element elementor-element-f8e6d21 elementor-widget elementor-widget-heading\" data-id=\"f8e6d21\" data-element_type=\"widget\" data-widget_type=\"heading.default\">\n\t\t\t\t<div class=\"elementor-widget-container\">\n\t\t\t<h2 class=\"elementor-heading-title elementor-size-default\">Weitere Artikel & Vorlagen<\/h2>\t\t<\/div>\n\t\t\t\t<\/div>\n\t\t\t\t<section class=\"elementor-section elementor-inner-section elementor-element elementor-element-eebdb24 elementor-section-boxed elementor-section-height-default elementor-section-height-default\" data-id=\"eebdb24\" data-element_type=\"section\">\n\t\t\t\t\t\t<div class=\"elementor-container elementor-column-gap-default\">\n\t\t\t\t\t<div class=\"elementor-column elementor-col-50 elementor-inner-column elementor-element elementor-element-b611a74\" data-id=\"b611a74\" data-element_type=\"column\">\n\t\t\t<div class=\"elementor-widget-wrap elementor-element-populated\">\n\t\t\t\t\t\t<div class=\"elementor-element elementor-element-6c17c14 elementor-widget elementor-widget-text-editor\" data-id=\"6c17c14\" data-element_type=\"widget\" data-widget_type=\"text-editor.default\">\n\t\t\t\t<div class=\"elementor-widget-container\">\n\t\t\t\t\t\t\t<ul><li><a href=\"https:\/\/vimcar.de\/boxenstopp\/lexikon\/dienstrad\/\">Dienstrad<\/a><\/li><li><a href=\"https:\/\/vimcar.de\/boxenstopp\/lexikon\/fuhrparkverwaltungssoftware\/\">Fuhrparkverwaltungssoftware<\/a><\/li><li><a href=\"https:\/\/vimcar.de\/boxenstopp\/lexikon\/gps-ortungssystem\/\">GPS Ortungssystem<\/a><\/li><li><a href=\"https:\/\/vimcar.de\/boxenstopp\/lexikon\/uta-tankkarte\/\">UTA Tankkarte<\/a><\/li><li><a href=\"https:\/\/vimcar.de\/boxenstopp\/lexikon\/tracking-software\/\">Tracking Software<\/a><\/li><li><a href=\"https:\/\/vimcar.de\/boxenstopp\/lexikon\/mobilitaetsbudget\/\">Mobilit\u00e4tsbudget<\/a><\/li><li><a href=\"https:\/\/vimcar.de\/boxenstopp\/lexikon\/uta-tankkarte\/\">UTA Tankkarte<\/a><\/li><li><a style=\"text-align: inherit; font-family: var( --e-global-typography-text-font-family ), Source Sans Pro; font-weight: var( --e-global-typography-text-font-weight );\" href=\"https:\/\/vimcar.de\/boxenstopp\/lexikon\/rettungskarte\/\">Rettungskarte<\/a><\/li><li><a href=\"https:\/\/vimcar.de\/boxenstopp\/lexikon\/digitaler-tachograph\/\">Digitaler Tachograph<\/a><\/li><li><a href=\"https:\/\/vimcar.de\/boxenstopp\/blog\/outsourcen-oder-inhouse\/\">Beschaffung im Fuhrpark: Outsourcen oder Inhouse?<\/a><\/li><li><a href=\"https:\/\/vimcar.de\/boxenstopp\/ressourcenbereich\/tourenplanung-excel\/\" target=\"_blank\" rel=\"noopener\">Tourenplanung Excel Vorlage\u00a0<\/a><\/li><li><a href=\"https:\/\/vimcar.de\/boxenstopp\/lexikon\/reissverschlussfahren\/\">Rei\u00dfverschlussverfahren<\/a><\/li><li><a href=\"https:\/\/vimcar.de\/boxenstopp\/lexikon\/rettungsgasse\/\" target=\"_blank\" rel=\"noopener\">Rettungsgasse<\/a><\/li><li><a href=\"https:\/\/vimcar.de\/boxenstopp\/lexikon\/arbeitsschutzunterweisung\/\">Arbeitsschutzunterweisung<\/a><\/li><li><a href=\"https:\/\/vimcar.de\/boxenstopp\/lexikon\/oelwechsel\/\">\u00d6lwechsel<\/a><\/li><\/ul>\t\t\t\t\t\t<\/div>\n\t\t\t\t<\/div>\n\t\t\t\t\t<\/div>\n\t\t<\/div>\n\t\t\t\t<div class=\"elementor-column elementor-col-50 elementor-inner-column elementor-element elementor-element-78870a4\" data-id=\"78870a4\" data-element_type=\"column\">\n\t\t\t<div class=\"elementor-widget-wrap elementor-element-populated\">\n\t\t\t\t\t\t<div class=\"elementor-element elementor-element-9d0f7bf elementor-widget elementor-widget-text-editor\" data-id=\"9d0f7bf\" data-element_type=\"widget\" data-widget_type=\"text-editor.default\">\n\t\t\t\t<div class=\"elementor-widget-container\">\n\t\t\t\t\t\t\t<ul><li><a href=\"https:\/\/vimcar.de\/boxenstopp\/lexikon\/asset-tracking\/\">Asset Tracking<\/a><\/li><li><a href=\"https:\/\/vimcar.de\/boxenstopp\/lexikon\/connected-car\/\">Connected Car<\/a><\/li><li><a href=\"https:\/\/vimcar.de\/boxenstopp\/lexikon\/corporate-carsharing\/\">Corporate Carsharing<\/a><\/li><li><a href=\"https:\/\/vimcar.de\/boxenstopp\/lexikon\/tageskontrollblatt\/\">Tageskontrollblatt<\/a><\/li><li><a href=\"https:\/\/vimcar.de\/boxenstopp\/lexikon\/tankkarten\/\">Tankkarten<\/a><\/li><li><a href=\"https:\/\/vimcar.de\/boxenstopp\/lexikon\/telematiksystem\/\">Telematiksystem<\/a><\/li><li><a href=\"https:\/\/vimcar.de\/boxenstopp\/lexikon\/mobilitaetsmanager\/\">Mobilit\u00e4tsmanager<\/a><\/li><li><a href=\"https:\/\/vimcar.de\/boxenstopp\/lexikon\/schadenquote\/\">Schadenquote<\/a><\/li><li><a href=\"https:\/\/vimcar.de\/boxenstopp\/blog\/lkw-telematik\/\">Einsatz von Lkw Telematik<\/a><\/li><li><a href=\"https:\/\/vimcar.de\/boxenstopp\/lexikon\/reifenlabel\/\">Reifenlabel<\/a><\/li><li><a href=\"https:\/\/vimcar.de\/boxenstopp\/blog\/fahrzeug-tracking\/\" target=\"_blank\" rel=\"noopener\">5 \u00fcberraschende M\u00f6glichkeiten, ein Fahrzeug Tracking einzusetzen<\/a><\/li><li><a href=\"https:\/\/vimcar.de\/boxenstopp\/lexikon\/winterreifen\/\">Winterreifen<\/a><\/li><li><a href=\"https:\/\/vimcar.de\/boxenstopp\/lexikon\/haltelinienverstoss\/\">Haltelinienversto\u00df<\/a><\/li><li><a href=\"https:\/\/vimcar.de\/boxenstopp\/lexikon\/wegeunfall\/\">Wegeunfall<\/a><\/li><\/ul>\t\t\t\t\t\t<\/div>\n\t\t\t\t<\/div>\n\t\t\t\t\t<\/div>\n\t\t<\/div>\n\t\t\t\t\t<\/div>\n\t\t<\/section>\n\t\t\t\t\t<\/div>\n\t\t<\/div>\n\t\t\t\t\t<\/div>\n\t\t<\/section>\n\t\t\t\t<\/div>\n\t\t","protected":false},"excerpt":{"rendered":"<p>Abbiegeassistenten f\u00fcr Lkw k\u00f6nnten die Zahl der t\u00f6dlichen Unf\u00e4lle mit Fu\u00dfg\u00e4ngern und Radfahrern deutlich reduzieren. Wie sie funktionieren und warum sie eingesetzt werden \u2013 wir wissen es. Lebensretter Abbiegeassistent Laut einer aktuellen Untersuchung der Unfallforschung der Versicherer (UDV) endet der Zusammensto\u00df mit einem Lkw f\u00fcr Fu\u00dfg\u00e4nger genauso oft t\u00f6dlich wie f\u00fcr Radler. 54 Fu\u00dfg\u00e4nger und [&hellip;]<\/p>\n","protected":false},"author":30,"featured_media":0,"parent":4813,"menu_order":0,"comment_status":"closed","ping_status":"closed","template":"","meta":{"footnotes":"","_wp_rev_ctl_limit":""},"yoast_head":"<!-- This site is optimized with the Yoast SEO Premium plugin v21.5 (Yoast SEO v21.5) - https:\/\/yoast.com\/wordpress\/plugins\/seo\/ -->\n<title>Abbiegeassistent - die Lebensretter im Stra\u00dfenverkehr<\/title>\n<meta name=\"description\" content=\"Was sind Abbiegeassistenten, wie funktionieren sie und wof\u00fcr sind sie hilfreich? Jetzt Boxenstopp Artikel lesen &amp; informieren!\" \/>\n<meta name=\"robots\" content=\"index, follow, max-snippet:-1, max-image-preview:large, max-video-preview:-1\" \/>\n<link rel=\"canonical\" href=\"https:\/\/vimcar.de\/boxenstopp\/lexikon\/abbiegeassistent\/\" \/>\n<meta property=\"og:locale\" content=\"de_DE\" \/>\n<meta property=\"og:type\" content=\"article\" \/>\n<meta property=\"og:title\" content=\"Abbiegeassistent\" \/>\n<meta property=\"og:description\" content=\"Was sind Abbiegeassistenten, wie funktionieren sie und wof\u00fcr sind sie hilfreich? Jetzt Boxenstopp Artikel lesen &amp; informieren!\" \/>\n<meta property=\"og:url\" content=\"https:\/\/vimcar.de\/boxenstopp\/lexikon\/abbiegeassistent\/\" \/>\n<meta property=\"og:site_name\" content=\"Vimcar Boxenstopp\" \/>\n<meta property=\"article:publisher\" content=\"https:\/\/www.facebook.com\/vimcar\" \/>\n<meta property=\"article:modified_time\" content=\"2023-03-28T10:53:23+00:00\" \/>\n<meta name=\"twitter:card\" content=\"summary_large_image\" \/>\n<meta name=\"twitter:site\" content=\"@goVimcar\" \/>\n<meta name=\"twitter:label1\" content=\"Gesch\u00e4tzte Lesezeit\" \/>\n\t<meta name=\"twitter:data1\" content=\"5\u00a0Minuten\" \/>\n<!-- \/ Yoast SEO Premium plugin. -->","yoast_head_json":{"title":"Abbiegeassistent - die Lebensretter im Stra\u00dfenverkehr","description":"Was sind Abbiegeassistenten, wie funktionieren sie und wof\u00fcr sind sie hilfreich? Jetzt Boxenstopp Artikel lesen & informieren!","robots":{"index":"index","follow":"follow","max-snippet":"max-snippet:-1","max-image-preview":"max-image-preview:large","max-video-preview":"max-video-preview:-1"},"canonical":"https:\/\/vimcar.de\/boxenstopp\/lexikon\/abbiegeassistent\/","og_locale":"de_DE","og_type":"article","og_title":"Abbiegeassistent","og_description":"Was sind Abbiegeassistenten, wie funktionieren sie und wof\u00fcr sind sie hilfreich? Jetzt Boxenstopp Artikel lesen & informieren!","og_url":"https:\/\/vimcar.de\/boxenstopp\/lexikon\/abbiegeassistent\/","og_site_name":"Vimcar Boxenstopp","article_publisher":"https:\/\/www.facebook.com\/vimcar","article_modified_time":"2023-03-28T10:53:23+00:00","twitter_card":"summary_large_image","twitter_site":"@goVimcar","twitter_misc":{"Gesch\u00e4tzte Lesezeit":"5\u00a0Minuten"},"schema":{"@context":"https:\/\/schema.org","@graph":[{"@type":"WebPage","@id":"https:\/\/vimcar.de\/boxenstopp\/lexikon\/abbiegeassistent\/","url":"https:\/\/vimcar.de\/boxenstopp\/lexikon\/abbiegeassistent\/","name":"Abbiegeassistent - die Lebensretter im Stra\u00dfenverkehr","isPartOf":{"@id":"https:\/\/vimcar.de\/boxenstopp\/#website"},"datePublished":"2020-07-30T08:41:47+00:00","dateModified":"2023-03-28T10:53:23+00:00","description":"Was sind Abbiegeassistenten, wie funktionieren sie und wof\u00fcr sind sie hilfreich? Jetzt Boxenstopp Artikel lesen & informieren!","breadcrumb":{"@id":"https:\/\/vimcar.de\/boxenstopp\/lexikon\/abbiegeassistent\/#breadcrumb"},"inLanguage":"de","potentialAction":[{"@type":"ReadAction","target":["https:\/\/vimcar.de\/boxenstopp\/lexikon\/abbiegeassistent\/"]}]},{"@type":"BreadcrumbList","@id":"https:\/\/vimcar.de\/boxenstopp\/lexikon\/abbiegeassistent\/#breadcrumb","itemListElement":[{"@type":"ListItem","position":1,"name":"Startseite","item":"https:\/\/vimcar.de\/boxenstopp\/"},{"@type":"ListItem","position":2,"name":"Das Fuhrparklexikon","item":"https:\/\/vimcar.de\/boxenstopp\/lexikon\/"},{"@type":"ListItem","position":3,"name":"Abbiegeassistent"}]},{"@type":"WebSite","@id":"https:\/\/vimcar.de\/boxenstopp\/#website","url":"https:\/\/vimcar.de\/boxenstopp\/","name":"Vimcar Boxenstopp","description":"- Die Lernplattform f\u00fcr Fuhrparkleiter","publisher":{"@id":"https:\/\/vimcar.de\/boxenstopp\/#organization"},"potentialAction":[{"@type":"SearchAction","target":{"@type":"EntryPoint","urlTemplate":"https:\/\/vimcar.de\/boxenstopp\/?s={search_term_string}"},"query-input":"required name=search_term_string"}],"inLanguage":"de"},{"@type":"Organization","@id":"https:\/\/vimcar.de\/boxenstopp\/#organization","name":"Vimcar Boxenstopp - Fuhrparkwissen","url":"https:\/\/vimcar.de\/boxenstopp\/","logo":{"@type":"ImageObject","inLanguage":"de","@id":"https:\/\/vimcar.de\/boxenstopp\/#\/schema\/logo\/image\/","url":"https:\/\/vimcar.de\/boxenstopp\/wp-content\/uploads\/2020\/10\/logo-vimcar-boxenstopp.png","contentUrl":"https:\/\/vimcar.de\/boxenstopp\/wp-content\/uploads\/2020\/10\/logo-vimcar-boxenstopp.png","width":250,"height":50,"caption":"Vimcar Boxenstopp - Fuhrparkwissen"},"image":{"@id":"https:\/\/vimcar.de\/boxenstopp\/#\/schema\/logo\/image\/"},"sameAs":["https:\/\/www.facebook.com\/vimcar","https:\/\/twitter.com\/goVimcar","https:\/\/www.instagram.com\/vimcar_official\/","https:\/\/de.linkedin.com\/company\/vimcar","https:\/\/www.pinterest.de\/vimcar\/","https:\/\/www.youtube.com\/channel\/UCWRajoA7OnWsAw-ezAahZPg"]}]}},"_links":{"self":[{"href":"https:\/\/vimcar.de\/boxenstopp\/wp-json\/wp\/v2\/pages\/12995"}],"collection":[{"href":"https:\/\/vimcar.de\/boxenstopp\/wp-json\/wp\/v2\/pages"}],"about":[{"href":"https:\/\/vimcar.de\/boxenstopp\/wp-json\/wp\/v2\/types\/page"}],"author":[{"embeddable":true,"href":"https:\/\/vimcar.de\/boxenstopp\/wp-json\/wp\/v2\/users\/30"}],"replies":[{"embeddable":true,"href":"https:\/\/vimcar.de\/boxenstopp\/wp-json\/wp\/v2\/comments?post=12995"}],"version-history":[{"count":0,"href":"https:\/\/vimcar.de\/boxenstopp\/wp-json\/wp\/v2\/pages\/12995\/revisions"}],"up":[{"embeddable":true,"href":"https:\/\/vimcar.de\/boxenstopp\/wp-json\/wp\/v2\/pages\/4813"}],"wp:attachment":[{"href":"https:\/\/vimcar.de\/boxenstopp\/wp-json\/wp\/v2\/media?parent=12995"}],"curies":[{"name":"wp","href":"https:\/\/api.w.org\/{rel}","templated":true}]}}