{"id":13646,"date":"2020-10-02T16:15:56","date_gmt":"2020-10-02T14:15:56","guid":{"rendered":"https:\/\/vimcar.de\/boxenstopp-staging\/?page_id=13646"},"modified":"2024-05-07T13:00:22","modified_gmt":"2024-05-07T11:00:22","slug":"hauptuntersuchung","status":"publish","type":"page","link":"https:\/\/vimcar.de\/boxenstopp\/lexikon\/hauptuntersuchung\/","title":{"rendered":"Hauptuntersuchung"},"content":{"rendered":"\t\t<div data-elementor-type=\"wp-page\" data-elementor-id=\"13646\" class=\"elementor elementor-13646\" data-elementor-post-type=\"page\">\n\t\t\t\t\t\t<section class=\"elementor-section elementor-top-section elementor-element elementor-element-1fa70dd elementor-section-boxed elementor-section-height-default elementor-section-height-default\" data-id=\"1fa70dd\" data-element_type=\"section\">\n\t\t\t\t\t\t<div class=\"elementor-container elementor-column-gap-default\">\n\t\t\t\t\t<div class=\"elementor-column elementor-col-100 elementor-top-column elementor-element elementor-element-ba5ec60\" data-id=\"ba5ec60\" data-element_type=\"column\">\n\t\t\t<div class=\"elementor-widget-wrap elementor-element-populated\">\n\t\t\t\t\t\t<div class=\"elementor-element elementor-element-b26fefc elementor-widget elementor-widget-text-editor\" data-id=\"b26fefc\" data-element_type=\"widget\" data-widget_type=\"text-editor.default\">\n\t\t\t\t<div class=\"elementor-widget-container\">\n\t\t\t\t\t\t\t<p><i>Die Hauptuntersuchung, auch als T\u00dcV-Pr\u00fcfung bekannt, kennt jeder. Aber wo liegt genau der Unterschied zur regelm\u00e4\u00dfigen UVV Pr\u00fcfung?<\/i><\/p>\t\t\t\t\t\t<\/div>\n\t\t\t\t<\/div>\n\t\t\t\t<div class=\"elementor-element elementor-element-02ce5c9 elementor-widget elementor-widget-heading\" data-id=\"02ce5c9\" data-element_type=\"widget\" data-widget_type=\"heading.default\">\n\t\t\t\t<div class=\"elementor-widget-container\">\n\t\t\t<h2 class=\"elementor-heading-title elementor-size-default\">Das sind die Unterschiede zwischen Hauptuntersuchung und UVV Pr\u00fcfung\n<\/h2>\t\t<\/div>\n\t\t\t\t<\/div>\n\t\t\t\t<div class=\"elementor-element elementor-element-29587b3 elementor-widget elementor-widget-text-editor\" data-id=\"29587b3\" data-element_type=\"widget\" data-widget_type=\"text-editor.default\">\n\t\t\t\t<div class=\"elementor-widget-container\">\n\t\t\t\t\t\t\t<div class=\"elementor-element elementor-element-a84c7bf elementor-widget elementor-widget-text-editor\" data-id=\"a84c7bf\" data-element_type=\"widget\" data-widget_type=\"text-editor.default\"><div class=\"elementor-widget-container\"><div class=\"elementor-text-editor elementor-clearfix\"><p>Bis das der T\u00dcV uns scheidet. Ein bekannter Spruch, der als Aufkleber so manche Heckscheibe von Autos verzierte. Aber es ist auch ein ewiger Treueschwur des Besitzers an sein Gef\u00e4hrt, der durch herzlose Techniker immer wieder gebrochen wurde. Seit 70 Jahren besteht nun die Pflicht zur \u201eHauptuntersuchung f\u00fcr Kraftfahrzeuge\u201c (HU) in regelm\u00e4\u00dfigen Zeitabst\u00e4nden. Im Fokus liegt hier ganz klar die Verkehrssicherheit. Entspricht das Fahrzeug nicht mehr den Anforderungen der Verkehrssicherheit, kann entweder nachgebessert werden oder das Fahrzeug wird aus dem Verkehr gezogen. Die HU findet in regelm\u00e4\u00dfigen Abst\u00e4nden nach zw\u00f6lf oder 24 Monaten statt \u2013 nur bei Neufahrzeugen ist die erste Hauptuntersuchung nach 36 Monaten f\u00e4llig.<\/p><\/div><\/div><\/div>\t\t\t\t\t\t<\/div>\n\t\t\t\t<\/div>\n\t\t\t\t<div class=\"elementor-element elementor-element-314e7e3 elementor-widget elementor-widget-heading\" data-id=\"314e7e3\" data-element_type=\"widget\" data-widget_type=\"heading.default\">\n\t\t\t\t<div class=\"elementor-widget-container\">\n\t\t\t<h2 class=\"elementor-heading-title elementor-size-default\">Was wird bei der HU gepr\u00fcft?\n<\/h2>\t\t<\/div>\n\t\t\t\t<\/div>\n\t\t\t\t<section class=\"elementor-section elementor-inner-section elementor-element elementor-element-15a3b1a elementor-section-boxed elementor-section-height-default elementor-section-height-default\" data-id=\"15a3b1a\" data-element_type=\"section\">\n\t\t\t\t\t\t<div class=\"elementor-container elementor-column-gap-default\">\n\t\t\t\t\t<div class=\"elementor-column elementor-col-50 elementor-inner-column elementor-element elementor-element-d6d409b\" data-id=\"d6d409b\" data-element_type=\"column\">\n\t\t\t<div class=\"elementor-widget-wrap elementor-element-populated\">\n\t\t\t\t\t\t<div class=\"elementor-element elementor-element-5308207 elementor-widget elementor-widget-image\" data-id=\"5308207\" data-element_type=\"widget\" data-widget_type=\"image.default\">\n\t\t\t\t<div class=\"elementor-widget-container\">\n\t\t\t\t\t\t\t\t\t\t\t\t\t<img fetchpriority=\"high\" decoding=\"async\" width=\"640\" height=\"523\" src=\"https:\/\/vimcar.de\/boxenstopp\/wp-content\/uploads\/2022\/03\/Hauptuntersuchung_1.webp\" class=\"attachment-large size-large wp-image-33861\" alt=\"Hauptuntersuchung wird durchgef\u00fchrt.\" srcset=\"https:\/\/vimcar.de\/boxenstopp\/wp-content\/uploads\/2022\/03\/Hauptuntersuchung_1.webp 640w, https:\/\/vimcar.de\/boxenstopp\/wp-content\/uploads\/2022\/03\/Hauptuntersuchung_1-300x245.webp 300w\" sizes=\"(max-width: 640px) 100vw, 640px\" \/>\t\t\t\t\t\t\t\t\t\t\t\t\t<\/div>\n\t\t\t\t<\/div>\n\t\t\t\t\t<\/div>\n\t\t<\/div>\n\t\t\t\t<div class=\"elementor-column elementor-col-50 elementor-inner-column elementor-element elementor-element-99335eb\" data-id=\"99335eb\" data-element_type=\"column\">\n\t\t\t<div class=\"elementor-widget-wrap elementor-element-populated\">\n\t\t\t\t\t\t<div class=\"elementor-element elementor-element-6d1d9ae elementor-widget elementor-widget-text-editor\" data-id=\"6d1d9ae\" data-element_type=\"widget\" data-widget_type=\"text-editor.default\">\n\t\t\t\t<div class=\"elementor-widget-container\">\n\t\t\t\t\t\t\t<p>Wann eine Hauptuntersuchung ansteht, ist wie bei der UVV Pr\u00fcfung durch eine Pr\u00fcfplakette gekennzeichnet, die auf dem Kennzeichen angebracht ist. Die Durchf\u00fchrung der Hauptuntersuchung muss von der verantwortlichen Person dokumentiert werden und ist an den Fahrzeughalter auszuh\u00e4ndigen. Gleiches gilt f\u00fcr eine Sicherheitspr\u00fcfung. Diese Berichte m\u00fcssen bis zur n\u00e4chsten Hauptuntersuchung oder Sicherheitspr\u00fcfung aufbewahrt werden. Eine Sicherheitspr\u00fcfung ist etwa bei Bussen und anderen Kraftfahrzeugen mit mehr als acht Fahrgastpl\u00e4tzen, Kraftfahrzeugen, die zur G\u00fcterbef\u00f6rderung bestimmt sind und Anh\u00e4ngern durchzuf\u00fchren. Die HU umfasst Pr\u00fcfungen aller technischen Details, die das Fahrzeug sicher durch den Verkehr gleiten lassen. Dazu z\u00e4hlen u.a. Bremsen, Elektrik aber auch die Abgasuntersuchung (AU) \u2013 das verlangt die Stra\u00dfenverkehrs-Zulassungs-Ordnung (<a href=\"https:\/\/www.gesetze-im-internet.de\/stvzo_2012\/\" target=\"_blank\" rel=\"noopener\">StVZO<\/a>).<\/p>\t\t\t\t\t\t<\/div>\n\t\t\t\t<\/div>\n\t\t\t\t\t<\/div>\n\t\t<\/div>\n\t\t\t\t\t<\/div>\n\t\t<\/section>\n\t\t\t\t\t<\/div>\n\t\t<\/div>\n\t\t\t\t\t<\/div>\n\t\t<\/section>\n\t\t\t\t<section class=\"elementor-section elementor-top-section elementor-element elementor-element-d2b4881 elementor-section-boxed elementor-section-height-default elementor-section-height-default\" data-id=\"d2b4881\" data-element_type=\"section\">\n\t\t\t\t\t\t<div class=\"elementor-container elementor-column-gap-default\">\n\t\t\t\t\t<div class=\"elementor-column elementor-col-100 elementor-top-column elementor-element elementor-element-9c5f2fe\" data-id=\"9c5f2fe\" data-element_type=\"column\">\n\t\t\t<div class=\"elementor-widget-wrap elementor-element-populated\">\n\t\t\t\t\t\t<div class=\"elementor-element elementor-element-80e2b08 elementor-widget elementor-widget-heading\" data-id=\"80e2b08\" data-element_type=\"widget\" data-widget_type=\"heading.default\">\n\t\t\t\t<div class=\"elementor-widget-container\">\n\t\t\t<h2 class=\"elementor-heading-title elementor-size-default\">Fahrzeugpr\u00fcfung nach UVV<\/h2>\t\t<\/div>\n\t\t\t\t<\/div>\n\t\t\t\t<section class=\"elementor-section elementor-inner-section elementor-element elementor-element-ead92d0 elementor-section-boxed elementor-section-height-default elementor-section-height-default\" data-id=\"ead92d0\" data-element_type=\"section\">\n\t\t\t\t\t\t<div class=\"elementor-container elementor-column-gap-default\">\n\t\t\t\t\t<div class=\"elementor-column elementor-col-50 elementor-inner-column elementor-element elementor-element-1d77a42\" data-id=\"1d77a42\" data-element_type=\"column\">\n\t\t\t<div class=\"elementor-widget-wrap elementor-element-populated\">\n\t\t\t\t\t\t<div class=\"elementor-element elementor-element-208d333 elementor-widget elementor-widget-text-editor\" data-id=\"208d333\" data-element_type=\"widget\" data-widget_type=\"text-editor.default\">\n\t\t\t\t<div class=\"elementor-widget-container\">\n\t\t\t\t\t\t\t<p>Bei der\u00a0<a href=\"https:\/\/vimcar.de\/boxenstopp\/lexikon\/unfallverhuetungsvorschriften-allgemein\/\" target=\"_blank\" rel=\"noopener\">UVV<\/a>\u00a0Pr\u00fcfung hingegen sollten alle gewerblich genutzten Fahrzeuge mindestens einmal im Jahr durch einen Sachkundigen gepr\u00fcft werden. Gesch\u00e4ftlich genutzte Privatfahrzeuge sind davon jedoch unber\u00fchrt. Dabei erfolgt die Pr\u00fcfung unter Ber\u00fccksichtigung der Betriebssicherheit, die sich aus Arbeitssicherheit und Verkehrssicherheit zusammensetzt und ebenfalls mit einer Pr\u00fcfplakette dokumentiert wird. Es ist nach\u00a0<a href=\"https:\/\/www.bgbau-medien.de\/handlungshilfen_gb\/daten\/dguv\/70\/57.htm\" target=\"_blank\" rel=\"noopener\">\u00a7 57 Abs. 1 DGUV Vorschrift 70<\/a>\u00a0\u00fcbrigens durchaus m\u00f6glich, auf eine Pr\u00fcfung durch einen Sachkundigen zu verzichten. Und zwar dann, wenn die vom Hersteller vorgeschriebenen Inspektionsintervalle ordnungsgem\u00e4\u00df durchgef\u00fchrt wurden und m\u00e4ngelfreie Ergebnisse vorliegen. Zus\u00e4tzlich sollten die Nachweise der durchf\u00fchrenden Fachwerkstatt auch den m\u00e4ngelfreien arbeitssicheren Zustand ausweisen. Daf\u00fcr m\u00fcssen Verantwortliche auf die Pr\u00fcfung nach \u00a7 57 Abs. 1 der DGUV Vorschrift 70 auf der Inspektionsrechnung hinweisen. Ist das nicht ausdr\u00fccklich im Pr\u00fcfbericht gekennzeichnet, muss die Fahrzeugpr\u00fcfung trotz durchgef\u00fchrter m\u00e4ngelfreier Inspektionen durchgef\u00fchrt werden.<\/p>\t\t\t\t\t\t<\/div>\n\t\t\t\t<\/div>\n\t\t\t\t\t<\/div>\n\t\t<\/div>\n\t\t\t\t<div class=\"elementor-column elementor-col-50 elementor-inner-column elementor-element elementor-element-bca76a9\" data-id=\"bca76a9\" data-element_type=\"column\">\n\t\t\t<div class=\"elementor-widget-wrap elementor-element-populated\">\n\t\t\t\t\t\t<div class=\"elementor-element elementor-element-abeee5d elementor-widget elementor-widget-image\" data-id=\"abeee5d\" data-element_type=\"widget\" data-widget_type=\"image.default\">\n\t\t\t\t<div class=\"elementor-widget-container\">\n\t\t\t\t\t\t\t\t\t\t\t\t\t<img decoding=\"async\" width=\"200\" height=\"300\" src=\"https:\/\/vimcar.de\/boxenstopp\/wp-content\/uploads\/2022\/03\/Hauptuntersuchung-TUeV.webp\" class=\"attachment-large size-large wp-image-33862\" alt=\"Reifen wird kontrolliert.\" \/>\t\t\t\t\t\t\t\t\t\t\t\t\t<\/div>\n\t\t\t\t<\/div>\n\t\t\t\t\t<\/div>\n\t\t<\/div>\n\t\t\t\t\t<\/div>\n\t\t<\/section>\n\t\t\t\t\t<\/div>\n\t\t<\/div>\n\t\t\t\t\t<\/div>\n\t\t<\/section>\n\t\t\t\t<section class=\"elementor-section elementor-top-section elementor-element elementor-element-ae9e8b6 elementor-section-boxed elementor-section-height-default elementor-section-height-default\" data-id=\"ae9e8b6\" data-element_type=\"section\">\n\t\t\t\t\t\t<div class=\"elementor-container elementor-column-gap-default\">\n\t\t\t\t\t<div class=\"elementor-column elementor-col-100 elementor-top-column elementor-element elementor-element-fae39db\" data-id=\"fae39db\" data-element_type=\"column\">\n\t\t\t<div class=\"elementor-widget-wrap elementor-element-populated\">\n\t\t\t\t\t\t<div class=\"elementor-element elementor-element-dabda29 elementor-widget elementor-widget-heading\" data-id=\"dabda29\" data-element_type=\"widget\" data-widget_type=\"heading.default\">\n\t\t\t\t<div class=\"elementor-widget-container\">\n\t\t\t<h2 class=\"elementor-heading-title elementor-size-default\">Fahrerkontrolle ist wichtig\n<\/h2>\t\t<\/div>\n\t\t\t\t<\/div>\n\t\t\t\t<div class=\"elementor-element elementor-element-530cf8a elementor-widget elementor-widget-text-editor\" data-id=\"530cf8a\" data-element_type=\"widget\" data-widget_type=\"text-editor.default\">\n\t\t\t\t<div class=\"elementor-widget-container\">\n\t\t\t\t\t\t\t<div class=\"elementor-element elementor-element-714d820 elementor-widget elementor-widget-text-editor\" data-id=\"714d820\" data-element_type=\"widget\" data-widget_type=\"text-editor.default\">\n<div class=\"elementor-widget-container\">\n<div class=\"elementor-text-editor elementor-clearfix\">\n<p><u>Trotz aller Pr\u00fcfplaketten und technischer Best\u00e4tigungen: Die regelm\u00e4\u00dfige Kontrolle des Fahrzeugs durch das Fahrpersonal bleibt ein wichtiger Bestandteil im Fuhrpark.<\/u>&nbsp;Vor jeder Fahrt hat der Dienstwagennutzer stets darauf zu achten, ob das Fahrzeug in m\u00e4ngelfreiem Zustand ist. Bei allen auftretenden M\u00e4ngeln sollte der Fahrer sofort Meldung an den&nbsp;<a href=\"https:\/\/vimcar.de\/boxenstopp\/lexikon\/fuhrparkleiter\/\" target=\"_blank\" rel=\"noopener\">Fuhrparkmanager<\/a>&nbsp;machen. Denn auch die Kontrolle durch das Fahrpersonal z\u00e4hlt zur UVV Pr\u00fcfung, um den allgemeine Zustand des Fahrzeugs vor und w\u00e4hrend der Fahrt zu \u00fcberpr\u00fcfen.<\/p><\/div><\/div><\/div>\t\t\t\t\t\t<\/div>\n\t\t\t\t<\/div>\n\t\t\t\t<div class=\"elementor-element elementor-element-2478926 elementor-widget elementor-widget-heading\" data-id=\"2478926\" data-element_type=\"widget\" data-widget_type=\"heading.default\">\n\t\t\t\t<div class=\"elementor-widget-container\">\n\t\t\t<h2 class=\"elementor-heading-title elementor-size-default\">Ablauf einer Hauptuntersuchung<\/h2>\t\t<\/div>\n\t\t\t\t<\/div>\n\t\t\t\t<div class=\"elementor-element elementor-element-299f8f9 elementor-widget elementor-widget-text-editor\" data-id=\"299f8f9\" data-element_type=\"widget\" data-widget_type=\"text-editor.default\">\n\t\t\t\t<div class=\"elementor-widget-container\">\n\t\t\t\t\t\t\t<p>Im folgenden Video wird Ihnen der Ablauf der HU im Detail erkl\u00e4rt.<\/p>\t\t\t\t\t\t<\/div>\n\t\t\t\t<\/div>\n\t\t\t\t<div class=\"elementor-element elementor-element-26411c2 elementor-widget elementor-widget-video\" data-id=\"26411c2\" data-element_type=\"widget\" data-settings=\"{&quot;youtube_url&quot;:&quot;https:\\\/\\\/youtu.be\\\/YZha4ThTGC0&quot;,&quot;start&quot;:20,&quot;end&quot;:694,&quot;video_type&quot;:&quot;youtube&quot;,&quot;controls&quot;:&quot;yes&quot;}\" data-widget_type=\"video.default\">\n\t\t\t\t<div class=\"elementor-widget-container\">\n\t\t\t\t\t<div class=\"elementor-wrapper elementor-open-inline\">\n\t\t\t<div class=\"elementor-video\"><\/div>\t\t<\/div>\n\t\t\t\t<\/div>\n\t\t\t\t<\/div>\n\t\t\t\t<div class=\"elementor-element elementor-element-aa6a564 elementor-widget elementor-widget-heading\" data-id=\"aa6a564\" data-element_type=\"widget\" data-widget_type=\"heading.default\">\n\t\t\t\t<div class=\"elementor-widget-container\">\n\t\t\t<h2 class=\"elementor-heading-title elementor-size-default\">Weitere Artikel<\/h2>\t\t<\/div>\n\t\t\t\t<\/div>\n\t\t\t\t<section class=\"elementor-section elementor-inner-section elementor-element elementor-element-73f09c3 elementor-section-boxed elementor-section-height-default elementor-section-height-default\" data-id=\"73f09c3\" data-element_type=\"section\">\n\t\t\t\t\t\t<div class=\"elementor-container elementor-column-gap-default\">\n\t\t\t\t\t<div class=\"elementor-column elementor-col-50 elementor-inner-column elementor-element elementor-element-103ead5\" data-id=\"103ead5\" data-element_type=\"column\">\n\t\t\t<div class=\"elementor-widget-wrap elementor-element-populated\">\n\t\t\t\t\t\t<div class=\"elementor-element elementor-element-ad12133 elementor-widget elementor-widget-text-editor\" data-id=\"ad12133\" data-element_type=\"widget\" data-widget_type=\"text-editor.default\">\n\t\t\t\t<div class=\"elementor-widget-container\">\n\t\t\t\t\t\t\t<ul>\n<li><a href=\"https:\/\/vimcar.de\/boxenstopp\/lexikon\/abbiegeassistent\/\">Abbiegeassistent<\/a><\/li>\n<li><a href=\"https:\/\/vimcar.de\/boxenstopp\/lexikon\/asset-tracking\/\">Asset Tracking<\/a><\/li>\n<li><a href=\"https:\/\/vimcar.de\/boxenstopp\/lexikon\/dguv\/\">DGUV<\/a>&nbsp;<\/li>\n<li><a href=\"https:\/\/vimcar.de\/boxenstopp\/blog\/halterhaftung-im-fuhrpark\/\">Halterhaftung im Fuhrpark<\/a><\/li>\n<li><a href=\"https:\/\/vimcar.de\/boxenstopp\/blog\/verhalten-bei-unfaellen\/\">Das richtige Verhalten am Unfallort<\/a><\/li>\n<li><a href=\"https:\/\/vimcar.de\/boxenstopp\/online-kurs-uvv\/\">Online Kurs zur UVV&nbsp;<\/a><\/li>\n<li><a href=\"https:\/\/vimcar.de\/boxenstopp\/lexikon\/reisekostenabrechnung\/\" target=\"_blank\" rel=\"noopener\">Reisekostenabrechnung<\/a><\/li>\n<li><a href=\"https:\/\/vimcar.de\/boxenstopp\/lexikon\/betriebserlaubnis\/\">Betriebserlaubnis<\/a><\/li>\n<li><a href=\"https:\/\/vimcar.de\/boxenstopp\/blog\/halterhaftung-poolfahrzeuge\/\">Halterhaftung bei Poolfahrzeugen<\/a><\/li>\n<li><a href=\"https:\/\/vimcar.de\/boxenstopp\/lexikon\/mobilitaetsmanager\/\">Mobilit\u00e4tsmanager<\/a><\/li>\n<li><a href=\"https:\/\/vimcar.de\/boxenstopp\/lexikon\/schadenmanagement-software\/\" target=\"_blank\" rel=\"noopener\">Schadenmanagement Software<\/a><\/li>\n<li><a href=\"https:\/\/vimcar.de\/boxenstopp\/blog\/schadenabwicklung\/\" target=\"_blank\" rel=\"noopener\">Alle Tipps zur Schadenabwicklung<\/a><\/li><li><a href=\"https:\/\/vimcar.de\/boxenstopp\/lexikon\/coc-dokumente\/\" target=\"_blank\">CoC Dokumente<\/a><br><\/li>\n<\/ul>\t\t\t\t\t\t<\/div>\n\t\t\t\t<\/div>\n\t\t\t\t\t<\/div>\n\t\t<\/div>\n\t\t\t\t<div class=\"elementor-column elementor-col-50 elementor-inner-column elementor-element elementor-element-23cf527\" data-id=\"23cf527\" data-element_type=\"column\">\n\t\t\t<div class=\"elementor-widget-wrap elementor-element-populated\">\n\t\t\t\t\t\t<div class=\"elementor-element elementor-element-209ce35 elementor-widget elementor-widget-text-editor\" data-id=\"209ce35\" data-element_type=\"widget\" data-widget_type=\"text-editor.default\">\n\t\t\t\t<div class=\"elementor-widget-container\">\n\t\t\t\t\t\t\t<ul>\n<li><a href=\"https:\/\/vimcar.de\/boxenstopp\/blog\/fuehrerscheinkontrolle-oesterreich\/\">F\u00fchrerscheinkontrolle<\/a><\/li>\n<li><a href=\"https:\/\/vimcar.de\/boxenstopp\/blog\/uvv-carsharing\/\">UVV bei Carsharing<\/a><\/li>\n<li><a href=\"https:\/\/vimcar.de\/boxenstopp\/blog\/gefaehrdungsbeurteilung-unterweisung-eautos\/\">Gef\u00e4hrdungsbeurteilung und Fahrerunterweisung bei E-Mobilit\u00e4t<\/a><\/li>\n<li><a href=\"https:\/\/vimcar.de\/boxenstopp\/blog\/ordnungswidrigkeiten-im-fuhrpark\/\">Ordnungswidrigkeit im Fuhrpark<\/a><\/li>\n<li><a href=\"https:\/\/vimcar.de\/boxenstopp\/blog\/erkaeltungszeit\/\">Erk\u00e4ltungszeit<\/a><\/li>\n<li><a href=\"https:\/\/vimcar.de\/boxenstopp\/blog\/so-verwalten-sie-strafzettel-im-fuhrpark-am-besten\/\">So verwalten Sie Strafzettel im Fuhrpark am besten<\/a><\/li>\n<li><a href=\"https:\/\/vimcar.de\/boxenstopp\/lexikon\/kfz-steuer\/\">Kfz Steuer<\/a><\/li>\n<li><a href=\"https:\/\/vimcar.de\/boxenstopp\/lexikon\/nutzungsausfall\/\">Nutzungsausfall<\/a><\/li>\n<li><a href=\"https:\/\/vimcar.de\/boxenstopp\/lexikon\/rettungskarte\/\">Rettungskarte<\/a><\/li>\n<li><a href=\"https:\/\/vimcar.de\/boxenstopp\/lexikon\/schadenquote\/\">Schadenquote<\/a><\/li>\n<li><a href=\"https:\/\/vimcar.de\/boxenstopp\/blog\/fuhrpark-versicherung\/\" target=\"_blank\" rel=\"noopener\">Diese 7 Fuhrparkversicherungen sind wichtig<\/a><\/li><li><a href=\"https:\/\/vimcar.de\/boxenstopp\/ressourcenbereich\/rechtssicherheit-fuhrpark\/\" target=\"_blank\">\u00dcbersicht zur Rechtssicherheit im Fuhrpark<\/a><br><\/li>\n<\/ul>\t\t\t\t\t\t<\/div>\n\t\t\t\t<\/div>\n\t\t\t\t\t<\/div>\n\t\t<\/div>\n\t\t\t\t\t<\/div>\n\t\t<\/section>\n\t\t\t\t\t<\/div>\n\t\t<\/div>\n\t\t\t\t\t<\/div>\n\t\t<\/section>\n\t\t\t\t<\/div>\n\t\t","protected":false},"excerpt":{"rendered":"<p>Die Hauptuntersuchung, auch als T\u00dcV-Pr\u00fcfung bekannt, kennt jeder. Aber wo liegt genau der Unterschied zur regelm\u00e4\u00dfigen UVV Pr\u00fcfung? Das sind die Unterschiede zwischen Hauptuntersuchung und UVV Pr\u00fcfung Bis das der T\u00dcV uns scheidet. Ein bekannter Spruch, der als Aufkleber so manche Heckscheibe von Autos verzierte. Aber es ist auch ein ewiger Treueschwur des Besitzers an [&hellip;]<\/p>\n","protected":false},"author":30,"featured_media":0,"parent":4813,"menu_order":0,"comment_status":"closed","ping_status":"closed","template":"","meta":{"footnotes":"","_wp_rev_ctl_limit":""},"yoast_head":"<!-- This site is optimized with the Yoast SEO Premium plugin v21.5 (Yoast SEO v21.5) - https:\/\/yoast.com\/wordpress\/plugins\/seo\/ -->\n<title>Hauptuntersuchung - Unterschiede zur UVV Pr\u00fcfung<\/title>\n<meta name=\"description\" content=\"Was ist die Hauptuntersuchung? Lesen Sie jetzt weiter &amp; erfahren mehr zu den vorgeschriebenen Pr\u00fcfungen im Fuhrpark!\" \/>\n<meta name=\"robots\" content=\"index, follow, max-snippet:-1, max-image-preview:large, max-video-preview:-1\" \/>\n<link rel=\"canonical\" href=\"https:\/\/vimcar.de\/boxenstopp\/lexikon\/hauptuntersuchung\/\" \/>\n<meta property=\"og:locale\" content=\"de_DE\" \/>\n<meta property=\"og:type\" content=\"article\" \/>\n<meta property=\"og:title\" content=\"Hauptuntersuchung\" \/>\n<meta property=\"og:description\" content=\"Was ist die Hauptuntersuchung? Lesen Sie jetzt weiter &amp; erfahren mehr zu den vorgeschriebenen Pr\u00fcfungen im Fuhrpark!\" \/>\n<meta property=\"og:url\" content=\"https:\/\/vimcar.de\/boxenstopp\/lexikon\/hauptuntersuchung\/\" \/>\n<meta property=\"og:site_name\" content=\"Vimcar Boxenstopp\" \/>\n<meta property=\"article:publisher\" content=\"https:\/\/www.facebook.com\/vimcar\" \/>\n<meta property=\"article:modified_time\" content=\"2024-05-07T11:00:22+00:00\" \/>\n<meta property=\"og:image\" content=\"https:\/\/vimcar.de\/boxenstopp\/wp-content\/uploads\/2022\/03\/Hauptuntersuchung_1.webp\" \/>\n<meta name=\"twitter:card\" content=\"summary_large_image\" \/>\n<meta name=\"twitter:site\" content=\"@goVimcar\" \/>\n<meta name=\"twitter:label1\" content=\"Gesch\u00e4tzte Lesezeit\" \/>\n\t<meta name=\"twitter:data1\" content=\"5\u00a0Minuten\" \/>\n<!-- \/ Yoast SEO Premium plugin. -->","yoast_head_json":{"title":"Hauptuntersuchung - Unterschiede zur UVV Pr\u00fcfung","description":"Was ist die Hauptuntersuchung? Lesen Sie jetzt weiter & erfahren mehr zu den vorgeschriebenen Pr\u00fcfungen im Fuhrpark!","robots":{"index":"index","follow":"follow","max-snippet":"max-snippet:-1","max-image-preview":"max-image-preview:large","max-video-preview":"max-video-preview:-1"},"canonical":"https:\/\/vimcar.de\/boxenstopp\/lexikon\/hauptuntersuchung\/","og_locale":"de_DE","og_type":"article","og_title":"Hauptuntersuchung","og_description":"Was ist die Hauptuntersuchung? Lesen Sie jetzt weiter & erfahren mehr zu den vorgeschriebenen Pr\u00fcfungen im Fuhrpark!","og_url":"https:\/\/vimcar.de\/boxenstopp\/lexikon\/hauptuntersuchung\/","og_site_name":"Vimcar Boxenstopp","article_publisher":"https:\/\/www.facebook.com\/vimcar","article_modified_time":"2024-05-07T11:00:22+00:00","og_image":[{"url":"https:\/\/vimcar.de\/boxenstopp\/wp-content\/uploads\/2022\/03\/Hauptuntersuchung_1.webp"}],"twitter_card":"summary_large_image","twitter_site":"@goVimcar","twitter_misc":{"Gesch\u00e4tzte Lesezeit":"5\u00a0Minuten"},"schema":{"@context":"https:\/\/schema.org","@graph":[{"@type":"WebPage","@id":"https:\/\/vimcar.de\/boxenstopp\/lexikon\/hauptuntersuchung\/","url":"https:\/\/vimcar.de\/boxenstopp\/lexikon\/hauptuntersuchung\/","name":"Hauptuntersuchung - Unterschiede zur UVV Pr\u00fcfung","isPartOf":{"@id":"https:\/\/vimcar.de\/boxenstopp\/#website"},"datePublished":"2020-10-02T14:15:56+00:00","dateModified":"2024-05-07T11:00:22+00:00","description":"Was ist die Hauptuntersuchung? Lesen Sie jetzt weiter & erfahren mehr zu den vorgeschriebenen Pr\u00fcfungen im Fuhrpark!","breadcrumb":{"@id":"https:\/\/vimcar.de\/boxenstopp\/lexikon\/hauptuntersuchung\/#breadcrumb"},"inLanguage":"de","potentialAction":[{"@type":"ReadAction","target":["https:\/\/vimcar.de\/boxenstopp\/lexikon\/hauptuntersuchung\/"]}]},{"@type":"BreadcrumbList","@id":"https:\/\/vimcar.de\/boxenstopp\/lexikon\/hauptuntersuchung\/#breadcrumb","itemListElement":[{"@type":"ListItem","position":1,"name":"Startseite","item":"https:\/\/vimcar.de\/boxenstopp\/"},{"@type":"ListItem","position":2,"name":"Das Fuhrparklexikon","item":"https:\/\/vimcar.de\/boxenstopp\/lexikon\/"},{"@type":"ListItem","position":3,"name":"Hauptuntersuchung"}]},{"@type":"WebSite","@id":"https:\/\/vimcar.de\/boxenstopp\/#website","url":"https:\/\/vimcar.de\/boxenstopp\/","name":"Vimcar Boxenstopp","description":"- Die Lernplattform f\u00fcr Fuhrparkleiter","publisher":{"@id":"https:\/\/vimcar.de\/boxenstopp\/#organization"},"potentialAction":[{"@type":"SearchAction","target":{"@type":"EntryPoint","urlTemplate":"https:\/\/vimcar.de\/boxenstopp\/?s={search_term_string}"},"query-input":"required name=search_term_string"}],"inLanguage":"de"},{"@type":"Organization","@id":"https:\/\/vimcar.de\/boxenstopp\/#organization","name":"Vimcar Boxenstopp - Fuhrparkwissen","url":"https:\/\/vimcar.de\/boxenstopp\/","logo":{"@type":"ImageObject","inLanguage":"de","@id":"https:\/\/vimcar.de\/boxenstopp\/#\/schema\/logo\/image\/","url":"https:\/\/vimcar.de\/boxenstopp\/wp-content\/uploads\/2020\/10\/logo-vimcar-boxenstopp.png","contentUrl":"https:\/\/vimcar.de\/boxenstopp\/wp-content\/uploads\/2020\/10\/logo-vimcar-boxenstopp.png","width":250,"height":50,"caption":"Vimcar Boxenstopp - Fuhrparkwissen"},"image":{"@id":"https:\/\/vimcar.de\/boxenstopp\/#\/schema\/logo\/image\/"},"sameAs":["https:\/\/www.facebook.com\/vimcar","https:\/\/twitter.com\/goVimcar","https:\/\/www.instagram.com\/vimcar_official\/","https:\/\/de.linkedin.com\/company\/vimcar","https:\/\/www.pinterest.de\/vimcar\/","https:\/\/www.youtube.com\/channel\/UCWRajoA7OnWsAw-ezAahZPg"]}]}},"_links":{"self":[{"href":"https:\/\/vimcar.de\/boxenstopp\/wp-json\/wp\/v2\/pages\/13646"}],"collection":[{"href":"https:\/\/vimcar.de\/boxenstopp\/wp-json\/wp\/v2\/pages"}],"about":[{"href":"https:\/\/vimcar.de\/boxenstopp\/wp-json\/wp\/v2\/types\/page"}],"author":[{"embeddable":true,"href":"https:\/\/vimcar.de\/boxenstopp\/wp-json\/wp\/v2\/users\/30"}],"replies":[{"embeddable":true,"href":"https:\/\/vimcar.de\/boxenstopp\/wp-json\/wp\/v2\/comments?post=13646"}],"version-history":[{"count":3,"href":"https:\/\/vimcar.de\/boxenstopp\/wp-json\/wp\/v2\/pages\/13646\/revisions"}],"predecessor-version":[{"id":50904,"href":"https:\/\/vimcar.de\/boxenstopp\/wp-json\/wp\/v2\/pages\/13646\/revisions\/50904"}],"up":[{"embeddable":true,"href":"https:\/\/vimcar.de\/boxenstopp\/wp-json\/wp\/v2\/pages\/4813"}],"wp:attachment":[{"href":"https:\/\/vimcar.de\/boxenstopp\/wp-json\/wp\/v2\/media?parent=13646"}],"curies":[{"name":"wp","href":"https:\/\/api.w.org\/{rel}","templated":true}]}}