{"id":13954,"date":"2020-10-13T12:26:39","date_gmt":"2020-10-13T10:26:39","guid":{"rendered":"https:\/\/vimcar.de\/boxenstopp-staging\/?page_id=13954"},"modified":"2023-08-31T18:32:57","modified_gmt":"2023-08-31T16:32:57","slug":"gruene-versicherungskarte","status":"publish","type":"page","link":"https:\/\/vimcar.de\/boxenstopp\/lexikon\/gruene-versicherungskarte\/","title":{"rendered":"Gr\u00fcne Versicherungskarte"},"content":{"rendered":"\t\t<div data-elementor-type=\"wp-page\" data-elementor-id=\"13954\" class=\"elementor elementor-13954\" data-elementor-post-type=\"page\">\n\t\t\t\t\t\t<section class=\"elementor-section elementor-top-section elementor-element elementor-element-9f45b25 elementor-section-boxed elementor-section-height-default elementor-section-height-default\" data-id=\"9f45b25\" data-element_type=\"section\">\n\t\t\t\t\t\t<div class=\"elementor-container elementor-column-gap-default\">\n\t\t\t\t\t<div class=\"elementor-column elementor-col-100 elementor-top-column elementor-element elementor-element-717ac9c\" data-id=\"717ac9c\" data-element_type=\"column\">\n\t\t\t<div class=\"elementor-widget-wrap elementor-element-populated\">\n\t\t\t\t\t\t<div class=\"elementor-element elementor-element-536e9f7 elementor-widget elementor-widget-text-editor\" data-id=\"536e9f7\" data-element_type=\"widget\" data-widget_type=\"text-editor.default\">\n\t\t\t\t<div class=\"elementor-widget-container\">\n\t\t\t\t\t\t\t<p><em>Die gr\u00fcne Farbe verlieh ihr ihren Namen: die Internationale\u00a0Versicherungskarte\u00a0f\u00fcr Kraftverkehr, vielfach besser bekannt als &#8222;die\u00a0gr\u00fcne\u00a0Versicherungskarte&#8220;, ist insbesondere f\u00fcr Fahrten in das vorwiegend europ\u00e4ische Ausland von Belang. Kurz gesagt k\u00f6nnen Autofahrer mit dieser Karte schnell und unkompliziert nachweisen, dass f\u00fcr ihr Auto eine Kfz-Haftpflichtversicherung besteht. Sollte unterwegs ein Unfall passieren, vereinfacht diese\u00a0Versicherungskarte\u00a0die Abwicklung des Schadensfalls.<\/em><\/p>\t\t\t\t\t\t<\/div>\n\t\t\t\t<\/div>\n\t\t\t\t\t<\/div>\n\t\t<\/div>\n\t\t\t\t\t<\/div>\n\t\t<\/section>\n\t\t\t\t<section class=\"elementor-section elementor-top-section elementor-element elementor-element-c10cebc elementor-section-boxed elementor-section-height-default elementor-section-height-default\" data-id=\"c10cebc\" data-element_type=\"section\">\n\t\t\t\t\t\t<div class=\"elementor-container elementor-column-gap-default\">\n\t\t\t\t\t<div class=\"elementor-column elementor-col-100 elementor-top-column elementor-element elementor-element-8f39303\" data-id=\"8f39303\" data-element_type=\"column\">\n\t\t\t<div class=\"elementor-widget-wrap elementor-element-populated\">\n\t\t\t\t\t\t<div class=\"elementor-element elementor-element-68990a4 elementor-widget elementor-widget-heading\" data-id=\"68990a4\" data-element_type=\"widget\" data-widget_type=\"heading.default\">\n\t\t\t\t<div class=\"elementor-widget-container\">\n\t\t\t<h2 class=\"elementor-heading-title elementor-size-default\">Die gr\u00fcne Versicherungskarte - dazu dient sie<\/h2>\t\t<\/div>\n\t\t\t\t<\/div>\n\t\t\t\t<div class=\"elementor-element elementor-element-a7e5bc8 elementor-widget elementor-widget-text-editor\" data-id=\"a7e5bc8\" data-element_type=\"widget\" data-widget_type=\"text-editor.default\">\n\t\t\t\t<div class=\"elementor-widget-container\">\n\t\t\t\t\t\t\t<p>Die umgangssprachlich &#8222;gr\u00fcne Karte&#8220; dient als Versicherungsnachweis im vorrangig europ\u00e4ischen Ausland. In L\u00e4ndern, die am System der Internationalen\u00a0Versicherungskarte\u00a0f\u00fcr Kraftverkehr &#8211; so der vollst\u00e4ndige Name der\u00a0Versicherungskarte\u00a0&#8211; teilnehmen, reicht die Kfz-Haftpflichtversicherung des Heimatlandes. So ist bei Fahrten in den teilnehmenden L\u00e4ndern keine zus\u00e4tzliche Auslandsversicherung notwendig. Das gilt auch dann, wenn die Haftungsregelungen im Stra\u00dfenverkehr und die individuellen Versicherungsleistungen im Zielland von denen des Heimatlandes abweichen sollten. Zu den teilnehmenden L\u00e4ndern geh\u00f6ren unter anderem alle Nachbarl\u00e4nder Deutschlands. Ebenfalls nehmen unter anderem beliebte Urlaubsl\u00e4nder wie Spanien, Italien und Schweden teil. Die\u00a0gr\u00fcne\u00a0Versicherungskarte\u00a0wird von der Kfz-Versicherung ausgestellt, bei der das eigene Auto versichert wurde. Oft wird sie automatisch der zugesendeten Versicherungspolice beigelegt. Andernfalls kann die Karte jederzeit kostenfrei bei der Versicherung angefordert werden.<\/p>\t\t\t\t\t\t<\/div>\n\t\t\t\t<\/div>\n\t\t\t\t<section class=\"elementor-section elementor-inner-section elementor-element elementor-element-f804021 elementor-section-boxed elementor-section-height-default elementor-section-height-default\" data-id=\"f804021\" data-element_type=\"section\">\n\t\t\t\t\t\t<div class=\"elementor-container elementor-column-gap-default\">\n\t\t\t\t\t<div class=\"elementor-column elementor-col-50 elementor-inner-column elementor-element elementor-element-9422b9d\" data-id=\"9422b9d\" data-element_type=\"column\">\n\t\t\t<div class=\"elementor-widget-wrap elementor-element-populated\">\n\t\t\t\t\t\t<div class=\"elementor-element elementor-element-e94608e elementor-widget elementor-widget-heading\" data-id=\"e94608e\" data-element_type=\"widget\" data-widget_type=\"heading.default\">\n\t\t\t\t<div class=\"elementor-widget-container\">\n\t\t\t<h2 class=\"elementor-heading-title elementor-size-default\">Hier kommt die gr\u00fcne Karte zum Einsatz<\/h2>\t\t<\/div>\n\t\t\t\t<\/div>\n\t\t\t\t<div class=\"elementor-element elementor-element-3f82c3d elementor-widget elementor-widget-text-editor\" data-id=\"3f82c3d\" data-element_type=\"widget\" data-widget_type=\"text-editor.default\">\n\t\t\t\t<div class=\"elementor-widget-container\">\n\t\t\t\t\t\t\t<p>Die\u00a0gr\u00fcne\u00a0Versicherungskarte\u00a0kommt bei Verwicklungen in einen Unfall im teilnehmenden Ausland zum Einsatz. Seit der Einf\u00fchrung des Kennzeichenabkommens als Nachweis f\u00fcr eine g\u00fcltige Kfz-Versicherung ist die Karte allerdings in den meisten EU-L\u00e4ndern kein Muss mehr. Mitzuf\u00fchren und bei der Einreise auch vorzuzeigen ist sie hingegen weiterhin vielen osteurop\u00e4ischen L\u00e4ndern wie beispielsweise Albanien, Montenegro und Ukraine sowie in der T\u00fcrkei. Wer auf Nummer sicher gehen m\u00f6chte, f\u00fchrt die Karte trotzdem in allen teilnehmenden L\u00e4ndern mit sich. Sollten AutofahrerInnen in den entsprechenden L\u00e4ndern mit Teilnahme am\u00a0Gr\u00fcne-Karte-System in einen Unfall verwickelt werden, kann der Schadensfall dank dieser Karte und ihren hinterlegten Versicherungsinfos und wichtigen Infos zu Ansprechpartnern bei Unf\u00e4llen deutlich unkomplizierter abgewickelt werden. Unter anderem vermerkt die\u00a0gr\u00fcne Karte\u00a0die Versicherung\u00a0mit ihren Ansprechdaten, die Versicherungsnummer, die Adressdaten des Versicherungsnehmers sowie das amtliche Kennzeichen. Wer die\u00a0gr\u00fcne Karte\u00a0im Auto\u00a0immer mitf\u00fchrt, hat im <a href=\"https:\/\/vimcar.de\/boxenstopp\/blog\/schadensfall-so-wickeln-sie-unfaelle-richtig-ab\/\">Schadensfall<\/a> also alle ben\u00f6tigen Daten zur Schadensabwicklung vor Ort schnell zur Hand.<\/p>\t\t\t\t\t\t<\/div>\n\t\t\t\t<\/div>\n\t\t\t\t\t<\/div>\n\t\t<\/div>\n\t\t\t\t<div class=\"elementor-column elementor-col-50 elementor-inner-column elementor-element elementor-element-88c7afc\" data-id=\"88c7afc\" data-element_type=\"column\">\n\t\t\t<div class=\"elementor-widget-wrap elementor-element-populated\">\n\t\t\t\t\t\t<div class=\"elementor-element elementor-element-f2f6f23 elementor-widget elementor-widget-image\" data-id=\"f2f6f23\" data-element_type=\"widget\" data-widget_type=\"image.default\">\n\t\t\t\t<div class=\"elementor-widget-container\">\n\t\t\t\t\t\t\t\t\t\t\t\t\t<img fetchpriority=\"high\" decoding=\"async\" width=\"640\" height=\"960\" src=\"https:\/\/vimcar.de\/boxenstopp\/wp-content\/uploads\/2020\/10\/Versicherungskarte2.jpg\" class=\"attachment-full size-full wp-image-14001\" alt=\"Fahrzeug mit gebrochener Scheibe\" srcset=\"https:\/\/vimcar.de\/boxenstopp\/wp-content\/uploads\/2020\/10\/Versicherungskarte2.jpg 640w, https:\/\/vimcar.de\/boxenstopp\/wp-content\/uploads\/2020\/10\/Versicherungskarte2-200x300.jpg 200w, https:\/\/vimcar.de\/boxenstopp\/wp-content\/uploads\/2020\/10\/Versicherungskarte2-16x24.jpg 16w, https:\/\/vimcar.de\/boxenstopp\/wp-content\/uploads\/2020\/10\/Versicherungskarte2-24x36.jpg 24w, https:\/\/vimcar.de\/boxenstopp\/wp-content\/uploads\/2020\/10\/Versicherungskarte2-32x48.jpg 32w\" sizes=\"(max-width: 640px) 100vw, 640px\" \/>\t\t\t\t\t\t\t\t\t\t\t\t\t<\/div>\n\t\t\t\t<\/div>\n\t\t\t\t\t<\/div>\n\t\t<\/div>\n\t\t\t\t\t<\/div>\n\t\t<\/section>\n\t\t\t\t<section class=\"elementor-section elementor-inner-section elementor-element elementor-element-a13fe12 elementor-section-boxed elementor-section-height-default elementor-section-height-default\" data-id=\"a13fe12\" data-element_type=\"section\">\n\t\t\t\t\t\t<div class=\"elementor-container elementor-column-gap-default\">\n\t\t\t\t\t<div class=\"elementor-column elementor-col-50 elementor-inner-column elementor-element elementor-element-bcfd96c\" data-id=\"bcfd96c\" data-element_type=\"column\">\n\t\t\t<div class=\"elementor-widget-wrap elementor-element-populated\">\n\t\t\t\t\t\t<div class=\"elementor-element elementor-element-a58fbbd elementor-widget elementor-widget-image\" data-id=\"a58fbbd\" data-element_type=\"widget\" data-widget_type=\"image.default\">\n\t\t\t\t<div class=\"elementor-widget-container\">\n\t\t\t\t\t\t\t\t\t\t\t\t\t<img decoding=\"async\" width=\"640\" height=\"960\" src=\"https:\/\/vimcar.de\/boxenstopp\/wp-content\/uploads\/2020\/10\/Versicherungskarte-.jpg\" class=\"attachment-large size-large wp-image-14002\" alt=\"Autounfall\" srcset=\"https:\/\/vimcar.de\/boxenstopp\/wp-content\/uploads\/2020\/10\/Versicherungskarte-.jpg 640w, https:\/\/vimcar.de\/boxenstopp\/wp-content\/uploads\/2020\/10\/Versicherungskarte--200x300.jpg 200w, https:\/\/vimcar.de\/boxenstopp\/wp-content\/uploads\/2020\/10\/Versicherungskarte--16x24.jpg 16w, https:\/\/vimcar.de\/boxenstopp\/wp-content\/uploads\/2020\/10\/Versicherungskarte--24x36.jpg 24w, https:\/\/vimcar.de\/boxenstopp\/wp-content\/uploads\/2020\/10\/Versicherungskarte--32x48.jpg 32w\" sizes=\"(max-width: 640px) 100vw, 640px\" \/>\t\t\t\t\t\t\t\t\t\t\t\t\t<\/div>\n\t\t\t\t<\/div>\n\t\t\t\t\t<\/div>\n\t\t<\/div>\n\t\t\t\t<div class=\"elementor-column elementor-col-50 elementor-inner-column elementor-element elementor-element-54758c9\" data-id=\"54758c9\" data-element_type=\"column\">\n\t\t\t<div class=\"elementor-widget-wrap elementor-element-populated\">\n\t\t\t\t\t\t<div class=\"elementor-element elementor-element-76c2b74 elementor-widget elementor-widget-heading\" data-id=\"76c2b74\" data-element_type=\"widget\" data-widget_type=\"heading.default\">\n\t\t\t\t<div class=\"elementor-widget-container\">\n\t\t\t<h2 class=\"elementor-heading-title elementor-size-default\">Die gr\u00fcne Karte muss nicht mehr zwangsweise gr\u00fcn sein<\/h2>\t\t<\/div>\n\t\t\t\t<\/div>\n\t\t\t\t<div class=\"elementor-element elementor-element-83e6899 elementor-widget elementor-widget-text-editor\" data-id=\"83e6899\" data-element_type=\"widget\" data-widget_type=\"text-editor.default\">\n\t\t\t\t<div class=\"elementor-widget-container\">\n\t\t\t\t\t\t\t<p>In der Vergangenheit war es ein Muss f\u00fcr die G\u00fcltigkeit, dass die Karte auch tats\u00e4chlich namensgebend gr\u00fcn ist. Klassischerweise wurde sie den Versicherungskunden per Post von der Kfz-Haftpflichtversicherung in korrekter Farbgebung zugeschickt. Das hat sich seit Juli 2020 ge\u00e4ndert. Es ist seitdem auch m\u00f6glich, die\u00a0gr\u00fcne Karte\u00a0auf wei\u00dfem Papier auszudrucken. So kann die postalische Zusendung entfallen und die Versicherungskunden k\u00f6nnen die ihnen optional per E-Mail zugesandte\u00a0Versicherungskarte\u00a0unkompliziert auf gew\u00f6hnlichem, wei\u00dfen Papier selber ausdrucken. Es empfiehlt sich \u00fcbrigens, stets auch eine Kopie der Karte mitzuf\u00fchren. Diese kann im Schadensfall dem Unfallgegner ausgeh\u00e4ndigt werden, sodass sich dieser die notwendigen Daten ebenfalls schnell zur Hand hat. Im Umkehrschluss sollte man sich auch selber bei einem Unfall eine Kopie der Karte des Unfallgegners aush\u00e4ndigen lassen beziehungsweise sich die Daten notieren oder abfotografieren.<\/p>\t\t\t\t\t\t<\/div>\n\t\t\t\t<\/div>\n\t\t\t\t\t<\/div>\n\t\t<\/div>\n\t\t\t\t\t<\/div>\n\t\t<\/section>\n\t\t\t\t<div class=\"elementor-element elementor-element-5bdf294 elementor-widget elementor-widget-heading\" data-id=\"5bdf294\" data-element_type=\"widget\" data-widget_type=\"heading.default\">\n\t\t\t\t<div class=\"elementor-widget-container\">\n\t\t\t<h2 class=\"elementor-heading-title elementor-size-default\">Weitere Artikel zum Fuhrparkmanagement<\/h2>\t\t<\/div>\n\t\t\t\t<\/div>\n\t\t\t\t<section class=\"elementor-section elementor-inner-section elementor-element elementor-element-1ff8794 elementor-section-boxed elementor-section-height-default elementor-section-height-default\" data-id=\"1ff8794\" data-element_type=\"section\">\n\t\t\t\t\t\t<div class=\"elementor-container elementor-column-gap-default\">\n\t\t\t\t\t<div class=\"elementor-column elementor-col-50 elementor-inner-column elementor-element elementor-element-e94d295\" data-id=\"e94d295\" data-element_type=\"column\">\n\t\t\t<div class=\"elementor-widget-wrap elementor-element-populated\">\n\t\t\t\t\t\t<div class=\"elementor-element elementor-element-8eb9f5d elementor-widget elementor-widget-text-editor\" data-id=\"8eb9f5d\" data-element_type=\"widget\" data-widget_type=\"text-editor.default\">\n\t\t\t\t<div class=\"elementor-widget-container\">\n\t\t\t\t\t\t\t<ul>\n<li><a href=\"https:\/\/vimcar.de\/boxenstopp\/lexikon\/rettungskarte\/\">Rettungskarte<\/a><\/li>\n<li><a href=\"https:\/\/vimcar.de\/boxenstopp\/lexikon\/risiko-und-schadenmanagement\/\">Risk- und Schadenmanagement<\/a><\/li>\n<li><a href=\"https:\/\/vimcar.de\/boxenstopp\/lexikon\/schadenfreiheitsklasse\/\">Schadenfreiheitsklasse<\/a><\/li>\n<li><a href=\"https:\/\/vimcar.de\/boxenstopp\/schadenmanagement-fuhrpark\/\" target=\"_blank\">Schadenmanagement im Fuhrpark<\/a><br><\/li><li><a href=\"https:\/\/vimcar.de\/boxenstopp\/lexikon\/flottenversicherung\/\" target=\"_blank\" rel=\"noopener\">Flottenversicherung<\/a><\/li>\n<\/ul>\t\t\t\t\t\t<\/div>\n\t\t\t\t<\/div>\n\t\t\t\t\t<\/div>\n\t\t<\/div>\n\t\t\t\t<div class=\"elementor-column elementor-col-50 elementor-inner-column elementor-element elementor-element-8971d6f\" data-id=\"8971d6f\" data-element_type=\"column\">\n\t\t\t<div class=\"elementor-widget-wrap elementor-element-populated\">\n\t\t\t\t\t\t<div class=\"elementor-element elementor-element-68aae0d elementor-widget elementor-widget-text-editor\" data-id=\"68aae0d\" data-element_type=\"widget\" data-widget_type=\"text-editor.default\">\n\t\t\t\t<div class=\"elementor-widget-container\">\n\t\t\t\t\t\t\t<ul>\n<li><a href=\"https:\/\/vimcar.de\/boxenstopp\/lexikon\/hauptuntersuchung\/\">Hauptuntersuchung<\/a><\/li>\n<li><a href=\"https:\/\/vimcar.de\/boxenstopp\/lexikon\/nutzungsausfall\/\">Nutzungsausfall<\/a><\/li>\n<li><a href=\"https:\/\/vimcar.de\/boxenstopp\/lexikon\/tuev\/\">T\u00dcV<\/a><\/li><li><a href=\"https:\/\/vimcar.de\/boxenstopp\/ressourcenbereich\/checkliste-flottenversicherung-privat\/\">Checkliste Flottenversicherung<\/a><\/li>\n<\/ul>\t\t\t\t\t\t<\/div>\n\t\t\t\t<\/div>\n\t\t\t\t\t<\/div>\n\t\t<\/div>\n\t\t\t\t\t<\/div>\n\t\t<\/section>\n\t\t\t\t\t<\/div>\n\t\t<\/div>\n\t\t\t\t\t<\/div>\n\t\t<\/section>\n\t\t\t\t<\/div>\n\t\t","protected":false},"excerpt":{"rendered":"<p>Die gr\u00fcne Farbe verlieh ihr ihren Namen: die Internationale\u00a0Versicherungskarte\u00a0f\u00fcr Kraftverkehr, vielfach besser bekannt als &#8222;die\u00a0gr\u00fcne\u00a0Versicherungskarte&#8220;, ist insbesondere f\u00fcr Fahrten in das vorwiegend europ\u00e4ische Ausland von Belang. Kurz gesagt k\u00f6nnen Autofahrer mit dieser Karte schnell und unkompliziert nachweisen, dass f\u00fcr ihr Auto eine Kfz-Haftpflichtversicherung besteht. Sollte unterwegs ein Unfall passieren, vereinfacht diese\u00a0Versicherungskarte\u00a0die Abwicklung des Schadensfalls. Die [&hellip;]<\/p>\n","protected":false},"author":30,"featured_media":0,"parent":4813,"menu_order":0,"comment_status":"closed","ping_status":"closed","template":"","meta":{"footnotes":"","_wp_rev_ctl_limit":""},"yoast_head":"<!-- This site is optimized with the Yoast SEO Premium plugin v21.5 (Yoast SEO v21.5) - https:\/\/yoast.com\/wordpress\/plugins\/seo\/ -->\n<title>Gr\u00fcne Versicherungskarte - Vimcar Boxenstopp<\/title>\n<meta name=\"description\" content=\"In diesem Lexikoneintrag erfahren Sie alle wichtigen Fakten zur gr\u00fcnen Versicherungskarte. Unter anderem, wann Sie diese brauchen.\" \/>\n<meta name=\"robots\" content=\"index, follow, max-snippet:-1, max-image-preview:large, max-video-preview:-1\" \/>\n<link rel=\"canonical\" href=\"https:\/\/vimcar.de\/boxenstopp\/lexikon\/gruene-versicherungskarte\/\" \/>\n<meta property=\"og:locale\" content=\"de_DE\" \/>\n<meta property=\"og:type\" content=\"article\" \/>\n<meta property=\"og:title\" content=\"Gr\u00fcne Versicherungskarte\" \/>\n<meta property=\"og:description\" content=\"In diesem Lexikoneintrag erfahren Sie alle wichtigen Fakten zur gr\u00fcnen Versicherungskarte. Unter anderem, wann Sie diese brauchen.\" \/>\n<meta property=\"og:url\" content=\"https:\/\/vimcar.de\/boxenstopp\/lexikon\/gruene-versicherungskarte\/\" \/>\n<meta property=\"og:site_name\" content=\"Vimcar Boxenstopp\" \/>\n<meta property=\"article:publisher\" content=\"https:\/\/www.facebook.com\/vimcar\" \/>\n<meta property=\"article:modified_time\" content=\"2023-08-31T16:32:57+00:00\" \/>\n<meta property=\"og:image\" content=\"https:\/\/vimcar.de\/boxenstopp\/wp-content\/uploads\/2020\/10\/Versicherungskarte2.jpg\" \/>\n<meta name=\"twitter:card\" content=\"summary_large_image\" \/>\n<meta name=\"twitter:site\" content=\"@goVimcar\" \/>\n<meta name=\"twitter:label1\" content=\"Gesch\u00e4tzte Lesezeit\" \/>\n\t<meta name=\"twitter:data1\" content=\"4\u00a0Minuten\" \/>\n<!-- \/ Yoast SEO Premium plugin. -->","yoast_head_json":{"title":"Gr\u00fcne Versicherungskarte - Vimcar Boxenstopp","description":"In diesem Lexikoneintrag erfahren Sie alle wichtigen Fakten zur gr\u00fcnen Versicherungskarte. Unter anderem, wann Sie diese brauchen.","robots":{"index":"index","follow":"follow","max-snippet":"max-snippet:-1","max-image-preview":"max-image-preview:large","max-video-preview":"max-video-preview:-1"},"canonical":"https:\/\/vimcar.de\/boxenstopp\/lexikon\/gruene-versicherungskarte\/","og_locale":"de_DE","og_type":"article","og_title":"Gr\u00fcne Versicherungskarte","og_description":"In diesem Lexikoneintrag erfahren Sie alle wichtigen Fakten zur gr\u00fcnen Versicherungskarte. Unter anderem, wann Sie diese brauchen.","og_url":"https:\/\/vimcar.de\/boxenstopp\/lexikon\/gruene-versicherungskarte\/","og_site_name":"Vimcar Boxenstopp","article_publisher":"https:\/\/www.facebook.com\/vimcar","article_modified_time":"2023-08-31T16:32:57+00:00","og_image":[{"url":"https:\/\/vimcar.de\/boxenstopp\/wp-content\/uploads\/2020\/10\/Versicherungskarte2.jpg"}],"twitter_card":"summary_large_image","twitter_site":"@goVimcar","twitter_misc":{"Gesch\u00e4tzte Lesezeit":"4\u00a0Minuten"},"schema":{"@context":"https:\/\/schema.org","@graph":[{"@type":"WebPage","@id":"https:\/\/vimcar.de\/boxenstopp\/lexikon\/gruene-versicherungskarte\/","url":"https:\/\/vimcar.de\/boxenstopp\/lexikon\/gruene-versicherungskarte\/","name":"Gr\u00fcne Versicherungskarte - Vimcar Boxenstopp","isPartOf":{"@id":"https:\/\/vimcar.de\/boxenstopp\/#website"},"datePublished":"2020-10-13T10:26:39+00:00","dateModified":"2023-08-31T16:32:57+00:00","description":"In diesem Lexikoneintrag erfahren Sie alle wichtigen Fakten zur gr\u00fcnen Versicherungskarte. Unter anderem, wann Sie diese brauchen.","breadcrumb":{"@id":"https:\/\/vimcar.de\/boxenstopp\/lexikon\/gruene-versicherungskarte\/#breadcrumb"},"inLanguage":"de","potentialAction":[{"@type":"ReadAction","target":["https:\/\/vimcar.de\/boxenstopp\/lexikon\/gruene-versicherungskarte\/"]}]},{"@type":"BreadcrumbList","@id":"https:\/\/vimcar.de\/boxenstopp\/lexikon\/gruene-versicherungskarte\/#breadcrumb","itemListElement":[{"@type":"ListItem","position":1,"name":"Startseite","item":"https:\/\/vimcar.de\/boxenstopp\/"},{"@type":"ListItem","position":2,"name":"Das Fuhrparklexikon","item":"https:\/\/vimcar.de\/boxenstopp\/lexikon\/"},{"@type":"ListItem","position":3,"name":"Gr\u00fcne Versicherungskarte"}]},{"@type":"WebSite","@id":"https:\/\/vimcar.de\/boxenstopp\/#website","url":"https:\/\/vimcar.de\/boxenstopp\/","name":"Vimcar Boxenstopp","description":"- Die Lernplattform f\u00fcr Fuhrparkleiter","publisher":{"@id":"https:\/\/vimcar.de\/boxenstopp\/#organization"},"potentialAction":[{"@type":"SearchAction","target":{"@type":"EntryPoint","urlTemplate":"https:\/\/vimcar.de\/boxenstopp\/?s={search_term_string}"},"query-input":"required name=search_term_string"}],"inLanguage":"de"},{"@type":"Organization","@id":"https:\/\/vimcar.de\/boxenstopp\/#organization","name":"Vimcar Boxenstopp - Fuhrparkwissen","url":"https:\/\/vimcar.de\/boxenstopp\/","logo":{"@type":"ImageObject","inLanguage":"de","@id":"https:\/\/vimcar.de\/boxenstopp\/#\/schema\/logo\/image\/","url":"https:\/\/vimcar.de\/boxenstopp\/wp-content\/uploads\/2020\/10\/logo-vimcar-boxenstopp.png","contentUrl":"https:\/\/vimcar.de\/boxenstopp\/wp-content\/uploads\/2020\/10\/logo-vimcar-boxenstopp.png","width":250,"height":50,"caption":"Vimcar Boxenstopp - Fuhrparkwissen"},"image":{"@id":"https:\/\/vimcar.de\/boxenstopp\/#\/schema\/logo\/image\/"},"sameAs":["https:\/\/www.facebook.com\/vimcar","https:\/\/twitter.com\/goVimcar","https:\/\/www.instagram.com\/vimcar_official\/","https:\/\/de.linkedin.com\/company\/vimcar","https:\/\/www.pinterest.de\/vimcar\/","https:\/\/www.youtube.com\/channel\/UCWRajoA7OnWsAw-ezAahZPg"]}]}},"_links":{"self":[{"href":"https:\/\/vimcar.de\/boxenstopp\/wp-json\/wp\/v2\/pages\/13954"}],"collection":[{"href":"https:\/\/vimcar.de\/boxenstopp\/wp-json\/wp\/v2\/pages"}],"about":[{"href":"https:\/\/vimcar.de\/boxenstopp\/wp-json\/wp\/v2\/types\/page"}],"author":[{"embeddable":true,"href":"https:\/\/vimcar.de\/boxenstopp\/wp-json\/wp\/v2\/users\/30"}],"replies":[{"embeddable":true,"href":"https:\/\/vimcar.de\/boxenstopp\/wp-json\/wp\/v2\/comments?post=13954"}],"version-history":[{"count":0,"href":"https:\/\/vimcar.de\/boxenstopp\/wp-json\/wp\/v2\/pages\/13954\/revisions"}],"up":[{"embeddable":true,"href":"https:\/\/vimcar.de\/boxenstopp\/wp-json\/wp\/v2\/pages\/4813"}],"wp:attachment":[{"href":"https:\/\/vimcar.de\/boxenstopp\/wp-json\/wp\/v2\/media?parent=13954"}],"curies":[{"name":"wp","href":"https:\/\/api.w.org\/{rel}","templated":true}]}}