{"id":14392,"date":"2020-10-19T12:33:22","date_gmt":"2020-10-19T10:33:22","guid":{"rendered":"https:\/\/vimcar.de\/boxenstopp-staging\/?page_id=14392"},"modified":"2021-08-20T12:42:00","modified_gmt":"2021-08-20T10:42:00","slug":"rettungskarte","status":"publish","type":"page","link":"https:\/\/vimcar.de\/boxenstopp\/lexikon\/rettungskarte\/","title":{"rendered":"Rettungskarte"},"content":{"rendered":"\t\t<div data-elementor-type=\"wp-page\" data-elementor-id=\"14392\" class=\"elementor elementor-14392\" data-elementor-post-type=\"page\">\n\t\t\t\t\t\t<section class=\"elementor-section elementor-top-section elementor-element elementor-element-d55b1ce elementor-section-boxed elementor-section-height-default elementor-section-height-default\" data-id=\"d55b1ce\" data-element_type=\"section\">\n\t\t\t\t\t\t<div class=\"elementor-container elementor-column-gap-default\">\n\t\t\t\t\t<div class=\"elementor-column elementor-col-100 elementor-top-column elementor-element elementor-element-a8a28dd\" data-id=\"a8a28dd\" data-element_type=\"column\">\n\t\t\t<div class=\"elementor-widget-wrap elementor-element-populated\">\n\t\t\t\t\t\t<div class=\"elementor-element elementor-element-fb65610 elementor-widget elementor-widget-text-editor\" data-id=\"fb65610\" data-element_type=\"widget\" data-widget_type=\"text-editor.default\">\n\t\t\t\t<div class=\"elementor-widget-container\">\n\t\t\t\t\t\t\t<p><em><span style=\"font-weight: 400;\">Bei einem Unfall kann die Rettungskarte wortw\u00f6rtlich ein echter Lebensretter sein. Es handelt sich hierbei um eine Karte mit einer \u00dcbersicht der Bauweise des Automodells in Form einer einheitlichen Darstellung. Sie liefert Rettungskr\u00e4ften wichtige Hinweise, wo zum Beispiel die Airbags verbaut sind und an welchen Punkten Rettungswerkzeuge sinnvoll und schnell angesetzt werden k\u00f6nnen.<\/span><\/em><\/p>\t\t\t\t\t\t<\/div>\n\t\t\t\t<\/div>\n\t\t\t\t\t<\/div>\n\t\t<\/div>\n\t\t\t\t\t<\/div>\n\t\t<\/section>\n\t\t\t\t<section class=\"elementor-section elementor-top-section elementor-element elementor-element-4842543 elementor-section-boxed elementor-section-height-default elementor-section-height-default\" data-id=\"4842543\" data-element_type=\"section\">\n\t\t\t\t\t\t<div class=\"elementor-container elementor-column-gap-default\">\n\t\t\t\t\t<div class=\"elementor-column elementor-col-100 elementor-top-column elementor-element elementor-element-316d970\" data-id=\"316d970\" data-element_type=\"column\">\n\t\t\t<div class=\"elementor-widget-wrap elementor-element-populated\">\n\t\t\t\t\t\t<div class=\"elementor-element elementor-element-9d36cdc elementor-widget elementor-widget-heading\" data-id=\"9d36cdc\" data-element_type=\"widget\" data-widget_type=\"heading.default\">\n\t\t\t\t<div class=\"elementor-widget-container\">\n\t\t\t<h2 class=\"elementor-heading-title elementor-size-default\">Die Rettungskarte - ein praktischer Helfer f\u00fcr den Notfall<\/h2>\t\t<\/div>\n\t\t\t\t<\/div>\n\t\t\t\t\t<\/div>\n\t\t<\/div>\n\t\t\t\t\t<\/div>\n\t\t<\/section>\n\t\t\t\t<section class=\"elementor-section elementor-top-section elementor-element elementor-element-9a1e8a6 elementor-section-boxed elementor-section-height-default elementor-section-height-default\" data-id=\"9a1e8a6\" data-element_type=\"section\">\n\t\t\t\t\t\t<div class=\"elementor-container elementor-column-gap-default\">\n\t\t\t\t\t<div class=\"elementor-column elementor-col-100 elementor-top-column elementor-element elementor-element-023c2ad\" data-id=\"023c2ad\" data-element_type=\"column\">\n\t\t\t<div class=\"elementor-widget-wrap elementor-element-populated\">\n\t\t\t\t\t\t<section class=\"elementor-section elementor-inner-section elementor-element elementor-element-e4783c4 elementor-section-boxed elementor-section-height-default elementor-section-height-default\" data-id=\"e4783c4\" data-element_type=\"section\">\n\t\t\t\t\t\t<div class=\"elementor-container elementor-column-gap-default\">\n\t\t\t\t\t<div class=\"elementor-column elementor-col-50 elementor-inner-column elementor-element elementor-element-d4b0bfc\" data-id=\"d4b0bfc\" data-element_type=\"column\">\n\t\t\t<div class=\"elementor-widget-wrap elementor-element-populated\">\n\t\t\t\t\t\t<div class=\"elementor-element elementor-element-c11fdeb elementor-widget elementor-widget-text-editor\" data-id=\"c11fdeb\" data-element_type=\"widget\" data-widget_type=\"text-editor.default\">\n\t\t\t\t<div class=\"elementor-widget-container\">\n\t\t\t\t\t\t\t<p><span style=\"font-weight: 400;\">Eine Rettungskarte ist wortw\u00f6rtlich genau das, was sie benennt: es handelt sich um eine Karte mit einer schematischen Darstellung der Bauweise des Autos. Bei einem Unfall hilft sie den Rettungskr\u00e4ften dabei, sich ein Bild von der Bauart zu machen und damit schneller beurteilen zu k\u00f6nnen, wo und wie sie verschiedenes Rettungswerk zur Bergung von Fahrer und Mitfahren geschickt ansetzen k\u00f6nnen. Das ist wichtig, damit zum Beispiel die Airbags nicht zu einem ungeschickten Zeitpunkt ausgel\u00f6st werden. Diese sind, wie auch viele andere Bauteile von Fahrzeugen, nicht in jedem Fahrzeugmodell identisch positioniert. Teilweise unterscheiden sich die Bauarten der verschiedenen Fahrzeugmodelle sogar immens voneinander. Dadurch kann Rettungskr\u00e4ften ohne Rettungskarten wichtige Zeit f\u00fcr die Einsch\u00e4tzung der Situation verloren gehen.<\/span><\/p>\t\t\t\t\t\t<\/div>\n\t\t\t\t<\/div>\n\t\t\t\t\t<\/div>\n\t\t<\/div>\n\t\t\t\t<div class=\"elementor-column elementor-col-50 elementor-inner-column elementor-element elementor-element-d56831e\" data-id=\"d56831e\" data-element_type=\"column\">\n\t\t\t<div class=\"elementor-widget-wrap elementor-element-populated\">\n\t\t\t\t\t\t<div class=\"elementor-element elementor-element-b941321 elementor-widget elementor-widget-image\" data-id=\"b941321\" data-element_type=\"widget\" data-widget_type=\"image.default\">\n\t\t\t\t<div class=\"elementor-widget-container\">\n\t\t\t\t\t\t\t\t\t\t<figure class=\"wp-caption\">\n\t\t\t\t\t\t\t\t\t\t<img fetchpriority=\"high\" decoding=\"async\" width=\"640\" height=\"427\" src=\"https:\/\/vimcar.de\/boxenstopp\/wp-content\/uploads\/2020\/10\/Rettungskarte_1.jpg\" class=\"attachment-large size-large wp-image-14394\" alt=\"Fahrzeuginnenraum\" srcset=\"https:\/\/vimcar.de\/boxenstopp\/wp-content\/uploads\/2020\/10\/Rettungskarte_1.jpg 640w, https:\/\/vimcar.de\/boxenstopp\/wp-content\/uploads\/2020\/10\/Rettungskarte_1-300x200.jpg 300w, https:\/\/vimcar.de\/boxenstopp\/wp-content\/uploads\/2020\/10\/Rettungskarte_1-24x16.jpg 24w, https:\/\/vimcar.de\/boxenstopp\/wp-content\/uploads\/2020\/10\/Rettungskarte_1-36x24.jpg 36w, https:\/\/vimcar.de\/boxenstopp\/wp-content\/uploads\/2020\/10\/Rettungskarte_1-48x32.jpg 48w\" sizes=\"(max-width: 640px) 100vw, 640px\" \/>\t\t\t\t\t\t\t\t\t\t\t<figcaption class=\"widget-image-caption wp-caption-text\">Die Rettungskarte wird auf der Fahrerseite in der Sonnenblende verstaut<\/figcaption>\n\t\t\t\t\t\t\t\t\t\t<\/figure>\n\t\t\t\t\t\t\t<\/div>\n\t\t\t\t<\/div>\n\t\t\t\t\t<\/div>\n\t\t<\/div>\n\t\t\t\t\t<\/div>\n\t\t<\/section>\n\t\t\t\t\t<\/div>\n\t\t<\/div>\n\t\t\t\t\t<\/div>\n\t\t<\/section>\n\t\t\t\t<section class=\"elementor-section elementor-top-section elementor-element elementor-element-1291a2f elementor-section-boxed elementor-section-height-default elementor-section-height-default\" data-id=\"1291a2f\" data-element_type=\"section\">\n\t\t\t\t\t\t<div class=\"elementor-container elementor-column-gap-default\">\n\t\t\t\t\t<div class=\"elementor-column elementor-col-100 elementor-top-column elementor-element elementor-element-8ebace7\" data-id=\"8ebace7\" data-element_type=\"column\">\n\t\t\t<div class=\"elementor-widget-wrap elementor-element-populated\">\n\t\t\t\t\t\t<div class=\"elementor-element elementor-element-4cc27b1 elementor-widget elementor-widget-heading\" data-id=\"4cc27b1\" data-element_type=\"widget\" data-widget_type=\"heading.default\">\n\t\t\t\t<div class=\"elementor-widget-container\">\n\t\t\t<h2 class=\"elementor-heading-title elementor-size-default\">Ist eine Rettungskarte ein Muss im Auto?\n<\/h2>\t\t<\/div>\n\t\t\t\t<\/div>\n\t\t\t\t<section class=\"elementor-section elementor-inner-section elementor-element elementor-element-2e459d6 elementor-section-boxed elementor-section-height-default elementor-section-height-default\" data-id=\"2e459d6\" data-element_type=\"section\">\n\t\t\t\t\t\t<div class=\"elementor-container elementor-column-gap-default\">\n\t\t\t\t\t<div class=\"elementor-column elementor-col-50 elementor-inner-column elementor-element elementor-element-dfa2d0f\" data-id=\"dfa2d0f\" data-element_type=\"column\">\n\t\t\t<div class=\"elementor-widget-wrap elementor-element-populated\">\n\t\t\t\t\t\t<div class=\"elementor-element elementor-element-239d189 elementor-widget elementor-widget-image\" data-id=\"239d189\" data-element_type=\"widget\" data-widget_type=\"image.default\">\n\t\t\t\t<div class=\"elementor-widget-container\">\n\t\t\t\t\t\t\t\t\t\t<figure class=\"wp-caption\">\n\t\t\t\t\t\t\t\t\t\t<img decoding=\"async\" width=\"640\" height=\"426\" src=\"https:\/\/vimcar.de\/boxenstopp\/wp-content\/uploads\/2020\/10\/Rettungskarte_2.jpg\" class=\"attachment-large size-large wp-image-14395\" alt=\"Rettungskr\u00e4fte bei einem Unfall\" srcset=\"https:\/\/vimcar.de\/boxenstopp\/wp-content\/uploads\/2020\/10\/Rettungskarte_2.jpg 640w, https:\/\/vimcar.de\/boxenstopp\/wp-content\/uploads\/2020\/10\/Rettungskarte_2-300x200.jpg 300w, https:\/\/vimcar.de\/boxenstopp\/wp-content\/uploads\/2020\/10\/Rettungskarte_2-24x16.jpg 24w, https:\/\/vimcar.de\/boxenstopp\/wp-content\/uploads\/2020\/10\/Rettungskarte_2-36x24.jpg 36w, https:\/\/vimcar.de\/boxenstopp\/wp-content\/uploads\/2020\/10\/Rettungskarte_2-48x32.jpg 48w\" sizes=\"(max-width: 640px) 100vw, 640px\" \/>\t\t\t\t\t\t\t\t\t\t\t<figcaption class=\"widget-image-caption wp-caption-text\">F\u00fcr Rettungskr\u00e4fte z\u00e4hlt vor Ort jede Sekunde.<\/figcaption>\n\t\t\t\t\t\t\t\t\t\t<\/figure>\n\t\t\t\t\t\t\t<\/div>\n\t\t\t\t<\/div>\n\t\t\t\t\t<\/div>\n\t\t<\/div>\n\t\t\t\t<div class=\"elementor-column elementor-col-50 elementor-inner-column elementor-element elementor-element-b762548\" data-id=\"b762548\" data-element_type=\"column\">\n\t\t\t<div class=\"elementor-widget-wrap elementor-element-populated\">\n\t\t\t\t\t\t<div class=\"elementor-element elementor-element-d843c76 elementor-widget elementor-widget-text-editor\" data-id=\"d843c76\" data-element_type=\"widget\" data-widget_type=\"text-editor.default\">\n\t\t\t\t<div class=\"elementor-widget-container\">\n\t\t\t\t\t\t\t<p><span style=\"font-weight: 400;\">Ist eine Rettungskarte im Auto wirklich notwendig? Rein rechtlich gesehen lautet die Antwort: Nein! Es besteht keine Pflicht eine solche Karte im Auto mit sich zu f\u00fchren. Jedoch ist sie ein au\u00dferordentlich sinnvoller Begleiter, der bei einem Unfall den Rettungshelfern bei einer schnellen Orientierung hilft und damit kostbare Sekunden sparen kann. Insbesondere bei modernen Autos gibt es vielfach zum Beispiel besondere Karossiereverst\u00e4rkungen, die mit Werkzeugen wie einer Rettungsschere kompliziert aufschneidbar sind. Diese sind auf der Karte ebenso vermerkt wie unter anderem die Position des Tanks und der Airbags. So wird den Rettungskr\u00e4ften auf einen Blick ersichtlich, wo die besten Stellen sind, um das Rettungswerkzeug einerseits unter dem Gesichtspunkt der sicheren Rettung als auch unter dem Gesichtspunkt der m\u00f6glichst schnellen Rettung anzusetzen.<\/span><\/p>\t\t\t\t\t\t<\/div>\n\t\t\t\t<\/div>\n\t\t\t\t\t<\/div>\n\t\t<\/div>\n\t\t\t\t\t<\/div>\n\t\t<\/section>\n\t\t\t\t\t<\/div>\n\t\t<\/div>\n\t\t\t\t\t<\/div>\n\t\t<\/section>\n\t\t\t\t<section class=\"elementor-section elementor-top-section elementor-element elementor-element-44c7f58 elementor-section-boxed elementor-section-height-default elementor-section-height-default\" data-id=\"44c7f58\" data-element_type=\"section\">\n\t\t\t\t\t\t<div class=\"elementor-container elementor-column-gap-default\">\n\t\t\t\t\t<div class=\"elementor-column elementor-col-100 elementor-top-column elementor-element elementor-element-b33dd37\" data-id=\"b33dd37\" data-element_type=\"column\">\n\t\t\t<div class=\"elementor-widget-wrap elementor-element-populated\">\n\t\t\t\t\t\t<div class=\"elementor-element elementor-element-69318f3 elementor-widget elementor-widget-heading\" data-id=\"69318f3\" data-element_type=\"widget\" data-widget_type=\"heading.default\">\n\t\t\t\t<div class=\"elementor-widget-container\">\n\t\t\t<h2 class=\"elementor-heading-title elementor-size-default\">Wo erh\u00e4lt man Rettungskarten und wo werden sie aufbewahrt?\n<\/h2>\t\t<\/div>\n\t\t\t\t<\/div>\n\t\t\t\t\t<\/div>\n\t\t<\/div>\n\t\t\t\t\t<\/div>\n\t\t<\/section>\n\t\t\t\t<section class=\"elementor-section elementor-top-section elementor-element elementor-element-83de9eb elementor-section-boxed elementor-section-height-default elementor-section-height-default\" data-id=\"83de9eb\" data-element_type=\"section\">\n\t\t\t\t\t\t<div class=\"elementor-container elementor-column-gap-default\">\n\t\t\t\t\t<div class=\"elementor-column elementor-col-100 elementor-top-column elementor-element elementor-element-be5dfca\" data-id=\"be5dfca\" data-element_type=\"column\">\n\t\t\t<div class=\"elementor-widget-wrap elementor-element-populated\">\n\t\t\t\t\t\t<div class=\"elementor-element elementor-element-b367e8c elementor-widget elementor-widget-text-editor\" data-id=\"b367e8c\" data-element_type=\"widget\" data-widget_type=\"text-editor.default\">\n\t\t\t\t<div class=\"elementor-widget-container\">\n\t\t\t\t\t\t\t<p><span style=\"font-weight: 400;\">Die Rettungskarte f\u00fcr das Auto erh\u00e4lt man in der Regel direkt vom Autohersteller. Sie ist kostenlos und kann teilweise auf den Websites der Hersteller nachtr\u00e4glich heruntergeladen werden. Der beste Aufbewahrungsort f\u00fcr Rettungskarten befindet sich hinter der Sonnenblende auf der Fahrerseite. Das ist der unter Rettungskr\u00e4ften international bekannte Ort, an dem im Falle eines Unfalls zuerst nach der Karte gesucht wird. Es empfiehlt sich als weitere Sicherheitsvorkehrung die Existenz der Rettungskarte als Aufkleber gut sichtbar an der linken oberen oder unteren Ecke der Windschutzscheibe anzubringen. Aufkleber f\u00fcr Rettungskarten k\u00f6nnen zum Beispiel kostenfrei beim ADAC angefordert werden.<\/span><\/p>\t\t\t\t\t\t<\/div>\n\t\t\t\t<\/div>\n\t\t\t\t\t<\/div>\n\t\t<\/div>\n\t\t\t\t\t<\/div>\n\t\t<\/section>\n\t\t\t\t<section class=\"elementor-section elementor-top-section elementor-element elementor-element-6db822e elementor-section-boxed elementor-section-height-default elementor-section-height-default\" data-id=\"6db822e\" data-element_type=\"section\">\n\t\t\t\t\t\t<div class=\"elementor-container elementor-column-gap-default\">\n\t\t\t\t\t<div class=\"elementor-column elementor-col-100 elementor-top-column elementor-element elementor-element-dfa7c00\" data-id=\"dfa7c00\" data-element_type=\"column\">\n\t\t\t<div class=\"elementor-widget-wrap elementor-element-populated\">\n\t\t\t\t\t\t<div class=\"elementor-element elementor-element-affabc3 elementor-widget elementor-widget-heading\" data-id=\"affabc3\" data-element_type=\"widget\" data-widget_type=\"heading.default\">\n\t\t\t\t<div class=\"elementor-widget-container\">\n\t\t\t<h2 class=\"elementor-heading-title elementor-size-default\">Weitere Artikel zum Thema: <\/h2>\t\t<\/div>\n\t\t\t\t<\/div>\n\t\t\t\t<section class=\"elementor-section elementor-inner-section elementor-element elementor-element-07d1d6f elementor-section-boxed elementor-section-height-default elementor-section-height-default\" data-id=\"07d1d6f\" data-element_type=\"section\">\n\t\t\t\t\t\t<div class=\"elementor-container elementor-column-gap-default\">\n\t\t\t\t\t<div class=\"elementor-column elementor-col-50 elementor-inner-column elementor-element elementor-element-5c06900\" data-id=\"5c06900\" data-element_type=\"column\">\n\t\t\t<div class=\"elementor-widget-wrap elementor-element-populated\">\n\t\t\t\t\t\t<div class=\"elementor-element elementor-element-2d1389a elementor-widget elementor-widget-text-editor\" data-id=\"2d1389a\" data-element_type=\"widget\" data-widget_type=\"text-editor.default\">\n\t\t\t\t<div class=\"elementor-widget-container\">\n\t\t\t\t\t\t\t<ul>\n<li><a href=\"https:\/\/vimcar.de\/boxenstopp\/uvv\/\">Unfallverh\u00fctung<\/a> in der Fuhrparkverwaltung<\/li>\n<li><a href=\"https:\/\/vimcar.de\/boxenstopp\/blog\/unfallschaden-auszahlen-lassen\/\">Unfallschaden auszahlen lassen<\/a><\/li>\n<li><a href=\"https:\/\/vimcar.de\/boxenstopp\/blog\/tooluebersicht-unfallvermeidung\/\">Tool\u00fcbersicht Unfallvermeidung<\/a><\/li>\n<li>Unfallabwicklung im <a href=\"https:\/\/vimcar.de\/boxenstopp\/blog\/schadensfall-so-wickeln-sie-unfaelle-richtig-ab\/\">Schadensfall<\/a><\/li>\n<li>eBook <a href=\"https:\/\/vimcar.de\/boxenstopp\/ressourcenbereich\/ebook-verkehrsunfall\/\">Verkehrsunfall &#8211; was nun?<\/a><\/li>\n<li><a href=\"https:\/\/vimcar.de\/boxenstopp\/lexikon\/schadenquote\/\">Schadenquote<\/a><\/li>\n<li><a href=\"https:\/\/vimcar.de\/boxenstopp\/schadenmanagement-fuhrpark\/\" target=\"_blank\">Expertenseite Schadenmanagement im Fuhrpark<\/a><\/li><li><a href=\"https:\/\/vimcar.de\/boxenstopp\/blog\/kommunikation-mit-fahrerinnen-im-fuhrpark\/\">Kommunikation im Fuhrpark: Tipps f\u00fcr Fuhrparkverantwortliche<\/a><br><\/li>\n<\/ul>\t\t\t\t\t\t<\/div>\n\t\t\t\t<\/div>\n\t\t\t\t\t<\/div>\n\t\t<\/div>\n\t\t\t\t<div class=\"elementor-column elementor-col-50 elementor-inner-column elementor-element elementor-element-03aa62b\" data-id=\"03aa62b\" data-element_type=\"column\">\n\t\t\t<div class=\"elementor-widget-wrap elementor-element-populated\">\n\t\t\t\t\t\t<div class=\"elementor-element elementor-element-86929a8 elementor-widget elementor-widget-text-editor\" data-id=\"86929a8\" data-element_type=\"widget\" data-widget_type=\"text-editor.default\">\n\t\t\t\t<div class=\"elementor-widget-container\">\n\t\t\t\t\t\t\t<ul><li><a href=\"https:\/\/vimcar.de\/boxenstopp\/lexikon\/nutzungsausfall\/\">Nutzungsausfall\u00a0<\/a><\/li><li><a href=\"https:\/\/vimcar.de\/boxenstopp\/lexikon\/uvv-pruefplakette\/\">UVV Pr\u00fcfplakette\u00a0<\/a><\/li><li><a href=\"https:\/\/vimcar.de\/boxenstopp\/lexikon\/tuev\/\">T\u00dcV<\/a><\/li><li><a href=\"https:\/\/vimcar.de\/boxenstopp\/lexikon\/kfz-steuer\/\">Kfz Steuer\u00a0<\/a><\/li><li><a href=\"https:\/\/vimcar.de\/boxenstopp\/blog\/halterhaftung-poolfahrzeuge\/\">Halterhaftung bei Poolfahrzeugen<\/a><\/li><li><a href=\"https:\/\/vimcar.de\/boxenstopp\/lexikon\/schadenfreiheitsklasse\/\">Schadenfreiheitsklasse<\/a><\/li><li><a href=\"https:\/\/vimcar.de\/boxenstopp\/lexikon\/strassenverkehrsordnung\/\">Stra\u00dfenverkehrsordnung<\/a><\/li><\/ul>\t\t\t\t\t\t<\/div>\n\t\t\t\t<\/div>\n\t\t\t\t\t<\/div>\n\t\t<\/div>\n\t\t\t\t\t<\/div>\n\t\t<\/section>\n\t\t\t\t\t<\/div>\n\t\t<\/div>\n\t\t\t\t\t<\/div>\n\t\t<\/section>\n\t\t\t\t<\/div>\n\t\t","protected":false},"excerpt":{"rendered":"<p>Bei einem Unfall kann die Rettungskarte wortw\u00f6rtlich ein echter Lebensretter sein. Es handelt sich hierbei um eine Karte mit einer \u00dcbersicht der Bauweise des Automodells in Form einer einheitlichen Darstellung. Sie liefert Rettungskr\u00e4ften wichtige Hinweise, wo zum Beispiel die Airbags verbaut sind und an welchen Punkten Rettungswerkzeuge sinnvoll und schnell angesetzt werden k\u00f6nnen. Die Rettungskarte [&hellip;]<\/p>\n","protected":false},"author":30,"featured_media":0,"parent":4813,"menu_order":0,"comment_status":"closed","ping_status":"closed","template":"","meta":{"footnotes":"","_wp_rev_ctl_limit":""},"yoast_head":"<!-- This site is optimized with the Yoast SEO Premium plugin v21.5 (Yoast SEO v21.5) - https:\/\/yoast.com\/wordpress\/plugins\/seo\/ -->\n<title>Rettungskarte - Vimcar Boxenstopp<\/title>\n<meta name=\"description\" content=\"Was ist eigentlich eine Rettungskarte und sollte sie jeder in seinem Fahrzeug mitf\u00fchren? Hier bekommen Sie die Antworten.\" \/>\n<meta name=\"robots\" content=\"index, follow, max-snippet:-1, max-image-preview:large, max-video-preview:-1\" \/>\n<link rel=\"canonical\" href=\"https:\/\/vimcar.de\/boxenstopp\/lexikon\/rettungskarte\/\" \/>\n<meta property=\"og:locale\" content=\"de_DE\" \/>\n<meta property=\"og:type\" content=\"article\" \/>\n<meta property=\"og:title\" content=\"Rettungskarte\" \/>\n<meta property=\"og:description\" content=\"Was ist eigentlich eine Rettungskarte und sollte sie jeder in seinem Fahrzeug mitf\u00fchren? Hier bekommen Sie die Antworten.\" \/>\n<meta property=\"og:url\" content=\"https:\/\/vimcar.de\/boxenstopp\/lexikon\/rettungskarte\/\" \/>\n<meta property=\"og:site_name\" content=\"Vimcar Boxenstopp\" \/>\n<meta property=\"article:publisher\" content=\"https:\/\/www.facebook.com\/vimcar\" \/>\n<meta property=\"article:modified_time\" content=\"2021-08-20T10:42:00+00:00\" \/>\n<meta property=\"og:image\" content=\"http:\/\/vimcar.de\/boxenstopp\/wp-content\/uploads\/2020\/10\/Rettungskarte_1.jpg\" \/>\n<meta name=\"twitter:card\" content=\"summary_large_image\" \/>\n<meta name=\"twitter:site\" content=\"@goVimcar\" \/>\n<meta name=\"twitter:label1\" content=\"Gesch\u00e4tzte Lesezeit\" \/>\n\t<meta name=\"twitter:data1\" content=\"3\u00a0Minuten\" \/>\n<!-- \/ Yoast SEO Premium plugin. -->","yoast_head_json":{"title":"Rettungskarte - Vimcar Boxenstopp","description":"Was ist eigentlich eine Rettungskarte und sollte sie jeder in seinem Fahrzeug mitf\u00fchren? Hier bekommen Sie die Antworten.","robots":{"index":"index","follow":"follow","max-snippet":"max-snippet:-1","max-image-preview":"max-image-preview:large","max-video-preview":"max-video-preview:-1"},"canonical":"https:\/\/vimcar.de\/boxenstopp\/lexikon\/rettungskarte\/","og_locale":"de_DE","og_type":"article","og_title":"Rettungskarte","og_description":"Was ist eigentlich eine Rettungskarte und sollte sie jeder in seinem Fahrzeug mitf\u00fchren? Hier bekommen Sie die Antworten.","og_url":"https:\/\/vimcar.de\/boxenstopp\/lexikon\/rettungskarte\/","og_site_name":"Vimcar Boxenstopp","article_publisher":"https:\/\/www.facebook.com\/vimcar","article_modified_time":"2021-08-20T10:42:00+00:00","og_image":[{"url":"http:\/\/vimcar.de\/boxenstopp\/wp-content\/uploads\/2020\/10\/Rettungskarte_1.jpg"}],"twitter_card":"summary_large_image","twitter_site":"@goVimcar","twitter_misc":{"Gesch\u00e4tzte Lesezeit":"3\u00a0Minuten"},"schema":{"@context":"https:\/\/schema.org","@graph":[{"@type":"WebPage","@id":"https:\/\/vimcar.de\/boxenstopp\/lexikon\/rettungskarte\/","url":"https:\/\/vimcar.de\/boxenstopp\/lexikon\/rettungskarte\/","name":"Rettungskarte - Vimcar Boxenstopp","isPartOf":{"@id":"https:\/\/vimcar.de\/boxenstopp\/#website"},"datePublished":"2020-10-19T10:33:22+00:00","dateModified":"2021-08-20T10:42:00+00:00","description":"Was ist eigentlich eine Rettungskarte und sollte sie jeder in seinem Fahrzeug mitf\u00fchren? Hier bekommen Sie die Antworten.","breadcrumb":{"@id":"https:\/\/vimcar.de\/boxenstopp\/lexikon\/rettungskarte\/#breadcrumb"},"inLanguage":"de","potentialAction":[{"@type":"ReadAction","target":["https:\/\/vimcar.de\/boxenstopp\/lexikon\/rettungskarte\/"]}]},{"@type":"BreadcrumbList","@id":"https:\/\/vimcar.de\/boxenstopp\/lexikon\/rettungskarte\/#breadcrumb","itemListElement":[{"@type":"ListItem","position":1,"name":"Startseite","item":"https:\/\/vimcar.de\/boxenstopp\/"},{"@type":"ListItem","position":2,"name":"Das Fuhrparklexikon","item":"https:\/\/vimcar.de\/boxenstopp\/lexikon\/"},{"@type":"ListItem","position":3,"name":"Rettungskarte"}]},{"@type":"WebSite","@id":"https:\/\/vimcar.de\/boxenstopp\/#website","url":"https:\/\/vimcar.de\/boxenstopp\/","name":"Vimcar Boxenstopp","description":"- Die Lernplattform f\u00fcr Fuhrparkleiter","publisher":{"@id":"https:\/\/vimcar.de\/boxenstopp\/#organization"},"potentialAction":[{"@type":"SearchAction","target":{"@type":"EntryPoint","urlTemplate":"https:\/\/vimcar.de\/boxenstopp\/?s={search_term_string}"},"query-input":"required name=search_term_string"}],"inLanguage":"de"},{"@type":"Organization","@id":"https:\/\/vimcar.de\/boxenstopp\/#organization","name":"Vimcar Boxenstopp - Fuhrparkwissen","url":"https:\/\/vimcar.de\/boxenstopp\/","logo":{"@type":"ImageObject","inLanguage":"de","@id":"https:\/\/vimcar.de\/boxenstopp\/#\/schema\/logo\/image\/","url":"https:\/\/vimcar.de\/boxenstopp\/wp-content\/uploads\/2020\/10\/logo-vimcar-boxenstopp.png","contentUrl":"https:\/\/vimcar.de\/boxenstopp\/wp-content\/uploads\/2020\/10\/logo-vimcar-boxenstopp.png","width":250,"height":50,"caption":"Vimcar Boxenstopp - Fuhrparkwissen"},"image":{"@id":"https:\/\/vimcar.de\/boxenstopp\/#\/schema\/logo\/image\/"},"sameAs":["https:\/\/www.facebook.com\/vimcar","https:\/\/twitter.com\/goVimcar","https:\/\/www.instagram.com\/vimcar_official\/","https:\/\/de.linkedin.com\/company\/vimcar","https:\/\/www.pinterest.de\/vimcar\/","https:\/\/www.youtube.com\/channel\/UCWRajoA7OnWsAw-ezAahZPg"]}]}},"_links":{"self":[{"href":"https:\/\/vimcar.de\/boxenstopp\/wp-json\/wp\/v2\/pages\/14392"}],"collection":[{"href":"https:\/\/vimcar.de\/boxenstopp\/wp-json\/wp\/v2\/pages"}],"about":[{"href":"https:\/\/vimcar.de\/boxenstopp\/wp-json\/wp\/v2\/types\/page"}],"author":[{"embeddable":true,"href":"https:\/\/vimcar.de\/boxenstopp\/wp-json\/wp\/v2\/users\/30"}],"replies":[{"embeddable":true,"href":"https:\/\/vimcar.de\/boxenstopp\/wp-json\/wp\/v2\/comments?post=14392"}],"version-history":[{"count":0,"href":"https:\/\/vimcar.de\/boxenstopp\/wp-json\/wp\/v2\/pages\/14392\/revisions"}],"up":[{"embeddable":true,"href":"https:\/\/vimcar.de\/boxenstopp\/wp-json\/wp\/v2\/pages\/4813"}],"wp:attachment":[{"href":"https:\/\/vimcar.de\/boxenstopp\/wp-json\/wp\/v2\/media?parent=14392"}],"curies":[{"name":"wp","href":"https:\/\/api.w.org\/{rel}","templated":true}]}}