{"id":1629,"date":"2019-05-13T11:03:59","date_gmt":"2019-05-13T09:03:59","guid":{"rendered":"https:\/\/vimcar.de\/boxenstopp\/?page_id=1629"},"modified":"2022-02-06T23:08:44","modified_gmt":"2022-02-06T22:08:44","slug":"betriebskosten","status":"publish","type":"page","link":"https:\/\/vimcar.de\/boxenstopp\/lexikon\/betriebskosten\/","title":{"rendered":"Betriebskosten"},"content":{"rendered":"\t\t<div data-elementor-type=\"wp-page\" data-elementor-id=\"1629\" class=\"elementor elementor-1629\" data-elementor-post-type=\"page\">\n\t\t\t\t\t\t<section class=\"elementor-section elementor-top-section elementor-element elementor-element-3230ef2d elementor-section-boxed elementor-section-height-default elementor-section-height-default\" data-id=\"3230ef2d\" data-element_type=\"section\">\n\t\t\t\t\t\t<div class=\"elementor-container elementor-column-gap-default\">\n\t\t\t\t\t<div class=\"elementor-column elementor-col-100 elementor-top-column elementor-element elementor-element-1fddedad\" data-id=\"1fddedad\" data-element_type=\"column\">\n\t\t\t<div class=\"elementor-widget-wrap elementor-element-populated\">\n\t\t\t\t\t\t<div class=\"elementor-element elementor-element-181279d elementor-widget elementor-widget-text-editor\" data-id=\"181279d\" data-element_type=\"widget\" data-widget_type=\"text-editor.default\">\n\t\t\t\t<div class=\"elementor-widget-container\">\n\t\t\t\t\t\t\t<p>Betriebskosten sind die Kosten, die im Rahmen der betrieblichen Nutzung eines Firmenwagens entstehen. Also beispielsweise die Benzinkosten, die auf einer Fahrt zum Kunden entstehen oder die Autow\u00e4sche.<\/p>\t\t\t\t\t\t<\/div>\n\t\t\t\t<\/div>\n\t\t\t\t<div class=\"elementor-element elementor-element-35749cc elementor-widget elementor-widget-heading\" data-id=\"35749cc\" data-element_type=\"widget\" data-widget_type=\"heading.default\">\n\t\t\t\t<div class=\"elementor-widget-container\">\n\t\t\t<h2 class=\"elementor-heading-title elementor-size-default\">19 Kosten, die Sie geltend machen k\u00f6nnen<\/h2>\t\t<\/div>\n\t\t\t\t<\/div>\n\t\t\t\t<div class=\"elementor-element elementor-element-d576aff elementor-widget elementor-widget-text-editor\" data-id=\"d576aff\" data-element_type=\"widget\" data-widget_type=\"text-editor.default\">\n\t\t\t\t<div class=\"elementor-widget-container\">\n\t\t\t\t\t\t\t<p>Nutzen Sie als Selbstst\u00e4ndiger Ihren Wagen zu mehr als 50 Prozent f\u00fcr betriebliche Zwecke, wird das Auto zum notwendigen Betriebsverm\u00f6gen. Dies hat zur Folge, dass Sie Betriebskosten durch die Sammlung der Rechnungen in der Umsatzsteuererkl\u00e4rung geltend machen k\u00f6nnen. Doch was z\u00e4hlt zu den Betriebsausgaben und was bleibt privat? Bei der Vielzahl an Fahrzeugkosten verliert man schnell einmal den \u00dcberblick. Doch lohnt es sich, eine Liste der Betriebsausgaben, die in der Steuererkl\u00e4rung geltend gemacht werden k\u00f6nnen, im Blick zu behalten.<\/p>\n<p>Hier eine Aufz\u00e4hlung als Hilfestellung:<\/p>\n<ul>\n<li>Tanken<\/li>\n<li>Autoreparaturen (sofern es sich um Nachr\u00fcstung handelt)<\/li>\n<li>\u00d6lwechsel<\/li>\n<li>Autow\u00e4sche<\/li>\n<li>Sommer- und Winterreifen<\/li>\n<li>Parkgeb\u00fchren<\/li>\n<li>Maut<\/li>\n<li>Zinsen f\u00fcr ein Finanzierungsdarlehen<\/li>\n<li>Kfz-Versicherungen und -Steuern<\/li>\n<li>Garagenmiete<\/li>\n<li>Automobilclub<\/li>\n<li>Unfallkosten (dabei sind die Versicherungsleistungen als Einnahmen zu erfassen)<\/li>\n<li>Rundfunkgeb\u00fchr (durch das Autoradio)<\/li>\n<\/ul>\t\t\t\t\t\t<\/div>\n\t\t\t\t<\/div>\n\t\t\t\t<div class=\"elementor-element elementor-element-7cab893 elementor-widget elementor-widget-heading\" data-id=\"7cab893\" data-element_type=\"widget\" data-widget_type=\"heading.default\">\n\t\t\t\t<div class=\"elementor-widget-container\">\n\t\t\t<h2 class=\"elementor-heading-title elementor-size-default\">Bei einem geleasten Fahrzeug kommen au\u00dferdem folgende Betriebsausgaben hinzu:\n<\/h2>\t\t<\/div>\n\t\t\t\t<\/div>\n\t\t\t\t<div class=\"elementor-element elementor-element-0a26db4 elementor-widget elementor-widget-text-editor\" data-id=\"0a26db4\" data-element_type=\"widget\" data-widget_type=\"text-editor.default\">\n\t\t\t\t<div class=\"elementor-widget-container\">\n\t\t\t\t\t\t\t<ul>\n<li>Laufende Leasing-Zahlungen<\/li>\n<li>Haftpflicht- und Kaskoversicherung<\/li>\n<li>Kfz-Steuer<\/li>\n<li>Full-Service-Leasingraten<\/li>\n<li>Sonderauszahlungen zu Beginn des Vertrags (wenn Sie bilanzieren, m\u00fcssen Sie hier die Sonderzahlung als Aufwand \u00fcber die Vertragslaufzeit verteilen)<\/li>\n<li>Geb\u00fchren f\u00fcr Zulassung oder Transport<\/li>\n<\/ul>\t\t\t\t\t\t<\/div>\n\t\t\t\t<\/div>\n\t\t\t\t<div class=\"elementor-element elementor-element-aa449fb elementor-widget elementor-widget-heading\" data-id=\"aa449fb\" data-element_type=\"widget\" data-widget_type=\"heading.default\">\n\t\t\t\t<div class=\"elementor-widget-container\">\n\t\t\t<h2 class=\"elementor-heading-title elementor-size-default\">Ausnahmen und Regelungen\n<\/h2>\t\t<\/div>\n\t\t\t\t<\/div>\n\t\t\t\t<div class=\"elementor-element elementor-element-27ad4df4 elementor-widget elementor-widget-text-editor\" data-id=\"27ad4df4\" data-element_type=\"widget\" data-widget_type=\"text-editor.default\">\n\t\t\t\t<div class=\"elementor-widget-container\">\n\t\t\t\t\t\t\t<p><!-- wp:paragraph --><\/p>\n<p><!-- \/wp:paragraph --><!-- wp:separator --><\/p>\n<p>Trotz der zahlreichen Kosten bleibt zu beachten, dass einige Ausgaben auch nicht zu den Betriebsausgaben z\u00e4hlen \u2013 beispielsweise das Kn\u00f6llchen f\u00fcrs Falschparken oder die Maut auf der Urlaubsfahrt mit dem Firmenwagen. Doch Vorsicht bei Privatfahrten! Die private Nutzung eines\u00a0<a href=\"https:\/\/vimcar.de\/boxenstopp\/lexikon\/firmenwagen\" target=\"_blank\" rel=\"noreferrer noopener\" aria-label=\" (\u00f6ffnet in neuem Tab)\">Firmenwagens<\/a>\u00a0m\u00fcssen sich Selbstst\u00e4ndige anrechnen lassen, dazu z\u00e4hlen beispielsweise auch Fahrten zwischen der Wohnung und der ersten T\u00e4tigkeitsst\u00e4tte. Der Privatanteil der get\u00e4tigten Fahrten wird zur Kontrolle und Darlegung \u00fcber die <a href=\"https:\/\/vimcar.de\/boxenstopp\/lexikon\/1-prozent-regelung\" target=\"_blank\" rel=\"noreferrer noopener\" aria-label=\"1% Methode (\u00f6ffnet in neuem Tab)\">1% Methode<\/a> oder mithilfe eines <a href=\"https:\/\/vimcar.de\/fahrtenbuch\">Fahrtenbuchs <\/a>ermittelt.<\/p>\n<p><!-- \/wp:columns --><\/p>\t\t\t\t\t\t<\/div>\n\t\t\t\t<\/div>\n\t\t\t\t\t<\/div>\n\t\t<\/div>\n\t\t\t\t\t<\/div>\n\t\t<\/section>\n\t\t\t\t<section class=\"elementor-section elementor-top-section elementor-element elementor-element-1aff90b elementor-section-boxed elementor-section-height-default elementor-section-height-default\" data-id=\"1aff90b\" data-element_type=\"section\">\n\t\t\t\t\t\t<div class=\"elementor-container elementor-column-gap-default\">\n\t\t\t\t\t<div class=\"elementor-column elementor-col-100 elementor-top-column elementor-element elementor-element-b7a2207\" data-id=\"b7a2207\" data-element_type=\"column\">\n\t\t\t<div class=\"elementor-widget-wrap elementor-element-populated\">\n\t\t\t\t\t\t<div class=\"elementor-element elementor-element-d71552f elementor-widget elementor-widget-heading\" data-id=\"d71552f\" data-element_type=\"widget\" data-widget_type=\"heading.default\">\n\t\t\t\t<div class=\"elementor-widget-container\">\n\t\t\t<h2 class=\"elementor-heading-title elementor-size-default\">Folgende Artikel k\u00f6nnten Sie auch interessieren:<\/h2>\t\t<\/div>\n\t\t\t\t<\/div>\n\t\t\t\t<div class=\"elementor-element elementor-element-504f841 elementor-widget elementor-widget-text-editor\" data-id=\"504f841\" data-element_type=\"widget\" data-widget_type=\"text-editor.default\">\n\t\t\t\t<div class=\"elementor-widget-container\">\n\t\t\t\t\t\t\t<ul>\n<li><a href=\"https:\/\/vimcar.de\/boxenstopp\/ressourcenbereich\/antrag-korrektur-besteuerung\/\">Antrag auf Korrektur der Besteuerung des geldwerten Vorteils<\/a><\/li>\n<li>Ratgeber zur <a href=\"https:\/\/vimcar.de\/boxenstopp\/lexikon\/fahrtenkategorien\/\">Fahrtenkategorisierung<\/a><\/li>\n<li>Das muss der <a href=\"https:\/\/vimcar.de\/boxenstopp\/blog\/arbeitgeber-finanzamt\/\">Arbeitgeber dem Finanzamt<\/a> preisgeben<\/li>\n<li><a href=\"https:\/\/vimcar.de\/boxenstopp\/lexikon\/betriebsvermoegen\/\">Betriebsverm\u00f6gen<\/a><\/li>\n<li><a href=\"https:\/\/vimcar.de\/boxenstopp\/blog\/versteuerung-dienstrad\/\">Versteuerung von Dienstrad<\/a><\/li>\n<li><a href=\"https:\/\/vimcar.de\/boxenstopp\/lexikon\/reifenlabel\/\">Reifenlabel<\/a><\/li>\n<li><a href=\"https:\/\/vimcar.de\/boxenstopp\/ressourcenbereich\/digitalbonus-bayern\/\" target=\"_blank\" rel=\"noopener\">Digitalbonus Bayern<\/a><\/li>\n<li><a href=\"https:\/\/vimcar.de\/boxenstopp\/lexikon\/wechselkennzeichen\/\" target=\"_blank\" rel=\"noopener\">Wechselkennzeichen<\/a><\/li>\n<li><a href=\"https:\/\/vimcar.de\/boxenstopp\/lexikon\/coc-dokumente\/\" target=\"_blank\" rel=\"noopener\">CoC Dokumente<\/a><\/li>\n<li><a href=\"https:\/\/vimcar.de\/boxenstopp\/blog\/unfallschaden-auszahlen-lassen\/\">Unfallschaden auszahlen lassen<\/a><\/li>\n<li><a href=\"https:\/\/vimcar.de\/boxenstopp\/blog\/branchenreport-bauhandwerk\/\">Bu\u00dfgeldreform<\/a><\/li>\n<\/ul>\t\t\t\t\t\t<\/div>\n\t\t\t\t<\/div>\n\t\t\t\t\t<\/div>\n\t\t<\/div>\n\t\t\t\t\t<\/div>\n\t\t<\/section>\n\t\t\t\t<\/div>\n\t\t","protected":false},"excerpt":{"rendered":"<p>Betriebskosten sind die Kosten, die im Rahmen der betrieblichen Nutzung eines Firmenwagens entstehen. Also beispielsweise die Benzinkosten, die auf einer Fahrt zum Kunden entstehen oder die Autow\u00e4sche. 19 Kosten, die Sie geltend machen k\u00f6nnen Nutzen Sie als Selbstst\u00e4ndiger Ihren Wagen zu mehr als 50 Prozent f\u00fcr betriebliche Zwecke, wird das Auto zum notwendigen Betriebsverm\u00f6gen. Dies [&hellip;]<\/p>\n","protected":false},"author":30,"featured_media":0,"parent":4813,"menu_order":0,"comment_status":"closed","ping_status":"closed","template":"","meta":{"footnotes":"","_wp_rev_ctl_limit":""},"yoast_head":"<!-- This site is optimized with the Yoast SEO Premium plugin v21.5 (Yoast SEO v21.5) - https:\/\/yoast.com\/wordpress\/plugins\/seo\/ -->\n<title>Betriebskosten | Lexikonartikel - Vimcar Boxenstopp<\/title>\n<meta name=\"description\" content=\"Lesen Sie den Lexikonartikel zu den Betriebskosten. Finden Sie heraus, welche Kosten Sie als Betriebskosten geltend machen k\u00f6nnen.\" \/>\n<meta name=\"robots\" content=\"index, follow, max-snippet:-1, max-image-preview:large, max-video-preview:-1\" \/>\n<link rel=\"canonical\" href=\"https:\/\/vimcar.de\/boxenstopp\/lexikon\/betriebskosten\/\" \/>\n<meta property=\"og:locale\" content=\"de_DE\" \/>\n<meta property=\"og:type\" content=\"article\" \/>\n<meta property=\"og:title\" content=\"Betriebskosten\" \/>\n<meta property=\"og:description\" content=\"Lesen Sie den Lexikonartikel zu den Betriebskosten. Finden Sie heraus, welche Kosten Sie als Betriebskosten geltend machen k\u00f6nnen.\" \/>\n<meta property=\"og:url\" content=\"https:\/\/vimcar.de\/boxenstopp\/lexikon\/betriebskosten\/\" \/>\n<meta property=\"og:site_name\" content=\"Vimcar Boxenstopp\" \/>\n<meta property=\"article:publisher\" content=\"https:\/\/www.facebook.com\/vimcar\" \/>\n<meta property=\"article:modified_time\" content=\"2022-02-06T22:08:44+00:00\" \/>\n<meta name=\"twitter:card\" content=\"summary_large_image\" \/>\n<meta name=\"twitter:site\" content=\"@goVimcar\" \/>\n<meta name=\"twitter:label1\" content=\"Gesch\u00e4tzte Lesezeit\" \/>\n\t<meta name=\"twitter:data1\" content=\"2\u00a0Minuten\" \/>\n<!-- \/ Yoast SEO Premium plugin. -->","yoast_head_json":{"title":"Betriebskosten | Lexikonartikel - Vimcar Boxenstopp","description":"Lesen Sie den Lexikonartikel zu den Betriebskosten. Finden Sie heraus, welche Kosten Sie als Betriebskosten geltend machen k\u00f6nnen.","robots":{"index":"index","follow":"follow","max-snippet":"max-snippet:-1","max-image-preview":"max-image-preview:large","max-video-preview":"max-video-preview:-1"},"canonical":"https:\/\/vimcar.de\/boxenstopp\/lexikon\/betriebskosten\/","og_locale":"de_DE","og_type":"article","og_title":"Betriebskosten","og_description":"Lesen Sie den Lexikonartikel zu den Betriebskosten. Finden Sie heraus, welche Kosten Sie als Betriebskosten geltend machen k\u00f6nnen.","og_url":"https:\/\/vimcar.de\/boxenstopp\/lexikon\/betriebskosten\/","og_site_name":"Vimcar Boxenstopp","article_publisher":"https:\/\/www.facebook.com\/vimcar","article_modified_time":"2022-02-06T22:08:44+00:00","twitter_card":"summary_large_image","twitter_site":"@goVimcar","twitter_misc":{"Gesch\u00e4tzte Lesezeit":"2\u00a0Minuten"},"schema":{"@context":"https:\/\/schema.org","@graph":[{"@type":"WebPage","@id":"https:\/\/vimcar.de\/boxenstopp\/lexikon\/betriebskosten\/","url":"https:\/\/vimcar.de\/boxenstopp\/lexikon\/betriebskosten\/","name":"Betriebskosten | Lexikonartikel - Vimcar Boxenstopp","isPartOf":{"@id":"https:\/\/vimcar.de\/boxenstopp\/#website"},"datePublished":"2019-05-13T09:03:59+00:00","dateModified":"2022-02-06T22:08:44+00:00","description":"Lesen Sie den Lexikonartikel zu den Betriebskosten. Finden Sie heraus, welche Kosten Sie als Betriebskosten geltend machen k\u00f6nnen.","breadcrumb":{"@id":"https:\/\/vimcar.de\/boxenstopp\/lexikon\/betriebskosten\/#breadcrumb"},"inLanguage":"de","potentialAction":[{"@type":"ReadAction","target":["https:\/\/vimcar.de\/boxenstopp\/lexikon\/betriebskosten\/"]}]},{"@type":"BreadcrumbList","@id":"https:\/\/vimcar.de\/boxenstopp\/lexikon\/betriebskosten\/#breadcrumb","itemListElement":[{"@type":"ListItem","position":1,"name":"Startseite","item":"https:\/\/vimcar.de\/boxenstopp\/"},{"@type":"ListItem","position":2,"name":"Das Fuhrparklexikon","item":"https:\/\/vimcar.de\/boxenstopp\/lexikon\/"},{"@type":"ListItem","position":3,"name":"Betriebskosten"}]},{"@type":"WebSite","@id":"https:\/\/vimcar.de\/boxenstopp\/#website","url":"https:\/\/vimcar.de\/boxenstopp\/","name":"Vimcar Boxenstopp","description":"- Die Lernplattform f\u00fcr Fuhrparkleiter","publisher":{"@id":"https:\/\/vimcar.de\/boxenstopp\/#organization"},"potentialAction":[{"@type":"SearchAction","target":{"@type":"EntryPoint","urlTemplate":"https:\/\/vimcar.de\/boxenstopp\/?s={search_term_string}"},"query-input":"required name=search_term_string"}],"inLanguage":"de"},{"@type":"Organization","@id":"https:\/\/vimcar.de\/boxenstopp\/#organization","name":"Vimcar Boxenstopp - Fuhrparkwissen","url":"https:\/\/vimcar.de\/boxenstopp\/","logo":{"@type":"ImageObject","inLanguage":"de","@id":"https:\/\/vimcar.de\/boxenstopp\/#\/schema\/logo\/image\/","url":"https:\/\/vimcar.de\/boxenstopp\/wp-content\/uploads\/2020\/10\/logo-vimcar-boxenstopp.png","contentUrl":"https:\/\/vimcar.de\/boxenstopp\/wp-content\/uploads\/2020\/10\/logo-vimcar-boxenstopp.png","width":250,"height":50,"caption":"Vimcar Boxenstopp - Fuhrparkwissen"},"image":{"@id":"https:\/\/vimcar.de\/boxenstopp\/#\/schema\/logo\/image\/"},"sameAs":["https:\/\/www.facebook.com\/vimcar","https:\/\/twitter.com\/goVimcar","https:\/\/www.instagram.com\/vimcar_official\/","https:\/\/de.linkedin.com\/company\/vimcar","https:\/\/www.pinterest.de\/vimcar\/","https:\/\/www.youtube.com\/channel\/UCWRajoA7OnWsAw-ezAahZPg"]}]}},"_links":{"self":[{"href":"https:\/\/vimcar.de\/boxenstopp\/wp-json\/wp\/v2\/pages\/1629"}],"collection":[{"href":"https:\/\/vimcar.de\/boxenstopp\/wp-json\/wp\/v2\/pages"}],"about":[{"href":"https:\/\/vimcar.de\/boxenstopp\/wp-json\/wp\/v2\/types\/page"}],"author":[{"embeddable":true,"href":"https:\/\/vimcar.de\/boxenstopp\/wp-json\/wp\/v2\/users\/30"}],"replies":[{"embeddable":true,"href":"https:\/\/vimcar.de\/boxenstopp\/wp-json\/wp\/v2\/comments?post=1629"}],"version-history":[{"count":0,"href":"https:\/\/vimcar.de\/boxenstopp\/wp-json\/wp\/v2\/pages\/1629\/revisions"}],"up":[{"embeddable":true,"href":"https:\/\/vimcar.de\/boxenstopp\/wp-json\/wp\/v2\/pages\/4813"}],"wp:attachment":[{"href":"https:\/\/vimcar.de\/boxenstopp\/wp-json\/wp\/v2\/media?parent=1629"}],"curies":[{"name":"wp","href":"https:\/\/api.w.org\/{rel}","templated":true}]}}