{"id":1665,"date":"2019-05-13T11:38:28","date_gmt":"2019-05-13T09:38:28","guid":{"rendered":"https:\/\/vimcar.de\/boxenstopp\/?page_id=1665"},"modified":"2024-05-07T13:13:23","modified_gmt":"2024-05-07T11:13:23","slug":"investitionsabzugsbetrag","status":"publish","type":"page","link":"https:\/\/vimcar.de\/boxenstopp\/lexikon\/investitionsabzugsbetrag\/","title":{"rendered":"Investitionsabzugsbetrag"},"content":{"rendered":"\t\t<div data-elementor-type=\"wp-page\" data-elementor-id=\"1665\" class=\"elementor elementor-1665\" data-elementor-post-type=\"page\">\n\t\t\t\t\t\t<section class=\"elementor-section elementor-top-section elementor-element elementor-element-697d8d37 elementor-section-boxed elementor-section-height-default elementor-section-height-default\" data-id=\"697d8d37\" data-element_type=\"section\">\n\t\t\t\t\t\t<div class=\"elementor-container elementor-column-gap-default\">\n\t\t\t\t\t<div class=\"elementor-column elementor-col-100 elementor-top-column elementor-element elementor-element-6d09ad4\" data-id=\"6d09ad4\" data-element_type=\"column\">\n\t\t\t<div class=\"elementor-widget-wrap elementor-element-populated\">\n\t\t\t\t\t\t<div class=\"elementor-element elementor-element-046ea33 elementor-widget elementor-widget-text-editor\" data-id=\"046ea33\" data-element_type=\"widget\" data-widget_type=\"text-editor.default\">\n\t\t\t\t<div class=\"elementor-widget-container\">\n\t\t\t\t\t\t\t<p>Wenn Sie in Ihrem Betrieb eine Anschaffung planen, k\u00f6nnen Sie diese Investition bereits davor von der Steuer abziehen, um Betriebsverm\u00f6gen f\u00fcr die Anschaffung bereitzuhalten. Das ist der sogenannte Investitionsabzugsbetrag. Achtung: Die Investition muss innerhalb der n\u00e4chsten drei Jahre erfolgen. Ansonsten m\u00fcssen Sie die gesparte Steuerlast samt Zinsen zur\u00fcckzahlen.<\/p>\t\t\t\t\t\t<\/div>\n\t\t\t\t<\/div>\n\t\t\t\t<div class=\"elementor-element elementor-element-1b27d3b elementor-widget elementor-widget-heading\" data-id=\"1b27d3b\" data-element_type=\"widget\" data-widget_type=\"heading.default\">\n\t\t\t\t<div class=\"elementor-widget-container\">\n\t\t\t<h2 class=\"elementor-heading-title elementor-size-default\">Was ist der Investitionsabzugbetrag?\n<\/h2>\t\t<\/div>\n\t\t\t\t<\/div>\n\t\t\t\t<div class=\"elementor-element elementor-element-bab8314 elementor-widget elementor-widget-text-editor\" data-id=\"bab8314\" data-element_type=\"widget\" data-widget_type=\"text-editor.default\">\n\t\t\t\t<div class=\"elementor-widget-container\">\n\t\t\t\t\t\t\t<p>Besonders f\u00fcr kleine und mittelst\u00e4ndische Unternehmen sowie Selbstst\u00e4ndige ist der Investitionsabzugsbetrag vorteilhaft. Sie sparen n\u00e4mlich vorausschauend Betriebsverm\u00f6gen, um Anschaffungen in der Zukunft zu t\u00e4tigen. Sinn dahinter ist, dass die kommende Anschaffung den derzeitigen Gewinn mindert und Sie so einen geringeren Betrag versteuern m\u00fcssen. Bis zu 40% der Kosten unter einer H\u00f6chstgrenze von 200.000 Euro k\u00f6nnen Sie von Ihrem Gewinn abziehen; Voraussetzung dabei ist, dass Ihr j\u00e4hrlicher Gewinn 100.000 Euro nicht \u00fcbersteigt und Ihr Betriebsverm\u00f6gen nicht mehr als 235.000 Euro betr\u00e4gt.<\/p>\t\t\t\t\t\t<\/div>\n\t\t\t\t<\/div>\n\t\t\t\t<div class=\"elementor-element elementor-element-6fa22b9 elementor-widget elementor-widget-heading\" data-id=\"6fa22b9\" data-element_type=\"widget\" data-widget_type=\"heading.default\">\n\t\t\t\t<div class=\"elementor-widget-container\">\n\t\t\t<h2 class=\"elementor-heading-title elementor-size-default\">So berechnen Sie den Investitionsabzugsbetrag\n<\/h2>\t\t<\/div>\n\t\t\t\t<\/div>\n\t\t\t\t<div class=\"elementor-element elementor-element-94e2728 elementor-widget elementor-widget-text-editor\" data-id=\"94e2728\" data-element_type=\"widget\" data-widget_type=\"text-editor.default\">\n\t\t\t\t<div class=\"elementor-widget-container\">\n\t\t\t\t\t\t\t<p>Hier ein Beispiel: Angenommen Ihr Betrieb erzielt 80.000 Euro Gewinn im Jahr 2016. Im n\u00e4chsten Jahr m\u00f6chten Sie einen\u00a0<a href=\"https:\/\/vimcar.de\/boxenstopp\/lexikon\/firmenwagen\" target=\"_blank\" rel=\"noreferrer noopener\" aria-label=\" (\u00f6ffnet in neuem Tab)\">Firmenwagen<\/a>\u00a0f\u00fcr den Betrieb im Wert von 35.000 Euro erwerben, wodurch sich Ihr Gewinn mindern w\u00fcrde. Der Steuersatz ist 35%. So s\u00e4he Ihre Steuerlast mit und ohne Investitionsabzugsbetrag aus:<\/p>\n<p><strong>Szenario 1: ohne Investitionsabzugsbetrag<\/strong><br \/>Gewinn Jahr: 80.000 Euro<br \/>Investitionsabzugsbetrag: 0 Euro<br \/>Neuer Gewinn: 80.000 Euro<br \/>Steuerlast: 28.000 Euro<br \/>Gesparte Steuern = 0 Euro<\/p>\n<p><strong>Szenario 2: mit Investitionsabzugsbetrag<\/strong><br \/>Gewinn Jahr: 80.000 Euro<br \/>Investitionsabzugsbetrag: 14.000 Euro<br \/>(40% von 35.000 Euro)<br \/>Neuer Gewinn: 66.000 Euro<br \/>Steuerlast: 23.100 Euro<br \/>Gesparte Steuern = 4.900 Euro<br \/>Mit dem Investitionsabzugsbetrag w\u00fcrden Sie in diesem Beispiel somit ganze\u00a0<strong>4.900 Euro an Steuern sparen.<\/strong><\/p>\t\t\t\t\t\t<\/div>\n\t\t\t\t<\/div>\n\t\t\t\t<div class=\"elementor-element elementor-element-6852d72 elementor-widget elementor-widget-heading\" data-id=\"6852d72\" data-element_type=\"widget\" data-widget_type=\"heading.default\">\n\t\t\t\t<div class=\"elementor-widget-container\">\n\t\t\t<h2 class=\"elementor-heading-title elementor-size-default\">Firmenwagenversteuerung: Die 1%-Regelung ist nicht erlaubt\n<\/h2>\t\t<\/div>\n\t\t\t\t<\/div>\n\t\t\t\t<div class=\"elementor-element elementor-element-378ec99 elementor-widget elementor-widget-text-editor\" data-id=\"378ec99\" data-element_type=\"widget\" data-widget_type=\"text-editor.default\">\n\t\t\t\t<div class=\"elementor-widget-container\">\n\t\t\t\t\t\t\t<p>Wenn Sie den Investitionsabzugsbetrag nutzen m\u00f6chten, gibt der Fiskus vor, dass Sie den Firmenwagen als Betriebsverm\u00f6gen fast ausschlie\u00dflich dienstlich nutzen m\u00fcssen. Das hei\u00dft genau: Sie d\u00fcrfen zu h\u00f6chstens zehn Prozent den Firmenwagen privat nutzen. Da laut einem Urteil des Finanzgerichts Sachsen bei der Versteuerung mit der Ein-Prozent-Regelung von einem privaten Nutzen zwischen 20 und 25 Prozent ausgegangen wird, f\u00e4llt diese Versteuerungsmethode weg. Damit bleibt nur das\u00a0<a href=\"https:\/\/vimcar.de\/fahrtenbuch\">Fahrtenbuch<\/a>\u00a0zur Versteuerung des Firmenwagens, um die fast ausschlie\u00dflich betriebliche Nutzung nachzuweisen.<\/p>\n<p>Hier ist doppelt Vorsicht geboten: Bei einem nicht ordnungsgem\u00e4\u00df gef\u00fchrten Fahrtenbuch erkennt das Finanzamt dies nicht an. Dann gilt zwangsweise die Ein-Prozent-Methode. Da diese aber nicht mit dem Investitionsabzugsbetrag vereinbar ist, bekommen Sie eben diesen wieder aberkannt. Wie auch bei einer vers\u00e4umten Anschaffung der geplanten Investition m\u00fcssten Sie den Betrag samt Zinsen wieder zur\u00fcckzahlen.<\/p>\n<p>Wenn Sie in einem Jahr die notwendigen 90% betriebliche Nutzung erreichen, besteht kein Grund zur Sorge! Nach einem Urteil des LFD Th\u00fcringen ist es ausreichend, wenn die Nutzung \u00fcber zwei Jahre 90% betrieblich ist. Diese Nutzung m\u00fcsste allerdings mit einem Fahrtenbuch nachgewiesen werden.<\/p>\n<p>Um eine fehlerfreie Fahrtenbuchf\u00fchrung zu garantieren, sind elektronische Fahrtenb\u00fccher eine sichere L\u00f6sung. Ein verl\u00e4sslicher Anbieter zeichnet Ihnen automatisch Ihre Fahrten auf, sodass die notwendige L\u00fcckenlosigkeit kein Problem mehr darstellt. So k\u00f6nnen Sie sicher sein, dass Sie ohne gro\u00dfen Schreibaufwand Ihren Investitionsabzugsbetrag erhalten.<\/p>\t\t\t\t\t\t<\/div>\n\t\t\t\t<\/div>\n\t\t\t\t<div class=\"elementor-element elementor-element-59c323e elementor-widget elementor-widget-text-editor\" data-id=\"59c323e\" data-element_type=\"widget\" data-widget_type=\"text-editor.default\">\n\t\t\t\t<div class=\"elementor-widget-container\">\n\t\t\t\t\t\t\t<p><strong>M\u00f6chten Sie mehr Informationen zu dem Thema Firmenwagenversteuerung erhalten? Folgende kostenlose Brosch\u00fcren erkl\u00e4ren Ihnen ausf\u00fchrlich, wie die 1-%-Methode und das Fahrtenbuch bei Dienstwagen\u00a0 und Poolfahrzeugen\u00a0 angewendet wird.<\/strong><\/p>\t\t\t\t\t\t<\/div>\n\t\t\t\t<\/div>\n\t\t\t\t\t<\/div>\n\t\t<\/div>\n\t\t\t\t\t<\/div>\n\t\t<\/section>\n\t\t\t\t<section class=\"elementor-section elementor-top-section elementor-element elementor-element-239dabe elementor-section-boxed elementor-section-height-default elementor-section-height-default\" data-id=\"239dabe\" data-element_type=\"section\">\n\t\t\t\t\t\t<div class=\"elementor-container elementor-column-gap-default\">\n\t\t\t\t\t<div class=\"elementor-column elementor-col-100 elementor-top-column elementor-element elementor-element-f21ecdb\" data-id=\"f21ecdb\" data-element_type=\"column\">\n\t\t\t<div class=\"elementor-widget-wrap elementor-element-populated\">\n\t\t\t\t\t\t<div class=\"elementor-element elementor-element-eb7ea9e elementor-widget elementor-widget-template\" data-id=\"eb7ea9e\" data-element_type=\"widget\" data-widget_type=\"template.default\">\n\t\t\t\t<div class=\"elementor-widget-container\">\n\t\t\t\t\t<div class=\"elementor-template\">\n\t\t\t\t\t<div data-elementor-type=\"section\" data-elementor-id=\"11356\" class=\"elementor elementor-11356\" data-elementor-post-type=\"elementor_library\">\n\t\t\t\t\t<section class=\"elementor-section elementor-top-section elementor-element elementor-element-5daefacd elementor-section-boxed elementor-section-height-default elementor-section-height-default\" data-id=\"5daefacd\" data-element_type=\"section\">\n\t\t\t\t\t\t<div class=\"elementor-container elementor-column-gap-default\">\n\t\t\t\t\t<div class=\"elementor-column elementor-col-100 elementor-top-column elementor-element elementor-element-3c8e931\" data-id=\"3c8e931\" data-element_type=\"column\">\n\t\t\t<div class=\"elementor-widget-wrap elementor-element-populated\">\n\t\t\t\t\t\t<div class=\"elementor-element elementor-element-2847a3da elementor-widget elementor-widget-heading\" data-id=\"2847a3da\" data-element_type=\"widget\" data-widget_type=\"heading.default\">\n\t\t\t\t<div class=\"elementor-widget-container\">\n\t\t\t<h2 class=\"elementor-heading-title elementor-size-default\">Alle Fahrtenbuch-Links<\/h2>\t\t<\/div>\n\t\t\t\t<\/div>\n\t\t\t\t<div class=\"elementor-element elementor-element-532e4db4 elementor-widget elementor-widget-text-editor\" data-id=\"532e4db4\" data-element_type=\"widget\" data-widget_type=\"text-editor.default\">\n\t\t\t\t<div class=\"elementor-widget-container\">\n\t\t\t\t\t\t\t<ul>\n<li><a href=\"https:\/\/vimcar.de\/boxenstopp\/ressourcenbereich\/elektronisches-fahrtenbuch-vergleich\/\">Elektronisches Fahrtenbuch Vergleich&nbsp;<\/a><\/li><li><a href=\"https:\/\/vimcar.de\/boxenstopp\/lexikon\/1-prozent-regelung\/\">1 % Regelung<\/a><\/li>\n<li><a href=\"https:\/\/vimcar.de\/fahrtenbuch\/apps\">Fahrtenbuch Apps<\/a><\/li>\n<li><a href=\"https:\/\/vimcar.de\/boxenstopp\/lexikon\/fahrtenbuch-fuehren\/\">Fahrtenbuch f\u00fchren<\/a><\/li>\n<li><a href=\"https:\/\/vimcar.de\/fahrtenbuch\/firmenwagenrechner\">Firmenwagenrechner<\/a><\/li>\n<li><a href=\"https:\/\/vimcar.de\/fahrtenbuch\/fahrtenbuchsoftware\">Fahrtenbuchsoftware<\/a><\/li>\n<li><a href=\"https:\/\/vimcar.de\/boxenstopp\/lexikon\/fahrtenkategorien\/\">Fahrtenkategorien<\/a><\/li>\n<\/ul>\t\t\t\t\t\t<\/div>\n\t\t\t\t<\/div>\n\t\t\t\t\t<\/div>\n\t\t<\/div>\n\t\t\t\t\t<\/div>\n\t\t<\/section>\n\t\t\t\t<\/div>\n\t\t\t\t<\/div>\n\t\t\t\t<\/div>\n\t\t\t\t<\/div>\n\t\t\t\t\t<\/div>\n\t\t<\/div>\n\t\t\t\t\t<\/div>\n\t\t<\/section>\n\t\t\t\t<\/div>\n\t\t","protected":false},"excerpt":{"rendered":"<p>Wenn Sie in Ihrem Betrieb eine Anschaffung planen, k\u00f6nnen Sie diese Investition bereits davor von der Steuer abziehen, um Betriebsverm\u00f6gen f\u00fcr die Anschaffung bereitzuhalten. Das ist der sogenannte Investitionsabzugsbetrag. Achtung: Die Investition muss innerhalb der n\u00e4chsten drei Jahre erfolgen. Ansonsten m\u00fcssen Sie die gesparte Steuerlast samt Zinsen zur\u00fcckzahlen. Was ist der Investitionsabzugbetrag? Besonders f\u00fcr kleine [&hellip;]<\/p>\n","protected":false},"author":30,"featured_media":0,"parent":4813,"menu_order":0,"comment_status":"closed","ping_status":"closed","template":"","meta":{"footnotes":"","_wp_rev_ctl_limit":""},"yoast_head":"<!-- This site is optimized with the Yoast SEO Premium plugin v21.5 (Yoast SEO v21.5) - https:\/\/yoast.com\/wordpress\/plugins\/seo\/ -->\n<title>Investitionsabzugsbetrag - Vimcar Boxenstopp<\/title>\n<meta name=\"description\" content=\"Lesen Sie jetzt den Lexikonartikel zum Investitionsabzugsbetrag. Finden Sie heraus, was der Begriff bedeutet und wie der Betrag berechnet wird.\" \/>\n<meta name=\"robots\" content=\"index, follow, max-snippet:-1, max-image-preview:large, max-video-preview:-1\" \/>\n<link rel=\"canonical\" href=\"https:\/\/vimcar.de\/boxenstopp\/lexikon\/investitionsabzugsbetrag\/\" \/>\n<meta property=\"og:locale\" content=\"de_DE\" \/>\n<meta property=\"og:type\" content=\"article\" \/>\n<meta property=\"og:title\" content=\"Investitionsabzugsbetrag\" \/>\n<meta property=\"og:description\" content=\"Lesen Sie jetzt den Lexikonartikel zum Investitionsabzugsbetrag. Finden Sie heraus, was der Begriff bedeutet und wie der Betrag berechnet wird.\" \/>\n<meta property=\"og:url\" content=\"https:\/\/vimcar.de\/boxenstopp\/lexikon\/investitionsabzugsbetrag\/\" \/>\n<meta property=\"og:site_name\" content=\"Vimcar Boxenstopp\" \/>\n<meta property=\"article:publisher\" content=\"https:\/\/www.facebook.com\/vimcar\" \/>\n<meta property=\"article:modified_time\" content=\"2024-05-07T11:13:23+00:00\" \/>\n<meta name=\"twitter:card\" content=\"summary_large_image\" \/>\n<meta name=\"twitter:site\" content=\"@goVimcar\" \/>\n<meta name=\"twitter:label1\" content=\"Gesch\u00e4tzte Lesezeit\" \/>\n\t<meta name=\"twitter:data1\" content=\"3\u00a0Minuten\" \/>\n<!-- \/ Yoast SEO Premium plugin. -->","yoast_head_json":{"title":"Investitionsabzugsbetrag - Vimcar Boxenstopp","description":"Lesen Sie jetzt den Lexikonartikel zum Investitionsabzugsbetrag. Finden Sie heraus, was der Begriff bedeutet und wie der Betrag berechnet wird.","robots":{"index":"index","follow":"follow","max-snippet":"max-snippet:-1","max-image-preview":"max-image-preview:large","max-video-preview":"max-video-preview:-1"},"canonical":"https:\/\/vimcar.de\/boxenstopp\/lexikon\/investitionsabzugsbetrag\/","og_locale":"de_DE","og_type":"article","og_title":"Investitionsabzugsbetrag","og_description":"Lesen Sie jetzt den Lexikonartikel zum Investitionsabzugsbetrag. Finden Sie heraus, was der Begriff bedeutet und wie der Betrag berechnet wird.","og_url":"https:\/\/vimcar.de\/boxenstopp\/lexikon\/investitionsabzugsbetrag\/","og_site_name":"Vimcar Boxenstopp","article_publisher":"https:\/\/www.facebook.com\/vimcar","article_modified_time":"2024-05-07T11:13:23+00:00","twitter_card":"summary_large_image","twitter_site":"@goVimcar","twitter_misc":{"Gesch\u00e4tzte Lesezeit":"3\u00a0Minuten"},"schema":{"@context":"https:\/\/schema.org","@graph":[{"@type":"WebPage","@id":"https:\/\/vimcar.de\/boxenstopp\/lexikon\/investitionsabzugsbetrag\/","url":"https:\/\/vimcar.de\/boxenstopp\/lexikon\/investitionsabzugsbetrag\/","name":"Investitionsabzugsbetrag - Vimcar Boxenstopp","isPartOf":{"@id":"https:\/\/vimcar.de\/boxenstopp\/#website"},"datePublished":"2019-05-13T09:38:28+00:00","dateModified":"2024-05-07T11:13:23+00:00","description":"Lesen Sie jetzt den Lexikonartikel zum Investitionsabzugsbetrag. Finden Sie heraus, was der Begriff bedeutet und wie der Betrag berechnet wird.","breadcrumb":{"@id":"https:\/\/vimcar.de\/boxenstopp\/lexikon\/investitionsabzugsbetrag\/#breadcrumb"},"inLanguage":"de","potentialAction":[{"@type":"ReadAction","target":["https:\/\/vimcar.de\/boxenstopp\/lexikon\/investitionsabzugsbetrag\/"]}]},{"@type":"BreadcrumbList","@id":"https:\/\/vimcar.de\/boxenstopp\/lexikon\/investitionsabzugsbetrag\/#breadcrumb","itemListElement":[{"@type":"ListItem","position":1,"name":"Startseite","item":"https:\/\/vimcar.de\/boxenstopp\/"},{"@type":"ListItem","position":2,"name":"Das Fuhrparklexikon","item":"https:\/\/vimcar.de\/boxenstopp\/lexikon\/"},{"@type":"ListItem","position":3,"name":"Investitionsabzugsbetrag"}]},{"@type":"WebSite","@id":"https:\/\/vimcar.de\/boxenstopp\/#website","url":"https:\/\/vimcar.de\/boxenstopp\/","name":"Vimcar Boxenstopp","description":"- Die Lernplattform f\u00fcr Fuhrparkleiter","publisher":{"@id":"https:\/\/vimcar.de\/boxenstopp\/#organization"},"potentialAction":[{"@type":"SearchAction","target":{"@type":"EntryPoint","urlTemplate":"https:\/\/vimcar.de\/boxenstopp\/?s={search_term_string}"},"query-input":"required name=search_term_string"}],"inLanguage":"de"},{"@type":"Organization","@id":"https:\/\/vimcar.de\/boxenstopp\/#organization","name":"Vimcar Boxenstopp - Fuhrparkwissen","url":"https:\/\/vimcar.de\/boxenstopp\/","logo":{"@type":"ImageObject","inLanguage":"de","@id":"https:\/\/vimcar.de\/boxenstopp\/#\/schema\/logo\/image\/","url":"https:\/\/vimcar.de\/boxenstopp\/wp-content\/uploads\/2020\/10\/logo-vimcar-boxenstopp.png","contentUrl":"https:\/\/vimcar.de\/boxenstopp\/wp-content\/uploads\/2020\/10\/logo-vimcar-boxenstopp.png","width":250,"height":50,"caption":"Vimcar Boxenstopp - Fuhrparkwissen"},"image":{"@id":"https:\/\/vimcar.de\/boxenstopp\/#\/schema\/logo\/image\/"},"sameAs":["https:\/\/www.facebook.com\/vimcar","https:\/\/twitter.com\/goVimcar","https:\/\/www.instagram.com\/vimcar_official\/","https:\/\/de.linkedin.com\/company\/vimcar","https:\/\/www.pinterest.de\/vimcar\/","https:\/\/www.youtube.com\/channel\/UCWRajoA7OnWsAw-ezAahZPg"]}]}},"_links":{"self":[{"href":"https:\/\/vimcar.de\/boxenstopp\/wp-json\/wp\/v2\/pages\/1665"}],"collection":[{"href":"https:\/\/vimcar.de\/boxenstopp\/wp-json\/wp\/v2\/pages"}],"about":[{"href":"https:\/\/vimcar.de\/boxenstopp\/wp-json\/wp\/v2\/types\/page"}],"author":[{"embeddable":true,"href":"https:\/\/vimcar.de\/boxenstopp\/wp-json\/wp\/v2\/users\/30"}],"replies":[{"embeddable":true,"href":"https:\/\/vimcar.de\/boxenstopp\/wp-json\/wp\/v2\/comments?post=1665"}],"version-history":[{"count":3,"href":"https:\/\/vimcar.de\/boxenstopp\/wp-json\/wp\/v2\/pages\/1665\/revisions"}],"predecessor-version":[{"id":50930,"href":"https:\/\/vimcar.de\/boxenstopp\/wp-json\/wp\/v2\/pages\/1665\/revisions\/50930"}],"up":[{"embeddable":true,"href":"https:\/\/vimcar.de\/boxenstopp\/wp-json\/wp\/v2\/pages\/4813"}],"wp:attachment":[{"href":"https:\/\/vimcar.de\/boxenstopp\/wp-json\/wp\/v2\/media?parent=1665"}],"curies":[{"name":"wp","href":"https:\/\/api.w.org\/{rel}","templated":true}]}}