{"id":1682,"date":"2019-05-13T11:55:48","date_gmt":"2019-05-13T09:55:48","guid":{"rendered":"https:\/\/vimcar.de\/boxenstopp\/?page_id=1682"},"modified":"2024-03-12T15:32:41","modified_gmt":"2024-03-12T14:32:41","slug":"spesen","status":"publish","type":"page","link":"https:\/\/vimcar.de\/boxenstopp\/lexikon\/spesen\/","title":{"rendered":"Spesen"},"content":{"rendered":"\t\t<div data-elementor-type=\"wp-page\" data-elementor-id=\"1682\" class=\"elementor elementor-1682\" data-elementor-post-type=\"page\">\n\t\t\t\t\t\t<section class=\"elementor-section elementor-top-section elementor-element elementor-element-7d93e18 elementor-section-boxed elementor-section-height-default elementor-section-height-default\" data-id=\"7d93e18\" data-element_type=\"section\">\n\t\t\t\t\t\t<div class=\"elementor-container elementor-column-gap-default\">\n\t\t\t\t\t<div class=\"elementor-column elementor-col-100 elementor-top-column elementor-element elementor-element-608e43b\" data-id=\"608e43b\" data-element_type=\"column\">\n\t\t\t<div class=\"elementor-widget-wrap elementor-element-populated\">\n\t\t\t\t\t\t<div class=\"elementor-element elementor-element-64e54ed elementor-widget elementor-widget-text-editor\" data-id=\"64e54ed\" data-element_type=\"widget\" data-widget_type=\"text-editor.default\">\n\t\t\t\t<div class=\"elementor-widget-container\">\n\t\t\t\t\t\t\t<p>Spesen bezeichnen die Kosten die ein Arbeitnehmer beispielsweise im Rahmen einer Gesch\u00e4ftsreise hat und die der Arbeitgeber \u00fcbernehmen muss.<\/p>\t\t\t\t\t\t<\/div>\n\t\t\t\t<\/div>\n\t\t\t\t<div class=\"elementor-element elementor-element-4259c5f elementor-widget elementor-widget-heading\" data-id=\"4259c5f\" data-element_type=\"widget\" data-widget_type=\"heading.default\">\n\t\t\t\t<div class=\"elementor-widget-container\">\n\t\t\t<h2 class=\"elementor-heading-title elementor-size-default\">Spesenabrechnung\n<\/h2>\t\t<\/div>\n\t\t\t\t<\/div>\n\t\t\t\t<div class=\"elementor-element elementor-element-02dfc27 elementor-widget elementor-widget-text-editor\" data-id=\"02dfc27\" data-element_type=\"widget\" data-widget_type=\"text-editor.default\">\n\t\t\t\t<div class=\"elementor-widget-container\">\n\t\t\t\t\t\t\t<p>Teuer ist die Verpflegung unterwegs. Welchen Verpflegungsmehraufwand hat der Arbeitgeber zu erstatten? Welche Spesen werden vom Finanzamt anerkannt? F\u00fcr Fuhrparkbetreiber und Verantwortliche sind Spesen ein relevanter Posten unter den Betriebsausgaben. Die wichtigsten Informationen \u00fcber gesetzliche Neuerungen und was es bei der Spesenabrechnung zu beachten gilt, bietet der folgende \u00dcberblick.<\/p><p>Als Spesen gelten weitestgehend Kosten f\u00fcr Essen und Unterkunft, die in Aus\u00fcbung des Berufes w\u00e4hrend Gesch\u00e4ftsreisen oder Lkw-Fahrten entstehen. \u00dcberarbeitete und differenzierte Spesens\u00e4tze f\u00fcr Auslandsfahrten wurden Januar 2019 vom Bundesministerium f\u00fcr Finanzen l\u00e4nderspezifisch \u2013 f\u00fcr mehr als 40 L\u00e4nder und Landesteile \u2013 in Kraft gesetzt. Nach wie vor gelten die beiden\u00a0<a href=\"https:\/\/vimcar.de\/boxenstopp\/lexikon\/verpflegungsmehraufwand\/\">Verpflegungspauschalen<\/a>\u00a0\u00fcber acht Stunden und 24 Stunden Abwesenheit in Deutschland und f\u00fcr Gesch\u00e4ftsfahrten ins Ausland. Bei acht bis vierundzwanzig Stunden Unterwegs-sein (Verpflegungspauschale I) gilt nach wie vor die Anrechnung von zw\u00f6lf Euro und die Pauschale f\u00fcr \u00dcbernachtung von nur zwanzig Euro. Bei Abwesenheit von mindestens vierundzwanzig Stunden (Verpflegungspauschale II) gelten weiterhin die vierundzwanzig Euro als erstattungsf\u00e4hig f\u00fcr Essen und Trinken.<\/p><p>Typische Posten der Abrechnung sind:<\/p><ul><li>Essen und Trinken in Gastst\u00e4tten oder Rastpl\u00e4tzen<\/li><li>Kosten f\u00fcr WC-Benutzung oder Duschr\u00e4ume<\/li><li>\u00dcbernachtungskosten<\/li><li>Taxifahrten<\/li><\/ul><p>Bewirtungen, wie Gesch\u00e4ftsessen oder Gesch\u00e4ftspartner einladen, k\u00f6nnen nicht in dem Bereich Spesenabrechnung geltend gemacht werden, wohl aber k\u00f6nnen sie unter betriebliche Ausgaben steuerlich geltend gemacht werden.<\/p>\t\t\t\t\t\t<\/div>\n\t\t\t\t<\/div>\n\t\t\t\t<div class=\"elementor-element elementor-element-e25397b elementor-widget elementor-widget-heading\" data-id=\"e25397b\" data-element_type=\"widget\" data-widget_type=\"heading.default\">\n\t\t\t\t<div class=\"elementor-widget-container\">\n\t\t\t<h2 class=\"elementor-heading-title elementor-size-default\">Spesen: Welche Kosten kriegen Sie zur\u00fcck?\n<\/h2>\t\t<\/div>\n\t\t\t\t<\/div>\n\t\t\t\t<div class=\"elementor-element elementor-element-49913f1 elementor-widget elementor-widget-text-editor\" data-id=\"49913f1\" data-element_type=\"widget\" data-widget_type=\"text-editor.default\">\n\t\t\t\t<div class=\"elementor-widget-container\">\n\t\t\t\t\t\t\t<p>Bei einer Dienstreise fallen viele verschiedene Spesen an: Fahrt, Verpflegung, \u00dcbernachtung, Nebenkosten usw. Diese k\u00f6nnen Sie mit Nachweis in der Regel mit dem tats\u00e4chlichen Betrag geltend machen und von Ihrem Arbeitgeber steuerfrei erstatten lassen. Haben Sie keinen Beleg, so greifen die sogenannten Pauschbetr\u00e4ge, die sich je nach Kostenart unterscheiden.<\/p>\t\t\t\t\t\t<\/div>\n\t\t\t\t<\/div>\n\t\t\t\t<div class=\"elementor-element elementor-element-0daa314 elementor-widget elementor-widget-heading\" data-id=\"0daa314\" data-element_type=\"widget\" data-widget_type=\"heading.default\">\n\t\t\t\t<div class=\"elementor-widget-container\">\n\t\t\t<h3 class=\"elementor-heading-title elementor-size-default\">1. Die Fahrtkosten\n<\/h3>\t\t<\/div>\n\t\t\t\t<\/div>\n\t\t\t\t<div class=\"elementor-element elementor-element-5336362 elementor-widget elementor-widget-text-editor\" data-id=\"5336362\" data-element_type=\"widget\" data-widget_type=\"text-editor.default\">\n\t\t\t\t<div class=\"elementor-widget-container\">\n\t\t\t\t\t\t\t<p>Spesen sind beispielsweise Fahrtkosten. Denn bei einer betrieblich oder beruflich get\u00e4tigten Reise haben Sie Anspruch darauf, die anfallenden Fahrtkosten abzusetzen bzw. steuerfrei von Ihrem Arbeitgeber zur\u00fcck erstatten zu lassen. Achten Sie darauf, dass die Handhabung der Kostenr\u00fcckerstattung in Ihrem Arbeitsvertrag festgelegt ist. Je nach genutztem Verkehrsmittel gilt der tats\u00e4chliche Ticketpreis oder die\u00a0<a href=\"https:\/\/vimcar.de\/boxenstopp\/lexikon\/kilometerpauschale\/\" target=\"_blank\" rel=\"noreferrer noopener\" aria-label=\"Kilometerpauschale (\u00f6ffnet in neuem Tab)\">Kilometerpauschale<\/a>. Nur durch den Nachweis von Belegen k\u00f6nnen Sie den vollen Ticketpreis zur\u00fcckerstattet bekommen.<\/p><p>Im Falle der Kilometerpauschale betr\u00e4gt der Pauschbetrag auf Gesch\u00e4ftsreisen f\u00fcr Hin- und R\u00fcckweg 0,30 Euro; bei dem Arbeitsweg handelt es sich um 0,30 Euro f\u00fcr den einfachen Weg. Legen Sie die Strecke nicht mit \u00f6ffentlichen Verkehrsmitteln, sondern mit Ihrem\u00a0<a href=\"https:\/\/vimcar.de\/boxenstopp\/lexikon\/firmenwagen\/\" target=\"_blank\" rel=\"noreferrer noopener\" aria-label=\" (\u00f6ffnet in neuem Tab)\">Firmenwagen<\/a>\u00a0zur\u00fcck, so k\u00f6nnen Sie die genaue Kilometerzahl einfach mit einem Fahrtenbuch dokumentieren.<\/p>\t\t\t\t\t\t<\/div>\n\t\t\t\t<\/div>\n\t\t\t\t<div class=\"elementor-element elementor-element-1a2cf68 elementor-widget elementor-widget-heading\" data-id=\"1a2cf68\" data-element_type=\"widget\" data-widget_type=\"heading.default\">\n\t\t\t\t<div class=\"elementor-widget-container\">\n\t\t\t<h3 class=\"elementor-heading-title elementor-size-default\">2. Die Verpflegungskosten\n<\/h3>\t\t<\/div>\n\t\t\t\t<\/div>\n\t\t\t\t<div class=\"elementor-element elementor-element-c978f50 elementor-widget elementor-widget-text-editor\" data-id=\"c978f50\" data-element_type=\"widget\" data-widget_type=\"text-editor.default\">\n\t\t\t\t<div class=\"elementor-widget-container\">\n\t\t\t\t\t\t\t<p>Spesen Typ Nummer 2: Seit 2014 gibt es zwei verschiedene Verpflegungspauschalen zur Regelung von sogenannten Verpflegungsmehraufwendungen, das hei\u00dft Essensausgaben, die Sie auf Dienstreisen machen. Bei Dienstreisen im deutschen Inland wird zwischen eint\u00e4gigen und mehrt\u00e4gigen Reisen mit \u00dcbernachtung unterschieden. Bei eint\u00e4gigen Reisen m\u00fcssen Sie sich f\u00fcr mehr als acht Stunden au\u00dferhalb Ihrer ersten T\u00e4tigkeitsst\u00e4tte befinden, um einen Pauschbetrag von 12 Euro nutzen zu k\u00f6nnen. Sollten Sie als Au\u00dfendienstmitarbeiter \u00fcber keine T\u00e4tigkeitsst\u00e4tte verf\u00fcgen, gilt jede berufliche Fahrt als Dienstreise. Halten Sie sich l\u00e4nger als acht Stunden am St\u00fcck au\u00dferhalb Ihres Homeoffice auf, gilt der Verpflegungsmehraufwand.<\/p><p>Bei mehrt\u00e4gigen Reisen gilt der Betrag von 12 Euro, unabh\u00e4ngig von der tats\u00e4chlichen Stundenanzahl, ebenso f\u00fcr An- und Abreisetag. F\u00fcr alle Tage dazwischen, an denen Sie sich volle 24 Stunden au\u00dferhalb Ihrer T\u00e4tigkeitsst\u00e4tte befinden, gelten jeweils 24 Euro.\u00a0<br \/>Im Ausland kommen je nach Land andere Pauschbetr\u00e4ge zur Geltung. Beachten Sie au\u00dferdem, dass sich der Pauschbetrag mindert, wenn Sie durch den Arbeitgeber Mahlzeiten erhalten oder dieser Mahlzeiten stellen l\u00e4sst.<\/p>\t\t\t\t\t\t<\/div>\n\t\t\t\t<\/div>\n\t\t\t\t<div class=\"elementor-element elementor-element-7cf0bf5 elementor-widget elementor-widget-heading\" data-id=\"7cf0bf5\" data-element_type=\"widget\" data-widget_type=\"heading.default\">\n\t\t\t\t<div class=\"elementor-widget-container\">\n\t\t\t<h3 class=\"elementor-heading-title elementor-size-default\">3. Die Unterkunftskosten<\/h3>\t\t<\/div>\n\t\t\t\t<\/div>\n\t\t\t\t<div class=\"elementor-element elementor-element-a47c222 elementor-widget elementor-widget-text-editor\" data-id=\"a47c222\" data-element_type=\"widget\" data-widget_type=\"text-editor.default\">\n\t\t\t\t<div class=\"elementor-widget-container\">\n\t\t\t\t\t\t\t<p>Auch Unterkunftskosten sind Spesen und k\u00f6nnen Sie neben der Verpflegung zus\u00e4tzlich geltend machen. Hier werden in den meisten F\u00e4llen die tats\u00e4chlichen Kosten steuerfrei erstattet, ansonsten k\u00f6nnen im Inland pauschal 20 Euro steuerfrei pro Nacht angesetzt werden \u2013 beispielweise bei der \u00dcbernachtung bei einem Bekannten oder wenn kein Beleg vorhanden ist.<\/p><p>Sind Sie im Ausland unterwegs, so gelten je nach Land und Region verschiedene Pauschbetr\u00e4ge, die j\u00e4hrlich vom Bundesfinanzministerium aktualisiert werden. Als Beispiel: Der Pauschbetrag liegt pro \u00dcbernachtung in Paris bei 135 Euro, in Stra\u00dfburg jedoch nur bei 89 Euro. Achtung: Unternehmer k\u00f6nnen keine Pauschbetr\u00e4ge anwenden, das Finanzamt akzeptiert in diesem Fall nur Belege mit Originalbetrag.\u00a0<\/p><p>Buchen Sie eine \u00dcbernachtung mit Fr\u00fchst\u00fcck so mindert dies au\u00dferdem Ihre Verpflegungspauschale f\u00fcr den betroffenen Tag. Das Taxi zum Hotel und andere weitere Kosten k\u00f6nnen Sie au\u00dferdem als Reisenebenkosten steuerfrei erstatten lassen \u2013 vorausgesetzt Sie haben die notwendigen Belege zur Hand.\u00a0<\/p><p>Bedenken Sie, dass es sich hierbei um Pauschbetr\u00e4ge handelt, also kein direkter Kostennachweis notwendig ist. Dennoch m\u00fcssen Sie beweisen, dass Sie sich tats\u00e4chlich l\u00e4nger als 8 Stunden auf Dienstreise befunden haben. Das k\u00f6nnen Sie zum Beispiel ganz einfach mit der F\u00fchrung eines\u00a0<a href=\"https:\/\/vimcar.de\/boxenstopp\/lexikon\/elektronisches-fahrtenbuch\" target=\"_blank\" rel=\"noreferrer noopener\" aria-label=\"elektronischen Fahrtenbuches. (\u00f6ffnet in neuem Tab)\">elektronischen Fahrtenbuches.<\/a><\/p>\t\t\t\t\t\t<\/div>\n\t\t\t\t<\/div>\n\t\t\t\t\t<\/div>\n\t\t<\/div>\n\t\t\t\t\t<\/div>\n\t\t<\/section>\n\t\t\t\t<section class=\"elementor-section elementor-top-section elementor-element elementor-element-ffa66ea elementor-section-boxed elementor-section-height-default elementor-section-height-default\" data-id=\"ffa66ea\" data-element_type=\"section\">\n\t\t\t\t\t\t<div class=\"elementor-container elementor-column-gap-default\">\n\t\t\t\t\t<div class=\"elementor-column elementor-col-100 elementor-top-column elementor-element elementor-element-dfee9b6\" data-id=\"dfee9b6\" data-element_type=\"column\">\n\t\t\t<div class=\"elementor-widget-wrap elementor-element-populated\">\n\t\t\t\t\t\t<div class=\"elementor-element elementor-element-092b438 elementor-widget elementor-widget-heading\" data-id=\"092b438\" data-element_type=\"widget\" data-widget_type=\"heading.default\">\n\t\t\t\t<div class=\"elementor-widget-container\">\n\t\t\t<h2 class=\"elementor-heading-title elementor-size-default\">Folgende Artikel und Vorlagen k\u00f6nnten Sie auch interessieren:<\/h2>\t\t<\/div>\n\t\t\t\t<\/div>\n\t\t\t\t<div class=\"elementor-element elementor-element-83d3a34 elementor-widget elementor-widget-text-editor\" data-id=\"83d3a34\" data-element_type=\"widget\" data-widget_type=\"text-editor.default\">\n\t\t\t\t<div class=\"elementor-widget-container\">\n\t\t\t\t\t\t\t<ul>\n<li><a href=\"https:\/\/vimcar.de\/boxenstopp\/ressourcenbereich\/formular-fuehrerscheinkontrolle\/\">Formular F\u00fchrerscheinkontrolle<\/a><\/li>\n<li><a href=\"https:\/\/vimcar.de\/boxenstopp\/lexikon\/halterhaftung\/\">Halterhaftung<\/a><\/li>\n<li><a href=\"https:\/\/vimcar.de\/boxenstopp\/ressourcenbereich\/protokoll-erstunterweisung\/\">Protokoll zur Erstunterweisung<\/a><\/li>\n<li><a href=\"https:\/\/vimcar.de\/boxenstopp\/lexikon\/verpflegungsmehraufwand\/\">Verpflegungsmehraufwand<\/a><\/li>\n<li><a href=\"https:\/\/vimcar.de\/boxenstopp\/lexikon\/vorsteuerabzug\/\">Vorsteuerabzug<\/a><\/li>\n<li><a href=\"https:\/\/vimcar.de\/boxenstopp\/lexikon\/kilometerpauschale\/\">Kilometerpauschale<\/a><\/li>\n<li><a href=\"https:\/\/vimcar.de\/boxenstopp\/lexikon\/geldwerter-vorteil\/\">geldwerter Vorteil<\/a><\/li>\n<li><a href=\"https:\/\/vimcar.de\/boxenstopp\/lexikon\/firmenwagen\/\">Firmenwagen<\/a><\/li>\n<li><a href=\"https:\/\/vimcar.de\/boxenstopp\/lexikon\/reisekostenabrechnung\/\">Reisekostenabrechnung<\/a><\/li>\n<li><a href=\"https:\/\/vimcar.de\/boxenstopp\/blog\/fahrtenbuch-mit-motorrad\/\">Fahrtenbuch mit Motorrad<\/a><\/li>\n<li><a href=\"https:\/\/vimcar.de\/boxenstopp\/blog\/fahrtkosten-zum-arzt\/\">Die Fahrt zum Arzt steuerlich geltend machen<\/a><\/li>\n<li><a href=\"https:\/\/vimcar.de\/boxenstopp\/lexikon\/entfernungspauschale\/\">Entfernungspauschale<\/a><\/li><li><a href=\"https:\/\/vimcar.de\/boxenstopp\/lexikon\/coc-dokumente\/\" target=\"_blank\">CoC Dokumente<\/a><br><\/li>\n<\/ul>\t\t\t\t\t\t<\/div>\n\t\t\t\t<\/div>\n\t\t\t\t<div class=\"elementor-element elementor-element-139a3c5 elementor-widget elementor-widget-template\" data-id=\"139a3c5\" data-element_type=\"widget\" data-widget_type=\"template.default\">\n\t\t\t\t<div class=\"elementor-widget-container\">\n\t\t\t\t\t<div class=\"elementor-template\">\n\t\t\t\t\t<div data-elementor-type=\"section\" data-elementor-id=\"11356\" class=\"elementor elementor-11356\" data-elementor-post-type=\"elementor_library\">\n\t\t\t\t\t<section class=\"elementor-section elementor-top-section elementor-element elementor-element-5daefacd elementor-section-boxed elementor-section-height-default elementor-section-height-default\" data-id=\"5daefacd\" data-element_type=\"section\">\n\t\t\t\t\t\t<div class=\"elementor-container elementor-column-gap-default\">\n\t\t\t\t\t<div class=\"elementor-column elementor-col-100 elementor-top-column elementor-element elementor-element-3c8e931\" data-id=\"3c8e931\" data-element_type=\"column\">\n\t\t\t<div class=\"elementor-widget-wrap elementor-element-populated\">\n\t\t\t\t\t\t<div class=\"elementor-element elementor-element-2847a3da elementor-widget elementor-widget-heading\" data-id=\"2847a3da\" data-element_type=\"widget\" data-widget_type=\"heading.default\">\n\t\t\t\t<div class=\"elementor-widget-container\">\n\t\t\t<h2 class=\"elementor-heading-title elementor-size-default\">Alle Fahrtenbuch-Links<\/h2>\t\t<\/div>\n\t\t\t\t<\/div>\n\t\t\t\t<div class=\"elementor-element elementor-element-532e4db4 elementor-widget elementor-widget-text-editor\" data-id=\"532e4db4\" data-element_type=\"widget\" data-widget_type=\"text-editor.default\">\n\t\t\t\t<div class=\"elementor-widget-container\">\n\t\t\t\t\t\t\t<ul>\n<li><a href=\"https:\/\/vimcar.de\/boxenstopp\/ressourcenbereich\/elektronisches-fahrtenbuch-vergleich\/\">Elektronisches Fahrtenbuch Vergleich&nbsp;<\/a><\/li><li><a href=\"https:\/\/vimcar.de\/boxenstopp\/lexikon\/1-prozent-regelung\/\">1 % Regelung<\/a><\/li>\n<li><a href=\"https:\/\/vimcar.de\/fahrtenbuch\/apps\">Fahrtenbuch Apps<\/a><\/li>\n<li><a href=\"https:\/\/vimcar.de\/boxenstopp\/lexikon\/fahrtenbuch-fuehren\/\">Fahrtenbuch f\u00fchren<\/a><\/li>\n<li><a href=\"https:\/\/vimcar.de\/fahrtenbuch\/firmenwagenrechner\">Firmenwagenrechner<\/a><\/li>\n<li><a href=\"https:\/\/vimcar.de\/fahrtenbuch\/fahrtenbuchsoftware\">Fahrtenbuchsoftware<\/a><\/li>\n<li><a href=\"https:\/\/vimcar.de\/boxenstopp\/lexikon\/fahrtenkategorien\/\">Fahrtenkategorien<\/a><\/li>\n<\/ul>\t\t\t\t\t\t<\/div>\n\t\t\t\t<\/div>\n\t\t\t\t\t<\/div>\n\t\t<\/div>\n\t\t\t\t\t<\/div>\n\t\t<\/section>\n\t\t\t\t<\/div>\n\t\t\t\t<\/div>\n\t\t\t\t<\/div>\n\t\t\t\t<\/div>\n\t\t\t\t\t<\/div>\n\t\t<\/div>\n\t\t\t\t\t<\/div>\n\t\t<\/section>\n\t\t\t\t<\/div>\n\t\t","protected":false},"excerpt":{"rendered":"<p>Spesen bezeichnen die Kosten die ein Arbeitnehmer beispielsweise im Rahmen einer Gesch\u00e4ftsreise hat und die der Arbeitgeber \u00fcbernehmen muss. Spesenabrechnung Teuer ist die Verpflegung unterwegs. Welchen Verpflegungsmehraufwand hat der Arbeitgeber zu erstatten? Welche Spesen werden vom Finanzamt anerkannt? F\u00fcr Fuhrparkbetreiber und Verantwortliche sind Spesen ein relevanter Posten unter den Betriebsausgaben. Die wichtigsten Informationen \u00fcber gesetzliche [&hellip;]<\/p>\n","protected":false},"author":30,"featured_media":0,"parent":4813,"menu_order":0,"comment_status":"closed","ping_status":"closed","template":"","meta":{"footnotes":"","_wp_rev_ctl_limit":""},"yoast_head":"<!-- This site is optimized with the Yoast SEO Premium plugin v21.5 (Yoast SEO v21.5) - https:\/\/yoast.com\/wordpress\/plugins\/seo\/ -->\n<title>Spesenabrechnung | Lexikonartikel - Vimcar Boxenstopp<\/title>\n<meta name=\"description\" content=\"Lesen Sie den Lexikonartikel zu dem Begriff Spesen und erfahren, welche Kosten Sie vom Arbeitgeber zur\u00fcckerstattet bekommen k\u00f6nnen.\" \/>\n<meta name=\"robots\" content=\"index, follow, max-snippet:-1, max-image-preview:large, max-video-preview:-1\" \/>\n<link rel=\"canonical\" href=\"https:\/\/vimcar.de\/boxenstopp\/lexikon\/spesen\/\" \/>\n<meta property=\"og:locale\" content=\"de_DE\" \/>\n<meta property=\"og:type\" content=\"article\" \/>\n<meta property=\"og:title\" content=\"Spesen\" \/>\n<meta property=\"og:description\" content=\"Lesen Sie den Lexikonartikel zu dem Begriff Spesen und erfahren, welche Kosten Sie vom Arbeitgeber zur\u00fcckerstattet bekommen k\u00f6nnen.\" \/>\n<meta property=\"og:url\" content=\"https:\/\/vimcar.de\/boxenstopp\/lexikon\/spesen\/\" \/>\n<meta property=\"og:site_name\" content=\"Vimcar Boxenstopp\" \/>\n<meta property=\"article:publisher\" content=\"https:\/\/www.facebook.com\/vimcar\" \/>\n<meta property=\"article:modified_time\" content=\"2024-03-12T14:32:41+00:00\" \/>\n<meta name=\"twitter:card\" content=\"summary_large_image\" \/>\n<meta name=\"twitter:site\" content=\"@goVimcar\" \/>\n<meta name=\"twitter:label1\" content=\"Gesch\u00e4tzte Lesezeit\" \/>\n\t<meta name=\"twitter:data1\" content=\"5\u00a0Minuten\" \/>\n<!-- \/ Yoast SEO Premium plugin. -->","yoast_head_json":{"title":"Spesenabrechnung | Lexikonartikel - Vimcar Boxenstopp","description":"Lesen Sie den Lexikonartikel zu dem Begriff Spesen und erfahren, welche Kosten Sie vom Arbeitgeber zur\u00fcckerstattet bekommen k\u00f6nnen.","robots":{"index":"index","follow":"follow","max-snippet":"max-snippet:-1","max-image-preview":"max-image-preview:large","max-video-preview":"max-video-preview:-1"},"canonical":"https:\/\/vimcar.de\/boxenstopp\/lexikon\/spesen\/","og_locale":"de_DE","og_type":"article","og_title":"Spesen","og_description":"Lesen Sie den Lexikonartikel zu dem Begriff Spesen und erfahren, welche Kosten Sie vom Arbeitgeber zur\u00fcckerstattet bekommen k\u00f6nnen.","og_url":"https:\/\/vimcar.de\/boxenstopp\/lexikon\/spesen\/","og_site_name":"Vimcar Boxenstopp","article_publisher":"https:\/\/www.facebook.com\/vimcar","article_modified_time":"2024-03-12T14:32:41+00:00","twitter_card":"summary_large_image","twitter_site":"@goVimcar","twitter_misc":{"Gesch\u00e4tzte Lesezeit":"5\u00a0Minuten"},"schema":{"@context":"https:\/\/schema.org","@graph":[{"@type":"WebPage","@id":"https:\/\/vimcar.de\/boxenstopp\/lexikon\/spesen\/","url":"https:\/\/vimcar.de\/boxenstopp\/lexikon\/spesen\/","name":"Spesenabrechnung | Lexikonartikel - Vimcar Boxenstopp","isPartOf":{"@id":"https:\/\/vimcar.de\/boxenstopp\/#website"},"datePublished":"2019-05-13T09:55:48+00:00","dateModified":"2024-03-12T14:32:41+00:00","description":"Lesen Sie den Lexikonartikel zu dem Begriff Spesen und erfahren, welche Kosten Sie vom Arbeitgeber zur\u00fcckerstattet bekommen k\u00f6nnen.","breadcrumb":{"@id":"https:\/\/vimcar.de\/boxenstopp\/lexikon\/spesen\/#breadcrumb"},"inLanguage":"de","potentialAction":[{"@type":"ReadAction","target":["https:\/\/vimcar.de\/boxenstopp\/lexikon\/spesen\/"]}]},{"@type":"BreadcrumbList","@id":"https:\/\/vimcar.de\/boxenstopp\/lexikon\/spesen\/#breadcrumb","itemListElement":[{"@type":"ListItem","position":1,"name":"Startseite","item":"https:\/\/vimcar.de\/boxenstopp\/"},{"@type":"ListItem","position":2,"name":"Das Fuhrparklexikon","item":"https:\/\/vimcar.de\/boxenstopp\/lexikon\/"},{"@type":"ListItem","position":3,"name":"Spesen"}]},{"@type":"WebSite","@id":"https:\/\/vimcar.de\/boxenstopp\/#website","url":"https:\/\/vimcar.de\/boxenstopp\/","name":"Vimcar Boxenstopp","description":"- Die Lernplattform f\u00fcr Fuhrparkleiter","publisher":{"@id":"https:\/\/vimcar.de\/boxenstopp\/#organization"},"potentialAction":[{"@type":"SearchAction","target":{"@type":"EntryPoint","urlTemplate":"https:\/\/vimcar.de\/boxenstopp\/?s={search_term_string}"},"query-input":"required name=search_term_string"}],"inLanguage":"de"},{"@type":"Organization","@id":"https:\/\/vimcar.de\/boxenstopp\/#organization","name":"Vimcar Boxenstopp - Fuhrparkwissen","url":"https:\/\/vimcar.de\/boxenstopp\/","logo":{"@type":"ImageObject","inLanguage":"de","@id":"https:\/\/vimcar.de\/boxenstopp\/#\/schema\/logo\/image\/","url":"https:\/\/vimcar.de\/boxenstopp\/wp-content\/uploads\/2020\/10\/logo-vimcar-boxenstopp.png","contentUrl":"https:\/\/vimcar.de\/boxenstopp\/wp-content\/uploads\/2020\/10\/logo-vimcar-boxenstopp.png","width":250,"height":50,"caption":"Vimcar Boxenstopp - Fuhrparkwissen"},"image":{"@id":"https:\/\/vimcar.de\/boxenstopp\/#\/schema\/logo\/image\/"},"sameAs":["https:\/\/www.facebook.com\/vimcar","https:\/\/twitter.com\/goVimcar","https:\/\/www.instagram.com\/vimcar_official\/","https:\/\/de.linkedin.com\/company\/vimcar","https:\/\/www.pinterest.de\/vimcar\/","https:\/\/www.youtube.com\/channel\/UCWRajoA7OnWsAw-ezAahZPg"]}]}},"_links":{"self":[{"href":"https:\/\/vimcar.de\/boxenstopp\/wp-json\/wp\/v2\/pages\/1682"}],"collection":[{"href":"https:\/\/vimcar.de\/boxenstopp\/wp-json\/wp\/v2\/pages"}],"about":[{"href":"https:\/\/vimcar.de\/boxenstopp\/wp-json\/wp\/v2\/types\/page"}],"author":[{"embeddable":true,"href":"https:\/\/vimcar.de\/boxenstopp\/wp-json\/wp\/v2\/users\/30"}],"replies":[{"embeddable":true,"href":"https:\/\/vimcar.de\/boxenstopp\/wp-json\/wp\/v2\/comments?post=1682"}],"version-history":[{"count":3,"href":"https:\/\/vimcar.de\/boxenstopp\/wp-json\/wp\/v2\/pages\/1682\/revisions"}],"predecessor-version":[{"id":48980,"href":"https:\/\/vimcar.de\/boxenstopp\/wp-json\/wp\/v2\/pages\/1682\/revisions\/48980"}],"up":[{"embeddable":true,"href":"https:\/\/vimcar.de\/boxenstopp\/wp-json\/wp\/v2\/pages\/4813"}],"wp:attachment":[{"href":"https:\/\/vimcar.de\/boxenstopp\/wp-json\/wp\/v2\/media?parent=1682"}],"curies":[{"name":"wp","href":"https:\/\/api.w.org\/{rel}","templated":true}]}}