{"id":18523,"date":"2020-12-31T13:56:26","date_gmt":"2020-12-31T12:56:26","guid":{"rendered":"https:\/\/vimcar.de\/boxenstopp\/?page_id=18523"},"modified":"2024-05-07T12:01:32","modified_gmt":"2024-05-07T10:01:32","slug":"nachhaltigkeitsreport","status":"publish","type":"page","link":"https:\/\/vimcar.de\/boxenstopp\/lexikon\/nachhaltigkeitsreport\/","title":{"rendered":"Nachhaltigkeitsreport"},"content":{"rendered":"\t\t<div data-elementor-type=\"wp-page\" data-elementor-id=\"18523\" class=\"elementor elementor-18523\" data-elementor-post-type=\"page\">\n\t\t\t\t\t\t<section class=\"elementor-section elementor-top-section elementor-element elementor-element-39947aa elementor-section-boxed elementor-section-height-default elementor-section-height-default\" data-id=\"39947aa\" data-element_type=\"section\">\n\t\t\t\t\t\t<div class=\"elementor-container elementor-column-gap-default\">\n\t\t\t\t\t<div class=\"elementor-column elementor-col-100 elementor-top-column elementor-element elementor-element-6d424fe\" data-id=\"6d424fe\" data-element_type=\"column\">\n\t\t\t<div class=\"elementor-widget-wrap elementor-element-populated\">\n\t\t\t\t\t\t<div class=\"elementor-element elementor-element-4504dc2 elementor-widget elementor-widget-text-editor\" data-id=\"4504dc2\" data-element_type=\"widget\" data-widget_type=\"text-editor.default\">\n\t\t\t\t<div class=\"elementor-widget-container\">\n\t\t\t\t\t\t\t<p><i><span style=\"font-weight: 400;\">Unternehmen, die nicht zur Erstellung eines <a href=\"https:\/\/vimcar.de\/boxenstopp\/blog\/nachhaltigkeitsbericht\/\">Nachhaltigkeitsberichts<\/a> verpflichtet sind, k\u00f6nnen freiwillig einen Nachhaltigkeitsreport erstellen. Unternehmen k\u00f6nnen den Nachhaltigkeitsreport erstellen, um ihre Ziele im Bezug auf die Nachhaltigkeit aufzuzeigen. <\/span><\/i><\/p>\t\t\t\t\t\t<\/div>\n\t\t\t\t<\/div>\n\t\t\t\t\t<\/div>\n\t\t<\/div>\n\t\t\t\t\t<\/div>\n\t\t<\/section>\n\t\t\t\t<section class=\"elementor-section elementor-top-section elementor-element elementor-element-ca8e75c elementor-section-boxed elementor-section-height-default elementor-section-height-default\" data-id=\"ca8e75c\" data-element_type=\"section\">\n\t\t\t\t\t\t<div class=\"elementor-container elementor-column-gap-default\">\n\t\t\t\t\t<div class=\"elementor-column elementor-col-100 elementor-top-column elementor-element elementor-element-706c15f\" data-id=\"706c15f\" data-element_type=\"column\">\n\t\t\t<div class=\"elementor-widget-wrap elementor-element-populated\">\n\t\t\t\t\t\t<section class=\"elementor-section elementor-inner-section elementor-element elementor-element-4bd263e elementor-section-boxed elementor-section-height-default elementor-section-height-default\" data-id=\"4bd263e\" data-element_type=\"section\">\n\t\t\t\t\t\t<div class=\"elementor-container elementor-column-gap-default\">\n\t\t\t\t\t<div class=\"elementor-column elementor-col-50 elementor-inner-column elementor-element elementor-element-4da336e\" data-id=\"4da336e\" data-element_type=\"column\">\n\t\t\t<div class=\"elementor-widget-wrap elementor-element-populated\">\n\t\t\t\t\t\t<div class=\"elementor-element elementor-element-ec1ceff elementor-widget elementor-widget-heading\" data-id=\"ec1ceff\" data-element_type=\"widget\" data-widget_type=\"heading.default\">\n\t\t\t\t<div class=\"elementor-widget-container\">\n\t\t\t<h2 class=\"elementor-heading-title elementor-size-default\">Wer kann einen Nachhaltigkeitsreport erstellen? <\/h2>\t\t<\/div>\n\t\t\t\t<\/div>\n\t\t\t\t<div class=\"elementor-element elementor-element-18f8b6b elementor-widget elementor-widget-text-editor\" data-id=\"18f8b6b\" data-element_type=\"widget\" data-widget_type=\"text-editor.default\">\n\t\t\t\t<div class=\"elementor-widget-container\">\n\t\t\t\t\t\t\t<p><span style=\"font-weight: 400;\">Unternehmen, die weniger als 500 Mitarbeiter pro Gesch\u00e4ftsjahr besch\u00e4ftigen, deren Umsatzerl\u00f6se sich auf weniger als 40 Mio. Euro belaufen und deren Bilanzsumme weniger als 20 Mio. betr\u00e4gt, sind von der Pflicht zur Erstellung eines Nachhaltigkeitsberichts befreit. Dennoch k\u00f6nnen die Unternehmen ihre Nachhaltigkeitsziele in Form eines Nachhaltigkeitsreports darstellen und f\u00fcr die \u00d6ffentlichkeit zur Verf\u00fcgung stellen. F\u00fcr diesen Report gibt es keine verpflichtenden Richtlinien. Die Unternehmen k\u00f6nnen sich hier die <a href=\"https:\/\/sdgs.un.org\/goals\" target=\"_blank\" rel=\"noopener\">Sustainable Development Goals (SDG)<\/a> als Hilfestellung bei der Strukturierung des Nachhaltigkeitsreports zur Hand nehmen. Viele Unternehmen orientieren sich au\u00dferdem an den Richtlinien der <a href=\"https:\/\/www.globalreporting.org\/\" target=\"_blank\" rel=\"noopener\">Global Reporting Initiative (GRI)<\/a>.<\/span><\/p>\t\t\t\t\t\t<\/div>\n\t\t\t\t<\/div>\n\t\t\t\t<div class=\"elementor-element elementor-element-dc88ec8 elementor-widget elementor-widget-heading\" data-id=\"dc88ec8\" data-element_type=\"widget\" data-widget_type=\"heading.default\">\n\t\t\t\t<div class=\"elementor-widget-container\">\n\t\t\t<h2 class=\"elementor-heading-title elementor-size-default\">Vorteile der Erstellung eines Nachhaltigkeitsreports<\/h2>\t\t<\/div>\n\t\t\t\t<\/div>\n\t\t\t\t<div class=\"elementor-element elementor-element-1d08db4 elementor-widget elementor-widget-text-editor\" data-id=\"1d08db4\" data-element_type=\"widget\" data-widget_type=\"text-editor.default\">\n\t\t\t\t<div class=\"elementor-widget-container\">\n\t\t\t\t\t\t\t<p><span style=\"font-weight: 400;\">Das Thema Nachhaltigkeit ist im Allgemeinen ein wichtiges Thema und wird von vielen Unternehmen bereits in die Unternehmensmission mit eingebunden. Ein Grund f\u00fcr die Erstellung eines Nachhaltigkeitsreports und somit die Pr\u00e4sentation der Umsetzung von Nachhaltigkeitskonzepten im Unternehmen kann dem Image des Unternehmens beisteuern. Durch die Bekanntgabe der Nachhaltigkeitsziele des Unternehmens kann dieses sich ein gutes Unternehmensbild auf dem Markt, bei der Zielgruppe und anderen Stakeholdern verschaffen. <\/span><\/p>\t\t\t\t\t\t<\/div>\n\t\t\t\t<\/div>\n\t\t\t\t\t<\/div>\n\t\t<\/div>\n\t\t\t\t<div class=\"elementor-column elementor-col-50 elementor-inner-column elementor-element elementor-element-0df2fa1\" data-id=\"0df2fa1\" data-element_type=\"column\">\n\t\t\t<div class=\"elementor-widget-wrap elementor-element-populated\">\n\t\t\t\t\t\t<div class=\"elementor-element elementor-element-18994fd elementor-widget elementor-widget-image\" data-id=\"18994fd\" data-element_type=\"widget\" data-widget_type=\"image.default\">\n\t\t\t\t<div class=\"elementor-widget-container\">\n\t\t\t\t\t\t\t\t\t\t\t\t\t<img fetchpriority=\"high\" decoding=\"async\" width=\"724\" height=\"1024\" src=\"https:\/\/vimcar.de\/boxenstopp\/wp-content\/uploads\/2020\/12\/Nachhalitskeitsbericht-vs.-Nachhaltigkeitsreport-1-724x1024.jpg\" class=\"attachment-large size-large wp-image-18525\" alt=\"Infografik Nachhaltigkeitsreport\" srcset=\"https:\/\/vimcar.de\/boxenstopp\/wp-content\/uploads\/2020\/12\/Nachhalitskeitsbericht-vs.-Nachhaltigkeitsreport-1-724x1024.jpg 724w, https:\/\/vimcar.de\/boxenstopp\/wp-content\/uploads\/2020\/12\/Nachhalitskeitsbericht-vs.-Nachhaltigkeitsreport-1-212x300.jpg 212w, https:\/\/vimcar.de\/boxenstopp\/wp-content\/uploads\/2020\/12\/Nachhalitskeitsbericht-vs.-Nachhaltigkeitsreport-1-768x1086.jpg 768w, https:\/\/vimcar.de\/boxenstopp\/wp-content\/uploads\/2020\/12\/Nachhalitskeitsbericht-vs.-Nachhaltigkeitsreport-1-1086x1536.jpg 1086w, https:\/\/vimcar.de\/boxenstopp\/wp-content\/uploads\/2020\/12\/Nachhalitskeitsbericht-vs.-Nachhaltigkeitsreport-1-17x24.jpg 17w, https:\/\/vimcar.de\/boxenstopp\/wp-content\/uploads\/2020\/12\/Nachhalitskeitsbericht-vs.-Nachhaltigkeitsreport-1-25x36.jpg 25w, https:\/\/vimcar.de\/boxenstopp\/wp-content\/uploads\/2020\/12\/Nachhalitskeitsbericht-vs.-Nachhaltigkeitsreport-1-34x48.jpg 34w, https:\/\/vimcar.de\/boxenstopp\/wp-content\/uploads\/2020\/12\/Nachhalitskeitsbericht-vs.-Nachhaltigkeitsreport-1.jpg 707w\" sizes=\"(max-width: 724px) 100vw, 724px\" \/>\t\t\t\t\t\t\t\t\t\t\t\t\t<\/div>\n\t\t\t\t<\/div>\n\t\t\t\t\t<\/div>\n\t\t<\/div>\n\t\t\t\t\t<\/div>\n\t\t<\/section>\n\t\t\t\t\t<\/div>\n\t\t<\/div>\n\t\t\t\t\t<\/div>\n\t\t<\/section>\n\t\t\t\t<section class=\"elementor-section elementor-top-section elementor-element elementor-element-4c26e11 elementor-section-boxed elementor-section-height-default elementor-section-height-default\" data-id=\"4c26e11\" data-element_type=\"section\">\n\t\t\t\t\t\t<div class=\"elementor-container elementor-column-gap-default\">\n\t\t\t\t\t<div class=\"elementor-column elementor-col-100 elementor-top-column elementor-element elementor-element-7e04815\" data-id=\"7e04815\" data-element_type=\"column\">\n\t\t\t<div class=\"elementor-widget-wrap elementor-element-populated\">\n\t\t\t\t\t\t<div class=\"elementor-element elementor-element-c5ec4c4 elementor-widget elementor-widget-heading\" data-id=\"c5ec4c4\" data-element_type=\"widget\" data-widget_type=\"heading.default\">\n\t\t\t\t<div class=\"elementor-widget-container\">\n\t\t\t<h2 class=\"elementor-heading-title elementor-size-default\">Nachhaltigkeitsreport mit Fuhrparksoftware erstellen<\/h2>\t\t<\/div>\n\t\t\t\t<\/div>\n\t\t\t\t<div class=\"elementor-element elementor-element-24dbc80 elementor-widget elementor-widget-text-editor\" data-id=\"24dbc80\" data-element_type=\"widget\" data-widget_type=\"text-editor.default\">\n\t\t\t\t<div class=\"elementor-widget-container\">\n\t\t\t\t\t\t\t<p>Um einen Nachhaltigkeitsreport\u00a0 zu erstellen, k\u00f6nnen Unternehmen eine Fuhrparksoftware einsetzen. Die Software misst den CO2 Aussto\u00df der Fahrzeuge und hilft dabei, den Erfolg von Ma\u00dfnahmen zu ermitteln. Gleichzeitig k\u00f6nnen weitere Funktionen bei der F\u00f6rderung der Nachhaltigkeit helfen. Ist eine Fahrzeug- und Tourenkoordination m\u00f6glich, sind doppelte Wegstrecken und ein unn\u00f6tiger CO2-Verbrauch vermeidbar. Zus\u00e4tzlich helfen digitale Fahrzeugakten und elektronische Fahrtenb\u00fccher dabei, den Papierverbrauch zu reduzieren. Folgende Brosch\u00fcre zeigt auf, welche M\u00f6glichkeiten eine Fuhrparksoftware bietet.<\/p>\t\t\t\t\t\t<\/div>\n\t\t\t\t<\/div>\n\t\t\t\t<div class=\"elementor-element elementor-element-9094154 elementor-widget elementor-widget-heading\" data-id=\"9094154\" data-element_type=\"widget\" data-widget_type=\"heading.default\">\n\t\t\t\t<div class=\"elementor-widget-container\">\n\t\t\t<h2 class=\"elementor-heading-title elementor-size-default\">Alles zum Thema Nachhaltigkeit<\/h2>\t\t<\/div>\n\t\t\t\t<\/div>\n\t\t\t\t\t<\/div>\n\t\t<\/div>\n\t\t\t\t\t<\/div>\n\t\t<\/section>\n\t\t\t\t<section class=\"elementor-section elementor-top-section elementor-element elementor-element-b72e1eb elementor-section-boxed elementor-section-height-default elementor-section-height-default\" data-id=\"b72e1eb\" data-element_type=\"section\">\n\t\t\t\t\t\t<div class=\"elementor-container elementor-column-gap-default\">\n\t\t\t\t\t<div class=\"elementor-column elementor-col-50 elementor-top-column elementor-element elementor-element-f3d54ba\" data-id=\"f3d54ba\" data-element_type=\"column\">\n\t\t\t<div class=\"elementor-widget-wrap elementor-element-populated\">\n\t\t\t\t\t\t<div class=\"elementor-element elementor-element-3f42c1e elementor-widget elementor-widget-text-editor\" data-id=\"3f42c1e\" data-element_type=\"widget\" data-widget_type=\"text-editor.default\">\n\t\t\t\t<div class=\"elementor-widget-container\">\n\t\t\t\t\t\t\t<ul><li>Checkliste zur\u00a0<a href=\"https:\/\/vimcar.de\/boxenstopp\/ressourcenbereich\/checkliste-implementierung-ladeinfrastruktur\/\">Implementierung einer Ladeinfrastruktur<\/a><\/li><li><a href=\"https:\/\/vimcar.de\/boxenstopp\/blog\/foerderungen-fuer-elektrofahrzeuge-im-fuhrpark\/\">F\u00f6rderungen f\u00fcr Elektrofahrzeuge im Fuhrpark<\/a><\/li><li><a href=\"https:\/\/vimcar.de\/boxenstopp\/blog\/firmenwagenversteuerung-elektroautos\/\">Firmenwagenversteuerung von Elektroautos<\/a><\/li><li>Welche\u00a0<a href=\"https:\/\/vimcar.de\/boxenstopp\/blog\/welche-massnahmen-tragen-zur-umweltschonung-bei-im-fuhrpark\/\">Ma\u00dfnahmen tragen zur Umweltschonung bei im Fuhrpark?<\/a><\/li><li><a href=\"https:\/\/vimcar.de\/boxenstopp\/blog\/outcome-klimapaket\/\">Outcome Klimapaket<\/a><\/li><li><a href=\"https:\/\/vimcar.de\/boxenstopp\/lexikon\/co2-obergrenze-was-gibt-es-zu-beachten\/\">CO2 Obergrenze<\/a><\/li><li><a href=\"https:\/\/vimcar.de\/boxenstopp\/nachhaltigkeit-im-fuhrpark\/\">Nachhaltigkeit im Fuhrpark<\/a><\/li><li><a href=\"https:\/\/vimcar.de\/boxenstopp\/blog\/fuhrpark-der-zukunft\/\">Fuhrpark der Zukunft<\/a><\/li><li><a href=\"https:\/\/vimcar.de\/boxenstopp\/lexikon\/mobilitaetshilfenverordnung\/\">Mobilit\u00e4tshilfenverordnung<\/a><\/li><li><a href=\"https:\/\/vimcar.de\/boxenstopp\/blog\/co2-bilanz-kosten-sparen\/\" target=\"_blank\" rel=\"noopener\">Gute CO2 Bilanz &amp; Kosten sparen<\/a><\/li><li><a href=\"https:\/\/vimcar.de\/boxenstopp\/blog\/co2-richtlinien-schweiz\/\" target=\"_blank\" rel=\"noopener\">CO2 Richtlinie Schweiz<\/a><\/li><li><a href=\"https:\/\/vimcar.de\/boxenstopp\/blog\/co2-steuer-2021\/\" target=\"_blank\" rel=\"noopener\">CO2 Steuer 2021<\/a><\/li><li><a href=\"https:\/\/vimcar.de\/boxenstopp\/blog\/foerderung-lastenrad\/\">F\u00f6rderungen f\u00fcr Lastenr\u00e4der<\/a><\/li><li><a href=\"https:\/\/vimcar.de\/boxenstopp\/lexikon\/umweltplakette\/\">Umweltplakette<\/a><\/li><\/ul>\t\t\t\t\t\t<\/div>\n\t\t\t\t<\/div>\n\t\t\t\t\t<\/div>\n\t\t<\/div>\n\t\t\t\t<div class=\"elementor-column elementor-col-50 elementor-top-column elementor-element elementor-element-3c5566f\" data-id=\"3c5566f\" data-element_type=\"column\">\n\t\t\t<div class=\"elementor-widget-wrap elementor-element-populated\">\n\t\t\t\t\t\t<div class=\"elementor-element elementor-element-a278414 elementor-widget elementor-widget-text-editor\" data-id=\"a278414\" data-element_type=\"widget\" data-widget_type=\"text-editor.default\">\n\t\t\t\t<div class=\"elementor-widget-container\">\n\t\t\t\t\t\t\t<ul><li><a href=\"https:\/\/vimcar.de\/boxenstopp\/lexikon\/mikromobilitaet\/\">Mikromobilit\u00e4t<\/a><\/li><li><a href=\"https:\/\/vimcar.de\/boxenstopp\/blog\/elektrofahrzeuge-im-fuhrpark\/\">Elektroautos im Fuhrpark<\/a><\/li><li><a href=\"https:\/\/vimcar.de\/boxenstopp\/blog\/alternative-antriebe\/\">Alternative Antriebe<\/a><\/li><li><a href=\"https:\/\/vimcar.de\/boxenstopp\/blog\/tipps-nachhaltige-fuhrpark-strategie\/\">Tipps f\u00fcr nachhaltigere Fuhrpark-Strategie<\/a><\/li><li><a href=\"https:\/\/vimcar.de\/boxenstopp\/lexikon\/telematiksystem\/\">Telematiksystem<\/a><\/li><li><a href=\"https:\/\/vimcar.de\/boxenstopp\/lexikon\/gps-ortungssystem\/\">Ortungssysteme<\/a><\/li><li><a href=\"https:\/\/vimcar.de\/boxenstopp\/blog\/mobilitaet-nach-der-krise-was-wird-corona-aendern\/\">Mobilit\u00e4t in der Krise: Was wird Corona ver\u00e4ndern?<\/a><\/li><li><a href=\"https:\/\/vimcar.de\/boxenstopp\/blog\/dienstraeder-im-fuhrpark\/\">Dienstr\u00e4der im Fuhrpark<\/a><\/li><li><a href=\"https:\/\/vimcar.de\/boxenstopp\/lexikon\/mobilitaetsbudget\/\">Mobilit\u00e4tsbudget<\/a><\/li><li><a href=\"https:\/\/vimcar.de\/boxenstopp\/lexikon\/mobilitaetsmanager\/\" target=\"_blank\" rel=\"noopener\">Mobilit\u00e4tsmanager<\/a><\/li><li><a href=\"https:\/\/vimcar.de\/boxenstopp\/lexikon\/ladestation\/\">Ladestation<\/a><\/li><li><a href=\"https:\/\/vimcar.de\/boxenstopp\/lexikon\/co2-aequivalent\/\" target=\"_blank\" rel=\"noopener\">CO2 \u00c4quivalent<\/a><\/li><li><a href=\"https:\/\/vimcar.de\/boxenstopp\/blog\/foerderung-lastenrad\/\">CO2 Einsparungen im Fuhrpark<\/a><\/li><li><a href=\"https:\/\/vimcar.de\/boxenstopp\/blog\/kraftfahrzeugsteuergesetz-2021\/\">Kraftfahrzeugsteuergesetz \u2013 Das \u00e4ndert sich 2021<\/a><\/li><\/ul>\t\t\t\t\t\t<\/div>\n\t\t\t\t<\/div>\n\t\t\t\t\t<\/div>\n\t\t<\/div>\n\t\t\t\t\t<\/div>\n\t\t<\/section>\n\t\t\t\t<\/div>\n\t\t","protected":false},"excerpt":{"rendered":"<p>Unternehmen, die nicht zur Erstellung eines Nachhaltigkeitsberichts verpflichtet sind, k\u00f6nnen freiwillig einen Nachhaltigkeitsreport erstellen. Unternehmen k\u00f6nnen den Nachhaltigkeitsreport erstellen, um ihre Ziele im Bezug auf die Nachhaltigkeit aufzuzeigen. Wer kann einen Nachhaltigkeitsreport erstellen? Unternehmen, die weniger als 500 Mitarbeiter pro Gesch\u00e4ftsjahr besch\u00e4ftigen, deren Umsatzerl\u00f6se sich auf weniger als 40 Mio. Euro belaufen und deren Bilanzsumme [&hellip;]<\/p>\n","protected":false},"author":30,"featured_media":0,"parent":4813,"menu_order":0,"comment_status":"closed","ping_status":"closed","template":"","meta":{"footnotes":"","_wp_rev_ctl_limit":""},"yoast_head":"<!-- This site is optimized with the Yoast SEO Premium plugin v21.5 (Yoast SEO v21.5) - https:\/\/yoast.com\/wordpress\/plugins\/seo\/ -->\n<title>Nachhaltigkeitsreport - Vimcar Boxenstopp<\/title>\n<meta name=\"description\" content=\"Im Nachhaltigkeitsreport k\u00f6nnen Unternehmen ihre Nachhaltigkeitsziele dokumentieren. Wie Sie diesen Bericht erstellen erfahren Sie hier.\" \/>\n<meta name=\"robots\" content=\"index, follow, max-snippet:-1, max-image-preview:large, max-video-preview:-1\" \/>\n<link rel=\"canonical\" href=\"https:\/\/vimcar.de\/boxenstopp\/lexikon\/nachhaltigkeitsreport\/\" \/>\n<meta property=\"og:locale\" content=\"de_DE\" \/>\n<meta property=\"og:type\" content=\"article\" \/>\n<meta property=\"og:title\" content=\"Nachhaltigkeitsreport\" \/>\n<meta property=\"og:description\" content=\"Im Nachhaltigkeitsreport k\u00f6nnen Unternehmen ihre Nachhaltigkeitsziele dokumentieren. Wie Sie diesen Bericht erstellen erfahren Sie hier.\" \/>\n<meta property=\"og:url\" content=\"https:\/\/vimcar.de\/boxenstopp\/lexikon\/nachhaltigkeitsreport\/\" \/>\n<meta property=\"og:site_name\" content=\"Vimcar Boxenstopp\" \/>\n<meta property=\"article:publisher\" content=\"https:\/\/www.facebook.com\/vimcar\" \/>\n<meta property=\"article:modified_time\" content=\"2024-05-07T10:01:32+00:00\" \/>\n<meta property=\"og:image\" content=\"https:\/\/vimcar.de\/boxenstopp\/wp-content\/uploads\/2020\/12\/Nachhalitskeitsbericht-vs.-Nachhaltigkeitsreport-1-724x1024.jpg\" \/>\n<meta name=\"twitter:card\" content=\"summary_large_image\" \/>\n<meta name=\"twitter:site\" content=\"@goVimcar\" \/>\n<meta name=\"twitter:label1\" content=\"Gesch\u00e4tzte Lesezeit\" \/>\n\t<meta name=\"twitter:data1\" content=\"3\u00a0Minuten\" \/>\n<!-- \/ Yoast SEO Premium plugin. -->","yoast_head_json":{"title":"Nachhaltigkeitsreport - Vimcar Boxenstopp","description":"Im Nachhaltigkeitsreport k\u00f6nnen Unternehmen ihre Nachhaltigkeitsziele dokumentieren. Wie Sie diesen Bericht erstellen erfahren Sie hier.","robots":{"index":"index","follow":"follow","max-snippet":"max-snippet:-1","max-image-preview":"max-image-preview:large","max-video-preview":"max-video-preview:-1"},"canonical":"https:\/\/vimcar.de\/boxenstopp\/lexikon\/nachhaltigkeitsreport\/","og_locale":"de_DE","og_type":"article","og_title":"Nachhaltigkeitsreport","og_description":"Im Nachhaltigkeitsreport k\u00f6nnen Unternehmen ihre Nachhaltigkeitsziele dokumentieren. Wie Sie diesen Bericht erstellen erfahren Sie hier.","og_url":"https:\/\/vimcar.de\/boxenstopp\/lexikon\/nachhaltigkeitsreport\/","og_site_name":"Vimcar Boxenstopp","article_publisher":"https:\/\/www.facebook.com\/vimcar","article_modified_time":"2024-05-07T10:01:32+00:00","og_image":[{"url":"https:\/\/vimcar.de\/boxenstopp\/wp-content\/uploads\/2020\/12\/Nachhalitskeitsbericht-vs.-Nachhaltigkeitsreport-1-724x1024.jpg"}],"twitter_card":"summary_large_image","twitter_site":"@goVimcar","twitter_misc":{"Gesch\u00e4tzte Lesezeit":"3\u00a0Minuten"},"schema":{"@context":"https:\/\/schema.org","@graph":[{"@type":"WebPage","@id":"https:\/\/vimcar.de\/boxenstopp\/lexikon\/nachhaltigkeitsreport\/","url":"https:\/\/vimcar.de\/boxenstopp\/lexikon\/nachhaltigkeitsreport\/","name":"Nachhaltigkeitsreport - Vimcar Boxenstopp","isPartOf":{"@id":"https:\/\/vimcar.de\/boxenstopp\/#website"},"datePublished":"2020-12-31T12:56:26+00:00","dateModified":"2024-05-07T10:01:32+00:00","description":"Im Nachhaltigkeitsreport k\u00f6nnen Unternehmen ihre Nachhaltigkeitsziele dokumentieren. Wie Sie diesen Bericht erstellen erfahren Sie hier.","breadcrumb":{"@id":"https:\/\/vimcar.de\/boxenstopp\/lexikon\/nachhaltigkeitsreport\/#breadcrumb"},"inLanguage":"de","potentialAction":[{"@type":"ReadAction","target":["https:\/\/vimcar.de\/boxenstopp\/lexikon\/nachhaltigkeitsreport\/"]}]},{"@type":"BreadcrumbList","@id":"https:\/\/vimcar.de\/boxenstopp\/lexikon\/nachhaltigkeitsreport\/#breadcrumb","itemListElement":[{"@type":"ListItem","position":1,"name":"Startseite","item":"https:\/\/vimcar.de\/boxenstopp\/"},{"@type":"ListItem","position":2,"name":"Das Fuhrparklexikon","item":"https:\/\/vimcar.de\/boxenstopp\/lexikon\/"},{"@type":"ListItem","position":3,"name":"Nachhaltigkeitsreport"}]},{"@type":"WebSite","@id":"https:\/\/vimcar.de\/boxenstopp\/#website","url":"https:\/\/vimcar.de\/boxenstopp\/","name":"Vimcar Boxenstopp","description":"- Die Lernplattform f\u00fcr Fuhrparkleiter","publisher":{"@id":"https:\/\/vimcar.de\/boxenstopp\/#organization"},"potentialAction":[{"@type":"SearchAction","target":{"@type":"EntryPoint","urlTemplate":"https:\/\/vimcar.de\/boxenstopp\/?s={search_term_string}"},"query-input":"required name=search_term_string"}],"inLanguage":"de"},{"@type":"Organization","@id":"https:\/\/vimcar.de\/boxenstopp\/#organization","name":"Vimcar Boxenstopp - Fuhrparkwissen","url":"https:\/\/vimcar.de\/boxenstopp\/","logo":{"@type":"ImageObject","inLanguage":"de","@id":"https:\/\/vimcar.de\/boxenstopp\/#\/schema\/logo\/image\/","url":"https:\/\/vimcar.de\/boxenstopp\/wp-content\/uploads\/2020\/10\/logo-vimcar-boxenstopp.png","contentUrl":"https:\/\/vimcar.de\/boxenstopp\/wp-content\/uploads\/2020\/10\/logo-vimcar-boxenstopp.png","width":250,"height":50,"caption":"Vimcar Boxenstopp - Fuhrparkwissen"},"image":{"@id":"https:\/\/vimcar.de\/boxenstopp\/#\/schema\/logo\/image\/"},"sameAs":["https:\/\/www.facebook.com\/vimcar","https:\/\/twitter.com\/goVimcar","https:\/\/www.instagram.com\/vimcar_official\/","https:\/\/de.linkedin.com\/company\/vimcar","https:\/\/www.pinterest.de\/vimcar\/","https:\/\/www.youtube.com\/channel\/UCWRajoA7OnWsAw-ezAahZPg"]}]}},"_links":{"self":[{"href":"https:\/\/vimcar.de\/boxenstopp\/wp-json\/wp\/v2\/pages\/18523"}],"collection":[{"href":"https:\/\/vimcar.de\/boxenstopp\/wp-json\/wp\/v2\/pages"}],"about":[{"href":"https:\/\/vimcar.de\/boxenstopp\/wp-json\/wp\/v2\/types\/page"}],"author":[{"embeddable":true,"href":"https:\/\/vimcar.de\/boxenstopp\/wp-json\/wp\/v2\/users\/30"}],"replies":[{"embeddable":true,"href":"https:\/\/vimcar.de\/boxenstopp\/wp-json\/wp\/v2\/comments?post=18523"}],"version-history":[{"count":6,"href":"https:\/\/vimcar.de\/boxenstopp\/wp-json\/wp\/v2\/pages\/18523\/revisions"}],"predecessor-version":[{"id":50827,"href":"https:\/\/vimcar.de\/boxenstopp\/wp-json\/wp\/v2\/pages\/18523\/revisions\/50827"}],"up":[{"embeddable":true,"href":"https:\/\/vimcar.de\/boxenstopp\/wp-json\/wp\/v2\/pages\/4813"}],"wp:attachment":[{"href":"https:\/\/vimcar.de\/boxenstopp\/wp-json\/wp\/v2\/media?parent=18523"}],"curies":[{"name":"wp","href":"https:\/\/api.w.org\/{rel}","templated":true}]}}