{"id":22608,"date":"2021-04-13T14:38:33","date_gmt":"2021-04-13T12:38:33","guid":{"rendered":"https:\/\/vimcar.de\/boxenstopp\/?page_id=22608"},"modified":"2023-03-30T16:15:05","modified_gmt":"2023-03-30T14:15:05","slug":"lastmanagement","status":"publish","type":"page","link":"https:\/\/vimcar.de\/boxenstopp\/lexikon\/lastmanagement\/","title":{"rendered":"Lastmanagement"},"content":{"rendered":"\t\t<div data-elementor-type=\"wp-page\" data-elementor-id=\"22608\" class=\"elementor elementor-22608\" data-elementor-post-type=\"page\">\n\t\t\t\t\t\t<section class=\"elementor-section elementor-top-section elementor-element elementor-element-db2f5de elementor-section-boxed elementor-section-height-default elementor-section-height-default\" data-id=\"db2f5de\" data-element_type=\"section\">\n\t\t\t\t\t\t<div class=\"elementor-container elementor-column-gap-default\">\n\t\t\t\t\t<div class=\"elementor-column elementor-col-100 elementor-top-column elementor-element elementor-element-b7e3224\" data-id=\"b7e3224\" data-element_type=\"column\">\n\t\t\t<div class=\"elementor-widget-wrap elementor-element-populated\">\n\t\t\t\t\t\t<div class=\"elementor-element elementor-element-c215655 elementor-widget elementor-widget-text-editor\" data-id=\"c215655\" data-element_type=\"widget\" data-widget_type=\"text-editor.default\">\n\t\t\t\t<div class=\"elementor-widget-container\">\n\t\t\t\t\t\t\t<p><span style=\"font-weight: 400;\">Wenn im Geb\u00e4ude stromintensiv gearbeitet wird und gleichzeitig die Ladestationen mehrere Autos synchron f\u00fcllen, entstehen unweigerlich Lastspitzen \u2013 und das \u00dcberschreiten der Netzkapazit\u00e4t ist teuer. Wer viele Ladestationen hat, kommt deswegen um ein Lastmanagement nicht herum.<\/span><\/p>\t\t\t\t\t\t<\/div>\n\t\t\t\t<\/div>\n\t\t\t\t<div class=\"elementor-element elementor-element-52c8293 elementor-widget elementor-widget-heading\" data-id=\"52c8293\" data-element_type=\"widget\" data-widget_type=\"heading.default\">\n\t\t\t\t<div class=\"elementor-widget-container\">\n\t\t\t<h2 class=\"elementor-heading-title elementor-size-default\">Flexibel bleiben \u2013 Lastmanagement spart Zeit und Geld<\/h2>\t\t<\/div>\n\t\t\t\t<\/div>\n\t\t\t\t<div class=\"elementor-element elementor-element-1a1ef7d elementor-widget elementor-widget-text-editor\" data-id=\"1a1ef7d\" data-element_type=\"widget\" data-widget_type=\"text-editor.default\">\n\t\t\t\t<div class=\"elementor-widget-container\">\n\t\t\t\t\t\t\t<p>Sobald die Netzauslastung an ihre Grenze kommt und die Kapazit\u00e4ten \u00fcberschritten werden, greift das Lastmanagement ein. Es ist in der Lage, den Energiebezug gezielt zu steuern und sorgt daf\u00fcr, dass die Ladestationen genau so viel Strom beziehen, wie die Kapazit\u00e4t des Stromnetzes zum jeweiligen Zeitpunkt hergibt. Ein anderer Begriff f\u00fcr diese Steuerung ist Demand Side Management (DSM). Um dieses nutzen zu k\u00f6nnen, ben\u00f6tigen Sie eine smarte Ladestation.<\/p><p>Im Wesentlichen unterscheidet man zwei Arten des Lastmanagements: das statische und das dynamische.<\/p>\t\t\t\t\t\t<\/div>\n\t\t\t\t<\/div>\n\t\t\t\t<div class=\"elementor-element elementor-element-2e5eaf0 elementor-widget elementor-widget-heading\" data-id=\"2e5eaf0\" data-element_type=\"widget\" data-widget_type=\"heading.default\">\n\t\t\t\t<div class=\"elementor-widget-container\">\n\t\t\t<h2 class=\"elementor-heading-title elementor-size-default\">Das statische Lastmanagement<\/h2>\t\t<\/div>\n\t\t\t\t<\/div>\n\t\t\t\t<div class=\"elementor-element elementor-element-b3864bf elementor-widget elementor-widget-text-editor\" data-id=\"b3864bf\" data-element_type=\"widget\" data-widget_type=\"text-editor.default\">\n\t\t\t\t<div class=\"elementor-widget-container\">\n\t\t\t\t\t\t\t<p><span style=\"font-weight: 400;\">Die simpelste Form ist das statische. Die Summe des Strombezugs wird dabei zwischen den Ladepunkten aufgeteilt, darf aber die gesetzte Obergrenze nicht \u00fcberschreiten. Diese wiederum h\u00e4ngt vom verf\u00fcgbaren Netzanschluss ab. Wenn also etwa ein Maximum von 45 Kilowattstunden zur Verf\u00fcgung steht, werden diese auf die genutzten Ladestationen gleichm\u00e4\u00dfig verteilt. <\/span><i><span style=\"font-weight: 400;\">Je nachdem, wie viele Stationen zur selben Zeit genutzt werden, kann es also sein, dass alle Autos langsamer geladen werden, weil nicht die optimale Leistung abgegeben werden kann.<\/span><\/i><span style=\"font-weight: 400;\"> Das kostet Zeit und wirkt sich damit gegebenenfalls auf die Effizienz des ganzen Unternehmens aus.<\/span><\/p>\t\t\t\t\t\t<\/div>\n\t\t\t\t<\/div>\n\t\t\t\t<div class=\"elementor-element elementor-element-f6c3987 elementor-widget elementor-widget-heading\" data-id=\"f6c3987\" data-element_type=\"widget\" data-widget_type=\"heading.default\">\n\t\t\t\t<div class=\"elementor-widget-container\">\n\t\t\t<h2 class=\"elementor-heading-title elementor-size-default\">Das dynamische Lastmanagement<\/h2>\t\t<\/div>\n\t\t\t\t<\/div>\n\t\t\t\t<div class=\"elementor-element elementor-element-e5674ef elementor-widget elementor-widget-text-editor\" data-id=\"e5674ef\" data-element_type=\"widget\" data-widget_type=\"text-editor.default\">\n\t\t\t\t<div class=\"elementor-widget-container\">\n\t\t\t\t\t\t\t<p><span style=\"font-weight: 400;\">Im Gegensatz dazu ist beim <\/span><b>dynamischen Lastmanagement <\/b><span style=\"font-weight: 400;\">die verf\u00fcgbare Energie f\u00fcr die Ladepunkte variabel und richtet sich flexibel nach aktuellem Geb\u00e4udeverbrauch und der jeweiligen Tageszeit. Dazu braucht es einen intelligenten Stromz\u00e4hler oder einen Z\u00e4hler f\u00fcr eine registrierende Leistungsmessung (RLM) \u2013 ein sogenanntes Smart Meter. Das misst im Viertelstundentakt den Verbrauch des gesamten Standortes und kann so schnell und intelligent reagieren: Ist der Stromeinsatz im Geb\u00e4ude gering, k\u00f6nnen derweil die E-Autos schneller und mit h\u00f6herer Ladeleistung \u201agetankt\u2018 werden. <\/span><i><span style=\"font-weight: 400;\">Damit nutzen Sie immer das volle Potenzial Ihres Netzanschlusses. Zus\u00e4tzlich gibt es die M\u00f6glichkeit, ausgew\u00e4hlte Ladepunkte zu priorisieren.<\/span><\/i><span style=\"font-weight: 400;\"> Autos, die wenig Standzeit auf dem Gel\u00e4nde haben oder h\u00e4ufiger genutzt werden, k\u00f6nnen dort dann bevorzugt und schneller geladen werden. Andere Fahrzeuge, die nicht unmittelbar wieder zum Einsatz kommen m\u00fcssen, warten dann ein wenig l\u00e4nger auf den Ladestrom oder werden mit einer geringeren Ladeleistung versorgt. Mit der passenden Software haben Sie obendrein stets einen \u00dcberblick \u00fcber alle Verbr\u00e4uche und k\u00f6nnen die Kapazit\u00e4ten steuern. Mit der l\u00e4sst sich dann letztlich auch der Verbrauch jederzeit akkurat abrechnen.<\/span><\/p>\n<p><span style=\"font-weight: 400;\">So bleibt die Ladung effizient und Ihr Unternehmen umgeht die Kostenfalle der \u00dcberschreitung der Netzkapazit\u00e4t. Eine sehr gute L\u00f6sung \u2013 denn der Energieverbrauch ist je nach Tageszeit g\u00fcnstiger. Die verf\u00fcgbare Kapazit\u00e4t wird je nach Spitzen- oder Nebenzeit optimal ausgerichtet, das spart in vielen F\u00e4llen bares Geld.<\/span><\/p>\t\t\t\t\t\t<\/div>\n\t\t\t\t<\/div>\n\t\t\t\t<div class=\"elementor-element elementor-element-c8a51d5 elementor-widget elementor-widget-heading\" data-id=\"c8a51d5\" data-element_type=\"widget\" data-widget_type=\"heading.default\">\n\t\t\t\t<div class=\"elementor-widget-container\">\n\t\t\t<h2 class=\"elementor-heading-title elementor-size-default\">Alles zum Thema Nachhaltigkeit<\/h2>\t\t<\/div>\n\t\t\t\t<\/div>\n\t\t\t\t<section class=\"elementor-section elementor-inner-section elementor-element elementor-element-7fd93a2 elementor-section-boxed elementor-section-height-default elementor-section-height-default\" data-id=\"7fd93a2\" data-element_type=\"section\">\n\t\t\t\t\t\t<div class=\"elementor-container elementor-column-gap-default\">\n\t\t\t\t\t<div class=\"elementor-column elementor-col-50 elementor-inner-column elementor-element elementor-element-02a7c56\" data-id=\"02a7c56\" data-element_type=\"column\">\n\t\t\t<div class=\"elementor-widget-wrap elementor-element-populated\">\n\t\t\t\t\t\t<div class=\"elementor-element elementor-element-4cff2be elementor-widget elementor-widget-text-editor\" data-id=\"4cff2be\" data-element_type=\"widget\" data-widget_type=\"text-editor.default\">\n\t\t\t\t<div class=\"elementor-widget-container\">\n\t\t\t\t\t\t\t<ul><li>Checkliste zur\u00a0<a href=\"https:\/\/vimcar.de\/boxenstopp\/ressourcenbereich\/checkliste-implementierung-ladeinfrastruktur\/\">Implementierung einer Ladeinfrastruktur<\/a><\/li><li><a href=\"https:\/\/vimcar.de\/boxenstopp\/blog\/foerderungen-fuer-elektrofahrzeuge-im-fuhrpark\/\">F\u00f6rderungen f\u00fcr Elektrofahrzeuge im Fuhrpark<\/a><\/li><li><a href=\"https:\/\/vimcar.de\/boxenstopp\/blog\/firmenwagenversteuerung-elektroautos\/\">Firmenwagenversteuerung von Elektroautos<\/a><\/li><li>Welche\u00a0<a href=\"https:\/\/vimcar.de\/boxenstopp\/blog\/welche-massnahmen-tragen-zur-umweltschonung-bei-im-fuhrpark\/\">Ma\u00dfnahmen tragen zur Umweltschonung bei im Fuhrpark?<\/a><\/li><li><a href=\"https:\/\/vimcar.de\/boxenstopp\/blog\/outcome-klimapaket\/\">Outcome Klimapaket<\/a><\/li><li><a href=\"https:\/\/vimcar.de\/boxenstopp\/lexikon\/co2-obergrenze-was-gibt-es-zu-beachten\/\">CO2 Obergrenze<\/a><\/li><li><a href=\"https:\/\/vimcar.de\/boxenstopp\/lexikon\/mikromobilitaet\/\">Mikromobilit\u00e4t<\/a><\/li><li><a href=\"https:\/\/vimcar.de\/boxenstopp\/blog\/fuhrpark-der-zukunft\/\">Fuhrpark der Zukunft<\/a><\/li><li><a href=\"https:\/\/vimcar.de\/boxenstopp\/blog\/gefaehrdungsbeurteilung-unterweisung-eautos\/\">Gef\u00e4hrdungsbeurteilung und Fahrerunterweisung bei E-Mobilit\u00e4t<\/a><\/li><\/ul>\t\t\t\t\t\t<\/div>\n\t\t\t\t<\/div>\n\t\t\t\t\t<\/div>\n\t\t<\/div>\n\t\t\t\t<div class=\"elementor-column elementor-col-50 elementor-inner-column elementor-element elementor-element-bb46818\" data-id=\"bb46818\" data-element_type=\"column\">\n\t\t\t<div class=\"elementor-widget-wrap elementor-element-populated\">\n\t\t\t\t\t\t<div class=\"elementor-element elementor-element-7a352d1 elementor-widget elementor-widget-text-editor\" data-id=\"7a352d1\" data-element_type=\"widget\" data-widget_type=\"text-editor.default\">\n\t\t\t\t<div class=\"elementor-widget-container\">\n\t\t\t\t\t\t\t<ul><li><a href=\"https:\/\/vimcar.de\/boxenstopp\/blog\/elektrofahrzeuge-im-fuhrpark\/\">Elektroautos im Fuhrpark<\/a><\/li><li><a href=\"https:\/\/vimcar.de\/boxenstopp\/blog\/gps-system\/\">GPS Systeme<\/a><\/li><li><a href=\"https:\/\/vimcar.de\/boxenstopp\/blog\/alternative-antriebe\/\">Alternative Antriebe<\/a><\/li><li><a href=\"https:\/\/vimcar.de\/boxenstopp\/blog\/tipps-nachhaltige-fuhrpark-strategie\/\">Tipps f\u00fcr nachhaltigere Fuhrpark-Strategie<\/a><\/li><li><a href=\"https:\/\/vimcar.de\/boxenstopp\/lexikon\/telematiksystem\/\">Telematiksystem<\/a><\/li><li><a href=\"https:\/\/vimcar.de\/boxenstopp\/lexikon\/gps-ortungssystem\/\">Ortungssysteme<\/a><\/li><li><a href=\"https:\/\/vimcar.de\/boxenstopp\/blog\/mobilitaet-nach-der-krise-was-wird-corona-aendern\/\" target=\"_blank\" rel=\"noopener\">Mobilit\u00e4t in der Krise: Was wird Corona ver\u00e4ndern?<\/a><\/li><li><a href=\"https:\/\/vimcar.de\/boxenstopp\/nachhaltigkeit-im-fuhrpark\/\">Nachhaltigkeit im Fuhrpark<\/a><\/li><li><a href=\"https:\/\/vimcar.de\/boxenstopp\/blog\/dienstraeder-im-fuhrpark\/\">Dienstr\u00e4der im Fuhrpark<\/a><\/li><li><a href=\"https:\/\/vimcar.de\/boxenstopp\/lexikon\/ladestation\/\">Ladestation<\/a><\/li><\/ul>\t\t\t\t\t\t<\/div>\n\t\t\t\t<\/div>\n\t\t\t\t\t<\/div>\n\t\t<\/div>\n\t\t\t\t\t<\/div>\n\t\t<\/section>\n\t\t\t\t\t<\/div>\n\t\t<\/div>\n\t\t\t\t\t<\/div>\n\t\t<\/section>\n\t\t\t\t<\/div>\n\t\t","protected":false},"excerpt":{"rendered":"<p>Wenn im Geb\u00e4ude stromintensiv gearbeitet wird und gleichzeitig die Ladestationen mehrere Autos synchron f\u00fcllen, entstehen unweigerlich Lastspitzen \u2013 und das \u00dcberschreiten der Netzkapazit\u00e4t ist teuer. Wer viele Ladestationen hat, kommt deswegen um ein Lastmanagement nicht herum. Flexibel bleiben \u2013 Lastmanagement spart Zeit und Geld Sobald die Netzauslastung an ihre Grenze kommt und die Kapazit\u00e4ten \u00fcberschritten [&hellip;]<\/p>\n","protected":false},"author":74,"featured_media":0,"parent":4813,"menu_order":0,"comment_status":"closed","ping_status":"closed","template":"","meta":{"footnotes":"","_wp_rev_ctl_limit":""},"yoast_head":"<!-- This site is optimized with the Yoast SEO Premium plugin v21.5 (Yoast SEO v21.5) - https:\/\/yoast.com\/wordpress\/plugins\/seo\/ -->\n<title>Flexibel bleiben \u2013 Lastmanagement spart Zeit und Geld<\/title>\n<meta name=\"description\" content=\"Wer mehrere Elektrofahrzeuge gleichzeitig l\u00e4dt, kommt um ein Lastmanagement nicht herum. Jetzt informieren &amp; im Fuhrpark einsetzen!\" \/>\n<meta name=\"robots\" content=\"index, follow, max-snippet:-1, max-image-preview:large, max-video-preview:-1\" \/>\n<link rel=\"canonical\" href=\"https:\/\/vimcar.de\/boxenstopp\/lexikon\/lastmanagement\/\" \/>\n<meta property=\"og:locale\" content=\"de_DE\" \/>\n<meta property=\"og:type\" content=\"article\" \/>\n<meta property=\"og:title\" content=\"Lastmanagement\" \/>\n<meta property=\"og:description\" content=\"Wer mehrere Elektrofahrzeuge gleichzeitig l\u00e4dt, kommt um ein Lastmanagement nicht herum. Jetzt informieren &amp; im Fuhrpark einsetzen!\" \/>\n<meta property=\"og:url\" content=\"https:\/\/vimcar.de\/boxenstopp\/lexikon\/lastmanagement\/\" \/>\n<meta property=\"og:site_name\" content=\"Vimcar Boxenstopp\" \/>\n<meta property=\"article:publisher\" content=\"https:\/\/www.facebook.com\/vimcar\" \/>\n<meta property=\"article:modified_time\" content=\"2023-03-30T14:15:05+00:00\" \/>\n<meta name=\"twitter:card\" content=\"summary_large_image\" \/>\n<meta name=\"twitter:site\" content=\"@goVimcar\" \/>\n<meta name=\"twitter:label1\" content=\"Gesch\u00e4tzte Lesezeit\" \/>\n\t<meta name=\"twitter:data1\" content=\"3\u00a0Minuten\" \/>\n<!-- \/ Yoast SEO Premium plugin. -->","yoast_head_json":{"title":"Flexibel bleiben \u2013 Lastmanagement spart Zeit und Geld","description":"Wer mehrere Elektrofahrzeuge gleichzeitig l\u00e4dt, kommt um ein Lastmanagement nicht herum. Jetzt informieren & im Fuhrpark einsetzen!","robots":{"index":"index","follow":"follow","max-snippet":"max-snippet:-1","max-image-preview":"max-image-preview:large","max-video-preview":"max-video-preview:-1"},"canonical":"https:\/\/vimcar.de\/boxenstopp\/lexikon\/lastmanagement\/","og_locale":"de_DE","og_type":"article","og_title":"Lastmanagement","og_description":"Wer mehrere Elektrofahrzeuge gleichzeitig l\u00e4dt, kommt um ein Lastmanagement nicht herum. Jetzt informieren & im Fuhrpark einsetzen!","og_url":"https:\/\/vimcar.de\/boxenstopp\/lexikon\/lastmanagement\/","og_site_name":"Vimcar Boxenstopp","article_publisher":"https:\/\/www.facebook.com\/vimcar","article_modified_time":"2023-03-30T14:15:05+00:00","twitter_card":"summary_large_image","twitter_site":"@goVimcar","twitter_misc":{"Gesch\u00e4tzte Lesezeit":"3\u00a0Minuten"},"schema":{"@context":"https:\/\/schema.org","@graph":[{"@type":"WebPage","@id":"https:\/\/vimcar.de\/boxenstopp\/lexikon\/lastmanagement\/","url":"https:\/\/vimcar.de\/boxenstopp\/lexikon\/lastmanagement\/","name":"Flexibel bleiben \u2013 Lastmanagement spart Zeit und Geld","isPartOf":{"@id":"https:\/\/vimcar.de\/boxenstopp\/#website"},"datePublished":"2021-04-13T12:38:33+00:00","dateModified":"2023-03-30T14:15:05+00:00","description":"Wer mehrere Elektrofahrzeuge gleichzeitig l\u00e4dt, kommt um ein Lastmanagement nicht herum. Jetzt informieren & im Fuhrpark einsetzen!","breadcrumb":{"@id":"https:\/\/vimcar.de\/boxenstopp\/lexikon\/lastmanagement\/#breadcrumb"},"inLanguage":"de","potentialAction":[{"@type":"ReadAction","target":["https:\/\/vimcar.de\/boxenstopp\/lexikon\/lastmanagement\/"]}]},{"@type":"BreadcrumbList","@id":"https:\/\/vimcar.de\/boxenstopp\/lexikon\/lastmanagement\/#breadcrumb","itemListElement":[{"@type":"ListItem","position":1,"name":"Startseite","item":"https:\/\/vimcar.de\/boxenstopp\/"},{"@type":"ListItem","position":2,"name":"Das Fuhrparklexikon","item":"https:\/\/vimcar.de\/boxenstopp\/lexikon\/"},{"@type":"ListItem","position":3,"name":"Lastmanagement"}]},{"@type":"WebSite","@id":"https:\/\/vimcar.de\/boxenstopp\/#website","url":"https:\/\/vimcar.de\/boxenstopp\/","name":"Vimcar Boxenstopp","description":"- Die Lernplattform f\u00fcr Fuhrparkleiter","publisher":{"@id":"https:\/\/vimcar.de\/boxenstopp\/#organization"},"potentialAction":[{"@type":"SearchAction","target":{"@type":"EntryPoint","urlTemplate":"https:\/\/vimcar.de\/boxenstopp\/?s={search_term_string}"},"query-input":"required name=search_term_string"}],"inLanguage":"de"},{"@type":"Organization","@id":"https:\/\/vimcar.de\/boxenstopp\/#organization","name":"Vimcar Boxenstopp - Fuhrparkwissen","url":"https:\/\/vimcar.de\/boxenstopp\/","logo":{"@type":"ImageObject","inLanguage":"de","@id":"https:\/\/vimcar.de\/boxenstopp\/#\/schema\/logo\/image\/","url":"https:\/\/vimcar.de\/boxenstopp\/wp-content\/uploads\/2020\/10\/logo-vimcar-boxenstopp.png","contentUrl":"https:\/\/vimcar.de\/boxenstopp\/wp-content\/uploads\/2020\/10\/logo-vimcar-boxenstopp.png","width":250,"height":50,"caption":"Vimcar Boxenstopp - Fuhrparkwissen"},"image":{"@id":"https:\/\/vimcar.de\/boxenstopp\/#\/schema\/logo\/image\/"},"sameAs":["https:\/\/www.facebook.com\/vimcar","https:\/\/twitter.com\/goVimcar","https:\/\/www.instagram.com\/vimcar_official\/","https:\/\/de.linkedin.com\/company\/vimcar","https:\/\/www.pinterest.de\/vimcar\/","https:\/\/www.youtube.com\/channel\/UCWRajoA7OnWsAw-ezAahZPg"]}]}},"_links":{"self":[{"href":"https:\/\/vimcar.de\/boxenstopp\/wp-json\/wp\/v2\/pages\/22608"}],"collection":[{"href":"https:\/\/vimcar.de\/boxenstopp\/wp-json\/wp\/v2\/pages"}],"about":[{"href":"https:\/\/vimcar.de\/boxenstopp\/wp-json\/wp\/v2\/types\/page"}],"author":[{"embeddable":true,"href":"https:\/\/vimcar.de\/boxenstopp\/wp-json\/wp\/v2\/users\/74"}],"replies":[{"embeddable":true,"href":"https:\/\/vimcar.de\/boxenstopp\/wp-json\/wp\/v2\/comments?post=22608"}],"version-history":[{"count":0,"href":"https:\/\/vimcar.de\/boxenstopp\/wp-json\/wp\/v2\/pages\/22608\/revisions"}],"up":[{"embeddable":true,"href":"https:\/\/vimcar.de\/boxenstopp\/wp-json\/wp\/v2\/pages\/4813"}],"wp:attachment":[{"href":"https:\/\/vimcar.de\/boxenstopp\/wp-json\/wp\/v2\/media?parent=22608"}],"curies":[{"name":"wp","href":"https:\/\/api.w.org\/{rel}","templated":true}]}}