{"id":22836,"date":"2021-04-29T17:31:42","date_gmt":"2021-04-29T15:31:42","guid":{"rendered":"https:\/\/vimcar.de\/boxenstopp\/?page_id=22836"},"modified":"2022-08-24T12:52:32","modified_gmt":"2022-08-24T10:52:32","slug":"wltp","status":"publish","type":"page","link":"https:\/\/vimcar.de\/boxenstopp\/lexikon\/wltp\/","title":{"rendered":"WLTP"},"content":{"rendered":"\t\t<div data-elementor-type=\"wp-page\" data-elementor-id=\"22836\" class=\"elementor elementor-22836\" data-elementor-post-type=\"page\">\n\t\t\t\t\t\t<section class=\"elementor-section elementor-top-section elementor-element elementor-element-67593a6 elementor-section-boxed elementor-section-height-default elementor-section-height-default\" data-id=\"67593a6\" data-element_type=\"section\">\n\t\t\t\t\t\t<div class=\"elementor-container elementor-column-gap-default\">\n\t\t\t\t\t<div class=\"elementor-column elementor-col-100 elementor-top-column elementor-element elementor-element-381299f\" data-id=\"381299f\" data-element_type=\"column\">\n\t\t\t<div class=\"elementor-widget-wrap elementor-element-populated\">\n\t\t\t\t\t\t<div class=\"elementor-element elementor-element-bb4989c elementor-widget elementor-widget-text-editor\" data-id=\"bb4989c\" data-element_type=\"widget\" data-widget_type=\"text-editor.default\">\n\t\t\t\t<div class=\"elementor-widget-container\">\n\t\t\t\t\t\t\t<p><span style=\"font-weight: 400;\">Seit 2018 m\u00fcssen Neuwagen nach einem neuen Pr\u00fcfverfahren zertifiziert werden: WLTP und RDE sollen dabei f\u00fcr realistischere Werte und mehr Transparenz sorgen. Diese Regelung bedeutet f\u00fcr manche Unternehmen h\u00f6here Steuerkosten \u2013 bietet aber auch jede Menge Vorteile.\u00a0 \u00a0<\/span><\/p>\t\t\t\t\t\t<\/div>\n\t\t\t\t<\/div>\n\t\t\t\t<div class=\"elementor-element elementor-element-3efb157 elementor-widget elementor-widget-heading\" data-id=\"3efb157\" data-element_type=\"widget\" data-widget_type=\"heading.default\">\n\t\t\t\t<div class=\"elementor-widget-container\">\n\t\t\t<h2 class=\"elementor-heading-title elementor-size-default\">Was bedeuten WLTP und RDE \u2013 und wieso sind sie f\u00fcr den Fuhrpark wichtig? \n<\/h2>\t\t<\/div>\n\t\t\t\t<\/div>\n\t\t\t\t<div class=\"elementor-element elementor-element-c807e49 elementor-widget elementor-widget-text-editor\" data-id=\"c807e49\" data-element_type=\"widget\" data-widget_type=\"text-editor.default\">\n\t\t\t\t<div class=\"elementor-widget-container\">\n\t\t\t\t\t\t\t<p><span style=\"font-weight: 400;\">Es ist noch gar nicht so lange her, da wunderten sich Autobesitzer, dass ihr Wagen st\u00e4ndig mehr verbrauchte als im Prospekt versprochen \u2013 selbst bei einer spritschonenden Fahrweise. Wie weit die angegebenen CO2- und Kraftstoffwerte von der der Realit\u00e4t entfernt lagen, verriet 2018 eine Studie der Umweltorganisation International Council on Clean Transportation (ICCT). Das Ergebnis: Im Durchschnitt lag der Verbrauch von Neuwagen in Europa 42 Prozent h\u00f6her als von den Herstellern angegeben.<\/span><\/p>\t\t\t\t\t\t<\/div>\n\t\t\t\t<\/div>\n\t\t\t\t<div class=\"elementor-element elementor-element-7ea6e31 elementor-widget elementor-widget-heading\" data-id=\"7ea6e31\" data-element_type=\"widget\" data-widget_type=\"heading.default\">\n\t\t\t\t<div class=\"elementor-widget-container\">\n\t\t\t<h2 class=\"elementor-heading-title elementor-size-default\">Was genau steckt hinter WLTP?\n<\/h2>\t\t<\/div>\n\t\t\t\t<\/div>\n\t\t\t\t<div class=\"elementor-element elementor-element-dffbe2d elementor-widget elementor-widget-text-editor\" data-id=\"dffbe2d\" data-element_type=\"widget\" data-widget_type=\"text-editor.default\">\n\t\t\t\t<div class=\"elementor-widget-container\">\n\t\t\t\t\t\t\t<p><span style=\"font-weight: 400;\">Seit September 2018\u00a0m\u00fcssen die Autohersteller nun alle Typen nach\u00a0WLTP\u00a0zertifizieren. Das hei\u00dft: Jeder\u00a0Neuwagen-Typ, den man heute bei einem H\u00e4ndler kauft, hat einen Test auf dem WLTP-Pr\u00fcfstand hinter sich. Genauer gesagt, ein Fahrzeug mit der\u00a0gleichen Motor-Getriebe-Kombination. WLTP steht f\u00fcr\u00a0\u201eWorldwide Harmonized Light Vehicles Test Procedure\u201c. Dieser Test-Zyklus dauert f\u00fcr jedes Auto\u00a030 Minuten. In dieser Zeit\u00a0simuliert\u00a0der Pr\u00fcfstand eine Fahrt in der Stadt, \u00fcber Land und auf der Autobahn. Das Auto beschleunigt auf Rollen auf bis zu 131 km\/h, bremst und beschleunigt. W\u00e4hrenddessen wird gemessen, wie viele\u00a0Schadstoffe\u00a0das Auto produziert. Aus dem CO2-Aussto\u00df rechnen die Ingenieure anschlie\u00dfend hoch,\u00a0wie viel Sprit\u00a0ein Auto verbraucht. Zus\u00e4tzlich zur WLTP-Messung ist seit 2019 ein RDE-Test f\u00fcr die Stra\u00dfenmessung erforderlich. Das K\u00fcrzel steht f\u00fcr \u201eReal Driving Emissions\u201c. Bei diesem Test wird ein Messger\u00e4t am Auto befestigt. Damit geht\u2019s auf die Stra\u00dfe, die Teststrecke ist dabei nicht so streng definiert wie beim WLTP-Test. <\/span><\/p>\t\t\t\t\t\t<\/div>\n\t\t\t\t<\/div>\n\t\t\t\t<div class=\"elementor-element elementor-element-9e79ec7 elementor-widget elementor-widget-heading\" data-id=\"9e79ec7\" data-element_type=\"widget\" data-widget_type=\"heading.default\">\n\t\t\t\t<div class=\"elementor-widget-container\">\n\t\t\t<h2 class=\"elementor-heading-title elementor-size-default\">Auch Stromer m\u00fcssen zum Test\n<\/h2>\t\t<\/div>\n\t\t\t\t<\/div>\n\t\t\t\t<div class=\"elementor-element elementor-element-744e426 elementor-widget elementor-widget-text-editor\" data-id=\"744e426\" data-element_type=\"widget\" data-widget_type=\"text-editor.default\">\n\t\t\t\t<div class=\"elementor-widget-container\">\n\t\t\t\t\t\t\t<p><span style=\"font-weight: 400;\">Auch elektrifizierte Fahrzeuge m\u00fcssen in Europa nach den neuen Regeln des WLTP getestet werden, um eine Typzulassung zu erhalten. Das hatte zur Folge, dass die durchschnittliche Reichweite von Batterieautos in den vergangenen Jahren auf dem Papier trotz des technischen Fortschritts sank. Auch hier haben die Hersteller anscheinend die Zahlen gesch\u00f6nt. Aber, das ist die gute Nachricht: der Nutzer kann sich nun auf realistischere Zahlen einstellen und f\u00e4hrt damit sicherer. <\/span><\/p>\t\t\t\t\t\t<\/div>\n\t\t\t\t<\/div>\n\t\t\t\t<div class=\"elementor-element elementor-element-a297469 elementor-widget elementor-widget-heading\" data-id=\"a297469\" data-element_type=\"widget\" data-widget_type=\"heading.default\">\n\t\t\t\t<div class=\"elementor-widget-container\">\n\t\t\t<h2 class=\"elementor-heading-title elementor-size-default\">Dieselskandal und manipulierte Pr\u00fcfergebnisse\n<\/h2>\t\t<\/div>\n\t\t\t\t<\/div>\n\t\t\t\t<div class=\"elementor-element elementor-element-6814997 elementor-widget elementor-widget-text-editor\" data-id=\"6814997\" data-element_type=\"widget\" data-widget_type=\"text-editor.default\">\n\t\t\t\t<div class=\"elementor-widget-container\">\n\t\t\t\t\t\t\t<p><span style=\"font-weight: 400;\">Warum \u00fcberhaupt ein neues Pr\u00fcfverfahren? Das seit 1992 g\u00fcltige Testverfahren NEFZ wurde vom WLTP abgel\u00f6st, da es als nicht zeitgem\u00e4\u00df galt. Zum einen, weil das Fahrprofil nicht mehr dem aktuellen Fahrverhalten entsprach. Zum anderen, weil der NEFZ den Herstellern viele\u00a0Schlupfl\u00f6cher\u00a0bot, was die absurd niedrigen Pr\u00fcfstandwerte erkl\u00e4rte. Die Optimierungen des Abgasverhaltens wurden insbesondere bei Pkw-Dieselmotoren hin auf genormte Pr\u00fcfzyklen optimiert. Hersteller wie Volkswagen nutzten illegalerweise eine Software, die erkannte, ob ein Automobil im Testzyklus fuhr und entsprechend das Abgasreinigungssystem auf diese Anforderungen einstellte. Im Normalbetrieb wurde dieser Pr\u00fcfzyklus-Modus wieder abgeschaltet. Nach dem Auffliegen des \u201eDieselskandals\u201c wird heute wird versucht, das Emissionsverhalten nicht mehr auf Pr\u00fcfzyklen hin zu optimieren, sondern im tats\u00e4chlichen Fahrbetrieb (RDE) zu verbessern.<\/span><\/p>\t\t\t\t\t\t<\/div>\n\t\t\t\t<\/div>\n\t\t\t\t<div class=\"elementor-element elementor-element-46116f1 elementor-widget elementor-widget-heading\" data-id=\"46116f1\" data-element_type=\"widget\" data-widget_type=\"heading.default\">\n\t\t\t\t<div class=\"elementor-widget-container\">\n\t\t\t<h2 class=\"elementor-heading-title elementor-size-default\">So beeinflusst das WLTP die Kfz-Steuer\n<\/h2>\t\t<\/div>\n\t\t\t\t<\/div>\n\t\t\t\t<div class=\"elementor-element elementor-element-2b9db20 elementor-widget elementor-widget-text-editor\" data-id=\"2b9db20\" data-element_type=\"widget\" data-widget_type=\"text-editor.default\">\n\t\t\t\t<div class=\"elementor-widget-container\">\n\t\t\t\t\t\t\t<p><span style=\"font-weight: 400;\">Doch die Genauigkeit von WLTP hat ihren Preis \u2013\u00a0und den muss der Autok\u00e4ufer zahlen. Durch das genauere Messverfahren sind die Verbrauchs- und Schadstoffwerte der Fahrzeuge nun realistischer und damit in der Regel h\u00f6her als bislang angenommen. So stieg die Kfz-Steuer f\u00fcr einige Fahrzeuge zum Teil sogar bis zu 70 Prozent. Grund: Die st\u00e4rkere CO2-Gewichtung der Steuerbemessung und die Beg\u00fcnstigung besonders emissionsreduzierter Pkw sollen Anreize f\u00fcr innovative klimaschonende Mobilit\u00e4t setzen.<\/span><\/p>\t\t\t\t\t\t<\/div>\n\t\t\t\t<\/div>\n\t\t\t\t<div class=\"elementor-element elementor-element-1be36ce elementor-widget elementor-widget-heading\" data-id=\"1be36ce\" data-element_type=\"widget\" data-widget_type=\"heading.default\">\n\t\t\t\t<div class=\"elementor-widget-container\">\n\t\t\t<h2 class=\"elementor-heading-title elementor-size-default\">Was bedeuten WLTP und RDE f\u00fcr den Fuhrpark? \n<\/h2>\t\t<\/div>\n\t\t\t\t<\/div>\n\t\t\t\t<div class=\"elementor-element elementor-element-785bc89 elementor-widget elementor-widget-text-editor\" data-id=\"785bc89\" data-element_type=\"widget\" data-widget_type=\"text-editor.default\">\n\t\t\t\t<div class=\"elementor-widget-container\">\n\t\t\t\t\t\t\t<p><span style=\"font-weight: 400;\">Zugegeben, auch wenn das WLTP-Verfahren nicht perfekt ist (individuelle Faktoren wie Gel\u00e4nde und Fahrstil sowie Verbraucher wie Heizung oder Klimaanlage werden nicht mit einbezogen), so bietet das neue Pr\u00fcfsystem doch ein deutliches Plus an Vergleichbarkeit und Transparenz. Fuhrparks k\u00f6nnen die neuen Fahrzeuge bereits w\u00e4hrend der Konfiguration anhand realistischer Verbrauchswerte\u00a0ihren Flottenzielen anpassen. Allerdings mussten viele Unternehmen seit Inkrafttreten der neuen Regel ihre <a href=\"https:\/\/vimcar.de\/boxenstopp\/ressourcenbereich\/mustervertrag-car-policy\/\" target=\"_blank\" rel=\"noopener\">Car Policy<\/a> und die darin inkludierten CO2-Werte neu \u00fcberarbeiten. Die Auswahl der Fahrzeuge muss auch in Zukunft st\u00e4ndig \u00fcberdacht und angepasst werden. So haben Autos mit kleineren Motoren und Reifen einen positiven Effekt auf den Schadstoff-Aussto\u00df und Elektrofahrzeuge sind nat\u00fcrlich klar im Vorteil. Da im WLTP-Testverfahren jede Sonderausstattung \u2013\u00a0wie zum Beispiel Ledersitze oder eine Anh\u00e4ngerkupplung \u2013 direkten Einfluss auf die CO2-Werte hat, ist vor dem Kauf eine genaue Analyse unerl\u00e4sslich. <\/span><\/p>\t\t\t\t\t\t<\/div>\n\t\t\t\t<\/div>\n\t\t\t\t<div class=\"elementor-element elementor-element-52cc0a6 elementor-widget elementor-widget-heading\" data-id=\"52cc0a6\" data-element_type=\"widget\" data-widget_type=\"heading.default\">\n\t\t\t\t<div class=\"elementor-widget-container\">\n\t\t\t<h2 class=\"elementor-heading-title elementor-size-default\">Alles zum Thema CO2 im Fuhrpark<\/h2>\t\t<\/div>\n\t\t\t\t<\/div>\n\t\t\t\t<section class=\"elementor-section elementor-inner-section elementor-element elementor-element-2c356c0 elementor-section-boxed elementor-section-height-default elementor-section-height-default\" data-id=\"2c356c0\" data-element_type=\"section\">\n\t\t\t\t\t\t<div class=\"elementor-container elementor-column-gap-default\">\n\t\t\t\t\t<div class=\"elementor-column elementor-col-50 elementor-inner-column elementor-element elementor-element-9eae6fa\" data-id=\"9eae6fa\" data-element_type=\"column\">\n\t\t\t<div class=\"elementor-widget-wrap elementor-element-populated\">\n\t\t\t\t\t\t<div class=\"elementor-element elementor-element-e526664 elementor-widget elementor-widget-text-editor\" data-id=\"e526664\" data-element_type=\"widget\" data-widget_type=\"text-editor.default\">\n\t\t\t\t<div class=\"elementor-widget-container\">\n\t\t\t\t\t\t\t<ul><li><a href=\"https:\/\/vimcar.de\/boxenstopp\/blog\/alternative-antriebe\/\">Alternative Antriebe<\/a><\/li><li><a href=\"https:\/\/vimcar.de\/boxenstopp\/blog\/e-mobilitaet-leitfaden-fuhrpark\/\">E-Mobilit\u00e4t Leitfaden f\u00fcr den Fuhrpark<\/a><\/li><li><a href=\"https:\/\/vimcar.de\/boxenstopp\/blog\/firmenwagenversteuerung-elektroautos\/\">Firmenwagenversteuerung von E-Autos<\/a><\/li><li><a href=\"https:\/\/vimcar.de\/boxenstopp\/blog\/welche-massnahmen-tragen-zur-umweltschonung-bei-im-fuhrpark\/\">Welche Ma\u00dfnahmen tragen zur Umweltschonung im Fuhrpark bei?<\/a><\/li><li><a href=\"https:\/\/vimcar.de\/boxenstopp\/ressourcenbereich\/checkliste-implementierung-ladeinfrastruktur\/\">Checkliste zur Implementierung einer Ladeinfrastruktur<\/a><\/li><li><a href=\"https:\/\/vimcar.de\/boxenstopp\/lexikon\/ladestation\/\">Ladestation\u00a0<\/a><\/li><li><a href=\"https:\/\/vimcar.de\/boxenstopp\/lexikon\/elektrokleinstfahrzeug\/\">Elektrokleinstfahrzeuge<\/a><\/li><li><a href=\"https:\/\/vimcar.de\/boxenstopp\/lexikon\/gruene-versicherungskarte\/\">gr\u00fcne Versicherungskarte<\/a><\/li><li><a href=\"https:\/\/vimcar.de\/boxenstopp\/blog\/co2-richtlinien-schweiz\/\" target=\"_blank\" rel=\"noopener\">CO2 Richtlinien Schweiz<\/a><\/li><li><a href=\"https:\/\/vimcar.de\/boxenstopp\/blog\/nachhaltigkeitsbericht\/\" target=\"_blank\" rel=\"noopener\">Nachhaltigkeitsbericht<\/a><\/li><li><a href=\"https:\/\/vimcar.de\/boxenstopp\/blog\/co2-reporting\/\" target=\"_blank\" rel=\"noopener\">CO2 Reporting f\u00fcr Unternehmen<\/a><\/li><li><a href=\"https:\/\/vimcar.de\/boxenstopp\/blog\/co2-uebersicht\/\">CO2 \u00dcbersicht<\/a><\/li><li><a href=\"https:\/\/vimcar.de\/boxenstopp\/blog\/thg-vorteile\/\">THG Vorteile<\/a><\/li><\/ul>\t\t\t\t\t\t<\/div>\n\t\t\t\t<\/div>\n\t\t\t\t\t<\/div>\n\t\t<\/div>\n\t\t\t\t<div class=\"elementor-column elementor-col-50 elementor-inner-column elementor-element elementor-element-5ab04ac\" data-id=\"5ab04ac\" data-element_type=\"column\">\n\t\t\t<div class=\"elementor-widget-wrap elementor-element-populated\">\n\t\t\t\t\t\t<div class=\"elementor-element elementor-element-f7d5e09 elementor-widget elementor-widget-text-editor\" data-id=\"f7d5e09\" data-element_type=\"widget\" data-widget_type=\"text-editor.default\">\n\t\t\t\t<div class=\"elementor-widget-container\">\n\t\t\t\t\t\t\t<ul><li><a href=\"https:\/\/vimcar.de\/boxenstopp\/blog\/tipps-nachhaltige-fuhrpark-strategie\/\">Tipps f\u00fcr eine nachhaltigere Fuhrpark-Strategie<\/a><\/li><li><a href=\"https:\/\/vimcar.de\/boxenstopp\/blog\/foerderungen-fuer-elektrofahrzeuge-im-fuhrpark\/\">F\u00f6rderungen f\u00fcr Elektrofahrzeuge im Fuhrpark<\/a><\/li><li><a href=\"https:\/\/vimcar.de\/boxenstopp\/blog\/elektrofahrzeuge-im-fuhrpark\/\">Elektrofahrzeuge im Fuhrpark<\/a><\/li><li><a href=\"https:\/\/vimcar.de\/boxenstopp\/lexikon\/mikromobilitaet\/\">Mikromobilit\u00e4t<\/a><\/li><li><a href=\"https:\/\/vimcar.de\/boxenstopp\/lexikon\/mobilitaetsbudget\/\">Mobilit\u00e4tsbudget<\/a><\/li><li><a href=\"https:\/\/vimcar.de\/boxenstopp\/blog\/gefaehrdungsbeurteilung-unterweisung-eautos\/\">Gef\u00e4hrdungsbeurteilung und Fahrerunterweisung bei Elektromobilit\u00e4t<\/a><\/li><li><a href=\"https:\/\/vimcar.de\/boxenstopp\/lexikon\/mobilitaetshilfenverordnung\/\">Mobilit\u00e4tshilfenverordnung<\/a><\/li><li><a href=\"https:\/\/vimcar.de\/boxenstopp\/blog\/co2-bilanz-kosten-sparen\/\" target=\"_blank\" rel=\"noopener\">Gute CO2 Bilanz &amp; Kosten sparen<\/a><\/li><li><a href=\"https:\/\/vimcar.de\/boxenstopp\/blog\/co2-steuer-2021\/\" target=\"_blank\" rel=\"noopener\">CO2 Steuer 2021<\/a><\/li><li><a href=\"https:\/\/vimcar.de\/boxenstopp\/blog\/co2-emissionen-deutschland\/\" target=\"_blank\" rel=\"noopener\">CO2 Emissionen in Deutschland<\/a><\/li><li><a href=\"https:\/\/vimcar.de\/boxenstopp\/blog\/co2-obergrenze-ausland\/\" target=\"_blank\" rel=\"noopener\">CO2 Obergrenze im europ\u00e4ischen Ausland<\/a><\/li><li><a href=\"https:\/\/vimcar.de\/boxenstopp\/lexikon\/emissionsbericht\/\">Emissionsbericht<\/a><\/li><\/ul>\t\t\t\t\t\t<\/div>\n\t\t\t\t<\/div>\n\t\t\t\t\t<\/div>\n\t\t<\/div>\n\t\t\t\t\t<\/div>\n\t\t<\/section>\n\t\t\t\t\t<\/div>\n\t\t<\/div>\n\t\t\t\t\t<\/div>\n\t\t<\/section>\n\t\t\t\t<\/div>\n\t\t","protected":false},"excerpt":{"rendered":"<p>Seit 2018 m\u00fcssen Neuwagen nach einem neuen Pr\u00fcfverfahren zertifiziert werden: WLTP und RDE sollen dabei f\u00fcr realistischere Werte und mehr Transparenz sorgen. Diese Regelung bedeutet f\u00fcr manche Unternehmen h\u00f6here Steuerkosten \u2013 bietet aber auch jede Menge Vorteile.\u00a0 \u00a0 Was bedeuten WLTP und RDE \u2013 und wieso sind sie f\u00fcr den Fuhrpark wichtig? Es ist noch [&hellip;]<\/p>\n","protected":false},"author":30,"featured_media":0,"parent":4813,"menu_order":0,"comment_status":"open","ping_status":"closed","template":"","meta":{"footnotes":"","_wp_rev_ctl_limit":""},"yoast_head":"<!-- This site is optimized with the Yoast SEO Premium plugin v21.5 (Yoast SEO v21.5) - https:\/\/yoast.com\/wordpress\/plugins\/seo\/ -->\n<title>WLTP - Was bedeutet das Pr\u00fcfverfahren f\u00fcr den Fuhrpark?<\/title>\n<meta name=\"description\" content=\"Was genau hinter WLTP und RDE steckt und welche Auswirkungen diese auf die Fahrzeuge im Fuhrpark haben, erfahren Sie hier.\" \/>\n<meta name=\"robots\" content=\"index, follow, max-snippet:-1, max-image-preview:large, max-video-preview:-1\" \/>\n<link rel=\"canonical\" href=\"https:\/\/vimcar.de\/boxenstopp\/lexikon\/wltp\/\" \/>\n<meta property=\"og:locale\" content=\"de_DE\" \/>\n<meta property=\"og:type\" content=\"article\" \/>\n<meta property=\"og:title\" content=\"WLTP\" \/>\n<meta property=\"og:description\" content=\"Was genau hinter WLTP und RDE steckt und welche Auswirkungen diese auf die Fahrzeuge im Fuhrpark haben, erfahren Sie hier.\" \/>\n<meta property=\"og:url\" content=\"https:\/\/vimcar.de\/boxenstopp\/lexikon\/wltp\/\" \/>\n<meta property=\"og:site_name\" content=\"Vimcar Boxenstopp\" \/>\n<meta property=\"article:publisher\" content=\"https:\/\/www.facebook.com\/vimcar\" \/>\n<meta property=\"article:modified_time\" content=\"2022-08-24T10:52:32+00:00\" \/>\n<meta name=\"twitter:card\" content=\"summary_large_image\" \/>\n<meta name=\"twitter:site\" content=\"@goVimcar\" \/>\n<meta name=\"twitter:label1\" content=\"Gesch\u00e4tzte Lesezeit\" \/>\n\t<meta name=\"twitter:data1\" content=\"5\u00a0Minuten\" \/>\n<!-- \/ Yoast SEO Premium plugin. -->","yoast_head_json":{"title":"WLTP - Was bedeutet das Pr\u00fcfverfahren f\u00fcr den Fuhrpark?","description":"Was genau hinter WLTP und RDE steckt und welche Auswirkungen diese auf die Fahrzeuge im Fuhrpark haben, erfahren Sie hier.","robots":{"index":"index","follow":"follow","max-snippet":"max-snippet:-1","max-image-preview":"max-image-preview:large","max-video-preview":"max-video-preview:-1"},"canonical":"https:\/\/vimcar.de\/boxenstopp\/lexikon\/wltp\/","og_locale":"de_DE","og_type":"article","og_title":"WLTP","og_description":"Was genau hinter WLTP und RDE steckt und welche Auswirkungen diese auf die Fahrzeuge im Fuhrpark haben, erfahren Sie hier.","og_url":"https:\/\/vimcar.de\/boxenstopp\/lexikon\/wltp\/","og_site_name":"Vimcar Boxenstopp","article_publisher":"https:\/\/www.facebook.com\/vimcar","article_modified_time":"2022-08-24T10:52:32+00:00","twitter_card":"summary_large_image","twitter_site":"@goVimcar","twitter_misc":{"Gesch\u00e4tzte Lesezeit":"5\u00a0Minuten"},"schema":{"@context":"https:\/\/schema.org","@graph":[{"@type":"WebPage","@id":"https:\/\/vimcar.de\/boxenstopp\/lexikon\/wltp\/","url":"https:\/\/vimcar.de\/boxenstopp\/lexikon\/wltp\/","name":"WLTP - Was bedeutet das Pr\u00fcfverfahren f\u00fcr den Fuhrpark?","isPartOf":{"@id":"https:\/\/vimcar.de\/boxenstopp\/#website"},"datePublished":"2021-04-29T15:31:42+00:00","dateModified":"2022-08-24T10:52:32+00:00","description":"Was genau hinter WLTP und RDE steckt und welche Auswirkungen diese auf die Fahrzeuge im Fuhrpark haben, erfahren Sie hier.","breadcrumb":{"@id":"https:\/\/vimcar.de\/boxenstopp\/lexikon\/wltp\/#breadcrumb"},"inLanguage":"de","potentialAction":[{"@type":"ReadAction","target":["https:\/\/vimcar.de\/boxenstopp\/lexikon\/wltp\/"]}]},{"@type":"BreadcrumbList","@id":"https:\/\/vimcar.de\/boxenstopp\/lexikon\/wltp\/#breadcrumb","itemListElement":[{"@type":"ListItem","position":1,"name":"Startseite","item":"https:\/\/vimcar.de\/boxenstopp\/"},{"@type":"ListItem","position":2,"name":"Das Fuhrparklexikon","item":"https:\/\/vimcar.de\/boxenstopp\/lexikon\/"},{"@type":"ListItem","position":3,"name":"WLTP"}]},{"@type":"WebSite","@id":"https:\/\/vimcar.de\/boxenstopp\/#website","url":"https:\/\/vimcar.de\/boxenstopp\/","name":"Vimcar Boxenstopp","description":"- Die Lernplattform f\u00fcr Fuhrparkleiter","publisher":{"@id":"https:\/\/vimcar.de\/boxenstopp\/#organization"},"potentialAction":[{"@type":"SearchAction","target":{"@type":"EntryPoint","urlTemplate":"https:\/\/vimcar.de\/boxenstopp\/?s={search_term_string}"},"query-input":"required name=search_term_string"}],"inLanguage":"de"},{"@type":"Organization","@id":"https:\/\/vimcar.de\/boxenstopp\/#organization","name":"Vimcar Boxenstopp - Fuhrparkwissen","url":"https:\/\/vimcar.de\/boxenstopp\/","logo":{"@type":"ImageObject","inLanguage":"de","@id":"https:\/\/vimcar.de\/boxenstopp\/#\/schema\/logo\/image\/","url":"https:\/\/vimcar.de\/boxenstopp\/wp-content\/uploads\/2020\/10\/logo-vimcar-boxenstopp.png","contentUrl":"https:\/\/vimcar.de\/boxenstopp\/wp-content\/uploads\/2020\/10\/logo-vimcar-boxenstopp.png","width":250,"height":50,"caption":"Vimcar Boxenstopp - Fuhrparkwissen"},"image":{"@id":"https:\/\/vimcar.de\/boxenstopp\/#\/schema\/logo\/image\/"},"sameAs":["https:\/\/www.facebook.com\/vimcar","https:\/\/twitter.com\/goVimcar","https:\/\/www.instagram.com\/vimcar_official\/","https:\/\/de.linkedin.com\/company\/vimcar","https:\/\/www.pinterest.de\/vimcar\/","https:\/\/www.youtube.com\/channel\/UCWRajoA7OnWsAw-ezAahZPg"]}]}},"_links":{"self":[{"href":"https:\/\/vimcar.de\/boxenstopp\/wp-json\/wp\/v2\/pages\/22836"}],"collection":[{"href":"https:\/\/vimcar.de\/boxenstopp\/wp-json\/wp\/v2\/pages"}],"about":[{"href":"https:\/\/vimcar.de\/boxenstopp\/wp-json\/wp\/v2\/types\/page"}],"author":[{"embeddable":true,"href":"https:\/\/vimcar.de\/boxenstopp\/wp-json\/wp\/v2\/users\/30"}],"replies":[{"embeddable":true,"href":"https:\/\/vimcar.de\/boxenstopp\/wp-json\/wp\/v2\/comments?post=22836"}],"version-history":[{"count":0,"href":"https:\/\/vimcar.de\/boxenstopp\/wp-json\/wp\/v2\/pages\/22836\/revisions"}],"up":[{"embeddable":true,"href":"https:\/\/vimcar.de\/boxenstopp\/wp-json\/wp\/v2\/pages\/4813"}],"wp:attachment":[{"href":"https:\/\/vimcar.de\/boxenstopp\/wp-json\/wp\/v2\/media?parent=22836"}],"curies":[{"name":"wp","href":"https:\/\/api.w.org\/{rel}","templated":true}]}}