{"id":25671,"date":"2021-07-13T16:02:59","date_gmt":"2021-07-13T14:02:59","guid":{"rendered":"https:\/\/vimcar.de\/boxenstopp\/?page_id=25671"},"modified":"2023-01-16T17:41:46","modified_gmt":"2023-01-16T16:41:46","slug":"kontakt","status":"publish","type":"page","link":"https:\/\/vimcar.de\/boxenstopp\/kontakt\/","title":{"rendered":"Kontakt"},"content":{"rendered":"\t\t<div data-elementor-type=\"wp-page\" data-elementor-id=\"25671\" class=\"elementor elementor-25671\" data-elementor-post-type=\"page\">\n\t\t\t\t\t\t<section class=\"elementor-section elementor-top-section elementor-element elementor-element-1e3a034 elementor-section-boxed elementor-section-height-default elementor-section-height-default\" data-id=\"1e3a034\" data-element_type=\"section\">\n\t\t\t\t\t\t<div class=\"elementor-container elementor-column-gap-default\">\n\t\t\t\t\t<div class=\"elementor-column elementor-col-100 elementor-top-column elementor-element elementor-element-8b4477b\" data-id=\"8b4477b\" data-element_type=\"column\">\n\t\t\t<div class=\"elementor-widget-wrap elementor-element-populated\">\n\t\t\t\t\t\t<div class=\"elementor-element elementor-element-5e37667 elementor-widget elementor-widget-spacer\" data-id=\"5e37667\" data-element_type=\"widget\" data-widget_type=\"spacer.default\">\n\t\t\t\t<div class=\"elementor-widget-container\">\n\t\t\t\t\t<div class=\"elementor-spacer\">\n\t\t\t<div class=\"elementor-spacer-inner\"><\/div>\n\t\t<\/div>\n\t\t\t\t<\/div>\n\t\t\t\t<\/div>\n\t\t\t\t<div class=\"elementor-element elementor-element-d0e3117 elementor-hidden-desktop elementor-hidden-tablet elementor-widget elementor-widget-heading\" data-id=\"d0e3117\" data-element_type=\"widget\" data-widget_type=\"heading.default\">\n\t\t\t\t<div class=\"elementor-widget-container\">\n\t\t\t<h1 class=\"elementor-heading-title elementor-size-large\">Ihre AnsprechpartnerInnen bei Vimcar beraten Sie gern.<\/h1>\t\t<\/div>\n\t\t\t\t<\/div>\n\t\t\t\t<div class=\"elementor-element elementor-element-1f15822 elementor-hidden-desktop elementor-hidden-mobile elementor-widget elementor-widget-heading\" data-id=\"1f15822\" data-element_type=\"widget\" data-widget_type=\"heading.default\">\n\t\t\t\t<div class=\"elementor-widget-container\">\n\t\t\t<h1 class=\"elementor-heading-title elementor-size-default\">Ihre AnsprechpartnerInnen bei Vimcar beraten Sie gern.<\/h1>\t\t<\/div>\n\t\t\t\t<\/div>\n\t\t\t\t<section class=\"elementor-section elementor-inner-section elementor-element elementor-element-95134f6 elementor-section-boxed elementor-section-height-default elementor-section-height-default\" data-id=\"95134f6\" data-element_type=\"section\">\n\t\t\t\t\t\t<div class=\"elementor-container elementor-column-gap-default\">\n\t\t\t\t\t<div class=\"elementor-column elementor-col-50 elementor-inner-column elementor-element elementor-element-5f65342\" data-id=\"5f65342\" data-element_type=\"column\">\n\t\t\t<div class=\"elementor-widget-wrap elementor-element-populated\">\n\t\t\t\t\t\t<div class=\"elementor-element elementor-element-70085f5 elementor-widget elementor-widget-image\" data-id=\"70085f5\" data-element_type=\"widget\" data-widget_type=\"image.default\">\n\t\t\t\t<div class=\"elementor-widget-container\">\n\t\t\t\t\t\t\t\t\t\t\t\t\t<img fetchpriority=\"high\" decoding=\"async\" width=\"800\" height=\"534\" src=\"https:\/\/vimcar.de\/boxenstopp\/wp-content\/uploads\/2022\/03\/Vimcar-Boxenstopp-Team-1024x683.webp\" class=\"attachment-large size-large wp-image-33539\" alt=\"Vimcar Boxenstopp Team\" srcset=\"https:\/\/vimcar.de\/boxenstopp\/wp-content\/uploads\/2022\/03\/Vimcar-Boxenstopp-Team-1024x683.webp 1024w, https:\/\/vimcar.de\/boxenstopp\/wp-content\/uploads\/2022\/03\/Vimcar-Boxenstopp-Team-300x200.webp 300w, https:\/\/vimcar.de\/boxenstopp\/wp-content\/uploads\/2022\/03\/Vimcar-Boxenstopp-Team-768x512.webp 768w, https:\/\/vimcar.de\/boxenstopp\/wp-content\/uploads\/2022\/03\/Vimcar-Boxenstopp-Team.webp 1200w\" sizes=\"(max-width: 800px) 100vw, 800px\" \/>\t\t\t\t\t\t\t\t\t\t\t\t\t<\/div>\n\t\t\t\t<\/div>\n\t\t\t\t\t<\/div>\n\t\t<\/div>\n\t\t\t\t<div class=\"elementor-column elementor-col-50 elementor-inner-column elementor-element elementor-element-5efc20d\" data-id=\"5efc20d\" data-element_type=\"column\">\n\t\t\t<div class=\"elementor-widget-wrap elementor-element-populated\">\n\t\t\t\t\t\t<div class=\"elementor-element elementor-element-a834ecf elementor-hidden-tablet elementor-hidden-mobile elementor-widget elementor-widget-heading\" data-id=\"a834ecf\" data-element_type=\"widget\" data-widget_type=\"heading.default\">\n\t\t\t\t<div class=\"elementor-widget-container\">\n\t\t\t<h1 class=\"elementor-heading-title elementor-size-default\">Ihre AnsprechpartnerInnen bei Vimcar beraten Sie gern.<\/h1>\t\t<\/div>\n\t\t\t\t<\/div>\n\t\t\t\t<div class=\"elementor-element elementor-element-0f70c40 elementor-widget elementor-widget-text-editor\" data-id=\"0f70c40\" data-element_type=\"widget\" data-widget_type=\"text-editor.default\">\n\t\t\t\t<div class=\"elementor-widget-container\">\n\t\t\t\t\t\t\t<p>Vimcar ist f\u00fchrender Anbieter von Flottenmanagement Softwarel\u00f6sungen f\u00fcr kleine und mittelst\u00e4ndische Unternehmen. \u00dcber 60.000 Kunden fahren bereits mit unserer preisgekr\u00f6nten Software.<br \/><br \/>Wir beraten Sie gern zu den L\u00f6sungen, die Ihren individuellen Anforderungen gerecht werden. Darauf k\u00f6nnen Sie sich verlassen.<br \/><br \/><\/p>\t\t\t\t\t\t<\/div>\n\t\t\t\t<\/div>\n\t\t\t\t\t<\/div>\n\t\t<\/div>\n\t\t\t\t\t<\/div>\n\t\t<\/section>\n\t\t\t\t\t<\/div>\n\t\t<\/div>\n\t\t\t\t\t<\/div>\n\t\t<\/section>\n\t\t\t\t<section class=\"elementor-section elementor-top-section elementor-element elementor-element-871043c elementor-section-boxed elementor-section-height-default elementor-section-height-default\" data-id=\"871043c\" data-element_type=\"section\">\n\t\t\t\t\t\t<div class=\"elementor-container elementor-column-gap-default\">\n\t\t\t\t\t<div class=\"elementor-column elementor-col-100 elementor-top-column elementor-element elementor-element-7e5d4b0\" data-id=\"7e5d4b0\" data-element_type=\"column\">\n\t\t\t<div class=\"elementor-widget-wrap elementor-element-populated\">\n\t\t\t\t\t\t<div class=\"elementor-element elementor-element-3c997d3 elementor-widget elementor-widget-spacer\" data-id=\"3c997d3\" data-element_type=\"widget\" data-widget_type=\"spacer.default\">\n\t\t\t\t<div class=\"elementor-widget-container\">\n\t\t\t\t\t<div class=\"elementor-spacer\">\n\t\t\t<div class=\"elementor-spacer-inner\"><\/div>\n\t\t<\/div>\n\t\t\t\t<\/div>\n\t\t\t\t<\/div>\n\t\t\t\t<div class=\"elementor-element elementor-element-7da0219 elementor-widget elementor-widget-heading\" data-id=\"7da0219\" data-element_type=\"widget\" data-widget_type=\"heading.default\">\n\t\t\t\t<div class=\"elementor-widget-container\">\n\t\t\t<h2 class=\"elementor-heading-title elementor-size-default\">Unsere Kontakte<\/h2>\t\t<\/div>\n\t\t\t\t<\/div>\n\t\t\t\t<div class=\"elementor-element elementor-element-9d854db elementor-widget elementor-widget-spacer\" data-id=\"9d854db\" data-element_type=\"widget\" data-widget_type=\"spacer.default\">\n\t\t\t\t<div class=\"elementor-widget-container\">\n\t\t\t\t\t<div class=\"elementor-spacer\">\n\t\t\t<div class=\"elementor-spacer-inner\"><\/div>\n\t\t<\/div>\n\t\t\t\t<\/div>\n\t\t\t\t<\/div>\n\t\t\t\t\t<\/div>\n\t\t<\/div>\n\t\t\t\t\t<\/div>\n\t\t<\/section>\n\t\t\t\t<section class=\"elementor-section elementor-top-section elementor-element elementor-element-6db548d elementor-section-boxed elementor-section-height-default elementor-section-height-default\" data-id=\"6db548d\" data-element_type=\"section\">\n\t\t\t\t\t\t<div class=\"elementor-container elementor-column-gap-default\">\n\t\t\t\t\t<div class=\"elementor-column elementor-col-33 elementor-top-column elementor-element elementor-element-1090624\" data-id=\"1090624\" data-element_type=\"column\">\n\t\t\t<div class=\"elementor-widget-wrap elementor-element-populated\">\n\t\t\t\t\t\t<div class=\"elementor-element elementor-element-f470bbe elementor-widget elementor-widget-image\" data-id=\"f470bbe\" data-element_type=\"widget\" data-widget_type=\"image.default\">\n\t\t\t\t<div class=\"elementor-widget-container\">\n\t\t\t\t\t\t\t\t\t\t\t\t\t<img decoding=\"async\" width=\"800\" height=\"534\" src=\"https:\/\/vimcar.de\/boxenstopp\/wp-content\/uploads\/2021\/06\/Berater-Christian-Fuchs-1024x683.jpg\" class=\"attachment-large size-large wp-image-24622\" alt=\"Berater Christian Fuchs\" srcset=\"https:\/\/vimcar.de\/boxenstopp\/wp-content\/uploads\/2021\/06\/Berater-Christian-Fuchs-1024x683.jpg 1024w, https:\/\/vimcar.de\/boxenstopp\/wp-content\/uploads\/2021\/06\/Berater-Christian-Fuchs-300x200.jpg 300w, https:\/\/vimcar.de\/boxenstopp\/wp-content\/uploads\/2021\/06\/Berater-Christian-Fuchs-768x512.jpg 768w, https:\/\/vimcar.de\/boxenstopp\/wp-content\/uploads\/2021\/06\/Berater-Christian-Fuchs-1536x1025.jpg 1536w, https:\/\/vimcar.de\/boxenstopp\/wp-content\/uploads\/2021\/06\/Berater-Christian-Fuchs-24x16.jpg 24w, https:\/\/vimcar.de\/boxenstopp\/wp-content\/uploads\/2021\/06\/Berater-Christian-Fuchs-36x24.jpg 36w, https:\/\/vimcar.de\/boxenstopp\/wp-content\/uploads\/2021\/06\/Berater-Christian-Fuchs-48x32.jpg 48w, https:\/\/vimcar.de\/boxenstopp\/wp-content\/uploads\/2021\/06\/Berater-Christian-Fuchs.jpg 1000w\" sizes=\"(max-width: 800px) 100vw, 800px\" \/>\t\t\t\t\t\t\t\t\t\t\t\t\t<\/div>\n\t\t\t\t<\/div>\n\t\t\t\t<div class=\"elementor-element elementor-element-c8a7d35 elementor-widget elementor-widget-heading\" data-id=\"c8a7d35\" data-element_type=\"widget\" data-widget_type=\"heading.default\">\n\t\t\t\t<div class=\"elementor-widget-container\">\n\t\t\t<h2 class=\"elementor-heading-title elementor-size-default\">Unverbindliche Beratung erhalten<\/h2>\t\t<\/div>\n\t\t\t\t<\/div>\n\t\t\t\t<div class=\"elementor-element elementor-element-4f51adb elementor-widget elementor-widget-text-editor\" data-id=\"4f51adb\" data-element_type=\"widget\" data-widget_type=\"text-editor.default\">\n\t\t\t\t<div class=\"elementor-widget-container\">\n\t\t\t\t\t\t\t<p>M\u00f6chten Sie mehr zur digitalen Fuhrparkverwaltung erfahren oder ein Angebot zu der Fuhrparksoftware Vimcar Fleet erhalten? Dann f\u00fcllen Sie einfach unser Anfrageformular aus und wir melden uns bei Ihnen.\u00a0 \u00a0<\/p>\t\t\t\t\t\t<\/div>\n\t\t\t\t<\/div>\n\t\t\t\t<div class=\"elementor-element elementor-element-f757218 elementor-widget__width-initial elementor-align-left elementor-tablet-align-center elementor-widget elementor-widget-button\" data-id=\"f757218\" data-element_type=\"widget\" data-widget_type=\"button.default\">\n\t\t\t\t<div class=\"elementor-widget-container\">\n\t\t\t\t\t<div class=\"elementor-button-wrapper\">\n\t\t\t<a class=\"elementor-button elementor-button-link elementor-size-md\" href=\"https:\/\/vimcar.de\/boxenstopp\/experten-kontaktieren\/?utm_medium=organic&#038;utm_source=organic&#038;utm_campaign=de_fleet_organic_organic_sales-kontaktieren_kontaktseite\">\n\t\t\t\t\t\t<span class=\"elementor-button-content-wrapper\">\n\t\t\t\t\t\t\t\t\t<span class=\"elementor-button-text\">Anfrage verschicken<\/span>\n\t\t\t\t\t<\/span>\n\t\t\t\t\t<\/a>\n\t\t<\/div>\n\t\t\t\t<\/div>\n\t\t\t\t<\/div>\n\t\t\t\t\t<\/div>\n\t\t<\/div>\n\t\t\t\t<div class=\"elementor-column elementor-col-33 elementor-top-column elementor-element elementor-element-4fa56c6\" data-id=\"4fa56c6\" data-element_type=\"column\">\n\t\t\t<div class=\"elementor-widget-wrap elementor-element-populated\">\n\t\t\t\t\t\t<div class=\"elementor-element elementor-element-5d1ea19 elementor-widget elementor-widget-image\" data-id=\"5d1ea19\" data-element_type=\"widget\" data-widget_type=\"image.default\">\n\t\t\t\t<div class=\"elementor-widget-container\">\n\t\t\t\t\t\t\t\t\t\t\t\t\t<img decoding=\"async\" width=\"800\" height=\"534\" src=\"https:\/\/vimcar.de\/boxenstopp\/wp-content\/uploads\/2020\/11\/Boxenstopp-Team-1024x683.jpg\" class=\"attachment-large size-large wp-image-15935\" alt=\"Boxenstopp Team\" srcset=\"https:\/\/vimcar.de\/boxenstopp\/wp-content\/uploads\/2020\/11\/Boxenstopp-Team-1024x683.jpg 1024w, https:\/\/vimcar.de\/boxenstopp\/wp-content\/uploads\/2020\/11\/Boxenstopp-Team-300x200.jpg 300w, https:\/\/vimcar.de\/boxenstopp\/wp-content\/uploads\/2020\/11\/Boxenstopp-Team-768x512.jpg 768w, https:\/\/vimcar.de\/boxenstopp\/wp-content\/uploads\/2020\/11\/Boxenstopp-Team-24x16.jpg 24w, https:\/\/vimcar.de\/boxenstopp\/wp-content\/uploads\/2020\/11\/Boxenstopp-Team-36x24.jpg 36w, https:\/\/vimcar.de\/boxenstopp\/wp-content\/uploads\/2020\/11\/Boxenstopp-Team-48x32.jpg 48w, https:\/\/vimcar.de\/boxenstopp\/wp-content\/uploads\/2020\/11\/Boxenstopp-Team.jpg 1000w\" sizes=\"(max-width: 800px) 100vw, 800px\" \/>\t\t\t\t\t\t\t\t\t\t\t\t\t<\/div>\n\t\t\t\t<\/div>\n\t\t\t\t<div class=\"elementor-element elementor-element-5aa91da elementor-widget elementor-widget-heading\" data-id=\"5aa91da\" data-element_type=\"widget\" data-widget_type=\"heading.default\">\n\t\t\t\t<div class=\"elementor-widget-container\">\n\t\t\t<h2 class=\"elementor-heading-title elementor-size-default\">Fragen zum Boxenstopp<\/h2>\t\t<\/div>\n\t\t\t\t<\/div>\n\t\t\t\t<div class=\"elementor-element elementor-element-8e379d2 elementor-widget elementor-widget-text-editor\" data-id=\"8e379d2\" data-element_type=\"widget\" data-widget_type=\"text-editor.default\">\n\t\t\t\t<div class=\"elementor-widget-container\">\n\t\t\t\t\t\t\t<p>Haben Sie Fragen zu unserer Boxenstopp Plattform oder Fuhrparkmanagement allgemein? Dann schreiben Sie uns einfach eine E-Mail.\u00a0Wir\u00a0sind Montag bis Freitag, von 08:30 bis 18:00 Uhr f\u00fcr Sie erreichbar.\u00a0<\/p>\t\t\t\t\t\t<\/div>\n\t\t\t\t<\/div>\n\t\t\t\t<div class=\"elementor-element elementor-element-63fc392 elementor-align-left elementor-tablet-align-center elementor-widget elementor-widget-button\" data-id=\"63fc392\" data-element_type=\"widget\" data-widget_type=\"button.default\">\n\t\t\t\t<div class=\"elementor-widget-container\">\n\t\t\t\t\t<div class=\"elementor-button-wrapper\">\n\t\t\t<a class=\"elementor-button elementor-size-md\" role=\"button\">\n\t\t\t\t\t\t<span class=\"elementor-button-content-wrapper\">\n\t\t\t\t\t\t\t\t\t<span class=\"elementor-button-text\">boxenstopp@vimcar.com<\/span>\n\t\t\t\t\t<\/span>\n\t\t\t\t\t<\/a>\n\t\t<\/div>\n\t\t\t\t<\/div>\n\t\t\t\t<\/div>\n\t\t\t\t\t<\/div>\n\t\t<\/div>\n\t\t\t\t<div class=\"elementor-column elementor-col-33 elementor-top-column elementor-element elementor-element-2000a2f\" data-id=\"2000a2f\" data-element_type=\"column\">\n\t\t\t<div class=\"elementor-widget-wrap elementor-element-populated\">\n\t\t\t\t\t\t<div class=\"elementor-element elementor-element-cf3cd01 elementor-widget elementor-widget-image\" data-id=\"cf3cd01\" data-element_type=\"widget\" data-widget_type=\"image.default\">\n\t\t\t\t<div class=\"elementor-widget-container\">\n\t\t\t\t\t\t\t\t\t\t\t\t\t<img loading=\"lazy\" decoding=\"async\" width=\"800\" height=\"399\" src=\"https:\/\/vimcar.de\/boxenstopp\/wp-content\/uploads\/2022\/07\/picture_phillip_c_d_support.webp\" class=\"attachment-large size-large wp-image-35237\" alt=\"Support Mitarbeiter\" srcset=\"https:\/\/vimcar.de\/boxenstopp\/wp-content\/uploads\/2022\/07\/picture_phillip_c_d_support.webp 992w, https:\/\/vimcar.de\/boxenstopp\/wp-content\/uploads\/2022\/07\/picture_phillip_c_d_support-300x150.webp 300w, https:\/\/vimcar.de\/boxenstopp\/wp-content\/uploads\/2022\/07\/picture_phillip_c_d_support-768x383.webp 768w\" sizes=\"(max-width: 800px) 100vw, 800px\" \/>\t\t\t\t\t\t\t\t\t\t\t\t\t<\/div>\n\t\t\t\t<\/div>\n\t\t\t\t<div class=\"elementor-element elementor-element-1d03292 elementor-widget elementor-widget-heading\" data-id=\"1d03292\" data-element_type=\"widget\" data-widget_type=\"heading.default\">\n\t\t\t\t<div class=\"elementor-widget-container\">\n\t\t\t<h2 class=\"elementor-heading-title elementor-size-default\">Support zu den Vimcar Produkten<\/h2>\t\t<\/div>\n\t\t\t\t<\/div>\n\t\t\t\t<div class=\"elementor-element elementor-element-4415a4e elementor-widget elementor-widget-text-editor\" data-id=\"4415a4e\" data-element_type=\"widget\" data-widget_type=\"text-editor.default\">\n\t\t\t\t<div class=\"elementor-widget-container\">\n\t\t\t\t\t\t\t<p>Nutzen Sie das Vimcar Fahrtenbuch oder die Vimcar Fleet Software und haben ein technisches Problem? Schreiben Sie bitte dem Support unter kontakt@vimcar.de, die KollegInnen melden sich schnellstm\u00f6glich bei Ihnen! Oder besuchen Sie unsere Supportseite f\u00fcr weitere Informationen.<\/p>\t\t\t\t\t\t<\/div>\n\t\t\t\t<\/div>\n\t\t\t\t<div class=\"elementor-element elementor-element-24cfcad elementor-align-left elementor-tablet-align-center elementor-widget elementor-widget-button\" data-id=\"24cfcad\" data-element_type=\"widget\" data-widget_type=\"button.default\">\n\t\t\t\t<div class=\"elementor-widget-container\">\n\t\t\t\t\t<div class=\"elementor-button-wrapper\">\n\t\t\t<a class=\"elementor-button elementor-button-link elementor-size-md\" href=\"https:\/\/support.vimcar.com\/\" target=\"_blank\">\n\t\t\t\t\t\t<span class=\"elementor-button-content-wrapper\">\n\t\t\t\t\t\t\t\t\t<span class=\"elementor-button-text\">Supportseite besuchen<\/span>\n\t\t\t\t\t<\/span>\n\t\t\t\t\t<\/a>\n\t\t<\/div>\n\t\t\t\t<\/div>\n\t\t\t\t<\/div>\n\t\t\t\t\t<\/div>\n\t\t<\/div>\n\t\t\t\t\t<\/div>\n\t\t<\/section>\n\t\t\t\t<\/div>\n\t\t","protected":false},"excerpt":{"rendered":"<p>Ihre AnsprechpartnerInnen bei Vimcar beraten Sie gern. Ihre AnsprechpartnerInnen bei Vimcar beraten Sie gern. Ihre AnsprechpartnerInnen bei Vimcar beraten Sie gern. Vimcar ist f\u00fchrender Anbieter von Flottenmanagement Softwarel\u00f6sungen f\u00fcr kleine und mittelst\u00e4ndische Unternehmen. \u00dcber 60.000 Kunden fahren bereits mit unserer preisgekr\u00f6nten Software. Wir beraten Sie gern zu den L\u00f6sungen, die Ihren individuellen Anforderungen gerecht werden. [&hellip;]<\/p>\n","protected":false},"author":74,"featured_media":0,"parent":0,"menu_order":0,"comment_status":"closed","ping_status":"closed","template":"","meta":{"footnotes":"","_wp_rev_ctl_limit":""},"yoast_head":"<!-- This site is optimized with the Yoast SEO Premium plugin v21.5 (Yoast SEO v21.5) - https:\/\/yoast.com\/wordpress\/plugins\/seo\/ -->\n<title>Boxenstopp Fuhrparkwissen -Lassen Sie uns reden!<\/title>\n<meta name=\"description\" content=\"Haben Sie Fragen rund um die Fuhrparkverwaltung oder m\u00f6chten einen Einblick in eine digitale L\u00f6sung erhalten? Sprechen Sie uns hier an!\" \/>\n<meta name=\"robots\" content=\"noindex, follow\" \/>\n<meta property=\"og:locale\" content=\"de_DE\" \/>\n<meta property=\"og:type\" content=\"article\" \/>\n<meta property=\"og:title\" content=\"Kontakt\" \/>\n<meta property=\"og:description\" content=\"Haben Sie Fragen rund um die Fuhrparkverwaltung oder m\u00f6chten einen Einblick in eine digitale L\u00f6sung erhalten? Sprechen Sie uns hier an!\" \/>\n<meta property=\"og:url\" content=\"https:\/\/vimcar.de\/boxenstopp\/kontakt\/\" \/>\n<meta property=\"og:site_name\" content=\"Vimcar Boxenstopp\" \/>\n<meta property=\"article:publisher\" content=\"https:\/\/www.facebook.com\/vimcar\" \/>\n<meta property=\"article:modified_time\" content=\"2023-01-16T16:41:46+00:00\" \/>\n<meta property=\"og:image\" content=\"http:\/\/vimcar.de\/boxenstopp\/wp-content\/uploads\/2022\/03\/Vimcar-Boxenstopp-Team-1024x683.webp\" \/>\n<meta name=\"twitter:card\" content=\"summary_large_image\" \/>\n<meta name=\"twitter:site\" content=\"@goVimcar\" \/>\n<meta name=\"twitter:label1\" content=\"Gesch\u00e4tzte Lesezeit\" \/>\n\t<meta name=\"twitter:data1\" content=\"2\u00a0Minuten\" \/>\n<!-- \/ Yoast SEO Premium plugin. -->","yoast_head_json":{"title":"Boxenstopp Fuhrparkwissen -Lassen Sie uns reden!","description":"Haben Sie Fragen rund um die Fuhrparkverwaltung oder m\u00f6chten einen Einblick in eine digitale L\u00f6sung erhalten? Sprechen Sie uns hier an!","robots":{"index":"noindex","follow":"follow"},"og_locale":"de_DE","og_type":"article","og_title":"Kontakt","og_description":"Haben Sie Fragen rund um die Fuhrparkverwaltung oder m\u00f6chten einen Einblick in eine digitale L\u00f6sung erhalten? Sprechen Sie uns hier an!","og_url":"https:\/\/vimcar.de\/boxenstopp\/kontakt\/","og_site_name":"Vimcar Boxenstopp","article_publisher":"https:\/\/www.facebook.com\/vimcar","article_modified_time":"2023-01-16T16:41:46+00:00","og_image":[{"url":"http:\/\/vimcar.de\/boxenstopp\/wp-content\/uploads\/2022\/03\/Vimcar-Boxenstopp-Team-1024x683.webp"}],"twitter_card":"summary_large_image","twitter_site":"@goVimcar","twitter_misc":{"Gesch\u00e4tzte Lesezeit":"2\u00a0Minuten"},"schema":{"@context":"https:\/\/schema.org","@graph":[{"@type":"WebPage","@id":"https:\/\/vimcar.de\/boxenstopp\/kontakt\/","url":"https:\/\/vimcar.de\/boxenstopp\/kontakt\/","name":"Boxenstopp Fuhrparkwissen -Lassen Sie uns reden!","isPartOf":{"@id":"https:\/\/vimcar.de\/boxenstopp\/#website"},"datePublished":"2021-07-13T14:02:59+00:00","dateModified":"2023-01-16T16:41:46+00:00","description":"Haben Sie Fragen rund um die Fuhrparkverwaltung oder m\u00f6chten einen Einblick in eine digitale L\u00f6sung erhalten? Sprechen Sie uns hier an!","breadcrumb":{"@id":"https:\/\/vimcar.de\/boxenstopp\/kontakt\/#breadcrumb"},"inLanguage":"de","potentialAction":[{"@type":"ReadAction","target":["https:\/\/vimcar.de\/boxenstopp\/kontakt\/"]}]},{"@type":"BreadcrumbList","@id":"https:\/\/vimcar.de\/boxenstopp\/kontakt\/#breadcrumb","itemListElement":[{"@type":"ListItem","position":1,"name":"Startseite","item":"https:\/\/vimcar.de\/boxenstopp\/"},{"@type":"ListItem","position":2,"name":"Kontakt"}]},{"@type":"WebSite","@id":"https:\/\/vimcar.de\/boxenstopp\/#website","url":"https:\/\/vimcar.de\/boxenstopp\/","name":"Vimcar Boxenstopp","description":"- Die Lernplattform f\u00fcr Fuhrparkleiter","publisher":{"@id":"https:\/\/vimcar.de\/boxenstopp\/#organization"},"potentialAction":[{"@type":"SearchAction","target":{"@type":"EntryPoint","urlTemplate":"https:\/\/vimcar.de\/boxenstopp\/?s={search_term_string}"},"query-input":"required name=search_term_string"}],"inLanguage":"de"},{"@type":"Organization","@id":"https:\/\/vimcar.de\/boxenstopp\/#organization","name":"Vimcar Boxenstopp - Fuhrparkwissen","url":"https:\/\/vimcar.de\/boxenstopp\/","logo":{"@type":"ImageObject","inLanguage":"de","@id":"https:\/\/vimcar.de\/boxenstopp\/#\/schema\/logo\/image\/","url":"https:\/\/vimcar.de\/boxenstopp\/wp-content\/uploads\/2020\/10\/logo-vimcar-boxenstopp.png","contentUrl":"https:\/\/vimcar.de\/boxenstopp\/wp-content\/uploads\/2020\/10\/logo-vimcar-boxenstopp.png","width":250,"height":50,"caption":"Vimcar Boxenstopp - Fuhrparkwissen"},"image":{"@id":"https:\/\/vimcar.de\/boxenstopp\/#\/schema\/logo\/image\/"},"sameAs":["https:\/\/www.facebook.com\/vimcar","https:\/\/twitter.com\/goVimcar","https:\/\/www.instagram.com\/vimcar_official\/","https:\/\/de.linkedin.com\/company\/vimcar","https:\/\/www.pinterest.de\/vimcar\/","https:\/\/www.youtube.com\/channel\/UCWRajoA7OnWsAw-ezAahZPg"]}]}},"_links":{"self":[{"href":"https:\/\/vimcar.de\/boxenstopp\/wp-json\/wp\/v2\/pages\/25671"}],"collection":[{"href":"https:\/\/vimcar.de\/boxenstopp\/wp-json\/wp\/v2\/pages"}],"about":[{"href":"https:\/\/vimcar.de\/boxenstopp\/wp-json\/wp\/v2\/types\/page"}],"author":[{"embeddable":true,"href":"https:\/\/vimcar.de\/boxenstopp\/wp-json\/wp\/v2\/users\/74"}],"replies":[{"embeddable":true,"href":"https:\/\/vimcar.de\/boxenstopp\/wp-json\/wp\/v2\/comments?post=25671"}],"version-history":[{"count":0,"href":"https:\/\/vimcar.de\/boxenstopp\/wp-json\/wp\/v2\/pages\/25671\/revisions"}],"wp:attachment":[{"href":"https:\/\/vimcar.de\/boxenstopp\/wp-json\/wp\/v2\/media?parent=25671"}],"curies":[{"name":"wp","href":"https:\/\/api.w.org\/{rel}","templated":true}]}}