{"id":34186,"date":"2022-04-08T10:07:21","date_gmt":"2022-04-08T08:07:21","guid":{"rendered":"https:\/\/vimcar.de\/boxenstopp\/?page_id=34186"},"modified":"2022-04-08T10:13:34","modified_gmt":"2022-04-08T08:13:34","slug":"beratung-spritsparen","status":"publish","type":"page","link":"https:\/\/vimcar.de\/boxenstopp\/beratung-spritsparen\/","title":{"rendered":"Unverbindliche Beratung zum Spritsparen im Fuhrpark"},"content":{"rendered":"\t\t<div data-elementor-type=\"wp-page\" data-elementor-id=\"34186\" class=\"elementor elementor-34186\" data-elementor-post-type=\"page\">\n\t\t\t\t\t\t<section class=\"elementor-section elementor-top-section elementor-element elementor-element-4ff516f elementor-section-boxed elementor-section-height-default elementor-section-height-default\" data-id=\"4ff516f\" data-element_type=\"section\">\n\t\t\t\t\t\t<div class=\"elementor-container elementor-column-gap-default\">\n\t\t\t\t\t<div class=\"elementor-column elementor-col-100 elementor-top-column elementor-element elementor-element-eecdc72\" data-id=\"eecdc72\" data-element_type=\"column\">\n\t\t\t<div class=\"elementor-widget-wrap elementor-element-populated\">\n\t\t\t\t\t\t<div class=\"elementor-element elementor-element-4a0a656 elementor-widget elementor-widget-heading\" data-id=\"4a0a656\" data-element_type=\"widget\" data-widget_type=\"heading.default\">\n\t\t\t\t<div class=\"elementor-widget-container\">\n\t\t\t<h2 class=\"elementor-heading-title elementor-size-default\">Melden Sie sich hier f\u00fcr Ihre<br>individuelle und kostenfreie Beratung an!<\/h2>\t\t<\/div>\n\t\t\t\t<\/div>\n\t\t\t\t<section class=\"elementor-section elementor-inner-section elementor-element elementor-element-9110866 elementor-section-boxed elementor-section-height-default elementor-section-height-default\" data-id=\"9110866\" data-element_type=\"section\">\n\t\t\t\t\t\t<div class=\"elementor-container elementor-column-gap-default\">\n\t\t\t\t\t<div class=\"elementor-column elementor-col-100 elementor-inner-column elementor-element elementor-element-edfd3d2\" data-id=\"edfd3d2\" data-element_type=\"column\">\n\t\t\t<div class=\"elementor-widget-wrap elementor-element-populated\">\n\t\t\t\t\t\t<div class=\"elementor-element elementor-element-7992345 elementor-widget elementor-widget-heading\" data-id=\"7992345\" data-element_type=\"widget\" data-widget_type=\"heading.default\">\n\t\t\t\t<div class=\"elementor-widget-container\">\n\t\t\t<div class=\"elementor-heading-title elementor-size-default\">Ihre Vorteile<\/div>\t\t<\/div>\n\t\t\t\t<\/div>\n\t\t\t\t<div class=\"elementor-element elementor-element-2ce2b60 elementor-icon-list--layout-traditional elementor-list-item-link-full_width elementor-widget elementor-widget-icon-list\" data-id=\"2ce2b60\" data-element_type=\"widget\" data-widget_type=\"icon-list.default\">\n\t\t\t\t<div class=\"elementor-widget-container\">\n\t\t\t\t\t<ul class=\"elementor-icon-list-items\">\n\t\t\t\t\t\t\t<li class=\"elementor-icon-list-item\">\n\t\t\t\t\t\t\t\t\t\t\t<span class=\"elementor-icon-list-icon\">\n\t\t\t\t\t\t\t<svg aria-hidden=\"true\" class=\"e-font-icon-svg e-fas-check\" viewBox=\"0 0 512 512\" xmlns=\"http:\/\/www.w3.org\/2000\/svg\"><path d=\"M173.898 439.404l-166.4-166.4c-9.997-9.997-9.997-26.206 0-36.204l36.203-36.204c9.997-9.998 26.207-9.998 36.204 0L192 312.69 432.095 72.596c9.997-9.997 26.207-9.997 36.204 0l36.203 36.204c9.997 9.997 9.997 26.206 0 36.204l-294.4 294.401c-9.998 9.997-26.207 9.997-36.204-.001z\"><\/path><\/svg>\t\t\t\t\t\t<\/span>\n\t\t\t\t\t\t\t\t\t\t<span class=\"elementor-icon-list-text\">Unverbindliche Beratung zum Einsatz von digitalen Tools zum Spritsparen<\/span>\n\t\t\t\t\t\t\t\t\t<\/li>\n\t\t\t\t\t\t\t\t<li class=\"elementor-icon-list-item\">\n\t\t\t\t\t\t\t\t\t\t\t<span class=\"elementor-icon-list-icon\">\n\t\t\t\t\t\t\t<svg aria-hidden=\"true\" class=\"e-font-icon-svg e-fas-check\" viewBox=\"0 0 512 512\" xmlns=\"http:\/\/www.w3.org\/2000\/svg\"><path d=\"M173.898 439.404l-166.4-166.4c-9.997-9.997-9.997-26.206 0-36.204l36.203-36.204c9.997-9.998 26.207-9.998 36.204 0L192 312.69 432.095 72.596c9.997-9.997 26.207-9.997 36.204 0l36.203 36.204c9.997 9.997 9.997 26.206 0 36.204l-294.4 294.401c-9.998 9.997-26.207 9.997-36.204-.001z\"><\/path><\/svg>\t\t\t\t\t\t<\/span>\n\t\t\t\t\t\t\t\t\t\t<span class=\"elementor-icon-list-text\">Wir gehen auf Ihre individuellen Bed\u00fcrfnisse und Herausforderungen ein<\/span>\n\t\t\t\t\t\t\t\t\t<\/li>\n\t\t\t\t\t\t\t\t<li class=\"elementor-icon-list-item\">\n\t\t\t\t\t\t\t\t\t\t\t<span class=\"elementor-icon-list-icon\">\n\t\t\t\t\t\t\t<svg aria-hidden=\"true\" class=\"e-font-icon-svg e-fas-check\" viewBox=\"0 0 512 512\" xmlns=\"http:\/\/www.w3.org\/2000\/svg\"><path d=\"M173.898 439.404l-166.4-166.4c-9.997-9.997-9.997-26.206 0-36.204l36.203-36.204c9.997-9.998 26.207-9.998 36.204 0L192 312.69 432.095 72.596c9.997-9.997 26.207-9.997 36.204 0l36.203 36.204c9.997 9.997 9.997 26.206 0 36.204l-294.4 294.401c-9.998 9.997-26.207 9.997-36.204-.001z\"><\/path><\/svg>\t\t\t\t\t\t<\/span>\n\t\t\t\t\t\t\t\t\t\t<span class=\"elementor-icon-list-text\">Falls erw\u00fcnscht, Einblick in ein digitales Tool <\/span>\n\t\t\t\t\t\t\t\t\t<\/li>\n\t\t\t\t\t\t<\/ul>\n\t\t\t\t<\/div>\n\t\t\t\t<\/div>\n\t\t\t\t\t<\/div>\n\t\t<\/div>\n\t\t\t\t\t<\/div>\n\t\t<\/section>\n\t\t\t\t\t<\/div>\n\t\t<\/div>\n\t\t\t\t\t<\/div>\n\t\t<\/section>\n\t\t\t\t<section class=\"elementor-section elementor-top-section elementor-element elementor-element-e95b202 elementor-section-boxed elementor-section-height-default elementor-section-height-default\" data-id=\"e95b202\" data-element_type=\"section\">\n\t\t\t\t\t\t<div class=\"elementor-container elementor-column-gap-default\">\n\t\t\t\t\t<div class=\"elementor-column elementor-col-100 elementor-top-column elementor-element elementor-element-8d9e462\" data-id=\"8d9e462\" data-element_type=\"column\">\n\t\t\t<div class=\"elementor-widget-wrap elementor-element-populated\">\n\t\t\t\t\t\t<div class=\"elementor-element elementor-element-78d2783 elementor-widget elementor-widget-html\" data-id=\"78d2783\" data-element_type=\"widget\" data-widget_type=\"html.default\">\n\t\t\t\t<div class=\"elementor-widget-container\">\n\t\t\t<div><div class='op-interactive' id='60b8cd6a64d9e6609be52fd7' data-title='Boxenstopp_Tankkarten_Beratung' data-url='https:\/\/vimcargmbh.outgrow.us\/60b8cd6a64d9e6609be52fd7?vHeight=1' data-width='100%'><\/div><script src='\/\/dyv6f9ner1ir9.cloudfront.net\/assets\/js\/nloader.js'><\/script><script>initIframe('60b8cd6a64d9e6609be52fd7');<\/script><\/div>\t\t<\/div>\n\t\t\t\t<\/div>\n\t\t\t\t\t<\/div>\n\t\t<\/div>\n\t\t\t\t\t<\/div>\n\t\t<\/section>\n\t\t\t\t<section class=\"elementor-section elementor-top-section elementor-element elementor-element-c0ed61b elementor-section-boxed elementor-section-height-default elementor-section-height-default\" data-id=\"c0ed61b\" data-element_type=\"section\">\n\t\t\t\t\t\t<div class=\"elementor-container elementor-column-gap-default\">\n\t\t\t\t\t<div class=\"elementor-column elementor-col-100 elementor-top-column elementor-element elementor-element-de0a22a\" data-id=\"de0a22a\" data-element_type=\"column\">\n\t\t\t<div class=\"elementor-widget-wrap elementor-element-populated\">\n\t\t\t\t\t\t<div class=\"elementor-element elementor-element-bce48bb elementor-widget elementor-widget-heading\" data-id=\"bce48bb\" data-element_type=\"widget\" data-widget_type=\"heading.default\">\n\t\t\t\t<div class=\"elementor-widget-container\">\n\t\t\t<h2 class=\"elementor-heading-title elementor-size-default\">Das erwartet Sie bei dem Gespr\u00e4ch:<\/h2>\t\t<\/div>\n\t\t\t\t<\/div>\n\t\t\t\t\t<\/div>\n\t\t<\/div>\n\t\t\t\t\t<\/div>\n\t\t<\/section>\n\t\t\t\t<section class=\"elementor-section elementor-top-section elementor-element elementor-element-468f0c8 elementor-section-boxed elementor-section-height-default elementor-section-height-default\" data-id=\"468f0c8\" data-element_type=\"section\">\n\t\t\t\t\t\t<div class=\"elementor-container elementor-column-gap-default\">\n\t\t\t\t\t<div class=\"elementor-column elementor-col-100 elementor-top-column elementor-element elementor-element-3add018\" data-id=\"3add018\" data-element_type=\"column\">\n\t\t\t<div class=\"elementor-widget-wrap elementor-element-populated\">\n\t\t\t\t\t\t<section class=\"elementor-section elementor-inner-section elementor-element elementor-element-4c0d0a3 elementor-section-boxed elementor-section-height-default elementor-section-height-default\" data-id=\"4c0d0a3\" data-element_type=\"section\">\n\t\t\t\t\t\t<div class=\"elementor-container elementor-column-gap-default\">\n\t\t\t\t\t<div class=\"elementor-column elementor-col-50 elementor-inner-column elementor-element elementor-element-d883e9f\" data-id=\"d883e9f\" data-element_type=\"column\">\n\t\t\t<div class=\"elementor-widget-wrap elementor-element-populated\">\n\t\t\t\t\t\t<div class=\"elementor-element elementor-element-e1752ae elementor-widget elementor-widget-image\" data-id=\"e1752ae\" data-element_type=\"widget\" data-widget_type=\"image.default\">\n\t\t\t\t<div class=\"elementor-widget-container\">\n\t\t\t\t\t\t\t\t\t\t<figure class=\"wp-caption\">\n\t\t\t\t\t\t\t\t\t\t<img fetchpriority=\"high\" decoding=\"async\" width=\"800\" height=\"534\" src=\"https:\/\/vimcar.de\/boxenstopp\/wp-content\/uploads\/2021\/06\/Berater-Christian-Fuchs-1024x683.jpg\" class=\"attachment-large size-large wp-image-24622\" alt=\"Berater Christian Fuchs\" srcset=\"https:\/\/vimcar.de\/boxenstopp\/wp-content\/uploads\/2021\/06\/Berater-Christian-Fuchs-1024x683.jpg 1024w, https:\/\/vimcar.de\/boxenstopp\/wp-content\/uploads\/2021\/06\/Berater-Christian-Fuchs-300x200.jpg 300w, https:\/\/vimcar.de\/boxenstopp\/wp-content\/uploads\/2021\/06\/Berater-Christian-Fuchs-768x512.jpg 768w, https:\/\/vimcar.de\/boxenstopp\/wp-content\/uploads\/2021\/06\/Berater-Christian-Fuchs-1536x1025.jpg 1536w, https:\/\/vimcar.de\/boxenstopp\/wp-content\/uploads\/2021\/06\/Berater-Christian-Fuchs-24x16.jpg 24w, https:\/\/vimcar.de\/boxenstopp\/wp-content\/uploads\/2021\/06\/Berater-Christian-Fuchs-36x24.jpg 36w, https:\/\/vimcar.de\/boxenstopp\/wp-content\/uploads\/2021\/06\/Berater-Christian-Fuchs-48x32.jpg 48w, https:\/\/vimcar.de\/boxenstopp\/wp-content\/uploads\/2021\/06\/Berater-Christian-Fuchs.jpg 1000w\" sizes=\"(max-width: 800px) 100vw, 800px\" \/>\t\t\t\t\t\t\t\t\t\t\t<figcaption class=\"widget-image-caption wp-caption-text\">Unser Fuhrparkexperte Christian Fuchs<\/figcaption>\n\t\t\t\t\t\t\t\t\t\t<\/figure>\n\t\t\t\t\t\t\t<\/div>\n\t\t\t\t<\/div>\n\t\t\t\t\t<\/div>\n\t\t<\/div>\n\t\t\t\t<div class=\"elementor-column elementor-col-50 elementor-inner-column elementor-element elementor-element-1779dc5\" data-id=\"1779dc5\" data-element_type=\"column\">\n\t\t\t<div class=\"elementor-widget-wrap elementor-element-populated\">\n\t\t\t\t\t\t<div class=\"elementor-element elementor-element-2b279bb elementor-widget elementor-widget-heading\" data-id=\"2b279bb\" data-element_type=\"widget\" data-widget_type=\"heading.default\">\n\t\t\t\t<div class=\"elementor-widget-container\">\n\t\t\t<div class=\"elementor-heading-title elementor-size-default\">01 F\u00fcllen Sie unser Formular aus.<\/div>\t\t<\/div>\n\t\t\t\t<\/div>\n\t\t\t\t<div class=\"elementor-element elementor-element-f7f30f9 elementor-widget elementor-widget-text-editor\" data-id=\"f7f30f9\" data-element_type=\"widget\" data-widget_type=\"text-editor.default\">\n\t\t\t\t<div class=\"elementor-widget-container\">\n\t\t\t\t\t\t\t<div id=\"lp-pom-text-1076\" class=\"lp-element lp-pom-text nlh\"><p>Bitte geben Sie Ihre Daten an, um Ihnen eine bestm\u00f6gliche und individuelle Beratung zu gew\u00e4hrleisten.<\/p><\/div>\t\t\t\t\t\t<\/div>\n\t\t\t\t<\/div>\n\t\t\t\t<div class=\"elementor-element elementor-element-6420057 elementor-widget elementor-widget-heading\" data-id=\"6420057\" data-element_type=\"widget\" data-widget_type=\"heading.default\">\n\t\t\t\t<div class=\"elementor-widget-container\">\n\t\t\t<div class=\"elementor-heading-title elementor-size-default\">02 Wir kontaktieren Sie schnellstm\u00f6glich.<\/div>\t\t<\/div>\n\t\t\t\t<\/div>\n\t\t\t\t<div class=\"elementor-element elementor-element-23d22f6 elementor-widget elementor-widget-text-editor\" data-id=\"23d22f6\" data-element_type=\"widget\" data-widget_type=\"text-editor.default\">\n\t\t\t\t<div class=\"elementor-widget-container\">\n\t\t\t\t\t\t\t<p>Unsere FuhrparkexpertInnen werden sich umgehend mit Ihnen in Verbindung setzen, um einen Termin zur Beratung festzulegen.<\/p>\t\t\t\t\t\t<\/div>\n\t\t\t\t<\/div>\n\t\t\t\t<div class=\"elementor-element elementor-element-fc2a677 elementor-widget elementor-widget-heading\" data-id=\"fc2a677\" data-element_type=\"widget\" data-widget_type=\"heading.default\">\n\t\t\t\t<div class=\"elementor-widget-container\">\n\t\t\t<div class=\"elementor-heading-title elementor-size-default\">02 Sie erhalten Ihre individuelle Beratung.<\/div>\t\t<\/div>\n\t\t\t\t<\/div>\n\t\t\t\t<div class=\"elementor-element elementor-element-a7619cf elementor-widget elementor-widget-text-editor\" data-id=\"a7619cf\" data-element_type=\"widget\" data-widget_type=\"text-editor.default\">\n\t\t\t\t<div class=\"elementor-widget-container\">\n\t\t\t\t\t\t\t<p>Unsere FuhrparkexpertInnen besprechen mit Ihnen, welche Herausforderungen und Probleme in Ihrem Fuhrpark wie gel\u00f6st werden k\u00f6nnen. Dabei erhalten Sie auf Wunsch Einblick in die Fuhrparksoftware Vimcar Fleet.<\/p>\t\t\t\t\t\t<\/div>\n\t\t\t\t<\/div>\n\t\t\t\t\t<\/div>\n\t\t<\/div>\n\t\t\t\t\t<\/div>\n\t\t<\/section>\n\t\t\t\t\t<\/div>\n\t\t<\/div>\n\t\t\t\t\t<\/div>\n\t\t<\/section>\n\t\t\t\t<\/div>\n\t\t","protected":false},"excerpt":{"rendered":"<p>Melden Sie sich hier f\u00fcr Ihreindividuelle und kostenfreie Beratung an! Ihre Vorteile Unverbindliche Beratung zum Einsatz von digitalen Tools zum Spritsparen Wir gehen auf Ihre individuellen Bed\u00fcrfnisse und Herausforderungen ein Falls erw\u00fcnscht, Einblick in ein digitales Tool Das erwartet Sie bei dem Gespr\u00e4ch: Unser Fuhrparkexperte Christian Fuchs 01 F\u00fcllen Sie unser Formular aus. Bitte geben [&hellip;]<\/p>\n","protected":false},"author":74,"featured_media":0,"parent":0,"menu_order":0,"comment_status":"closed","ping_status":"closed","template":"","meta":{"footnotes":"","_wp_rev_ctl_limit":""},"yoast_head":"<!-- This site is optimized with the Yoast SEO Premium plugin v21.5 (Yoast SEO v21.5) - https:\/\/yoast.com\/wordpress\/plugins\/seo\/ -->\n<title>Jetzt zum Spritsparen im Fuhrpark beraten lassen!<\/title>\n<meta name=\"description\" content=\"Erhalten Sie hier Ihre unverbindliche Beratung und erfahren, wie Sie Kraftstoffkosten im Fuhrpark mit einer Fuhrparksoftware senken k\u00f6nnen.\" \/>\n<meta name=\"robots\" content=\"index, follow, max-snippet:-1, max-image-preview:large, max-video-preview:-1\" \/>\n<link rel=\"canonical\" href=\"https:\/\/vimcar.de\/boxenstopp\/beratung-spritsparen\/\" \/>\n<meta property=\"og:locale\" content=\"de_DE\" \/>\n<meta property=\"og:type\" content=\"article\" \/>\n<meta property=\"og:title\" content=\"Unverbindliche Beratung zum Spritsparen im Fuhrpark\" \/>\n<meta property=\"og:description\" content=\"Erhalten Sie hier Ihre unverbindliche Beratung und erfahren, wie Sie Kraftstoffkosten im Fuhrpark mit einer Fuhrparksoftware senken k\u00f6nnen.\" \/>\n<meta property=\"og:url\" content=\"https:\/\/vimcar.de\/boxenstopp\/beratung-spritsparen\/\" \/>\n<meta property=\"og:site_name\" content=\"Vimcar Boxenstopp\" \/>\n<meta property=\"article:publisher\" content=\"https:\/\/www.facebook.com\/vimcar\" \/>\n<meta property=\"article:modified_time\" content=\"2022-04-08T08:13:34+00:00\" \/>\n<meta property=\"og:image\" content=\"http:\/\/vimcar.de\/boxenstopp\/wp-content\/uploads\/2021\/06\/Berater-Christian-Fuchs-1024x683.jpg\" \/>\n<meta name=\"twitter:card\" content=\"summary_large_image\" \/>\n<meta name=\"twitter:site\" content=\"@goVimcar\" \/>\n<meta name=\"twitter:label1\" content=\"Gesch\u00e4tzte Lesezeit\" \/>\n\t<meta name=\"twitter:data1\" content=\"1\u00a0Minute\" \/>\n<!-- \/ Yoast SEO Premium plugin. -->","yoast_head_json":{"title":"Jetzt zum Spritsparen im Fuhrpark beraten lassen!","description":"Erhalten Sie hier Ihre unverbindliche Beratung und erfahren, wie Sie Kraftstoffkosten im Fuhrpark mit einer Fuhrparksoftware senken k\u00f6nnen.","robots":{"index":"index","follow":"follow","max-snippet":"max-snippet:-1","max-image-preview":"max-image-preview:large","max-video-preview":"max-video-preview:-1"},"canonical":"https:\/\/vimcar.de\/boxenstopp\/beratung-spritsparen\/","og_locale":"de_DE","og_type":"article","og_title":"Unverbindliche Beratung zum Spritsparen im Fuhrpark","og_description":"Erhalten Sie hier Ihre unverbindliche Beratung und erfahren, wie Sie Kraftstoffkosten im Fuhrpark mit einer Fuhrparksoftware senken k\u00f6nnen.","og_url":"https:\/\/vimcar.de\/boxenstopp\/beratung-spritsparen\/","og_site_name":"Vimcar Boxenstopp","article_publisher":"https:\/\/www.facebook.com\/vimcar","article_modified_time":"2022-04-08T08:13:34+00:00","og_image":[{"url":"http:\/\/vimcar.de\/boxenstopp\/wp-content\/uploads\/2021\/06\/Berater-Christian-Fuchs-1024x683.jpg"}],"twitter_card":"summary_large_image","twitter_site":"@goVimcar","twitter_misc":{"Gesch\u00e4tzte Lesezeit":"1\u00a0Minute"},"schema":{"@context":"https:\/\/schema.org","@graph":[{"@type":"WebPage","@id":"https:\/\/vimcar.de\/boxenstopp\/beratung-spritsparen\/","url":"https:\/\/vimcar.de\/boxenstopp\/beratung-spritsparen\/","name":"Jetzt zum Spritsparen im Fuhrpark beraten lassen!","isPartOf":{"@id":"https:\/\/vimcar.de\/boxenstopp\/#website"},"datePublished":"2022-04-08T08:07:21+00:00","dateModified":"2022-04-08T08:13:34+00:00","description":"Erhalten Sie hier Ihre unverbindliche Beratung und erfahren, wie Sie Kraftstoffkosten im Fuhrpark mit einer Fuhrparksoftware senken k\u00f6nnen.","breadcrumb":{"@id":"https:\/\/vimcar.de\/boxenstopp\/beratung-spritsparen\/#breadcrumb"},"inLanguage":"de","potentialAction":[{"@type":"ReadAction","target":["https:\/\/vimcar.de\/boxenstopp\/beratung-spritsparen\/"]}]},{"@type":"BreadcrumbList","@id":"https:\/\/vimcar.de\/boxenstopp\/beratung-spritsparen\/#breadcrumb","itemListElement":[{"@type":"ListItem","position":1,"name":"Startseite","item":"https:\/\/vimcar.de\/boxenstopp\/"},{"@type":"ListItem","position":2,"name":"Unverbindliche Beratung zum Spritsparen im Fuhrpark"}]},{"@type":"WebSite","@id":"https:\/\/vimcar.de\/boxenstopp\/#website","url":"https:\/\/vimcar.de\/boxenstopp\/","name":"Vimcar Boxenstopp","description":"- Die Lernplattform f\u00fcr Fuhrparkleiter","publisher":{"@id":"https:\/\/vimcar.de\/boxenstopp\/#organization"},"potentialAction":[{"@type":"SearchAction","target":{"@type":"EntryPoint","urlTemplate":"https:\/\/vimcar.de\/boxenstopp\/?s={search_term_string}"},"query-input":"required name=search_term_string"}],"inLanguage":"de"},{"@type":"Organization","@id":"https:\/\/vimcar.de\/boxenstopp\/#organization","name":"Vimcar Boxenstopp - Fuhrparkwissen","url":"https:\/\/vimcar.de\/boxenstopp\/","logo":{"@type":"ImageObject","inLanguage":"de","@id":"https:\/\/vimcar.de\/boxenstopp\/#\/schema\/logo\/image\/","url":"https:\/\/vimcar.de\/boxenstopp\/wp-content\/uploads\/2020\/10\/logo-vimcar-boxenstopp.png","contentUrl":"https:\/\/vimcar.de\/boxenstopp\/wp-content\/uploads\/2020\/10\/logo-vimcar-boxenstopp.png","width":250,"height":50,"caption":"Vimcar Boxenstopp - Fuhrparkwissen"},"image":{"@id":"https:\/\/vimcar.de\/boxenstopp\/#\/schema\/logo\/image\/"},"sameAs":["https:\/\/www.facebook.com\/vimcar","https:\/\/twitter.com\/goVimcar","https:\/\/www.instagram.com\/vimcar_official\/","https:\/\/de.linkedin.com\/company\/vimcar","https:\/\/www.pinterest.de\/vimcar\/","https:\/\/www.youtube.com\/channel\/UCWRajoA7OnWsAw-ezAahZPg"]}]}},"_links":{"self":[{"href":"https:\/\/vimcar.de\/boxenstopp\/wp-json\/wp\/v2\/pages\/34186"}],"collection":[{"href":"https:\/\/vimcar.de\/boxenstopp\/wp-json\/wp\/v2\/pages"}],"about":[{"href":"https:\/\/vimcar.de\/boxenstopp\/wp-json\/wp\/v2\/types\/page"}],"author":[{"embeddable":true,"href":"https:\/\/vimcar.de\/boxenstopp\/wp-json\/wp\/v2\/users\/74"}],"replies":[{"embeddable":true,"href":"https:\/\/vimcar.de\/boxenstopp\/wp-json\/wp\/v2\/comments?post=34186"}],"version-history":[{"count":0,"href":"https:\/\/vimcar.de\/boxenstopp\/wp-json\/wp\/v2\/pages\/34186\/revisions"}],"wp:attachment":[{"href":"https:\/\/vimcar.de\/boxenstopp\/wp-json\/wp\/v2\/media?parent=34186"}],"curies":[{"name":"wp","href":"https:\/\/api.w.org\/{rel}","templated":true}]}}