{"id":3660,"date":"2019-06-20T10:50:45","date_gmt":"2019-06-20T08:50:45","guid":{"rendered":"https:\/\/vimcar.de\/boxenstopp\/?page_id=3660"},"modified":"2020-10-16T14:34:16","modified_gmt":"2020-10-16T12:34:16","slug":"fahrtenkategorien-2","status":"publish","type":"page","link":"https:\/\/vimcar.de\/boxenstopp\/fahrtenbuch-lexikon\/fahrtenkategorien-2\/","title":{"rendered":"Fahrtenkategorien"},"content":{"rendered":"\t\t<div data-elementor-type=\"wp-page\" data-elementor-id=\"3660\" class=\"elementor elementor-3660\" data-elementor-post-type=\"page\">\n\t\t\t\t\t\t<section class=\"elementor-section elementor-top-section elementor-element elementor-element-15826037 elementor-section-boxed elementor-section-height-default elementor-section-height-default\" data-id=\"15826037\" data-element_type=\"section\">\n\t\t\t\t\t\t<div class=\"elementor-container elementor-column-gap-default\">\n\t\t\t\t\t<div class=\"elementor-column elementor-col-100 elementor-top-column elementor-element elementor-element-1d0707a6\" data-id=\"1d0707a6\" data-element_type=\"column\">\n\t\t\t<div class=\"elementor-widget-wrap elementor-element-populated\">\n\t\t\t\t\t\t<div class=\"elementor-element elementor-element-6d62a44 elementor-widget elementor-widget-text-editor\" data-id=\"6d62a44\" data-element_type=\"widget\" data-widget_type=\"text-editor.default\">\n\t\t\t\t<div class=\"elementor-widget-container\">\n\t\t\t\t\t\t\t<p>F\u00fcr ein g\u00fcltiges Fahrtenbuch ist es wichtig jede Fahrt in die Fahrtenkategorien Betriebsfahrt, Arbeitsweg oder Privatfahrt einzuordnen. Damit bei der Erfassung der get\u00e4tigten Fahrt nichts schief l\u00e4uft, erfahren Sie hier welche Informationen Sie in Ihrem Fahrtenbuch einbinden m\u00fcssen.<\/p>\t\t\t\t\t\t<\/div>\n\t\t\t\t<\/div>\n\t\t\t\t<div class=\"elementor-element elementor-element-0955b92 elementor-widget elementor-widget-heading\" data-id=\"0955b92\" data-element_type=\"widget\" data-widget_type=\"heading.default\">\n\t\t\t\t<div class=\"elementor-widget-container\">\n\t\t\t<h2 class=\"elementor-heading-title elementor-size-default\">Privat oder betrieblich? \u2013 Die richtige Kategorisierung im Fahrtenbuch<\/h2>\t\t<\/div>\n\t\t\t\t<\/div>\n\t\t\t\t<div class=\"elementor-element elementor-element-2278d48 elementor-widget elementor-widget-text-editor\" data-id=\"2278d48\" data-element_type=\"widget\" data-widget_type=\"text-editor.default\">\n\t\t\t\t<div class=\"elementor-widget-container\">\n\t\t\t\t\t\t\t<p>Falls Sie anfangen m\u00f6chten, ein Fahrtenbuch zu f\u00fchren, stellt sich zuallererst die Frage der Fahrtenkategorisierung. Auf diesem Konzept ist ein Fahrtenbuch aufgebaut: Jede Fahrt, die Sie mit Ihrem\u00a0Firmenwagen t\u00e4tigen, muss einer der Fahrtenkategorien zugeordnet werden &#8211; Betriebsfahrt, Privatfahrt oder Arbeitsweg. Was genau sind aber die Grenzen dieser Fahrtenkategorien und was passiert, wenn eine Fahrt nicht so klar einzuordnen ist?<\/p>\t\t\t\t\t\t<\/div>\n\t\t\t\t<\/div>\n\t\t\t\t<div class=\"elementor-element elementor-element-ef7a0d8 elementor-widget elementor-widget-heading\" data-id=\"ef7a0d8\" data-element_type=\"widget\" data-widget_type=\"heading.default\">\n\t\t\t\t<div class=\"elementor-widget-container\">\n\t\t\t<h2 class=\"elementor-heading-title elementor-size-default\">Was ist eine Betriebsfahrt?<\/h2>\t\t<\/div>\n\t\t\t\t<\/div>\n\t\t\t\t<div class=\"elementor-element elementor-element-3b815fe elementor-widget elementor-widget-text-editor\" data-id=\"3b815fe\" data-element_type=\"widget\" data-widget_type=\"text-editor.default\">\n\t\t\t\t<div class=\"elementor-widget-container\">\n\t\t\t\t\t\t\t<p>Betriebsfahrten sind alle get\u00e4tigten Fahrten, die aus gesch\u00e4ftlichen Gr\u00fcnden stattfinden. Darunter fallen beispielsweise Fahrten, die den Fahrer aufgrund von Gesch\u00e4ftsabschl\u00fcssen oder Angebotsunterbreitungen zu Kunden oder Gesch\u00e4ftspartnern f\u00fchren. Bei betrieblichen Fahrten ist es wichtig, die vom Fiskus geforderten Details vollst\u00e4ndig anzugeben. Keine andere Fahrt erfordert so viele Angaben bei der Dokumentation. Neben dem Kilometerstand sowie der Start- und Zieladresse m\u00fcssen Sie auch den getroffenen Gesch\u00e4ftspartner und Anlass des Besuches angeben.<\/p>\t\t\t\t\t\t<\/div>\n\t\t\t\t<\/div>\n\t\t\t\t<div class=\"elementor-element elementor-element-218a6c2 elementor-widget elementor-widget-heading\" data-id=\"218a6c2\" data-element_type=\"widget\" data-widget_type=\"heading.default\">\n\t\t\t\t<div class=\"elementor-widget-container\">\n\t\t\t<h2 class=\"elementor-heading-title elementor-size-default\">Was ist der Arbeitsweg?<\/h2>\t\t<\/div>\n\t\t\t\t<\/div>\n\t\t\t\t<div class=\"elementor-element elementor-element-86ce9f5 elementor-widget elementor-widget-text-editor\" data-id=\"86ce9f5\" data-element_type=\"widget\" data-widget_type=\"text-editor.default\">\n\t\t\t\t<div class=\"elementor-widget-container\">\n\t\t\t\t\t\t\t<p>Generell stellt der Arbeitsweg die Strecke zwischen der Wohnung und der Arbeitsst\u00e4tte dar, jedoch kann die Abrechnung sich von Berufsgruppe zu Berufsgruppe unterscheiden. Das hei\u00dft, dass Sie je nachdem, ob Sie selbstst\u00e4ndig, freiberuflich, angestellt oder ohne erste T\u00e4tigkeitsst\u00e4tte sind, Ihren genauen Einzelfall beachten sollten. Halten Sie hierzu einfach R\u00fccksprache mit Ihrem Steuerberater, um die beste L\u00f6sung f\u00fcr Ihren pers\u00f6nlichen Fall zu finden. Anders als bei einer reinen Betriebsfahrt, gen\u00fcgt bei der Dokumentation des Arbeitsweges die Kilometeranzahl sowie zus\u00e4tzlich Start- und Endpunkt der Fahrt. Sollten Sie aufgrund eines Staus oder einer Baustelle einen Umweg fahren m\u00fcssen, vermerken Sie dies am besten auch in Ihrem Fahrtenbuch, damit die zus\u00e4tzlichen Kilometer f\u00fcr das Finanzamt erkl\u00e4rt sind und kein Verdacht auf eine versteckte Privatfahrt entsteht.<\/p>\t\t\t\t\t\t<\/div>\n\t\t\t\t<\/div>\n\t\t\t\t<div class=\"elementor-element elementor-element-dede00f elementor-widget elementor-widget-heading\" data-id=\"dede00f\" data-element_type=\"widget\" data-widget_type=\"heading.default\">\n\t\t\t\t<div class=\"elementor-widget-container\">\n\t\t\t<h2 class=\"elementor-heading-title elementor-size-default\">Was ist eine Privatfahrt?<\/h2>\t\t<\/div>\n\t\t\t\t<\/div>\n\t\t\t\t<div class=\"elementor-element elementor-element-d66d531 elementor-widget elementor-widget-text-editor\" data-id=\"d66d531\" data-element_type=\"widget\" data-widget_type=\"text-editor.default\">\n\t\t\t\t<div class=\"elementor-widget-container\">\n\t\t\t\t\t\t\t<p>Alle get\u00e4tigten Fahrten, die keinem dienstlichen Zweck zuzuordnen und die privater Natur sind, werden als\u00a0Privatfahrten\u00a0bezeichnet. Dazu z\u00e4hlen beispielsweise Fahrten zum Einkaufen, zu Freunden und Verwandten oder zum Sport. F\u00fcr Privatfahrten gen\u00fcgen jeweils die Kilometerangaben, ohne Details zu Reiseweg und Reisezweck anzugeben.<\/p>\t\t\t\t\t\t<\/div>\n\t\t\t\t<\/div>\n\t\t\t\t<div class=\"elementor-element elementor-element-c44c9d9 elementor-widget elementor-widget-heading\" data-id=\"c44c9d9\" data-element_type=\"widget\" data-widget_type=\"heading.default\">\n\t\t\t\t<div class=\"elementor-widget-container\">\n\t\t\t<h2 class=\"elementor-heading-title elementor-size-default\">Welche Ausnahme- und Sonderf\u00e4lle gibt es?\n<\/h2>\t\t<\/div>\n\t\t\t\t<\/div>\n\t\t\t\t<div class=\"elementor-element elementor-element-cc79d7b elementor-widget elementor-widget-text-editor\" data-id=\"cc79d7b\" data-element_type=\"widget\" data-widget_type=\"text-editor.default\">\n\t\t\t\t<div class=\"elementor-widget-container\">\n\t\t\t\t\t\t\t<p>Manchmal l\u00e4sst sich nicht klar zuordnen, ob ein Weg aus privaten oder gesch\u00e4ftlichen Gr\u00fcnden zur\u00fcckgelegt wird. Das gilt beispielsweise, wenn Sie auf dem Weg zur Arbeit die Kinder an der Schule absetzen. Oder aber auch, wenn Sie nach einem Kundentermin direkt nach Hause fahren, ohne vorher noch einmal im B\u00fcro vorbeizuschauen. In solchen F\u00e4llen k\u00f6nnen Sie die Fahrt als Mischfahrt kategorisieren.\u00a0<\/p>\t\t\t\t\t\t<\/div>\n\t\t\t\t<\/div>\n\t\t\t\t\t<\/div>\n\t\t<\/div>\n\t\t\t\t\t<\/div>\n\t\t<\/section>\n\t\t\t\t<section class=\"elementor-section elementor-top-section elementor-element elementor-element-1c5d9d4 elementor-section-boxed elementor-section-height-default elementor-section-height-default\" data-id=\"1c5d9d4\" data-element_type=\"section\">\n\t\t\t\t\t\t<div class=\"elementor-container elementor-column-gap-default\">\n\t\t\t\t\t<div class=\"elementor-column elementor-col-100 elementor-top-column elementor-element elementor-element-7175bad\" data-id=\"7175bad\" data-element_type=\"column\">\n\t\t\t<div class=\"elementor-widget-wrap elementor-element-populated\">\n\t\t\t\t\t\t<div class=\"elementor-element elementor-element-d210df7 elementor-nav-menu--dropdown-tablet elementor-nav-menu__text-align-aside elementor-widget elementor-widget-nav-menu\" data-id=\"d210df7\" data-element_type=\"widget\" data-settings=\"{&quot;layout&quot;:&quot;horizontal&quot;,&quot;submenu_icon&quot;:{&quot;value&quot;:&quot;&lt;svg class=\\&quot;e-font-icon-svg e-fas-caret-down\\&quot; viewBox=\\&quot;0 0 320 512\\&quot; xmlns=\\&quot;http:\\\/\\\/www.w3.org\\\/2000\\\/svg\\&quot;&gt;&lt;path d=\\&quot;M31.3 192h257.3c17.8 0 26.7 21.5 14.1 34.1L174.1 354.8c-7.8 7.8-20.5 7.8-28.3 0L17.2 226.1C4.6 213.5 13.5 192 31.3 192z\\&quot;&gt;&lt;\\\/path&gt;&lt;\\\/svg&gt;&quot;,&quot;library&quot;:&quot;fa-solid&quot;}}\" data-widget_type=\"nav-menu.default\">\n\t\t\t\t<div class=\"elementor-widget-container\">\n\t\t\t\t\t\t<nav aria-label=\"Men\u00fc\" class=\"elementor-nav-menu--main elementor-nav-menu__container elementor-nav-menu--layout-horizontal e--pointer-underline e--animation-fade\">\n\t\t\t\t<ul id=\"menu-1-d210df7\" class=\"elementor-nav-menu\"><li class=\"menu-item menu-item-type-custom menu-item-object-custom menu-item-7068\"><a href=\"https:\/\/vimcar.de\/boxenstopp\/\/fahrtenbuch-lexikon\" class=\"elementor-item\">Zur\u00fcck zum Lexikon<\/a><\/li>\n<\/ul>\t\t\t<\/nav>\n\t\t\t\t\t\t<nav class=\"elementor-nav-menu--dropdown elementor-nav-menu__container\" aria-hidden=\"true\">\n\t\t\t\t<ul id=\"menu-2-d210df7\" class=\"elementor-nav-menu\"><li class=\"menu-item menu-item-type-custom menu-item-object-custom menu-item-7068\"><a href=\"https:\/\/vimcar.de\/boxenstopp\/\/fahrtenbuch-lexikon\" class=\"elementor-item\" tabindex=\"-1\">Zur\u00fcck zum Lexikon<\/a><\/li>\n<\/ul>\t\t\t<\/nav>\n\t\t\t\t<\/div>\n\t\t\t\t<\/div>\n\t\t\t\t\t<\/div>\n\t\t<\/div>\n\t\t\t\t\t<\/div>\n\t\t<\/section>\n\t\t\t\t<\/div>\n\t\t","protected":false},"excerpt":{"rendered":"<p>F\u00fcr ein g\u00fcltiges Fahrtenbuch ist es wichtig jede Fahrt in die Fahrtenkategorien Betriebsfahrt, Arbeitsweg oder Privatfahrt einzuordnen. Damit bei der Erfassung der get\u00e4tigten Fahrt nichts schief l\u00e4uft, erfahren Sie hier welche Informationen Sie in Ihrem Fahrtenbuch einbinden m\u00fcssen. Privat oder betrieblich? \u2013 Die richtige Kategorisierung im Fahrtenbuch Falls Sie anfangen m\u00f6chten, ein Fahrtenbuch zu f\u00fchren, [&hellip;]<\/p>\n","protected":false},"author":74,"featured_media":0,"parent":3540,"menu_order":0,"comment_status":"closed","ping_status":"closed","template":"","meta":{"footnotes":"","_wp_rev_ctl_limit":""},"yoast_head":"<!-- This site is optimized with the Yoast SEO Premium plugin v21.5 (Yoast SEO v21.5) - https:\/\/yoast.com\/wordpress\/plugins\/seo\/ -->\n<title>Fahrtenkategorien - Vimcar Boxenstopp<\/title>\n<meta name=\"description\" content=\"Lesen Sie jetzt den Artikel zu Fahrtenkategorien und erfahren, wie Sie richtig Ihre Fahrten im Fahrtenbuch kategorisieren.\" \/>\n<meta name=\"robots\" content=\"noindex, follow\" \/>\n<meta property=\"og:locale\" content=\"de_DE\" \/>\n<meta property=\"og:type\" content=\"article\" \/>\n<meta property=\"og:title\" content=\"Fahrtenkategorien\" \/>\n<meta property=\"og:description\" content=\"Lesen Sie jetzt den Artikel zu Fahrtenkategorien und erfahren, wie Sie richtig Ihre Fahrten im Fahrtenbuch kategorisieren.\" \/>\n<meta property=\"og:url\" content=\"https:\/\/vimcar.de\/boxenstopp\/fahrtenbuch-lexikon\/fahrtenkategorien-2\/\" \/>\n<meta property=\"og:site_name\" content=\"Vimcar Boxenstopp\" \/>\n<meta property=\"article:publisher\" content=\"https:\/\/www.facebook.com\/vimcar\" \/>\n<meta property=\"article:modified_time\" content=\"2020-10-16T12:34:16+00:00\" \/>\n<meta name=\"twitter:card\" content=\"summary_large_image\" \/>\n<meta name=\"twitter:site\" content=\"@goVimcar\" \/>\n<meta name=\"twitter:label1\" content=\"Gesch\u00e4tzte Lesezeit\" \/>\n\t<meta name=\"twitter:data1\" content=\"2\u00a0Minuten\" \/>\n<!-- \/ Yoast SEO Premium plugin. -->","yoast_head_json":{"title":"Fahrtenkategorien - Vimcar Boxenstopp","description":"Lesen Sie jetzt den Artikel zu Fahrtenkategorien und erfahren, wie Sie richtig Ihre Fahrten im Fahrtenbuch kategorisieren.","robots":{"index":"noindex","follow":"follow"},"og_locale":"de_DE","og_type":"article","og_title":"Fahrtenkategorien","og_description":"Lesen Sie jetzt den Artikel zu Fahrtenkategorien und erfahren, wie Sie richtig Ihre Fahrten im Fahrtenbuch kategorisieren.","og_url":"https:\/\/vimcar.de\/boxenstopp\/fahrtenbuch-lexikon\/fahrtenkategorien-2\/","og_site_name":"Vimcar Boxenstopp","article_publisher":"https:\/\/www.facebook.com\/vimcar","article_modified_time":"2020-10-16T12:34:16+00:00","twitter_card":"summary_large_image","twitter_site":"@goVimcar","twitter_misc":{"Gesch\u00e4tzte Lesezeit":"2\u00a0Minuten"},"schema":{"@context":"https:\/\/schema.org","@graph":[{"@type":"WebPage","@id":"https:\/\/vimcar.de\/boxenstopp\/fahrtenbuch-lexikon\/fahrtenkategorien-2\/","url":"https:\/\/vimcar.de\/boxenstopp\/fahrtenbuch-lexikon\/fahrtenkategorien-2\/","name":"Fahrtenkategorien - Vimcar Boxenstopp","isPartOf":{"@id":"https:\/\/vimcar.de\/boxenstopp\/#website"},"datePublished":"2019-06-20T08:50:45+00:00","dateModified":"2020-10-16T12:34:16+00:00","description":"Lesen Sie jetzt den Artikel zu Fahrtenkategorien und erfahren, wie Sie richtig Ihre Fahrten im Fahrtenbuch kategorisieren.","breadcrumb":{"@id":"https:\/\/vimcar.de\/boxenstopp\/fahrtenbuch-lexikon\/fahrtenkategorien-2\/#breadcrumb"},"inLanguage":"de","potentialAction":[{"@type":"ReadAction","target":["https:\/\/vimcar.de\/boxenstopp\/fahrtenbuch-lexikon\/fahrtenkategorien-2\/"]}]},{"@type":"BreadcrumbList","@id":"https:\/\/vimcar.de\/boxenstopp\/fahrtenbuch-lexikon\/fahrtenkategorien-2\/#breadcrumb","itemListElement":[{"@type":"ListItem","position":1,"name":"Startseite","item":"https:\/\/vimcar.de\/boxenstopp\/"},{"@type":"ListItem","position":2,"name":"Fahrtenbuch Lexikon","item":"https:\/\/vimcar.de\/boxenstopp\/fahrtenbuch-lexikon\/"},{"@type":"ListItem","position":3,"name":"Fahrtenkategorien"}]},{"@type":"WebSite","@id":"https:\/\/vimcar.de\/boxenstopp\/#website","url":"https:\/\/vimcar.de\/boxenstopp\/","name":"Vimcar Boxenstopp","description":"- Die Lernplattform f\u00fcr Fuhrparkleiter","publisher":{"@id":"https:\/\/vimcar.de\/boxenstopp\/#organization"},"potentialAction":[{"@type":"SearchAction","target":{"@type":"EntryPoint","urlTemplate":"https:\/\/vimcar.de\/boxenstopp\/?s={search_term_string}"},"query-input":"required name=search_term_string"}],"inLanguage":"de"},{"@type":"Organization","@id":"https:\/\/vimcar.de\/boxenstopp\/#organization","name":"Vimcar Boxenstopp - Fuhrparkwissen","url":"https:\/\/vimcar.de\/boxenstopp\/","logo":{"@type":"ImageObject","inLanguage":"de","@id":"https:\/\/vimcar.de\/boxenstopp\/#\/schema\/logo\/image\/","url":"https:\/\/vimcar.de\/boxenstopp\/wp-content\/uploads\/2020\/10\/logo-vimcar-boxenstopp.png","contentUrl":"https:\/\/vimcar.de\/boxenstopp\/wp-content\/uploads\/2020\/10\/logo-vimcar-boxenstopp.png","width":250,"height":50,"caption":"Vimcar Boxenstopp - Fuhrparkwissen"},"image":{"@id":"https:\/\/vimcar.de\/boxenstopp\/#\/schema\/logo\/image\/"},"sameAs":["https:\/\/www.facebook.com\/vimcar","https:\/\/twitter.com\/goVimcar","https:\/\/www.instagram.com\/vimcar_official\/","https:\/\/de.linkedin.com\/company\/vimcar","https:\/\/www.pinterest.de\/vimcar\/","https:\/\/www.youtube.com\/channel\/UCWRajoA7OnWsAw-ezAahZPg"]}]}},"_links":{"self":[{"href":"https:\/\/vimcar.de\/boxenstopp\/wp-json\/wp\/v2\/pages\/3660"}],"collection":[{"href":"https:\/\/vimcar.de\/boxenstopp\/wp-json\/wp\/v2\/pages"}],"about":[{"href":"https:\/\/vimcar.de\/boxenstopp\/wp-json\/wp\/v2\/types\/page"}],"author":[{"embeddable":true,"href":"https:\/\/vimcar.de\/boxenstopp\/wp-json\/wp\/v2\/users\/74"}],"replies":[{"embeddable":true,"href":"https:\/\/vimcar.de\/boxenstopp\/wp-json\/wp\/v2\/comments?post=3660"}],"version-history":[{"count":0,"href":"https:\/\/vimcar.de\/boxenstopp\/wp-json\/wp\/v2\/pages\/3660\/revisions"}],"up":[{"embeddable":true,"href":"https:\/\/vimcar.de\/boxenstopp\/wp-json\/wp\/v2\/pages\/3540"}],"wp:attachment":[{"href":"https:\/\/vimcar.de\/boxenstopp\/wp-json\/wp\/v2\/media?parent=3660"}],"curies":[{"name":"wp","href":"https:\/\/api.w.org\/{rel}","templated":true}]}}