{"id":3662,"date":"2019-06-20T10:46:56","date_gmt":"2019-06-20T08:46:56","guid":{"rendered":"https:\/\/vimcar.de\/boxenstopp\/?page_id=3662"},"modified":"2020-10-16T14:52:52","modified_gmt":"2020-10-16T12:52:52","slug":"familienheimfahrten-2","status":"publish","type":"page","link":"https:\/\/vimcar.de\/boxenstopp\/fahrtenbuch-lexikon\/familienheimfahrten-2\/","title":{"rendered":"Familienheimfahrten"},"content":{"rendered":"\t\t<div data-elementor-type=\"wp-page\" data-elementor-id=\"3662\" class=\"elementor elementor-3662\" data-elementor-post-type=\"page\">\n\t\t\t\t\t\t<section class=\"elementor-section elementor-top-section elementor-element elementor-element-3dd143cf elementor-section-boxed elementor-section-height-default elementor-section-height-default\" data-id=\"3dd143cf\" data-element_type=\"section\">\n\t\t\t\t\t\t<div class=\"elementor-container elementor-column-gap-default\">\n\t\t\t\t\t<div class=\"elementor-column elementor-col-100 elementor-top-column elementor-element elementor-element-27132650\" data-id=\"27132650\" data-element_type=\"column\">\n\t\t\t<div class=\"elementor-widget-wrap elementor-element-populated\">\n\t\t\t\t\t\t<div class=\"elementor-element elementor-element-75cd1b2 elementor-widget elementor-widget-text-editor\" data-id=\"75cd1b2\" data-element_type=\"widget\" data-widget_type=\"text-editor.default\">\n\t\t\t\t<div class=\"elementor-widget-container\">\n\t\t\t\t\t\t\t<p>Wer unter der Woche f\u00fcr den Job in einer Zweitwohnung im Besch\u00e4ftigungsort wohnt, hat keine Lust sich am Wochenende bei der Heimfahrt zur Familie noch um die Benzinkosten zu sorgen. Wenn Sie Familienheimfahrten in der Steuererkl\u00e4rung richtig geltend machen, k\u00f6nnen Sie sparen.<\/p>\t\t\t\t\t\t<\/div>\n\t\t\t\t<\/div>\n\t\t\t\t<div class=\"elementor-element elementor-element-1508b29 elementor-widget elementor-widget-heading\" data-id=\"1508b29\" data-element_type=\"widget\" data-widget_type=\"heading.default\">\n\t\t\t\t<div class=\"elementor-widget-container\">\n\t\t\t<h2 class=\"elementor-heading-title elementor-size-default\">Familienheimfahrten: Steuern sparen auf dem Weg nach Hause\n<\/h2>\t\t<\/div>\n\t\t\t\t<\/div>\n\t\t\t\t<div class=\"elementor-element elementor-element-4405344 elementor-widget elementor-widget-text-editor\" data-id=\"4405344\" data-element_type=\"widget\" data-widget_type=\"text-editor.default\">\n\t\t\t\t<div class=\"elementor-widget-container\">\n\t\t\t\t\t\t\t<p>Das Gesetz m\u00f6chte niemandem, der Arbeit und Berufsleben gut vereinen will, Steine in den Weg legen. Wichtig ist jedoch eine gute Information \u00fcber die eigene Situation in der Gesetzeslage. Bei der Versteuerung von Privat- und Betriebsfahrten ist n\u00e4mlich einiges zu beachten und wie der Volksmund so gerne sagt, liegt der Teufel im Detail. Arbeitnehmer, die f\u00fcr Ihre T\u00e4tigkeit eine Zweitwohnung unterhalten, sollten sich mit der Entfernungspauschale und der doppelten Haushaltsf\u00fchrung vertraut machen. Sollten Sie beispielsweise unter der Woche in einer Wohnung in ihrem Besch\u00e4ftigungsort wohnen, am Wochenende aber nach Hause zu ihrer Familie fahren, gelten f\u00fcr die sogenannte Familienheimfahrt besondere Steuerregelungen. Im folgenden Verlauf dieses Artikels sind die wichtigsten Fakten zu Entfernungspauschale und doppelter Haushaltsf\u00fchrung kurz f\u00fcr sie zusammengefasst.<\/p>\t\t\t\t\t\t<\/div>\n\t\t\t\t<\/div>\n\t\t\t\t<div class=\"elementor-element elementor-element-d97bb11 elementor-widget elementor-widget-heading\" data-id=\"d97bb11\" data-element_type=\"widget\" data-widget_type=\"heading.default\">\n\t\t\t\t<div class=\"elementor-widget-container\">\n\t\t\t<h2 class=\"elementor-heading-title elementor-size-default\">Arbeitsweg und Entfernungspauschale\n<\/h2>\t\t<\/div>\n\t\t\t\t<\/div>\n\t\t\t\t<div class=\"elementor-element elementor-element-0f783b2 elementor-widget elementor-widget-text-editor\" data-id=\"0f783b2\" data-element_type=\"widget\" data-widget_type=\"text-editor.default\">\n\t\t\t\t<div class=\"elementor-widget-container\">\n\t\t\t\t\t\t\t<p>Ein Arbeitnehmer kann seinen Arbeitsweg, also den Weg von seinem Wohnsitz zur Betriebsst\u00e4tte, steuerlich geltend machen \u2013 so ist es durch die Entfernungspauschale im Paragraf 9, Absatz 1 des Einkommenssteuererkl\u00e4rungsgesetzes festgelegt. Demnach k\u00f6nnen pro Kilometer, der zum Betrieb gefahren wird, pauschal 0,30 Euro als Werbungskosten angegeben und als Ausgaben in der Einkommenssteuer geltend gemacht werden. Dabei wird immer mit dem k\u00fcrzesten oder offensichtlich verkehrsg\u00fcnstigsten Weg von Wohnsitz zur T\u00e4tigkeitsst\u00e4tte gerechnet. \u00dcber die Entfernungspauschale k\u00f6nnen bis zu 4.500 Euro pro Jahr gespart werden. Doch Vorsicht: Sie k\u00f6nnen die Entfernungspauschale, auch Pendlerpauschale genannt, nur einmal pro Tag in Anspruch nehmen. Wird der Arbeitsweg doppelt angegeben, werden aus den 0,30 Euro pro Kilometer zu Ihrem Nachteil 0,15 Euro pro Kilometer. Dieser finanzielle Nachteil zeigt sich insbesondere, wenn der Fahrzeugnutzer au\u00dfer Arbeitswegen sogenannte Familienheimfahrten geltend machen k\u00f6nnte.<\/p>\t\t\t\t\t\t<\/div>\n\t\t\t\t<\/div>\n\t\t\t\t<div class=\"elementor-element elementor-element-f701c44 elementor-widget elementor-widget-heading\" data-id=\"f701c44\" data-element_type=\"widget\" data-widget_type=\"heading.default\">\n\t\t\t\t<div class=\"elementor-widget-container\">\n\t\t\t<h2 class=\"elementor-heading-title elementor-size-default\">Richtige Angabe von Familienheimfahrten\n<\/h2>\t\t<\/div>\n\t\t\t\t<\/div>\n\t\t\t\t<div class=\"elementor-element elementor-element-f5c1125 elementor-widget elementor-widget-text-editor\" data-id=\"f5c1125\" data-element_type=\"widget\" data-widget_type=\"text-editor.default\">\n\t\t\t\t<div class=\"elementor-widget-container\">\n\t\t\t\t\t\t\t<p>Es ist m\u00f6glich, Familienheimfahrten steuerlich abzusetzen. Doch was bedeutet das eigentlich genau? Eine solche Fahrt kommt zum Beispiel zustande, wenn Sie unter der Woche in einem Besch\u00e4ftigungsort wohnen und t\u00e4tig sind, also beispielsweise der Stadt, in der Ihr B\u00fcro den Hauptsitz hat. Am Wochenende fahren Sie aber regelm\u00e4\u00dfig zu Ihrer Familie in einen anderen Ort. In diesem Fall w\u00fcrde Ihr Lebensmittelpunkt wegen der engen pers\u00f6nlichen Verbindung, der Familie, dann trotzdem in dem weiter vom Job entfernten Ort liegen. Befinden Sie sich in dieser Situation k\u00f6nnen Sie f\u00fcr eine Familienheimfahrt und die Fahrt wieder zur\u00fcck zum Job wie beim Arbeitsweg 0,30 Euro pro Kilometer in Anspruch nehmen.<\/p>\n<p>Problematisch wird es, wenn dem Finanzamt auff\u00e4llt, dass die Arbeitswege zweimal am Tag (doppelt) eingetragen werden. Dann wird die Natur der Fahrten nicht weiter zur\u00fcckverfolgt. Die Folge daraus ist eine Abstufung aller Arbeitswege und Familienheimfahrten auf 0,15 Euro. Dies gilt dann f\u00fcr pauschal f\u00fcr alle get\u00e4tigten Fahrten \u2013 auch f\u00fcr die Familienheimfahrten, die eventuell lange Strecken sein k\u00f6nnen und somit hohe Kosten beanspruchen. Durch die Abminderung auf 0,15 Euro pro Kilometer kommt es zu einem Geldverlust.<\/p>\t\t\t\t\t\t<\/div>\n\t\t\t\t<\/div>\n\t\t\t\t<div class=\"elementor-element elementor-element-8d2b8aa elementor-widget elementor-widget-heading\" data-id=\"8d2b8aa\" data-element_type=\"widget\" data-widget_type=\"heading.default\">\n\t\t\t\t<div class=\"elementor-widget-container\">\n\t\t\t<h2 class=\"elementor-heading-title elementor-size-default\">Der Spar-Tipp:\n<\/h2>\t\t<\/div>\n\t\t\t\t<\/div>\n\t\t\t\t<div class=\"elementor-element elementor-element-16a9f2d elementor-widget elementor-widget-text-editor\" data-id=\"16a9f2d\" data-element_type=\"widget\" data-widget_type=\"text-editor.default\">\n\t\t\t\t<div class=\"elementor-widget-container\">\n\t\t\t\t\t\t\t<p>Besser w\u00e4re in diesem Szenario, wenn Sie Ihren Arbeitsweg unter der Woche wirklich nur einmal pro Tag als solchen anzugeben. Die Familienheimfahrten sollten zus\u00e4tzlich und separat als Werbungskosten angegeben werden. Dann wird auf beide Fahrtenkategorien 0,30 Euro pro Kilometer berechnet und die langen Familenheimfahrten ensind gedeckt. Kurz: Ein Arbeitsweg pro Tag \u2013 Steuern gespart.<\/p>\n<div class=\"wp-block-columns has-2-columns\">\n<div class=\"wp-block-column\">\n<p>\u00a0<\/p>\n<\/div>\n<p>\u00a0<\/p>\n<p>\u00a0<\/p>\n<\/div>\t\t\t\t\t\t<\/div>\n\t\t\t\t<\/div>\n\t\t\t\t<div class=\"elementor-element elementor-element-51972eb elementor-nav-menu--dropdown-tablet elementor-nav-menu__text-align-aside elementor-widget elementor-widget-nav-menu\" data-id=\"51972eb\" data-element_type=\"widget\" data-settings=\"{&quot;layout&quot;:&quot;horizontal&quot;,&quot;submenu_icon&quot;:{&quot;value&quot;:&quot;&lt;svg class=\\&quot;e-font-icon-svg e-fas-caret-down\\&quot; viewBox=\\&quot;0 0 320 512\\&quot; xmlns=\\&quot;http:\\\/\\\/www.w3.org\\\/2000\\\/svg\\&quot;&gt;&lt;path d=\\&quot;M31.3 192h257.3c17.8 0 26.7 21.5 14.1 34.1L174.1 354.8c-7.8 7.8-20.5 7.8-28.3 0L17.2 226.1C4.6 213.5 13.5 192 31.3 192z\\&quot;&gt;&lt;\\\/path&gt;&lt;\\\/svg&gt;&quot;,&quot;library&quot;:&quot;fa-solid&quot;}}\" data-widget_type=\"nav-menu.default\">\n\t\t\t\t<div class=\"elementor-widget-container\">\n\t\t\t\t\t\t<nav aria-label=\"Men\u00fc\" class=\"elementor-nav-menu--main elementor-nav-menu__container elementor-nav-menu--layout-horizontal e--pointer-underline e--animation-fade\">\n\t\t\t\t<ul id=\"menu-1-51972eb\" class=\"elementor-nav-menu\"><li class=\"menu-item menu-item-type-custom menu-item-object-custom menu-item-7068\"><a href=\"https:\/\/vimcar.de\/boxenstopp\/\/fahrtenbuch-lexikon\" class=\"elementor-item\">Zur\u00fcck zum Lexikon<\/a><\/li>\n<\/ul>\t\t\t<\/nav>\n\t\t\t\t\t\t<nav class=\"elementor-nav-menu--dropdown elementor-nav-menu__container\" aria-hidden=\"true\">\n\t\t\t\t<ul id=\"menu-2-51972eb\" class=\"elementor-nav-menu\"><li class=\"menu-item menu-item-type-custom menu-item-object-custom menu-item-7068\"><a href=\"https:\/\/vimcar.de\/boxenstopp\/\/fahrtenbuch-lexikon\" class=\"elementor-item\" tabindex=\"-1\">Zur\u00fcck zum Lexikon<\/a><\/li>\n<\/ul>\t\t\t<\/nav>\n\t\t\t\t<\/div>\n\t\t\t\t<\/div>\n\t\t\t\t\t<\/div>\n\t\t<\/div>\n\t\t\t\t\t<\/div>\n\t\t<\/section>\n\t\t\t\t<section class=\"elementor-section elementor-top-section elementor-element elementor-element-0211780 elementor-section-boxed elementor-section-height-default elementor-section-height-default\" data-id=\"0211780\" data-element_type=\"section\">\n\t\t\t\t\t\t<div class=\"elementor-container elementor-column-gap-default\">\n\t\t\t\t\t<div class=\"elementor-column elementor-col-100 elementor-top-column elementor-element elementor-element-0bfb959\" data-id=\"0bfb959\" data-element_type=\"column\">\n\t\t\t<div class=\"elementor-widget-wrap\">\n\t\t\t\t\t\t\t<\/div>\n\t\t<\/div>\n\t\t\t\t\t<\/div>\n\t\t<\/section>\n\t\t\t\t<\/div>\n\t\t","protected":false},"excerpt":{"rendered":"<p>Wer unter der Woche f\u00fcr den Job in einer Zweitwohnung im Besch\u00e4ftigungsort wohnt, hat keine Lust sich am Wochenende bei der Heimfahrt zur Familie noch um die Benzinkosten zu sorgen. Wenn Sie Familienheimfahrten in der Steuererkl\u00e4rung richtig geltend machen, k\u00f6nnen Sie sparen. Familienheimfahrten: Steuern sparen auf dem Weg nach Hause Das Gesetz m\u00f6chte niemandem, der [&hellip;]<\/p>\n","protected":false},"author":74,"featured_media":0,"parent":3540,"menu_order":0,"comment_status":"closed","ping_status":"closed","template":"","meta":{"footnotes":"","_wp_rev_ctl_limit":""},"yoast_head":"<!-- This site is optimized with the Yoast SEO Premium plugin v21.5 (Yoast SEO v21.5) - https:\/\/yoast.com\/wordpress\/plugins\/seo\/ -->\n<title>Familienheimfahrten - Vimcar Boxenstopp<\/title>\n<meta name=\"description\" content=\"Erfahren Sie mehr \u00fcber Familienheimfahrten und wie Sie sie richtig in der Steuererkl\u00e4rung geltend machen k\u00f6nnen.\" \/>\n<meta name=\"robots\" content=\"noindex, nofollow\" \/>\n<meta property=\"og:locale\" content=\"de_DE\" \/>\n<meta property=\"og:type\" content=\"article\" \/>\n<meta property=\"og:title\" content=\"Familienheimfahrten\" \/>\n<meta property=\"og:description\" content=\"Erfahren Sie mehr \u00fcber Familienheimfahrten und wie Sie sie richtig in der Steuererkl\u00e4rung geltend machen k\u00f6nnen.\" \/>\n<meta property=\"og:url\" content=\"https:\/\/vimcar.de\/boxenstopp\/fahrtenbuch-lexikon\/familienheimfahrten-2\/\" \/>\n<meta property=\"og:site_name\" content=\"Vimcar Boxenstopp\" \/>\n<meta property=\"article:publisher\" content=\"https:\/\/www.facebook.com\/vimcar\" \/>\n<meta property=\"article:modified_time\" content=\"2020-10-16T12:52:52+00:00\" \/>\n<meta name=\"twitter:card\" content=\"summary_large_image\" \/>\n<meta name=\"twitter:site\" content=\"@goVimcar\" \/>\n<meta name=\"twitter:label1\" content=\"Gesch\u00e4tzte Lesezeit\" \/>\n\t<meta name=\"twitter:data1\" content=\"3\u00a0Minuten\" \/>\n<!-- \/ Yoast SEO Premium plugin. -->","yoast_head_json":{"title":"Familienheimfahrten - Vimcar Boxenstopp","description":"Erfahren Sie mehr \u00fcber Familienheimfahrten und wie Sie sie richtig in der Steuererkl\u00e4rung geltend machen k\u00f6nnen.","robots":{"index":"noindex","follow":"nofollow"},"og_locale":"de_DE","og_type":"article","og_title":"Familienheimfahrten","og_description":"Erfahren Sie mehr \u00fcber Familienheimfahrten und wie Sie sie richtig in der Steuererkl\u00e4rung geltend machen k\u00f6nnen.","og_url":"https:\/\/vimcar.de\/boxenstopp\/fahrtenbuch-lexikon\/familienheimfahrten-2\/","og_site_name":"Vimcar Boxenstopp","article_publisher":"https:\/\/www.facebook.com\/vimcar","article_modified_time":"2020-10-16T12:52:52+00:00","twitter_card":"summary_large_image","twitter_site":"@goVimcar","twitter_misc":{"Gesch\u00e4tzte Lesezeit":"3\u00a0Minuten"},"schema":{"@context":"https:\/\/schema.org","@graph":[{"@type":"WebPage","@id":"https:\/\/vimcar.de\/boxenstopp\/fahrtenbuch-lexikon\/familienheimfahrten-2\/","url":"https:\/\/vimcar.de\/boxenstopp\/fahrtenbuch-lexikon\/familienheimfahrten-2\/","name":"Familienheimfahrten - Vimcar Boxenstopp","isPartOf":{"@id":"https:\/\/vimcar.de\/boxenstopp\/#website"},"datePublished":"2019-06-20T08:46:56+00:00","dateModified":"2020-10-16T12:52:52+00:00","description":"Erfahren Sie mehr \u00fcber Familienheimfahrten und wie Sie sie richtig in der Steuererkl\u00e4rung geltend machen k\u00f6nnen.","breadcrumb":{"@id":"https:\/\/vimcar.de\/boxenstopp\/fahrtenbuch-lexikon\/familienheimfahrten-2\/#breadcrumb"},"inLanguage":"de","potentialAction":[{"@type":"ReadAction","target":["https:\/\/vimcar.de\/boxenstopp\/fahrtenbuch-lexikon\/familienheimfahrten-2\/"]}]},{"@type":"BreadcrumbList","@id":"https:\/\/vimcar.de\/boxenstopp\/fahrtenbuch-lexikon\/familienheimfahrten-2\/#breadcrumb","itemListElement":[{"@type":"ListItem","position":1,"name":"Startseite","item":"https:\/\/vimcar.de\/boxenstopp\/"},{"@type":"ListItem","position":2,"name":"Fahrtenbuch Lexikon","item":"https:\/\/vimcar.de\/boxenstopp\/fahrtenbuch-lexikon\/"},{"@type":"ListItem","position":3,"name":"Familienheimfahrten"}]},{"@type":"WebSite","@id":"https:\/\/vimcar.de\/boxenstopp\/#website","url":"https:\/\/vimcar.de\/boxenstopp\/","name":"Vimcar Boxenstopp","description":"- Die Lernplattform f\u00fcr Fuhrparkleiter","publisher":{"@id":"https:\/\/vimcar.de\/boxenstopp\/#organization"},"potentialAction":[{"@type":"SearchAction","target":{"@type":"EntryPoint","urlTemplate":"https:\/\/vimcar.de\/boxenstopp\/?s={search_term_string}"},"query-input":"required name=search_term_string"}],"inLanguage":"de"},{"@type":"Organization","@id":"https:\/\/vimcar.de\/boxenstopp\/#organization","name":"Vimcar Boxenstopp - Fuhrparkwissen","url":"https:\/\/vimcar.de\/boxenstopp\/","logo":{"@type":"ImageObject","inLanguage":"de","@id":"https:\/\/vimcar.de\/boxenstopp\/#\/schema\/logo\/image\/","url":"https:\/\/vimcar.de\/boxenstopp\/wp-content\/uploads\/2020\/10\/logo-vimcar-boxenstopp.png","contentUrl":"https:\/\/vimcar.de\/boxenstopp\/wp-content\/uploads\/2020\/10\/logo-vimcar-boxenstopp.png","width":250,"height":50,"caption":"Vimcar Boxenstopp - Fuhrparkwissen"},"image":{"@id":"https:\/\/vimcar.de\/boxenstopp\/#\/schema\/logo\/image\/"},"sameAs":["https:\/\/www.facebook.com\/vimcar","https:\/\/twitter.com\/goVimcar","https:\/\/www.instagram.com\/vimcar_official\/","https:\/\/de.linkedin.com\/company\/vimcar","https:\/\/www.pinterest.de\/vimcar\/","https:\/\/www.youtube.com\/channel\/UCWRajoA7OnWsAw-ezAahZPg"]}]}},"_links":{"self":[{"href":"https:\/\/vimcar.de\/boxenstopp\/wp-json\/wp\/v2\/pages\/3662"}],"collection":[{"href":"https:\/\/vimcar.de\/boxenstopp\/wp-json\/wp\/v2\/pages"}],"about":[{"href":"https:\/\/vimcar.de\/boxenstopp\/wp-json\/wp\/v2\/types\/page"}],"author":[{"embeddable":true,"href":"https:\/\/vimcar.de\/boxenstopp\/wp-json\/wp\/v2\/users\/74"}],"replies":[{"embeddable":true,"href":"https:\/\/vimcar.de\/boxenstopp\/wp-json\/wp\/v2\/comments?post=3662"}],"version-history":[{"count":0,"href":"https:\/\/vimcar.de\/boxenstopp\/wp-json\/wp\/v2\/pages\/3662\/revisions"}],"up":[{"embeddable":true,"href":"https:\/\/vimcar.de\/boxenstopp\/wp-json\/wp\/v2\/pages\/3540"}],"wp:attachment":[{"href":"https:\/\/vimcar.de\/boxenstopp\/wp-json\/wp\/v2\/media?parent=3662"}],"curies":[{"name":"wp","href":"https:\/\/api.w.org\/{rel}","templated":true}]}}