{"id":3810,"date":"2019-06-26T10:59:02","date_gmt":"2019-06-26T08:59:02","guid":{"rendered":"https:\/\/vimcar.de\/boxenstopp\/?page_id=3810"},"modified":"2022-08-09T17:04:16","modified_gmt":"2022-08-09T15:04:16","slug":"2450u7046tjojdfp","status":"publish","type":"page","link":"https:\/\/vimcar.de\/boxenstopp\/online-kurs-firmenwagenversteuerung\/2450u7046tjojdfp\/","title":{"rendered":"Einf\u00fchrung in das Fahrtenbuch"},"content":{"rendered":"\t\t<div data-elementor-type=\"wp-page\" data-elementor-id=\"3810\" class=\"elementor elementor-3810\" data-elementor-post-type=\"page\">\n\t\t\t\t\t\t<section class=\"elementor-section elementor-top-section elementor-element elementor-element-fe51eff elementor-section-boxed elementor-section-height-default elementor-section-height-default\" data-id=\"fe51eff\" data-element_type=\"section\">\n\t\t\t\t\t\t<div class=\"elementor-container elementor-column-gap-default\">\n\t\t\t\t\t<div class=\"elementor-column elementor-col-100 elementor-top-column elementor-element elementor-element-0c48622\" data-id=\"0c48622\" data-element_type=\"column\">\n\t\t\t<div class=\"elementor-widget-wrap elementor-element-populated\">\n\t\t\t\t\t\t<div class=\"elementor-element elementor-element-c026ffb elementor-widget elementor-widget-heading\" data-id=\"c026ffb\" data-element_type=\"widget\" data-widget_type=\"heading.default\">\n\t\t\t\t<div class=\"elementor-widget-container\">\n\t\t\t<h2 class=\"elementor-heading-title elementor-size-default\">\u00dcber diese Lektion\n<\/h2>\t\t<\/div>\n\t\t\t\t<\/div>\n\t\t\t\t<div class=\"elementor-element elementor-element-398eb39 elementor-widget elementor-widget-text-editor\" data-id=\"398eb39\" data-element_type=\"widget\" data-widget_type=\"text-editor.default\">\n\t\t\t\t<div class=\"elementor-widget-container\">\n\t\t\t\t\t\t\t<p>Herzlich willkommen zu dem ersten Video des Kurses \u201cDas 1\u00d71 der Firmenwagenversteuerung\u201d. In dem Video erfahren Sie, welche Einzelthemen im weiteren Verlauf behandelt werden. Au\u00dferdem erhalten Sie eine Einf\u00fchrung in das Thema Fahrtenbuch. Schauen Sie sich jetzt das erste Video an. Viel Spa\u00df!<\/p>\t\t\t\t\t\t<\/div>\n\t\t\t\t<\/div>\n\t\t\t\t<div class=\"elementor-element elementor-element-ab939af elementor-widget elementor-widget-heading\" data-id=\"ab939af\" data-element_type=\"widget\" data-widget_type=\"heading.default\">\n\t\t\t\t<div class=\"elementor-widget-container\">\n\t\t\t<h2 class=\"elementor-heading-title elementor-size-default\">Video Nr. 1: Einf\u00fchrung in das Fahrtenbuch<\/h2>\t\t<\/div>\n\t\t\t\t<\/div>\n\t\t\t\t\t<\/div>\n\t\t<\/div>\n\t\t\t\t\t<\/div>\n\t\t<\/section>\n\t\t\t\t<section class=\"elementor-section elementor-top-section elementor-element elementor-element-7f2cd84 elementor-section-boxed elementor-section-height-default elementor-section-height-default\" data-id=\"7f2cd84\" data-element_type=\"section\">\n\t\t\t\t\t\t<div class=\"elementor-container elementor-column-gap-default\">\n\t\t\t\t\t<div class=\"elementor-column elementor-col-100 elementor-top-column elementor-element elementor-element-0bb1942\" data-id=\"0bb1942\" data-element_type=\"column\">\n\t\t\t<div class=\"elementor-widget-wrap elementor-element-populated\">\n\t\t\t\t\t\t<div class=\"elementor-element elementor-element-54a68a4 elementor-widget elementor-widget-video\" data-id=\"54a68a4\" data-element_type=\"widget\" data-settings=\"{&quot;youtube_url&quot;:&quot;https:\\\/\\\/www.youtube.com\\\/watch?v=tc-RnAQBYdw&amp;feature=emb_logo&quot;,&quot;end&quot;:198,&quot;video_type&quot;:&quot;youtube&quot;,&quot;controls&quot;:&quot;yes&quot;}\" data-widget_type=\"video.default\">\n\t\t\t\t<div class=\"elementor-widget-container\">\n\t\t\t\t\t<div class=\"elementor-wrapper elementor-open-inline\">\n\t\t\t<div class=\"elementor-video\"><\/div>\t\t<\/div>\n\t\t\t\t<\/div>\n\t\t\t\t<\/div>\n\t\t\t\t\t<\/div>\n\t\t<\/div>\n\t\t\t\t\t<\/div>\n\t\t<\/section>\n\t\t\t\t<section class=\"elementor-section elementor-top-section elementor-element elementor-element-333b84e elementor-section-boxed elementor-section-height-default elementor-section-height-default\" data-id=\"333b84e\" data-element_type=\"section\">\n\t\t\t\t\t\t<div class=\"elementor-container elementor-column-gap-default\">\n\t\t\t\t\t<div class=\"elementor-column elementor-col-100 elementor-top-column elementor-element elementor-element-30b1576\" data-id=\"30b1576\" data-element_type=\"column\">\n\t\t\t<div class=\"elementor-widget-wrap elementor-element-populated\">\n\t\t\t\t\t\t<div class=\"elementor-element elementor-element-ccf9d9c elementor-widget elementor-widget-heading\" data-id=\"ccf9d9c\" data-element_type=\"widget\" data-widget_type=\"heading.default\">\n\t\t\t\t<div class=\"elementor-widget-container\">\n\t\t\t<h2 class=\"elementor-heading-title elementor-size-default\">Ressourcenbereich<\/h2>\t\t<\/div>\n\t\t\t\t<\/div>\n\t\t\t\t<div class=\"elementor-element elementor-element-7cd230f elementor-widget elementor-widget-text-editor\" data-id=\"7cd230f\" data-element_type=\"widget\" data-widget_type=\"text-editor.default\">\n\t\t\t\t<div class=\"elementor-widget-container\">\n\t\t\t\t\t\t\t<p>Lesen Sie in folgendem Artikel mehr zum Thema Fahrtenbuch.<\/p><ul><li><p><a style=\"text-align: inherit; font-family: var( --e-global-typography-text-font-family ), Source Sans Pro; font-weight: var( --e-global-typography-text-font-weight );\" href=\"https:\/\/vimcar.de\/boxenstopp\/lexikon\/fahrtenbuch-fuehren\/\" target=\"_blank\" rel=\"noopener\">Lexikonartikel Fahrtenbuch<\/a><\/p><\/li><li><p><a style=\"text-align: inherit; font-family: var( --e-global-typography-text-font-family ), Source Sans Pro; font-weight: var( --e-global-typography-text-font-weight );\" href=\"http:\/\/s3.eu-central-1.amazonaws.com\/assets.vimcar.de\/Excel_Vorlage_Fahrtenbuch.xlsx\" target=\"_blank\" rel=\"noreferrer noopener\" aria-label=\"Fahrtenbuch Excel-Vorlage (\u00f6ffnet in neuem Tab)\">Fahrtenbuch Excel-Vorlage<\/a><\/p><\/li><\/ul>\t\t\t\t\t\t<\/div>\n\t\t\t\t<\/div>\n\t\t\t\t<div class=\"elementor-element elementor-element-addee0a elementor-widget elementor-widget-heading\" data-id=\"addee0a\" data-element_type=\"widget\" data-widget_type=\"heading.default\">\n\t\t\t\t<div class=\"elementor-widget-container\">\n\t\t\t<h2 class=\"elementor-heading-title elementor-size-default\">Zum n\u00e4chsten Video<\/h2>\t\t<\/div>\n\t\t\t\t<\/div>\n\t\t\t\t<div class=\"elementor-element elementor-element-5f3a7e5 elementor-widget elementor-widget-text-editor\" data-id=\"5f3a7e5\" data-element_type=\"widget\" data-widget_type=\"text-editor.default\">\n\t\t\t\t<div class=\"elementor-widget-container\">\n\t\t\t\t\t\t\t<p>Wir hoffen, Ihnen hat das zweite Video gefallen. Falls Sie in Ihrem Fuhrpark nicht nur Firmenwagen, sondern auch Poolfahrzeuge haben, schauen Sie sich bitte das n\u00e4chste Video an. In diesem Video wird erkl\u00e4rt, wo der Unterschied bei der Versteuerung liegt. Sie erfahren au\u00dferdem, warum die Nutzung des Fahrtenbuches aus Unternehmenssicht sinnvoll ist. Um das n\u00e4chste Video anzuschauen, klicken Sie auf den folgenden Button.\u200b<\/p>\t\t\t\t\t\t<\/div>\n\t\t\t\t<\/div>\n\t\t\t\t<div class=\"elementor-element elementor-element-69dd4e3 elementor-widget elementor-widget-button\" data-id=\"69dd4e3\" data-element_type=\"widget\" data-widget_type=\"button.default\">\n\t\t\t\t<div class=\"elementor-widget-container\">\n\t\t\t\t\t<div class=\"elementor-button-wrapper\">\n\t\t\t<a class=\"elementor-button elementor-button-link elementor-size-lg\" href=\"https:\/\/vimcar.de\/boxenstopp\/2ss59foad\/dpjeupr495rofi\/45u73p567dsscxas\">\n\t\t\t\t\t\t<span class=\"elementor-button-content-wrapper\">\n\t\t\t\t\t\t\t\t\t<span class=\"elementor-button-text\">jetzt anschauen <\/span>\n\t\t\t\t\t<\/span>\n\t\t\t\t\t<\/a>\n\t\t<\/div>\n\t\t\t\t<\/div>\n\t\t\t\t<\/div>\n\t\t\t\t<div class=\"elementor-element elementor-element-ebe8682 elementor-widget-divider--separator-type-pattern elementor-widget-divider--view-line elementor-widget elementor-widget-divider\" data-id=\"ebe8682\" data-element_type=\"widget\" data-widget_type=\"divider.default\">\n\t\t\t\t<div class=\"elementor-widget-container\">\n\t\t\t\t\t<div class=\"elementor-divider\" style=\"--divider-pattern-url: url(&quot;data:image\/svg+xml,%3Csvg xmlns=&#039;http:\/\/www.w3.org\/2000\/svg&#039; preserveAspectRatio=&#039;none&#039; overflow=&#039;visible&#039; height=&#039;100%&#039; viewBox=&#039;0 0 20 16&#039; fill=&#039;none&#039; stroke=&#039;black&#039; stroke-width=&#039;1&#039; stroke-linecap=&#039;square&#039; stroke-miterlimit=&#039;10&#039;%3E%3Cg transform=&#039;translate(-12.000000, 0)&#039;%3E%3Cpath d=&#039;M28,0L10,18&#039;\/%3E%3Cpath d=&#039;M18,0L0,18&#039;\/%3E%3Cpath d=&#039;M48,0L30,18&#039;\/%3E%3Cpath d=&#039;M38,0L20,18&#039;\/%3E%3C\/g%3E%3C\/svg%3E&quot;);\">\n\t\t\t<span class=\"elementor-divider-separator\">\n\t\t\t\t\t\t<\/span>\n\t\t<\/div>\n\t\t\t\t<\/div>\n\t\t\t\t<\/div>\n\t\t\t\t<div class=\"elementor-element elementor-element-28a3b3d elementor-widget elementor-widget-button\" data-id=\"28a3b3d\" data-element_type=\"widget\" data-widget_type=\"button.default\">\n\t\t\t\t<div class=\"elementor-widget-container\">\n\t\t\t\t\t<div class=\"elementor-button-wrapper\">\n\t\t\t<a class=\"elementor-button elementor-button-link elementor-size-sm\" href=\"https:\/\/vimcar.de\/boxenstopp\/2ss59foad\/dpjeupr495rofi\/\">\n\t\t\t\t\t\t<span class=\"elementor-button-content-wrapper\">\n\t\t\t\t\t\t<span class=\"elementor-button-icon\">\n\t\t\t\t<svg aria-hidden=\"true\" class=\"e-font-icon-svg e-fas-arrow-left\" viewBox=\"0 0 448 512\" xmlns=\"http:\/\/www.w3.org\/2000\/svg\"><path d=\"M257.5 445.1l-22.2 22.2c-9.4 9.4-24.6 9.4-33.9 0L7 273c-9.4-9.4-9.4-24.6 0-33.9L201.4 44.7c9.4-9.4 24.6-9.4 33.9 0l22.2 22.2c9.5 9.5 9.3 25-.4 34.3L136.6 216H424c13.3 0 24 10.7 24 24v32c0 13.3-10.7 24-24 24H136.6l120.5 114.8c9.8 9.3 10 24.8.4 34.3z\"><\/path><\/svg>\t\t\t<\/span>\n\t\t\t\t\t\t\t\t\t<span class=\"elementor-button-text\">zur Kurs\u00fcbersicht<\/span>\n\t\t\t\t\t<\/span>\n\t\t\t\t\t<\/a>\n\t\t<\/div>\n\t\t\t\t<\/div>\n\t\t\t\t<\/div>\n\t\t\t\t\t<\/div>\n\t\t<\/div>\n\t\t\t\t\t<\/div>\n\t\t<\/section>\n\t\t\t\t<\/div>\n\t\t","protected":false},"excerpt":{"rendered":"<p>\u00dcber diese Lektion Herzlich willkommen zu dem ersten Video des Kurses \u201cDas 1\u00d71 der Firmenwagenversteuerung\u201d. In dem Video erfahren Sie, welche Einzelthemen im weiteren Verlauf behandelt werden. Au\u00dferdem erhalten Sie eine Einf\u00fchrung in das Thema Fahrtenbuch. Schauen Sie sich jetzt das erste Video an. Viel Spa\u00df! Video Nr. 1: Einf\u00fchrung in das Fahrtenbuch Ressourcenbereich Lesen [&hellip;]<\/p>\n","protected":false},"author":74,"featured_media":0,"parent":3790,"menu_order":-18,"comment_status":"closed","ping_status":"closed","template":"","meta":{"footnotes":"","_wp_rev_ctl_limit":""},"yoast_head":"<!-- This site is optimized with the Yoast SEO Premium plugin v21.5 (Yoast SEO v21.5) - https:\/\/yoast.com\/wordpress\/plugins\/seo\/ -->\n<title>Einf\u00fchrung in das Fahrtenbuch - Vimcar Boxenstopp<\/title>\n<meta name=\"robots\" content=\"noindex, follow\" \/>\n<meta property=\"og:locale\" content=\"de_DE\" \/>\n<meta property=\"og:type\" content=\"article\" \/>\n<meta property=\"og:title\" content=\"Einf\u00fchrung in das Fahrtenbuch\" \/>\n<meta property=\"og:description\" content=\"\u00dcber diese Lektion Herzlich willkommen zu dem ersten Video des Kurses \u201cDas 1\u00d71 der Firmenwagenversteuerung\u201d. In dem Video erfahren Sie, welche Einzelthemen im weiteren Verlauf behandelt werden. Au\u00dferdem erhalten Sie eine Einf\u00fchrung in das Thema Fahrtenbuch. Schauen Sie sich jetzt das erste Video an. Viel Spa\u00df! Video Nr. 1: Einf\u00fchrung in das Fahrtenbuch Ressourcenbereich Lesen [&hellip;]\" \/>\n<meta property=\"og:url\" content=\"https:\/\/vimcar.de\/boxenstopp\/online-kurs-firmenwagenversteuerung\/2450u7046tjojdfp\/\" \/>\n<meta property=\"og:site_name\" content=\"Vimcar Boxenstopp\" \/>\n<meta property=\"article:publisher\" content=\"https:\/\/www.facebook.com\/vimcar\" \/>\n<meta property=\"article:modified_time\" content=\"2022-08-09T15:04:16+00:00\" \/>\n<meta name=\"twitter:card\" content=\"summary_large_image\" \/>\n<meta name=\"twitter:site\" content=\"@goVimcar\" \/>\n<meta name=\"twitter:label1\" content=\"Gesch\u00e4tzte Lesezeit\" \/>\n\t<meta name=\"twitter:data1\" content=\"1\u00a0Minute\" \/>\n<!-- \/ Yoast SEO Premium plugin. -->","yoast_head_json":{"title":"Einf\u00fchrung in das Fahrtenbuch - Vimcar Boxenstopp","robots":{"index":"noindex","follow":"follow"},"og_locale":"de_DE","og_type":"article","og_title":"Einf\u00fchrung in das Fahrtenbuch","og_description":"\u00dcber diese Lektion Herzlich willkommen zu dem ersten Video des Kurses \u201cDas 1\u00d71 der Firmenwagenversteuerung\u201d. In dem Video erfahren Sie, welche Einzelthemen im weiteren Verlauf behandelt werden. Au\u00dferdem erhalten Sie eine Einf\u00fchrung in das Thema Fahrtenbuch. Schauen Sie sich jetzt das erste Video an. Viel Spa\u00df! Video Nr. 1: Einf\u00fchrung in das Fahrtenbuch Ressourcenbereich Lesen [&hellip;]","og_url":"https:\/\/vimcar.de\/boxenstopp\/online-kurs-firmenwagenversteuerung\/2450u7046tjojdfp\/","og_site_name":"Vimcar Boxenstopp","article_publisher":"https:\/\/www.facebook.com\/vimcar","article_modified_time":"2022-08-09T15:04:16+00:00","twitter_card":"summary_large_image","twitter_site":"@goVimcar","twitter_misc":{"Gesch\u00e4tzte Lesezeit":"1\u00a0Minute"},"schema":{"@context":"https:\/\/schema.org","@graph":[{"@type":"WebPage","@id":"https:\/\/vimcar.de\/boxenstopp\/online-kurs-firmenwagenversteuerung\/2450u7046tjojdfp\/","url":"https:\/\/vimcar.de\/boxenstopp\/online-kurs-firmenwagenversteuerung\/2450u7046tjojdfp\/","name":"Einf\u00fchrung in das Fahrtenbuch - Vimcar Boxenstopp","isPartOf":{"@id":"https:\/\/vimcar.de\/boxenstopp\/#website"},"datePublished":"2019-06-26T08:59:02+00:00","dateModified":"2022-08-09T15:04:16+00:00","breadcrumb":{"@id":"https:\/\/vimcar.de\/boxenstopp\/online-kurs-firmenwagenversteuerung\/2450u7046tjojdfp\/#breadcrumb"},"inLanguage":"de","potentialAction":[{"@type":"ReadAction","target":["https:\/\/vimcar.de\/boxenstopp\/online-kurs-firmenwagenversteuerung\/2450u7046tjojdfp\/"]}]},{"@type":"BreadcrumbList","@id":"https:\/\/vimcar.de\/boxenstopp\/online-kurs-firmenwagenversteuerung\/2450u7046tjojdfp\/#breadcrumb","itemListElement":[{"@type":"ListItem","position":1,"name":"Startseite","item":"https:\/\/vimcar.de\/boxenstopp\/"},{"@type":"ListItem","position":2,"name":"Das 1&#215;1 der Firmenwagenversteuerung (ALT, Redirect)","item":"https:\/\/vimcar.de\/boxenstopp\/online-kurs-firmenwagenversteuerung\/"},{"@type":"ListItem","position":3,"name":"Einf\u00fchrung in das Fahrtenbuch"}]},{"@type":"WebSite","@id":"https:\/\/vimcar.de\/boxenstopp\/#website","url":"https:\/\/vimcar.de\/boxenstopp\/","name":"Vimcar Boxenstopp","description":"- Die Lernplattform f\u00fcr Fuhrparkleiter","publisher":{"@id":"https:\/\/vimcar.de\/boxenstopp\/#organization"},"potentialAction":[{"@type":"SearchAction","target":{"@type":"EntryPoint","urlTemplate":"https:\/\/vimcar.de\/boxenstopp\/?s={search_term_string}"},"query-input":"required name=search_term_string"}],"inLanguage":"de"},{"@type":"Organization","@id":"https:\/\/vimcar.de\/boxenstopp\/#organization","name":"Vimcar Boxenstopp - Fuhrparkwissen","url":"https:\/\/vimcar.de\/boxenstopp\/","logo":{"@type":"ImageObject","inLanguage":"de","@id":"https:\/\/vimcar.de\/boxenstopp\/#\/schema\/logo\/image\/","url":"https:\/\/vimcar.de\/boxenstopp\/wp-content\/uploads\/2020\/10\/logo-vimcar-boxenstopp.png","contentUrl":"https:\/\/vimcar.de\/boxenstopp\/wp-content\/uploads\/2020\/10\/logo-vimcar-boxenstopp.png","width":250,"height":50,"caption":"Vimcar Boxenstopp - Fuhrparkwissen"},"image":{"@id":"https:\/\/vimcar.de\/boxenstopp\/#\/schema\/logo\/image\/"},"sameAs":["https:\/\/www.facebook.com\/vimcar","https:\/\/twitter.com\/goVimcar","https:\/\/www.instagram.com\/vimcar_official\/","https:\/\/de.linkedin.com\/company\/vimcar","https:\/\/www.pinterest.de\/vimcar\/","https:\/\/www.youtube.com\/channel\/UCWRajoA7OnWsAw-ezAahZPg"]}]}},"_links":{"self":[{"href":"https:\/\/vimcar.de\/boxenstopp\/wp-json\/wp\/v2\/pages\/3810"}],"collection":[{"href":"https:\/\/vimcar.de\/boxenstopp\/wp-json\/wp\/v2\/pages"}],"about":[{"href":"https:\/\/vimcar.de\/boxenstopp\/wp-json\/wp\/v2\/types\/page"}],"author":[{"embeddable":true,"href":"https:\/\/vimcar.de\/boxenstopp\/wp-json\/wp\/v2\/users\/74"}],"replies":[{"embeddable":true,"href":"https:\/\/vimcar.de\/boxenstopp\/wp-json\/wp\/v2\/comments?post=3810"}],"version-history":[{"count":0,"href":"https:\/\/vimcar.de\/boxenstopp\/wp-json\/wp\/v2\/pages\/3810\/revisions"}],"up":[{"embeddable":true,"href":"https:\/\/vimcar.de\/boxenstopp\/wp-json\/wp\/v2\/pages\/3790"}],"wp:attachment":[{"href":"https:\/\/vimcar.de\/boxenstopp\/wp-json\/wp\/v2\/media?parent=3810"}],"curies":[{"name":"wp","href":"https:\/\/api.w.org\/{rel}","templated":true}]}}