{"id":3820,"date":"2019-06-26T11:12:46","date_gmt":"2019-06-26T09:12:46","guid":{"rendered":"https:\/\/vimcar.de\/boxenstopp\/?page_id=3820"},"modified":"2020-10-20T18:13:53","modified_gmt":"2020-10-20T16:13:53","slug":"u27573540586ser4g","status":"publish","type":"page","link":"https:\/\/vimcar.de\/boxenstopp\/online-kurs-firmenwagenversteuerung\/u27573540586ser4g\/","title":{"rendered":"Fahrtenkategorisierung 1 x 1"},"content":{"rendered":"\t\t<div data-elementor-type=\"wp-page\" data-elementor-id=\"3820\" class=\"elementor elementor-3820\" data-elementor-post-type=\"page\">\n\t\t\t\t\t\t<section class=\"elementor-section elementor-top-section elementor-element elementor-element-113e25e elementor-section-boxed elementor-section-height-default elementor-section-height-default\" data-id=\"113e25e\" data-element_type=\"section\">\n\t\t\t\t\t\t<div class=\"elementor-container elementor-column-gap-default\">\n\t\t\t\t\t<div class=\"elementor-column elementor-col-100 elementor-top-column elementor-element elementor-element-c918fa2\" data-id=\"c918fa2\" data-element_type=\"column\">\n\t\t\t<div class=\"elementor-widget-wrap elementor-element-populated\">\n\t\t\t\t\t\t<div class=\"elementor-element elementor-element-2412416 elementor-widget elementor-widget-heading\" data-id=\"2412416\" data-element_type=\"widget\" data-widget_type=\"heading.default\">\n\t\t\t\t<div class=\"elementor-widget-container\">\n\t\t\t<h2 class=\"elementor-heading-title elementor-size-default\">\u00dcber diese Lektion\n<\/h2>\t\t<\/div>\n\t\t\t\t<\/div>\n\t\t\t\t<div class=\"elementor-element elementor-element-7f8c934 elementor-widget elementor-widget-text-editor\" data-id=\"7f8c934\" data-element_type=\"widget\" data-widget_type=\"text-editor.default\">\n\t\t\t\t<div class=\"elementor-widget-container\">\n\t\t\t\t\t\t\t<p>Herzlich willkommen zu dem f\u00fcnften Video des Kurses \u201cDas 1\u00d71 der Firmenwagenversteuerung\u201d. In diesem Video erfahren Sie, wie Sie Fahrten richtig kategorisieren. Sie erhalten au\u00dferdem einen Einblick in das elektronische Fahrtenbuch von Vimcar. Schauen Sie sich jetzt das Video an. Viel Spa\u00df!<\/p>\t\t\t\t\t\t<\/div>\n\t\t\t\t<\/div>\n\t\t\t\t<div class=\"elementor-element elementor-element-b37f70e elementor-widget elementor-widget-heading\" data-id=\"b37f70e\" data-element_type=\"widget\" data-widget_type=\"heading.default\">\n\t\t\t\t<div class=\"elementor-widget-container\">\n\t\t\t<h2 class=\"elementor-heading-title elementor-size-default\">Video Nr. 5: Fahrtenkategorisierung 1\u00d71<\/h2>\t\t<\/div>\n\t\t\t\t<\/div>\n\t\t\t\t\t<\/div>\n\t\t<\/div>\n\t\t\t\t\t<\/div>\n\t\t<\/section>\n\t\t\t\t<section class=\"elementor-section elementor-top-section elementor-element elementor-element-e543451 elementor-section-boxed elementor-section-height-default elementor-section-height-default\" data-id=\"e543451\" data-element_type=\"section\">\n\t\t\t\t\t\t<div class=\"elementor-container elementor-column-gap-default\">\n\t\t\t\t\t<div class=\"elementor-column elementor-col-100 elementor-top-column elementor-element elementor-element-9139efa\" data-id=\"9139efa\" data-element_type=\"column\">\n\t\t\t<div class=\"elementor-widget-wrap elementor-element-populated\">\n\t\t\t\t\t\t<div class=\"elementor-element elementor-element-519e1a4 elementor-widget elementor-widget-video\" data-id=\"519e1a4\" data-element_type=\"widget\" data-settings=\"{&quot;youtube_url&quot;:&quot;https:\\\/\\\/www.youtube.com\\\/watch?v=nDreqCEMlvI&quot;,&quot;video_type&quot;:&quot;youtube&quot;,&quot;controls&quot;:&quot;yes&quot;}\" data-widget_type=\"video.default\">\n\t\t\t\t<div class=\"elementor-widget-container\">\n\t\t\t\t\t<div class=\"elementor-wrapper elementor-open-inline\">\n\t\t\t<div class=\"elementor-video\"><\/div>\t\t<\/div>\n\t\t\t\t<\/div>\n\t\t\t\t<\/div>\n\t\t\t\t\t<\/div>\n\t\t<\/div>\n\t\t\t\t\t<\/div>\n\t\t<\/section>\n\t\t\t\t<section class=\"elementor-section elementor-top-section elementor-element elementor-element-8f72da1 elementor-section-boxed elementor-section-height-default elementor-section-height-default\" data-id=\"8f72da1\" data-element_type=\"section\">\n\t\t\t\t\t\t<div class=\"elementor-container elementor-column-gap-default\">\n\t\t\t\t\t<div class=\"elementor-column elementor-col-100 elementor-top-column elementor-element elementor-element-06593ab\" data-id=\"06593ab\" data-element_type=\"column\">\n\t\t\t<div class=\"elementor-widget-wrap elementor-element-populated\">\n\t\t\t\t\t\t<div class=\"elementor-element elementor-element-8711438 elementor-widget elementor-widget-heading\" data-id=\"8711438\" data-element_type=\"widget\" data-widget_type=\"heading.default\">\n\t\t\t\t<div class=\"elementor-widget-container\">\n\t\t\t<h2 class=\"elementor-heading-title elementor-size-default\">Ressourcenbereich<\/h2>\t\t<\/div>\n\t\t\t\t<\/div>\n\t\t\t\t<div class=\"elementor-element elementor-element-8bae020 elementor-widget elementor-widget-text-editor\" data-id=\"8bae020\" data-element_type=\"widget\" data-widget_type=\"text-editor.default\">\n\t\t\t\t<div class=\"elementor-widget-container\">\n\t\t\t\t\t\t\t<p>Lesen Sie hier mehr zum Thema und laden alle im Video erw\u00e4hnten Ressourcen kostenlos herunter.<\/p><ul><li><p><a href=\"http:\/\/s3.eu-central-1.amazonaws.com\/assets.vimcar.de\/190406_Guide%20zur%20Fahrtenkategorisierung.pdf\" target=\"_blank\" rel=\"noreferrer noopener\" aria-label=\" (\u00f6ffnet in neuem Tab)\">Guide Fahrtenkategorisierung<\/a><\/p><\/li><li><p><a href=\"https:\/\/vimcar.de\/boxenstopp\/lexikon\/arbeitsweg\" target=\"_blank\" rel=\"noreferrer noopener\" aria-label=\"Lexikonartikel Arbeitsweg (\u00f6ffnet in neuem Tab)\">Lexikonartikel Arbeitsweg<\/a><\/p><\/li><li><p><a href=\"https:\/\/vimcar.de\/boxenstopp\/lexikon\/betriebsfahrt\" target=\"_blank\" rel=\"noreferrer noopener\" aria-label=\"Lexikonartikel Betriebsfahrt (\u00f6ffnet in neuem Tab)\">Lexikonartikel Betriebsfahrt<\/a><\/p><\/li><li><p><a href=\"https:\/\/vimcar.de\/boxenstopp\/lexikon\/privatfahrt\" target=\"_blank\" rel=\"noreferrer noopener\" aria-label=\"Lexikonartikel Privatfahrt (\u00f6ffnet in neuem Tab)\">Lexikonartikel Privatfahrt<\/a><\/p><\/li><li><p><a href=\"https:\/\/vimcar.de\/boxenstopp\/lexikon\/mischfahrt\" target=\"_blank\" rel=\"noreferrer noopener\" aria-label=\"Lexikonartikel Mischfahrt (\u00f6ffnet in neuem Tab)\">Lexikonartikel Mischfahrt<\/a><\/p><\/li><li><p><a href=\"https:\/\/vimcar.de\/boxenstopp\/lexikon\/fahrtenkategorien\" target=\"_blank\" rel=\"noreferrer noopener\" aria-label=\"Lexikonartikel Fahrtenkategorien (\u00f6ffnet in neuem Tab)\">Lexikonartikel Fahrtenkategorien<\/a><\/p><\/li><li><p><a href=\"https:\/\/vimcar.de\/boxenstopp\/lexikon\/familienheimfahrt\" target=\"_blank\" rel=\"noreferrer noopener\" aria-label=\"Lexikonartikel Familienheimfahrten (\u00f6ffnet in neuem Tab)\">Lexikonartikel Familienheimfahrten<\/a><\/p><\/li><\/ul>\t\t\t\t\t\t<\/div>\n\t\t\t\t<\/div>\n\t\t\t\t\t<\/div>\n\t\t<\/div>\n\t\t\t\t\t<\/div>\n\t\t<\/section>\n\t\t\t\t<section class=\"elementor-section elementor-top-section elementor-element elementor-element-9110339 elementor-section-boxed elementor-section-height-default elementor-section-height-default\" data-id=\"9110339\" data-element_type=\"section\">\n\t\t\t\t\t\t<div class=\"elementor-container elementor-column-gap-default\">\n\t\t\t\t\t<div class=\"elementor-column elementor-col-100 elementor-top-column elementor-element elementor-element-d7e8a9b\" data-id=\"d7e8a9b\" data-element_type=\"column\">\n\t\t\t<div class=\"elementor-widget-wrap elementor-element-populated\">\n\t\t\t\t\t\t<div class=\"elementor-element elementor-element-4c9be61 elementor-widget elementor-widget-text-editor\" data-id=\"4c9be61\" data-element_type=\"widget\" data-widget_type=\"text-editor.default\">\n\t\t\t\t<div class=\"elementor-widget-container\">\n\t\t\t\t\t\t\t<p>Wir hoffen, Sie haben einen \u00dcberblick \u00fcber die Fahrtenkategorisierung erhalten. Sie sind jetzt an dem Ende des Kurses \u201cDas 1\u00d71 der Firmenwagenversteuerung\u201d angekommen. Wenn noch Fragen offen geblieben sind, k\u00f6nnen Sie uns gerne jederzeit unter\u00a0<a href=\"mailto:boxenstopp@vimcar.com\">boxenstopp@vimcar.com<\/a>\u00a0schreiben.<\/p>\n<p>Schauen Sie sich auch gerne in dem Lexikon und Ressourcenbereich des Boxenstopps herum. Sie finden hier weitere Kurse und Informationen.<\/p>\n<p>Falls Sie als Erster erfahren m\u00f6chten, wenn es weitere Kurse rund um den Fuhrpark gibt, melden Sie sich hier f\u00fcr unseren Newsletter an.<\/p>\t\t\t\t\t\t<\/div>\n\t\t\t\t<\/div>\n\t\t\t\t\t<\/div>\n\t\t<\/div>\n\t\t\t\t\t<\/div>\n\t\t<\/section>\n\t\t\t\t<section class=\"elementor-section elementor-top-section elementor-element elementor-element-91a651e elementor-section-boxed elementor-section-height-default elementor-section-height-default\" data-id=\"91a651e\" data-element_type=\"section\">\n\t\t\t\t\t\t<div class=\"elementor-container elementor-column-gap-default\">\n\t\t\t\t\t<div class=\"elementor-column elementor-col-100 elementor-top-column elementor-element elementor-element-57bb09d\" data-id=\"57bb09d\" data-element_type=\"column\">\n\t\t\t<div class=\"elementor-widget-wrap elementor-element-populated\">\n\t\t\t\t\t\t<div class=\"elementor-element elementor-element-d347502 elementor-widget elementor-widget-shortcode\" data-id=\"d347502\" data-element_type=\"widget\" data-widget_type=\"shortcode.default\">\n\t\t\t\t<div class=\"elementor-widget-container\">\n\t\t\t\t\t<div class=\"elementor-shortcode\"><script>(function() {\n\twindow.mc4wp = window.mc4wp || {\n\t\tlisteners: [],\n\t\tforms: {\n\t\t\ton: function(evt, cb) {\n\t\t\t\twindow.mc4wp.listeners.push(\n\t\t\t\t\t{\n\t\t\t\t\t\tevent   : evt,\n\t\t\t\t\t\tcallback: cb\n\t\t\t\t\t}\n\t\t\t\t);\n\t\t\t}\n\t\t}\n\t}\n})();\n<\/script><!-- Mailchimp for WordPress v4.9.7 - https:\/\/wordpress.org\/plugins\/mailchimp-for-wp\/ --><form id=\"mc4wp-form-1\" class=\"mc4wp-form mc4wp-form-1035 mc4wp-form-styles-builder mc4wp-ajax\" method=\"post\" data-id=\"1035\" data-name=\"UF - Newsletter Boxenstopp\" ><div class=\"mc4wp-form-fields\"><input type=\"hidden\" name=\"UTMSOURCE\" value=\"\">\r\n<input type=\"hidden\" name=\"UTMTERM\" value=\"\">\r\n<input type=\"hidden\" name=\"UTMCAMP\" value=\"\">\r\n<input type=\"hidden\" name=\"UTMMEDIUM\" value=\"\">\r\n<input type=\"hidden\" name=\"FUNNEL_ST\" value=\"ContentLead\">\r\n<input type=\"hidden\" name=\"DOI\" value=\"Explicit\">\r\n<input type=\"hidden\" name=\"BL\" value=\"false\">\r\n<input type=\"hidden\" name=\"SRCS\" value=\"BS\">\r\n<input type=\"hidden\" name=\"LEAD_SR\" value=\"SimpleForm\">\r\n<input type=\"hidden\" name=\"REFE\" value=https:\/\/vimcar.de\/boxenstopp\/wp-json\/wp\/v2\/pages\/3820\/>\r\n<input type=\"hidden\" name=\"C_NAME\" value=\"BS_Newsletter_Fleet-News\">\r\n<p>\r\n<input type=\"email\" name=\"EMAIL\" placeholder=\"Ihre E-Mail-Adresse*\" required \/>\r\n<\/p>\r\n\r\n   <p>\r\n   <input name=\"AGREE_TO_TERMS\" type=\"checkbox\" value=\"1\" required=\"\"> Ihre Einwilligung in den Newsletterversand der Vimcar GmbH ist jederzeit widerruflich (per E-Mail an help@vimcar.com). Der Newsletterversand erfolgt entsprechend <a href=\"https:\/\/vimcar.de\/datenschutz\/website\" target=\"_blank\" rel=\"noopener noreferrer\"> unserer Datenschutzerkl\u00e4rung<\/a>, zur Information \u00fcber die Fuhrparkverwaltung und zur Bewerbung <a href=\"https:\/\/vimcar.de\/\" target=\"_blank\" rel=\"noopener noreferrer\"> unserer Produkte.<\/a> \r\n<p>\r\n\r\n    <input type=\"submit\" value=\"jetzt anmelden\">\r\n<\/p>\r\n                                        <\/div><label style=\"display: none !important;\">Wenn du ein Mensch bist, lasse das Feld leer: <input type=\"text\" name=\"_mc4wp_honeypot\" value=\"\" tabindex=\"-1\" autocomplete=\"off\" \/><\/label><input type=\"hidden\" name=\"_mc4wp_timestamp\" value=\"1778744229\" \/><input type=\"hidden\" name=\"_mc4wp_form_id\" value=\"1035\" \/><input type=\"hidden\" name=\"_mc4wp_form_element_id\" value=\"mc4wp-form-1\" \/><div class=\"mc4wp-response\"><\/div><\/form><!-- \/ Mailchimp for WordPress Plugin --><\/div>\n\t\t\t\t<\/div>\n\t\t\t\t<\/div>\n\t\t\t\t\t<\/div>\n\t\t<\/div>\n\t\t\t\t\t<\/div>\n\t\t<\/section>\n\t\t\t\t<section class=\"elementor-section elementor-top-section elementor-element elementor-element-c8d6202 elementor-section-boxed elementor-section-height-default elementor-section-height-default\" data-id=\"c8d6202\" data-element_type=\"section\">\n\t\t\t\t\t\t<div class=\"elementor-container elementor-column-gap-default\">\n\t\t\t\t\t<div class=\"elementor-column elementor-col-100 elementor-top-column elementor-element elementor-element-3fb72b3\" data-id=\"3fb72b3\" data-element_type=\"column\">\n\t\t\t<div class=\"elementor-widget-wrap elementor-element-populated\">\n\t\t\t\t\t\t<div class=\"elementor-element elementor-element-8f4f7ef elementor-widget-divider--separator-type-pattern elementor-widget-divider--view-line elementor-widget elementor-widget-divider\" data-id=\"8f4f7ef\" data-element_type=\"widget\" data-widget_type=\"divider.default\">\n\t\t\t\t<div class=\"elementor-widget-container\">\n\t\t\t\t\t<div class=\"elementor-divider\" style=\"--divider-pattern-url: url(&quot;data:image\/svg+xml,%3Csvg xmlns=&#039;http:\/\/www.w3.org\/2000\/svg&#039; preserveAspectRatio=&#039;none&#039; overflow=&#039;visible&#039; height=&#039;100%&#039; viewBox=&#039;0 0 20 16&#039; fill=&#039;none&#039; stroke=&#039;black&#039; stroke-width=&#039;1&#039; stroke-linecap=&#039;square&#039; stroke-miterlimit=&#039;10&#039;%3E%3Cg transform=&#039;translate(-12.000000, 0)&#039;%3E%3Cpath d=&#039;M28,0L10,18&#039;\/%3E%3Cpath d=&#039;M18,0L0,18&#039;\/%3E%3Cpath d=&#039;M48,0L30,18&#039;\/%3E%3Cpath d=&#039;M38,0L20,18&#039;\/%3E%3C\/g%3E%3C\/svg%3E&quot;);\">\n\t\t\t<span class=\"elementor-divider-separator\">\n\t\t\t\t\t\t<\/span>\n\t\t<\/div>\n\t\t\t\t<\/div>\n\t\t\t\t<\/div>\n\t\t\t\t\t<\/div>\n\t\t<\/div>\n\t\t\t\t\t<\/div>\n\t\t<\/section>\n\t\t\t\t<section class=\"elementor-section elementor-top-section elementor-element elementor-element-c3adc41 elementor-section-boxed elementor-section-height-default elementor-section-height-default\" data-id=\"c3adc41\" data-element_type=\"section\">\n\t\t\t\t\t\t<div class=\"elementor-container elementor-column-gap-default\">\n\t\t\t\t\t<div class=\"elementor-column elementor-col-100 elementor-top-column elementor-element elementor-element-10470d4\" data-id=\"10470d4\" data-element_type=\"column\">\n\t\t\t<div class=\"elementor-widget-wrap elementor-element-populated\">\n\t\t\t\t\t\t<div class=\"elementor-element elementor-element-9f2929e elementor-widget elementor-widget-button\" data-id=\"9f2929e\" data-element_type=\"widget\" data-widget_type=\"button.default\">\n\t\t\t\t<div class=\"elementor-widget-container\">\n\t\t\t\t\t<div class=\"elementor-button-wrapper\">\n\t\t\t<a class=\"elementor-button elementor-button-link elementor-size-sm\" href=\"https:\/\/vimcar.de\/boxenstopp\/2ss59foad\/dpjeupr495rofi\/\">\n\t\t\t\t\t\t<span class=\"elementor-button-content-wrapper\">\n\t\t\t\t\t\t<span class=\"elementor-button-icon\">\n\t\t\t\t<svg aria-hidden=\"true\" class=\"e-font-icon-svg e-fas-arrow-left\" viewBox=\"0 0 448 512\" xmlns=\"http:\/\/www.w3.org\/2000\/svg\"><path d=\"M257.5 445.1l-22.2 22.2c-9.4 9.4-24.6 9.4-33.9 0L7 273c-9.4-9.4-9.4-24.6 0-33.9L201.4 44.7c9.4-9.4 24.6-9.4 33.9 0l22.2 22.2c9.5 9.5 9.3 25-.4 34.3L136.6 216H424c13.3 0 24 10.7 24 24v32c0 13.3-10.7 24-24 24H136.6l120.5 114.8c9.8 9.3 10 24.8.4 34.3z\"><\/path><\/svg>\t\t\t<\/span>\n\t\t\t\t\t\t\t\t\t<span class=\"elementor-button-text\">zur Kurs\u00fcbersicht<\/span>\n\t\t\t\t\t<\/span>\n\t\t\t\t\t<\/a>\n\t\t<\/div>\n\t\t\t\t<\/div>\n\t\t\t\t<\/div>\n\t\t\t\t\t<\/div>\n\t\t<\/div>\n\t\t\t\t\t<\/div>\n\t\t<\/section>\n\t\t\t\t<\/div>\n\t\t","protected":false},"excerpt":{"rendered":"<p>\u00dcber diese Lektion Herzlich willkommen zu dem f\u00fcnften Video des Kurses \u201cDas 1\u00d71 der Firmenwagenversteuerung\u201d. In diesem Video erfahren Sie, wie Sie Fahrten richtig kategorisieren. Sie erhalten au\u00dferdem einen Einblick in das elektronische Fahrtenbuch von Vimcar. Schauen Sie sich jetzt das Video an. Viel Spa\u00df! Video Nr. 5: Fahrtenkategorisierung 1\u00d71 Ressourcenbereich Lesen Sie hier mehr [&hellip;]<\/p>\n","protected":false},"author":74,"featured_media":0,"parent":3790,"menu_order":-18,"comment_status":"closed","ping_status":"closed","template":"","meta":{"footnotes":"","_wp_rev_ctl_limit":""},"yoast_head":"<!-- This site is optimized with the Yoast SEO Premium plugin v21.5 (Yoast SEO v21.5) - https:\/\/yoast.com\/wordpress\/plugins\/seo\/ -->\n<title>Fahrtenkategorisierung 1 x 1 - Vimcar Boxenstopp<\/title>\n<meta name=\"robots\" content=\"noindex, follow\" \/>\n<meta property=\"og:locale\" content=\"de_DE\" \/>\n<meta property=\"og:type\" content=\"article\" \/>\n<meta property=\"og:title\" content=\"Fahrtenkategorisierung 1 x 1\" \/>\n<meta property=\"og:description\" content=\"\u00dcber diese Lektion Herzlich willkommen zu dem f\u00fcnften Video des Kurses \u201cDas 1\u00d71 der Firmenwagenversteuerung\u201d. In diesem Video erfahren Sie, wie Sie Fahrten richtig kategorisieren. Sie erhalten au\u00dferdem einen Einblick in das elektronische Fahrtenbuch von Vimcar. Schauen Sie sich jetzt das Video an. Viel Spa\u00df! Video Nr. 5: Fahrtenkategorisierung 1\u00d71 Ressourcenbereich Lesen Sie hier mehr [&hellip;]\" \/>\n<meta property=\"og:url\" content=\"https:\/\/vimcar.de\/boxenstopp\/online-kurs-firmenwagenversteuerung\/u27573540586ser4g\/\" \/>\n<meta property=\"og:site_name\" content=\"Vimcar Boxenstopp\" \/>\n<meta property=\"article:publisher\" content=\"https:\/\/www.facebook.com\/vimcar\" \/>\n<meta property=\"article:modified_time\" content=\"2020-10-20T16:13:53+00:00\" \/>\n<meta name=\"twitter:card\" content=\"summary_large_image\" \/>\n<meta name=\"twitter:site\" content=\"@goVimcar\" \/>\n<meta name=\"twitter:label1\" content=\"Gesch\u00e4tzte Lesezeit\" \/>\n\t<meta name=\"twitter:data1\" content=\"1\u00a0Minute\" \/>\n<!-- \/ Yoast SEO Premium plugin. -->","yoast_head_json":{"title":"Fahrtenkategorisierung 1 x 1 - Vimcar Boxenstopp","robots":{"index":"noindex","follow":"follow"},"og_locale":"de_DE","og_type":"article","og_title":"Fahrtenkategorisierung 1 x 1","og_description":"\u00dcber diese Lektion Herzlich willkommen zu dem f\u00fcnften Video des Kurses \u201cDas 1\u00d71 der Firmenwagenversteuerung\u201d. In diesem Video erfahren Sie, wie Sie Fahrten richtig kategorisieren. Sie erhalten au\u00dferdem einen Einblick in das elektronische Fahrtenbuch von Vimcar. Schauen Sie sich jetzt das Video an. Viel Spa\u00df! Video Nr. 5: Fahrtenkategorisierung 1\u00d71 Ressourcenbereich Lesen Sie hier mehr [&hellip;]","og_url":"https:\/\/vimcar.de\/boxenstopp\/online-kurs-firmenwagenversteuerung\/u27573540586ser4g\/","og_site_name":"Vimcar Boxenstopp","article_publisher":"https:\/\/www.facebook.com\/vimcar","article_modified_time":"2020-10-20T16:13:53+00:00","twitter_card":"summary_large_image","twitter_site":"@goVimcar","twitter_misc":{"Gesch\u00e4tzte Lesezeit":"1\u00a0Minute"},"schema":{"@context":"https:\/\/schema.org","@graph":[{"@type":"WebPage","@id":"https:\/\/vimcar.de\/boxenstopp\/online-kurs-firmenwagenversteuerung\/u27573540586ser4g\/","url":"https:\/\/vimcar.de\/boxenstopp\/online-kurs-firmenwagenversteuerung\/u27573540586ser4g\/","name":"Fahrtenkategorisierung 1 x 1 - Vimcar Boxenstopp","isPartOf":{"@id":"https:\/\/vimcar.de\/boxenstopp\/#website"},"datePublished":"2019-06-26T09:12:46+00:00","dateModified":"2020-10-20T16:13:53+00:00","breadcrumb":{"@id":"https:\/\/vimcar.de\/boxenstopp\/online-kurs-firmenwagenversteuerung\/u27573540586ser4g\/#breadcrumb"},"inLanguage":"de","potentialAction":[{"@type":"ReadAction","target":["https:\/\/vimcar.de\/boxenstopp\/online-kurs-firmenwagenversteuerung\/u27573540586ser4g\/"]}]},{"@type":"BreadcrumbList","@id":"https:\/\/vimcar.de\/boxenstopp\/online-kurs-firmenwagenversteuerung\/u27573540586ser4g\/#breadcrumb","itemListElement":[{"@type":"ListItem","position":1,"name":"Startseite","item":"https:\/\/vimcar.de\/boxenstopp\/"},{"@type":"ListItem","position":2,"name":"Das 1&#215;1 der Firmenwagenversteuerung (ALT, Redirect)","item":"https:\/\/vimcar.de\/boxenstopp\/online-kurs-firmenwagenversteuerung\/"},{"@type":"ListItem","position":3,"name":"Fahrtenkategorisierung 1 x 1"}]},{"@type":"WebSite","@id":"https:\/\/vimcar.de\/boxenstopp\/#website","url":"https:\/\/vimcar.de\/boxenstopp\/","name":"Vimcar Boxenstopp","description":"- Die Lernplattform f\u00fcr Fuhrparkleiter","publisher":{"@id":"https:\/\/vimcar.de\/boxenstopp\/#organization"},"potentialAction":[{"@type":"SearchAction","target":{"@type":"EntryPoint","urlTemplate":"https:\/\/vimcar.de\/boxenstopp\/?s={search_term_string}"},"query-input":"required name=search_term_string"}],"inLanguage":"de"},{"@type":"Organization","@id":"https:\/\/vimcar.de\/boxenstopp\/#organization","name":"Vimcar Boxenstopp - Fuhrparkwissen","url":"https:\/\/vimcar.de\/boxenstopp\/","logo":{"@type":"ImageObject","inLanguage":"de","@id":"https:\/\/vimcar.de\/boxenstopp\/#\/schema\/logo\/image\/","url":"https:\/\/vimcar.de\/boxenstopp\/wp-content\/uploads\/2020\/10\/logo-vimcar-boxenstopp.png","contentUrl":"https:\/\/vimcar.de\/boxenstopp\/wp-content\/uploads\/2020\/10\/logo-vimcar-boxenstopp.png","width":250,"height":50,"caption":"Vimcar Boxenstopp - Fuhrparkwissen"},"image":{"@id":"https:\/\/vimcar.de\/boxenstopp\/#\/schema\/logo\/image\/"},"sameAs":["https:\/\/www.facebook.com\/vimcar","https:\/\/twitter.com\/goVimcar","https:\/\/www.instagram.com\/vimcar_official\/","https:\/\/de.linkedin.com\/company\/vimcar","https:\/\/www.pinterest.de\/vimcar\/","https:\/\/www.youtube.com\/channel\/UCWRajoA7OnWsAw-ezAahZPg"]}]}},"_links":{"self":[{"href":"https:\/\/vimcar.de\/boxenstopp\/wp-json\/wp\/v2\/pages\/3820"}],"collection":[{"href":"https:\/\/vimcar.de\/boxenstopp\/wp-json\/wp\/v2\/pages"}],"about":[{"href":"https:\/\/vimcar.de\/boxenstopp\/wp-json\/wp\/v2\/types\/page"}],"author":[{"embeddable":true,"href":"https:\/\/vimcar.de\/boxenstopp\/wp-json\/wp\/v2\/users\/74"}],"replies":[{"embeddable":true,"href":"https:\/\/vimcar.de\/boxenstopp\/wp-json\/wp\/v2\/comments?post=3820"}],"version-history":[{"count":0,"href":"https:\/\/vimcar.de\/boxenstopp\/wp-json\/wp\/v2\/pages\/3820\/revisions"}],"up":[{"embeddable":true,"href":"https:\/\/vimcar.de\/boxenstopp\/wp-json\/wp\/v2\/pages\/3790"}],"wp:attachment":[{"href":"https:\/\/vimcar.de\/boxenstopp\/wp-json\/wp\/v2\/media?parent=3820"}],"curies":[{"name":"wp","href":"https:\/\/api.w.org\/{rel}","templated":true}]}}