{"id":43134,"date":"2023-04-26T09:33:20","date_gmt":"2023-04-26T07:33:20","guid":{"rendered":"https:\/\/vimcar.de\/boxenstopp\/?page_id=43134"},"modified":"2023-04-28T13:43:53","modified_gmt":"2023-04-28T11:43:53","slug":"kfz-gutachten","status":"publish","type":"page","link":"https:\/\/vimcar.de\/boxenstopp\/lexikon\/kfz-gutachten\/","title":{"rendered":"KFZ Gutachten"},"content":{"rendered":"\t\t<div data-elementor-type=\"wp-page\" data-elementor-id=\"43134\" class=\"elementor elementor-43134\" data-elementor-post-type=\"page\">\n\t\t\t\t\t\t<section class=\"elementor-section elementor-top-section elementor-element elementor-element-14eaa18 elementor-section-boxed elementor-section-height-default elementor-section-height-default\" data-id=\"14eaa18\" data-element_type=\"section\">\n\t\t\t\t\t\t<div class=\"elementor-container elementor-column-gap-default\">\n\t\t\t\t\t<div class=\"elementor-column elementor-col-100 elementor-top-column elementor-element elementor-element-62a3092\" data-id=\"62a3092\" data-element_type=\"column\">\n\t\t\t<div class=\"elementor-widget-wrap elementor-element-populated\">\n\t\t\t\t\t\t<div class=\"elementor-element elementor-element-c252e76 elementor-widget elementor-widget-text-editor\" data-id=\"c252e76\" data-element_type=\"widget\" data-widget_type=\"text-editor.default\">\n\t\t\t\t<div class=\"elementor-widget-container\">\n\t\t\t\t\t\t\t<p><span style=\"font-weight: 400;\">Unternehmen mit einem Fuhrpark sind oft hohen Risiken ausgesetzt, die mit Sch\u00e4den an Firmenfahrzeugen verbunden sind. Durch Unf\u00e4lle oder Vandalismus k\u00f6nnen schnell hohe Kosten entstehen, die das Unternehmen belasten. Kfz-Gutachten bieten eine wirksame M\u00f6glichkeit, die Kosten zu mindern und die Schadensregulierung zu vereinfachen.<\/span><\/p>\t\t\t\t\t\t<\/div>\n\t\t\t\t<\/div>\n\t\t\t\t<div class=\"elementor-element elementor-element-6f0715b elementor-widget elementor-widget-heading\" data-id=\"6f0715b\" data-element_type=\"widget\" data-widget_type=\"heading.default\">\n\t\t\t\t<div class=\"elementor-widget-container\">\n\t\t\t<h2 class=\"elementor-heading-title elementor-size-default\">Was ist ein Kfz Gutachten und ein Kfz Gutachter?\n<\/h2>\t\t<\/div>\n\t\t\t\t<\/div>\n\t\t\t\t<div class=\"elementor-element elementor-element-7a2c611 elementor-widget elementor-widget-text-editor\" data-id=\"7a2c611\" data-element_type=\"widget\" data-widget_type=\"text-editor.default\">\n\t\t\t\t<div class=\"elementor-widget-container\">\n\t\t\t\t\t\t\t<p><span style=\"font-weight: 400;\">Ein Kfz Gutachter erstellt schriftliche Gutachten \u00fcber Fahrzeugsch\u00e4den, um deren Umfang und Ausma\u00df zu ermitteln, damit ein kausaler Zusammenhang zwischen den gesch\u00e4tzten Sch\u00e4den und den an einem bestimmten Tag erlittenen Verletzungen festgestellt werden kann. Ein Kfz Gutachter verf\u00fcgt \u00fcber die notwendigen Qualifikationen, um Kfz-Schaden-Gutachten korrekt und fair zu erstellen. Ein Kfz-Gutachter kann helfen, den entstandenen Schaden objektiv und professionell zu bewerten, was sowohl f\u00fcr die Opfer als auch f\u00fcr die T\u00e4ter von unsch\u00e4tzbarem Wert sein kann.<\/span><\/p>\t\t\t\t\t\t<\/div>\n\t\t\t\t<\/div>\n\t\t\t\t<div class=\"elementor-element elementor-element-13a086b elementor-widget elementor-widget-heading\" data-id=\"13a086b\" data-element_type=\"widget\" data-widget_type=\"heading.default\">\n\t\t\t\t<div class=\"elementor-widget-container\">\n\t\t\t<h2 class=\"elementor-heading-title elementor-size-default\">Wann lohnt sich ein Kfz Gutachten im Fuhrpark?<\/h2>\t\t<\/div>\n\t\t\t\t<\/div>\n\t\t\t\t<div class=\"elementor-element elementor-element-f120581 elementor-widget elementor-widget-text-editor\" data-id=\"f120581\" data-element_type=\"widget\" data-widget_type=\"text-editor.default\">\n\t\t\t\t<div class=\"elementor-widget-container\">\n\t\t\t\t\t\t\t<p><span style=\"font-weight: 400;\">Ein Gutachter Kfz kann besonders bei Sch\u00e4den an Firmenfahrzeugen von Vorteil sein. Zu solchen Sch\u00e4den geh\u00f6ren Unf\u00e4lle, Vandalismus oder sogar Diebstahl &#8211; insbesondere bei gr\u00f6\u00dferen Vorf\u00e4llen, bei denen eine Sch\u00e4tzung der Kosten und des Ausma\u00dfes dazu beitragen kann, die Haftung und die von Unternehmen und\/oder Mitarbeitenden geschuldeten Ausgaben zu bestimmen.<\/span><\/p><p>\u00a0<\/p><p><span style=\"font-weight: 400;\">Eine korrekte Schadensregulierung erfordert die Festlegung spezifischer Standards, die es einem Wirtschaftspr\u00fcfer erm\u00f6glichen, die Schadenskosten und Qualit\u00e4tssicherungsma\u00dfnahmen korrekt zu ermitteln. Ein Steuerpr\u00fcfer ist ein unsch\u00e4tzbarer Verb\u00fcndeter, wenn es darum geht, die Anforderungen an die Reparaturkosten und -qualit\u00e4t sowie die Ausgaben zu \u00fcberpr\u00fcfen.<\/span><\/p>\t\t\t\t\t\t<\/div>\n\t\t\t\t<\/div>\n\t\t\t\t<div class=\"elementor-element elementor-element-5c0ea72 elementor-widget elementor-widget-heading\" data-id=\"5c0ea72\" data-element_type=\"widget\" data-widget_type=\"heading.default\">\n\t\t\t\t<div class=\"elementor-widget-container\">\n\t\t\t<h2 class=\"elementor-heading-title elementor-size-default\">Vorteile eines Kfz Gutachtens im Fuhrpark<\/h2>\t\t<\/div>\n\t\t\t\t<\/div>\n\t\t\t\t<div class=\"elementor-element elementor-element-b032639 elementor-widget elementor-widget-text-editor\" data-id=\"b032639\" data-element_type=\"widget\" data-widget_type=\"text-editor.default\">\n\t\t\t\t<div class=\"elementor-widget-container\">\n\t\t\t\t\t\t\t<p><span style=\"font-weight: 400;\">Kfz Gutachten bieten Unternehmen mit Fuhrpark mehrere Vorteile. In erster Linie kann ein Kostenvoranschlag oder Gutachten die mit der Schadensregulierung verbundenen Kosten senken, indem es dazu beitr\u00e4gt, die mit der korrekten und umfassenden Verwaltung verbundenen Verwaltungskosten zu begrenzen. Ein professionell erstelltes Gutachten kann dazu beitragen, m\u00f6gliche oder tats\u00e4chliche Probleme schnell zu beheben und entsprechend gr\u00fcndlich zu regulieren.<\/span><\/p><p><span style=\"font-weight: 400;\">Dar\u00fcber hinaus sind Kfz Gutachten ein unsch\u00e4tzbares Hilfsmittel, um die Wartung und Reparatur von Firmenfahrzeugen zu optimieren, ohne dass es zu unn\u00f6tigen Verz\u00f6gerungen und Komplikationen kommt. Ein professioneller Kfz Gutachter kann potenzielle Schwachstellen sowie Risiken bei jedem einzelnen Fahrzeug erkennen, um Schwachstellen zu identifizieren, bevor Reparaturen an ihnen durchgef\u00fchrt werden. Er tr\u00e4gt zur Schadensminderung bei, indem er zur Schadensvermeidung beitr\u00e4gt.<\/span><\/p>\t\t\t\t\t\t<\/div>\n\t\t\t\t<\/div>\n\t\t\t\t<div class=\"elementor-element elementor-element-031237a elementor-widget elementor-widget-heading\" data-id=\"031237a\" data-element_type=\"widget\" data-widget_type=\"heading.default\">\n\t\t\t\t<div class=\"elementor-widget-container\">\n\t\t\t<h2 class=\"elementor-heading-title elementor-size-default\">Was verlangt ein Kfz Gutachter?\n<\/h2>\t\t<\/div>\n\t\t\t\t<\/div>\n\t\t\t\t<div class=\"elementor-element elementor-element-c6d16f2 elementor-widget elementor-widget-text-editor\" data-id=\"c6d16f2\" data-element_type=\"widget\" data-widget_type=\"text-editor.default\">\n\t\t\t\t<div class=\"elementor-widget-container\">\n\t\t\t\t\t\t\t<p><span style=\"font-weight: 400;\">Ein Kfz Gutachter berechnet ein Honorar, das von seinem Aufwand und der Art der Fahrzeuginspektion abh\u00e4ngt. Bevor Fuhrparkverantwortliche ihn beauftragen, sollten sie die Kosten pr\u00fcfen und Angebote einholen; in der Regel werden diese Kosten vom Versicherer des Unfallopfers \u00fcbernommen. Die Fuhrparkleitung sollte jedoch bedenken, dass eine Kfz-Garantiepolice nicht immer notwendig ist, um Sch\u00e4den effektiv zu regulieren und eine Schadenskontrolle zu erreichen. Im Zweifelsfall ist es ratsam, den Versicherer zu konsultieren und mit ihm zu kl\u00e4ren, ob eine solche Police notwendig ist.<\/span><\/p>\t\t\t\t\t\t<\/div>\n\t\t\t\t<\/div>\n\t\t\t\t<div class=\"elementor-element elementor-element-f46ec31 elementor-widget elementor-widget-heading\" data-id=\"f46ec31\" data-element_type=\"widget\" data-widget_type=\"heading.default\">\n\t\t\t\t<div class=\"elementor-widget-container\">\n\t\t\t<h2 class=\"elementor-heading-title elementor-size-default\">Qualifikationen eines Kfz Gutachters\n<\/h2>\t\t<\/div>\n\t\t\t\t<\/div>\n\t\t\t\t<div class=\"elementor-element elementor-element-964d293 elementor-widget elementor-widget-text-editor\" data-id=\"964d293\" data-element_type=\"widget\" data-widget_type=\"text-editor.default\">\n\t\t\t\t<div class=\"elementor-widget-container\">\n\t\t\t\t\t\t\t<p><span style=\"font-weight: 400;\">Qualifizierte Kfz Gutachter sollten sowohl \u00fcber eine Ausbildung als auch \u00fcber Erfahrung in der Kfz-Schadensbewertung verf\u00fcgen. Dazu geh\u00f6ren z.B. eine Meisterpr\u00fcfung im Kfz-Handwerk oder ein Studium der Fahrzeugtechnik als geeignete Vorbereitung. Dar\u00fcber hinaus sollten solche Dienstleistungen alle gesetzlichen Erlaubnisse haben.<\/span><\/p><p><span style=\"font-weight: 400;\">Eine Wirtschaftspr\u00fcfungsgesellschaft sollte sich zertifizieren lassen und Mitglied in einem Verband wie dem VAS werden, um sicherzustellen, dass sie qualifizierte Pr\u00fcfer besch\u00e4ftigt, die ihre F\u00e4higkeiten und ihr Wissen regelm\u00e4\u00dfig aktualisieren. Diese Verb\u00e4nde stellen sicher, dass ihre Mitglieder \u00fcber die entsprechenden Qualifikationen verf\u00fcgen.<\/span><\/p>\t\t\t\t\t\t<\/div>\n\t\t\t\t<\/div>\n\t\t\t\t<div class=\"elementor-element elementor-element-127a122 elementor-widget elementor-widget-heading\" data-id=\"127a122\" data-element_type=\"widget\" data-widget_type=\"heading.default\">\n\t\t\t\t<div class=\"elementor-widget-container\">\n\t\t\t<h2 class=\"elementor-heading-title elementor-size-default\">Wie findet man einen qualifizierten Kfz Gutachter?<\/h2>\t\t<\/div>\n\t\t\t\t<\/div>\n\t\t\t\t<div class=\"elementor-element elementor-element-6600bf3 elementor-widget elementor-widget-text-editor\" data-id=\"6600bf3\" data-element_type=\"widget\" data-widget_type=\"text-editor.default\">\n\t\t\t\t<div class=\"elementor-widget-container\">\n\t\t\t\t\t\t\t<p><span style=\"font-weight: 400;\">Das Finden von qualifizierten Kfz Gutachtern kann entweder mithilfe des eigenen Versicherers oder des Parchet Verband der Automobil-Sachverst\u00e4ndigen e.V (VAS) erfolgen. Der VAS bietet eine Datenbank mit qualifizierten Kfz-Sachverst\u00e4ndigen, geordnet nach Region und Fachgebiet.<\/span><\/p>\t\t\t\t\t\t<\/div>\n\t\t\t\t<\/div>\n\t\t\t\t<div class=\"elementor-element elementor-element-b05fbb9 elementor-widget elementor-widget-heading\" data-id=\"b05fbb9\" data-element_type=\"widget\" data-widget_type=\"heading.default\">\n\t\t\t\t<div class=\"elementor-widget-container\">\n\t\t\t<h2 class=\"elementor-heading-title elementor-size-default\">Fazit<\/h2>\t\t<\/div>\n\t\t\t\t<\/div>\n\t\t\t\t<div class=\"elementor-element elementor-element-3242085 elementor-widget elementor-widget-text-editor\" data-id=\"3242085\" data-element_type=\"widget\" data-widget_type=\"text-editor.default\">\n\t\t\t\t<div class=\"elementor-widget-container\">\n\t\t\t\t\t\t\t<p><span style=\"font-weight: 400;\">Auto-Gutachten k\u00f6nnen Unternehmen mit Fuhrparks eine wesentliche M\u00f6glichkeit bieten, Sch\u00e4den und Kosten zu minimieren, indem sie auf eine Kostenbegrenzung hinarbeiten, gleichzeitig die Schadensbewertung professionalisieren und eine genaue Schadensregulierung vornehmen. Ein akkreditiertes Kfz Gutachten kann dabei helfen, indem es Sch\u00e4den an jedem Punkt des Fahrzeugs objektiv und professionell bewertet, sodass ein optimaler Prozess zur Schadensregulierung in Gang gesetzt werden kann. Um einen qualifizierten Kfz-Sachverst\u00e4ndigen zu finden, k\u00f6nnen sich Fuhrparkverantwortliche entweder an ihren Versicherer oder an den VAS (Verband der Automobil-Sachverst\u00e4ndigen e.V.) wenden.<\/span><\/p>\t\t\t\t\t\t<\/div>\n\t\t\t\t<\/div>\n\t\t\t\t<div class=\"elementor-element elementor-element-9d8e059 elementor-widget elementor-widget-heading\" data-id=\"9d8e059\" data-element_type=\"widget\" data-widget_type=\"heading.default\">\n\t\t\t\t<div class=\"elementor-widget-container\">\n\t\t\t<h2 class=\"elementor-heading-title elementor-size-default\">Mehr zur Fuhrparkverwaltung<\/h2>\t\t<\/div>\n\t\t\t\t<\/div>\n\t\t\t\t<section class=\"elementor-section elementor-inner-section elementor-element elementor-element-840c0b1 elementor-section-boxed elementor-section-height-default elementor-section-height-default\" data-id=\"840c0b1\" data-element_type=\"section\">\n\t\t\t\t\t\t<div class=\"elementor-container elementor-column-gap-default\">\n\t\t\t\t\t<div class=\"elementor-column elementor-col-50 elementor-inner-column elementor-element elementor-element-ccd592e\" data-id=\"ccd592e\" data-element_type=\"column\">\n\t\t\t<div class=\"elementor-widget-wrap elementor-element-populated\">\n\t\t\t\t\t\t<div class=\"elementor-element elementor-element-6800824 elementor-widget elementor-widget-global elementor-global-33139 elementor-widget-text-editor\" data-id=\"6800824\" data-element_type=\"widget\" data-widget_type=\"text-editor.default\">\n\t\t\t\t<div class=\"elementor-widget-container\">\n\t\t\t\t\t\t\t<ul><li>Formular <a href=\"https:\/\/vimcar.de\/boxenstopp\/ressourcenbereich\/formular-fuehrerscheinkontrolle\/\">F\u00fchrerscheinkontrolle<\/a><\/li><li><a href=\"https:\/\/vimcar.de\/boxenstopp\/ressourcenbereich\/fahrtenbuch-vorlage\/\">Fahrtenbuch Vorlage<\/a><\/li><li>Erfahrungsbericht Fuhrparksoftware: <a href=\"https:\/\/vimcar.de\/boxenstopp\/ressourcenbereich\/gruende-fuer-vimcar-fleet\/\">Gr\u00fcnde f\u00fcr Vimcar Fleet<\/a><\/li><li><a href=\"https:\/\/vimcar.de\/boxenstopp\/ressourcenbereich\/ebook-datenschutz-fuhrpark\/\">eBook Datenschutz im Fuhrpark<\/a><\/li><li><a href=\"https:\/\/vimcar.de\/boxenstopp\/ressourcenbereich\/leitfaden-fuhrparkanalyse\/\">Leitfaden Fuhrparkanalyse<\/a><\/li><li><a href=\"https:\/\/vimcar.de\/boxenstopp\/ressourcenbereich\/ladungssicherungsrechner\/\">Ladungssicherungsrechner<\/a><\/li><li><a href=\"https:\/\/vimcar.de\/boxenstopp\/ressourcenbereich\/protokoll-fahrzeuguebergabe\/\">Protokoll Fahrzeug\u00fcbergabe<\/a><\/li><li><a href=\"https:\/\/vimcar.de\/boxenstopp\/ressourcenbereich\/protokoll-fahrzeuguebergabe\/\">Aufgaben Fuhrparkleiter<\/a><\/li><li><a href=\"https:\/\/vimcar.de\/boxenstopp\/blog\/firmenparkplaetze\/\">Firmenparkpl\u00e4tze bewirtschaften<\/a><\/li><\/ul>\t\t\t\t\t\t<\/div>\n\t\t\t\t<\/div>\n\t\t\t\t\t<\/div>\n\t\t<\/div>\n\t\t\t\t<div class=\"elementor-column elementor-col-50 elementor-inner-column elementor-element elementor-element-0529e43\" data-id=\"0529e43\" data-element_type=\"column\">\n\t\t\t<div class=\"elementor-widget-wrap elementor-element-populated\">\n\t\t\t\t\t\t<div class=\"elementor-element elementor-element-474a121 elementor-widget elementor-widget-text-editor\" data-id=\"474a121\" data-element_type=\"widget\" data-widget_type=\"text-editor.default\">\n\t\t\t\t<div class=\"elementor-widget-container\">\n\t\t\t\t\t\t\t<ul>\n<li><a href=\"https:\/\/vimcar.de\/boxenstopp\/blog\/fuhrparkmanagement-fuer-personentransport\/\">Fuhrparkmanagement f\u00fcr den Personalverkehr<\/a><\/li>\n<li><a href=\"https:\/\/vimcar.de\/boxenstopp\/blog\/fuhrparkmanagement-kommunen\/\">Fuhrparkmanagement in Kommunen<\/a><\/li>\n<li><a href=\"https:\/\/vimcar.de\/boxenstopp\/blog\/fuhrparkverwaltung-urlaubszeit\/\" style=\"font-family: var( --e-global-typography-text-font-family ), Source Sans Pro; font-weight: var( --e-global-typography-text-font-weight );\">Fuhrparkverwaltung in der Urlaubszeit<\/a><br><\/li>\n<li><a href=\"https:\/\/vimcar.de\/boxenstopp\/blog\/vertragsmanagement\/\">Vertragsmanagement<\/a><\/li>\n<li><a href=\"https:\/\/vimcar.de\/boxenstopp\/ressourcenbereich\/total-cost-of-ownership-rechner\/\" style=\"font-family: var( --e-global-typography-text-font-family ), Source Sans Pro; font-weight: var( --e-global-typography-text-font-weight );\">Total Cost of Ownership Rechner<\/a><br><\/li>\n<li><a href=\"https:\/\/vimcar.de\/boxenstopp\/lexikon\/routenplanung\/\">Routenplanung<\/a><\/li>\n<li><a href=\"https:\/\/vimcar.de\/boxenstopp\/ressourcenbereich\/ladungssicherungsrechner\/\">Ladungssicherungsrechner<\/a><\/li>\n<li><a href=\"https:\/\/vimcar.de\/boxenstopp\/ressourcenbereich\/protokoll-fahrzeuguebergabe\/\">Protokoll Fahrzeug\u00fcbergabe<\/a><\/li>\n<li><a href=\"https:\/\/vimcar.de\/boxenstopp\/ressourcenbereich\/protokoll-fahrzeuguebergabe\/\">Aufgaben Fuhrparkleiter<\/a><\/li>\n<li><a href=\"https:\/\/vimcar.de\/boxenstopp\/blog\/firmenparkplaetze\/\">Firmenparkpl\u00e4tze bewirtschaften<\/a><\/li>\n<\/ul>\t\t\t\t\t\t<\/div>\n\t\t\t\t<\/div>\n\t\t\t\t\t<\/div>\n\t\t<\/div>\n\t\t\t\t\t<\/div>\n\t\t<\/section>\n\t\t\t\t\t<\/div>\n\t\t<\/div>\n\t\t\t\t\t<\/div>\n\t\t<\/section>\n\t\t\t\t<\/div>\n\t\t","protected":false},"excerpt":{"rendered":"<p>Unternehmen mit einem Fuhrpark sind oft hohen Risiken ausgesetzt, die mit Sch\u00e4den an Firmenfahrzeugen verbunden sind. Durch Unf\u00e4lle oder Vandalismus k\u00f6nnen schnell hohe Kosten entstehen, die das Unternehmen belasten. Kfz-Gutachten bieten eine wirksame M\u00f6glichkeit, die Kosten zu mindern und die Schadensregulierung zu vereinfachen. Was ist ein Kfz Gutachten und ein Kfz Gutachter? Ein Kfz Gutachter [&hellip;]<\/p>\n","protected":false},"author":30,"featured_media":0,"parent":4813,"menu_order":0,"comment_status":"closed","ping_status":"closed","template":"","meta":{"footnotes":"","_wp_rev_ctl_limit":""},"yoast_head":"<!-- This site is optimized with the Yoast SEO Premium plugin v21.5 (Yoast SEO v21.5) - https:\/\/yoast.com\/wordpress\/plugins\/seo\/ -->\n<title>KFZ Gutachten - diese Infos m\u00fcssen Sie wissen<\/title>\n<meta name=\"description\" content=\"Fuhrpark-Unternehmen: Nutzen Sie Kfz-Gutachten zur Kostenminimierung und effizienten Schadensregulierung. Finden Sie qualifizierte Gutachter.\" \/>\n<meta name=\"robots\" content=\"index, follow, max-snippet:-1, max-image-preview:large, max-video-preview:-1\" \/>\n<link rel=\"canonical\" href=\"https:\/\/vimcar.de\/boxenstopp\/lexikon\/kfz-gutachten\/\" \/>\n<meta property=\"og:locale\" content=\"de_DE\" \/>\n<meta property=\"og:type\" content=\"article\" \/>\n<meta property=\"og:title\" content=\"KFZ Gutachten\" \/>\n<meta property=\"og:description\" content=\"Fuhrpark-Unternehmen: Nutzen Sie Kfz-Gutachten zur Kostenminimierung und effizienten Schadensregulierung. Finden Sie qualifizierte Gutachter.\" \/>\n<meta property=\"og:url\" content=\"https:\/\/vimcar.de\/boxenstopp\/lexikon\/kfz-gutachten\/\" \/>\n<meta property=\"og:site_name\" content=\"Vimcar Boxenstopp\" \/>\n<meta property=\"article:publisher\" content=\"https:\/\/www.facebook.com\/vimcar\" \/>\n<meta property=\"article:modified_time\" content=\"2023-04-28T11:43:53+00:00\" \/>\n<meta name=\"twitter:card\" content=\"summary_large_image\" \/>\n<meta name=\"twitter:site\" content=\"@goVimcar\" \/>\n<meta name=\"twitter:label1\" content=\"Gesch\u00e4tzte Lesezeit\" \/>\n\t<meta name=\"twitter:data1\" content=\"4\u00a0Minuten\" \/>\n<!-- \/ Yoast SEO Premium plugin. -->","yoast_head_json":{"title":"KFZ Gutachten - diese Infos m\u00fcssen Sie wissen","description":"Fuhrpark-Unternehmen: Nutzen Sie Kfz-Gutachten zur Kostenminimierung und effizienten Schadensregulierung. Finden Sie qualifizierte Gutachter.","robots":{"index":"index","follow":"follow","max-snippet":"max-snippet:-1","max-image-preview":"max-image-preview:large","max-video-preview":"max-video-preview:-1"},"canonical":"https:\/\/vimcar.de\/boxenstopp\/lexikon\/kfz-gutachten\/","og_locale":"de_DE","og_type":"article","og_title":"KFZ Gutachten","og_description":"Fuhrpark-Unternehmen: Nutzen Sie Kfz-Gutachten zur Kostenminimierung und effizienten Schadensregulierung. Finden Sie qualifizierte Gutachter.","og_url":"https:\/\/vimcar.de\/boxenstopp\/lexikon\/kfz-gutachten\/","og_site_name":"Vimcar Boxenstopp","article_publisher":"https:\/\/www.facebook.com\/vimcar","article_modified_time":"2023-04-28T11:43:53+00:00","twitter_card":"summary_large_image","twitter_site":"@goVimcar","twitter_misc":{"Gesch\u00e4tzte Lesezeit":"4\u00a0Minuten"},"schema":{"@context":"https:\/\/schema.org","@graph":[{"@type":"WebPage","@id":"https:\/\/vimcar.de\/boxenstopp\/lexikon\/kfz-gutachten\/","url":"https:\/\/vimcar.de\/boxenstopp\/lexikon\/kfz-gutachten\/","name":"KFZ Gutachten - diese Infos m\u00fcssen Sie wissen","isPartOf":{"@id":"https:\/\/vimcar.de\/boxenstopp\/#website"},"datePublished":"2023-04-26T07:33:20+00:00","dateModified":"2023-04-28T11:43:53+00:00","description":"Fuhrpark-Unternehmen: Nutzen Sie Kfz-Gutachten zur Kostenminimierung und effizienten Schadensregulierung. Finden Sie qualifizierte Gutachter.","breadcrumb":{"@id":"https:\/\/vimcar.de\/boxenstopp\/lexikon\/kfz-gutachten\/#breadcrumb"},"inLanguage":"de","potentialAction":[{"@type":"ReadAction","target":["https:\/\/vimcar.de\/boxenstopp\/lexikon\/kfz-gutachten\/"]}]},{"@type":"BreadcrumbList","@id":"https:\/\/vimcar.de\/boxenstopp\/lexikon\/kfz-gutachten\/#breadcrumb","itemListElement":[{"@type":"ListItem","position":1,"name":"Startseite","item":"https:\/\/vimcar.de\/boxenstopp\/"},{"@type":"ListItem","position":2,"name":"Das Fuhrparklexikon","item":"https:\/\/vimcar.de\/boxenstopp\/lexikon\/"},{"@type":"ListItem","position":3,"name":"KFZ Gutachten"}]},{"@type":"WebSite","@id":"https:\/\/vimcar.de\/boxenstopp\/#website","url":"https:\/\/vimcar.de\/boxenstopp\/","name":"Vimcar Boxenstopp","description":"- Die Lernplattform f\u00fcr Fuhrparkleiter","publisher":{"@id":"https:\/\/vimcar.de\/boxenstopp\/#organization"},"potentialAction":[{"@type":"SearchAction","target":{"@type":"EntryPoint","urlTemplate":"https:\/\/vimcar.de\/boxenstopp\/?s={search_term_string}"},"query-input":"required name=search_term_string"}],"inLanguage":"de"},{"@type":"Organization","@id":"https:\/\/vimcar.de\/boxenstopp\/#organization","name":"Vimcar Boxenstopp - Fuhrparkwissen","url":"https:\/\/vimcar.de\/boxenstopp\/","logo":{"@type":"ImageObject","inLanguage":"de","@id":"https:\/\/vimcar.de\/boxenstopp\/#\/schema\/logo\/image\/","url":"https:\/\/vimcar.de\/boxenstopp\/wp-content\/uploads\/2020\/10\/logo-vimcar-boxenstopp.png","contentUrl":"https:\/\/vimcar.de\/boxenstopp\/wp-content\/uploads\/2020\/10\/logo-vimcar-boxenstopp.png","width":250,"height":50,"caption":"Vimcar Boxenstopp - Fuhrparkwissen"},"image":{"@id":"https:\/\/vimcar.de\/boxenstopp\/#\/schema\/logo\/image\/"},"sameAs":["https:\/\/www.facebook.com\/vimcar","https:\/\/twitter.com\/goVimcar","https:\/\/www.instagram.com\/vimcar_official\/","https:\/\/de.linkedin.com\/company\/vimcar","https:\/\/www.pinterest.de\/vimcar\/","https:\/\/www.youtube.com\/channel\/UCWRajoA7OnWsAw-ezAahZPg"]}]}},"_links":{"self":[{"href":"https:\/\/vimcar.de\/boxenstopp\/wp-json\/wp\/v2\/pages\/43134"}],"collection":[{"href":"https:\/\/vimcar.de\/boxenstopp\/wp-json\/wp\/v2\/pages"}],"about":[{"href":"https:\/\/vimcar.de\/boxenstopp\/wp-json\/wp\/v2\/types\/page"}],"author":[{"embeddable":true,"href":"https:\/\/vimcar.de\/boxenstopp\/wp-json\/wp\/v2\/users\/30"}],"replies":[{"embeddable":true,"href":"https:\/\/vimcar.de\/boxenstopp\/wp-json\/wp\/v2\/comments?post=43134"}],"version-history":[{"count":0,"href":"https:\/\/vimcar.de\/boxenstopp\/wp-json\/wp\/v2\/pages\/43134\/revisions"}],"up":[{"embeddable":true,"href":"https:\/\/vimcar.de\/boxenstopp\/wp-json\/wp\/v2\/pages\/4813"}],"wp:attachment":[{"href":"https:\/\/vimcar.de\/boxenstopp\/wp-json\/wp\/v2\/media?parent=43134"}],"curies":[{"name":"wp","href":"https:\/\/api.w.org\/{rel}","templated":true}]}}