{"id":6413,"date":"2019-12-08T22:02:26","date_gmt":"2019-12-08T21:02:26","guid":{"rendered":"https:\/\/vimcar.de\/boxenstopp\/?page_id=6413"},"modified":"2021-01-22T16:55:29","modified_gmt":"2021-01-22T15:55:29","slug":"dlfk","status":"publish","type":"page","link":"https:\/\/vimcar.de\/boxenstopp\/2ss59foad\/lsoejtngxqo\/dlfk\/","title":{"rendered":"Fuhrpark der Zukunft"},"content":{"rendered":"\t\t<div data-elementor-type=\"wp-page\" data-elementor-id=\"6413\" class=\"elementor elementor-6413\" data-elementor-post-type=\"page\">\n\t\t\t\t\t\t<section class=\"elementor-section elementor-top-section elementor-element elementor-element-654e352 elementor-section-boxed elementor-section-height-default elementor-section-height-default\" data-id=\"654e352\" data-element_type=\"section\">\n\t\t\t\t\t\t<div class=\"elementor-container elementor-column-gap-default\">\n\t\t\t\t\t<div class=\"elementor-column elementor-col-100 elementor-top-column elementor-element elementor-element-a077341\" data-id=\"a077341\" data-element_type=\"column\">\n\t\t\t<div class=\"elementor-widget-wrap elementor-element-populated\">\n\t\t\t\t\t\t<div class=\"elementor-element elementor-element-bf8744f elementor-widget elementor-widget-heading\" data-id=\"bf8744f\" data-element_type=\"widget\" data-widget_type=\"heading.default\">\n\t\t\t\t<div class=\"elementor-widget-container\">\n\t\t\t<h2 class=\"elementor-heading-title elementor-size-default\">\u00dcber diese Lektion<\/h2>\t\t<\/div>\n\t\t\t\t<\/div>\n\t\t\t\t\t<\/div>\n\t\t<\/div>\n\t\t\t\t\t<\/div>\n\t\t<\/section>\n\t\t\t\t<section class=\"elementor-section elementor-top-section elementor-element elementor-element-446b5e2 elementor-section-boxed elementor-section-height-default elementor-section-height-default\" data-id=\"446b5e2\" data-element_type=\"section\">\n\t\t\t\t\t\t<div class=\"elementor-container elementor-column-gap-default\">\n\t\t\t\t\t<div class=\"elementor-column elementor-col-100 elementor-top-column elementor-element elementor-element-2c4d5f8\" data-id=\"2c4d5f8\" data-element_type=\"column\">\n\t\t\t<div class=\"elementor-widget-wrap elementor-element-populated\">\n\t\t\t\t\t\t<div class=\"elementor-element elementor-element-a983218 elementor-widget elementor-widget-text-editor\" data-id=\"a983218\" data-element_type=\"widget\" data-widget_type=\"text-editor.default\">\n\t\t\t\t<div class=\"elementor-widget-container\">\n\t\t\t\t\t\t\t<p>Willkommen in dem letzten Video des Kurses &#8222;Beschaffung im Fuhrpark &#8211; Kompaktwissen&#8220;. In diesem Video erfahren Sie, welche neuesten Trends und Entwicklungen es in der Mobilit\u00e4t gibt. Sie finden heraus, welche neuen Fortbewegungsmittel- und konzepte auch f\u00fcr Ihren Fuhrpark interessant sein k\u00f6nnten. Vergessen Sie nicht, die kostenlosen Ressourcen herunterzuladen. Viel Spa\u00df!\u00a0<\/p>\t\t\t\t\t\t<\/div>\n\t\t\t\t<\/div>\n\t\t\t\t\t<\/div>\n\t\t<\/div>\n\t\t\t\t\t<\/div>\n\t\t<\/section>\n\t\t\t\t<section class=\"elementor-section elementor-top-section elementor-element elementor-element-8e16c2d elementor-section-boxed elementor-section-height-default elementor-section-height-default\" data-id=\"8e16c2d\" data-element_type=\"section\">\n\t\t\t\t\t\t<div class=\"elementor-container elementor-column-gap-default\">\n\t\t\t\t\t<div class=\"elementor-column elementor-col-100 elementor-top-column elementor-element elementor-element-e10ef84\" data-id=\"e10ef84\" data-element_type=\"column\">\n\t\t\t<div class=\"elementor-widget-wrap elementor-element-populated\">\n\t\t\t\t\t\t<div class=\"elementor-element elementor-element-ced1d14 elementor-widget elementor-widget-heading\" data-id=\"ced1d14\" data-element_type=\"widget\" data-widget_type=\"heading.default\">\n\t\t\t\t<div class=\"elementor-widget-container\">\n\t\t\t<h2 class=\"elementor-heading-title elementor-size-default\">Video Nr. 7: Fuhrpark der Zukunft <\/h2>\t\t<\/div>\n\t\t\t\t<\/div>\n\t\t\t\t\t<\/div>\n\t\t<\/div>\n\t\t\t\t\t<\/div>\n\t\t<\/section>\n\t\t\t\t<section class=\"elementor-section elementor-top-section elementor-element elementor-element-a41055e elementor-section-boxed elementor-section-height-default elementor-section-height-default\" data-id=\"a41055e\" data-element_type=\"section\">\n\t\t\t\t\t\t<div class=\"elementor-container elementor-column-gap-default\">\n\t\t\t\t\t<div class=\"elementor-column elementor-col-100 elementor-top-column elementor-element elementor-element-057423a\" data-id=\"057423a\" data-element_type=\"column\">\n\t\t\t<div class=\"elementor-widget-wrap elementor-element-populated\">\n\t\t\t\t\t\t<div class=\"elementor-element elementor-element-7cd717b elementor-widget elementor-widget-video\" data-id=\"7cd717b\" data-element_type=\"widget\" data-settings=\"{&quot;youtube_url&quot;:&quot;https:\\\/\\\/www.youtube.com\\\/watch?v=af3XHv3_-tI&quot;,&quot;video_type&quot;:&quot;youtube&quot;,&quot;controls&quot;:&quot;yes&quot;}\" data-widget_type=\"video.default\">\n\t\t\t\t<div class=\"elementor-widget-container\">\n\t\t\t\t\t<div class=\"elementor-wrapper elementor-open-inline\">\n\t\t\t<div class=\"elementor-video\"><\/div>\t\t<\/div>\n\t\t\t\t<\/div>\n\t\t\t\t<\/div>\n\t\t\t\t\t<\/div>\n\t\t<\/div>\n\t\t\t\t\t<\/div>\n\t\t<\/section>\n\t\t\t\t<section class=\"elementor-section elementor-top-section elementor-element elementor-element-131320a elementor-section-boxed elementor-section-height-default elementor-section-height-default\" data-id=\"131320a\" data-element_type=\"section\">\n\t\t\t\t\t\t<div class=\"elementor-container elementor-column-gap-default\">\n\t\t\t\t\t<div class=\"elementor-column elementor-col-100 elementor-top-column elementor-element elementor-element-79ddb3d\" data-id=\"79ddb3d\" data-element_type=\"column\">\n\t\t\t<div class=\"elementor-widget-wrap elementor-element-populated\">\n\t\t\t\t\t\t<div class=\"elementor-element elementor-element-860fb7d elementor-widget elementor-widget-heading\" data-id=\"860fb7d\" data-element_type=\"widget\" data-widget_type=\"heading.default\">\n\t\t\t\t<div class=\"elementor-widget-container\">\n\t\t\t<h2 class=\"elementor-heading-title elementor-size-default\">Ressourcenbereich<\/h2>\t\t<\/div>\n\t\t\t\t<\/div>\n\t\t\t\t\t<\/div>\n\t\t<\/div>\n\t\t\t\t\t<\/div>\n\t\t<\/section>\n\t\t\t\t<section class=\"elementor-section elementor-top-section elementor-element elementor-element-67e6499 elementor-section-boxed elementor-section-height-default elementor-section-height-default\" data-id=\"67e6499\" data-element_type=\"section\">\n\t\t\t\t\t\t<div class=\"elementor-container elementor-column-gap-default\">\n\t\t\t\t\t<div class=\"elementor-column elementor-col-100 elementor-top-column elementor-element elementor-element-0d60950\" data-id=\"0d60950\" data-element_type=\"column\">\n\t\t\t<div class=\"elementor-widget-wrap elementor-element-populated\">\n\t\t\t\t\t\t<div class=\"elementor-element elementor-element-0aa794c elementor-widget elementor-widget-text-editor\" data-id=\"0aa794c\" data-element_type=\"widget\" data-widget_type=\"text-editor.default\">\n\t\t\t\t<div class=\"elementor-widget-container\">\n\t\t\t\t\t\t\t<ul><li><a href=\"http:\/\/s3.eu-central-1.amazonaws.com\/assets.vimcar.de\/190913_mobilitaetstrends_2020.pdf\">eBook Mobilit\u00e4tstrends 2020<\/a><\/li><li><a href=\"https:\/\/vimcar.de\/boxenstopp\/lexikon\/mikromobilitaet\/\">Lexikonartikel &#8222;Mikromobilit\u00e4t&#8220;<\/a><\/li><li><a href=\"https:\/\/vimcar.de\/boxenstopp\/lexikon\/corporate-carsharing\/\">Lexikonartikel &#8222;Corporate Carsharing&#8220;<\/a><\/li><li><a href=\"https:\/\/s3.eu-central-1.amazonaws.com\/assets.vimcar.de\/eBook_Corporate_Carsharing.pdf\">eBook Corporate Carsharing<\/a><\/li><li><a href=\"https:\/\/s3.eu-central-1.amazonaws.com\/assets.vimcar.de\/Checkliste%20zur%20Implementierung%20einer%20Ladeinfrastruktur.pdf\">Checkliste zur Implementierung einer Ladeinfrastruktur<\/a><\/li><li><a href=\"https:\/\/vimcar.de\/boxenstopp\/blog\/foerderungen-fuer-elektrofahrzeuge-im-fuhrpark\/\">Blogartikel &#8222;F\u00f6rderungen f\u00fcr Elektrofahrzeuge im Fuhrpark&#8220;<\/a><\/li><li><a href=\"https:\/\/vimcar.de\/boxenstopp\/blog\/welche-massnahmen-tragen-zur-umweltschonung-bei-im-fuhrpark\/\">Blogartikel &#8222;Welche Ma\u00dfnahmen tragen zur Umweltschonung im Fuhrpark bei?&#8220;<\/a><\/li><\/ul>\t\t\t\t\t\t<\/div>\n\t\t\t\t<\/div>\n\t\t\t\t\t<\/div>\n\t\t<\/div>\n\t\t\t\t\t<\/div>\n\t\t<\/section>\n\t\t\t\t<section class=\"elementor-section elementor-top-section elementor-element elementor-element-d02086c elementor-section-boxed elementor-section-height-default elementor-section-height-default\" data-id=\"d02086c\" data-element_type=\"section\">\n\t\t\t\t\t\t<div class=\"elementor-container elementor-column-gap-default\">\n\t\t\t\t\t<div class=\"elementor-column elementor-col-100 elementor-top-column elementor-element elementor-element-01eb496\" data-id=\"01eb496\" data-element_type=\"column\">\n\t\t\t<div class=\"elementor-widget-wrap elementor-element-populated\">\n\t\t\t\t\t\t<div class=\"elementor-element elementor-element-e940607 elementor-widget elementor-widget-heading\" data-id=\"e940607\" data-element_type=\"widget\" data-widget_type=\"heading.default\">\n\t\t\t\t<div class=\"elementor-widget-container\">\n\t\t\t<h3 class=\"elementor-heading-title elementor-size-default\">Wir sind am Ende des Kurses angekommen! Erkunden Sie auch die weiteren kostenlosen Vorlagen in unserem Ressourcenbereich: <\/h3>\t\t<\/div>\n\t\t\t\t<\/div>\n\t\t\t\t\t<\/div>\n\t\t<\/div>\n\t\t\t\t\t<\/div>\n\t\t<\/section>\n\t\t\t\t<section class=\"elementor-section elementor-top-section elementor-element elementor-element-9fdf9c6 elementor-section-boxed elementor-section-height-default elementor-section-height-default\" data-id=\"9fdf9c6\" data-element_type=\"section\">\n\t\t\t\t\t\t<div class=\"elementor-container elementor-column-gap-default\">\n\t\t\t\t\t<div class=\"elementor-column elementor-col-100 elementor-top-column elementor-element elementor-element-004b84e\" data-id=\"004b84e\" data-element_type=\"column\">\n\t\t\t<div class=\"elementor-widget-wrap elementor-element-populated\">\n\t\t\t\t\t\t<div class=\"elementor-element elementor-element-b1ddf85 elementor-align-left elementor-widget elementor-widget-button\" data-id=\"b1ddf85\" data-element_type=\"widget\" data-widget_type=\"button.default\">\n\t\t\t\t<div class=\"elementor-widget-container\">\n\t\t\t\t\t<div class=\"elementor-button-wrapper\">\n\t\t\t<a class=\"elementor-button elementor-button-link elementor-size-lg\" href=\"https:\/\/vimcar.de\/boxenstopp\/ressourcenbereich\">\n\t\t\t\t\t\t<span class=\"elementor-button-content-wrapper\">\n\t\t\t\t\t\t\t\t\t<span class=\"elementor-button-text\">zum Ressourcenbereich<\/span>\n\t\t\t\t\t<\/span>\n\t\t\t\t\t<\/a>\n\t\t<\/div>\n\t\t\t\t<\/div>\n\t\t\t\t<\/div>\n\t\t\t\t\t<\/div>\n\t\t<\/div>\n\t\t\t\t\t<\/div>\n\t\t<\/section>\n\t\t\t\t<section class=\"elementor-section elementor-top-section elementor-element elementor-element-559b82f elementor-section-boxed elementor-section-height-default elementor-section-height-default\" data-id=\"559b82f\" data-element_type=\"section\">\n\t\t\t\t\t\t<div class=\"elementor-container elementor-column-gap-default\">\n\t\t\t\t\t<div class=\"elementor-column elementor-col-100 elementor-top-column elementor-element elementor-element-0c0e9d1\" data-id=\"0c0e9d1\" data-element_type=\"column\">\n\t\t\t<div class=\"elementor-widget-wrap elementor-element-populated\">\n\t\t\t\t\t\t<div class=\"elementor-element elementor-element-73e9134 elementor-widget-divider--separator-type-pattern elementor-widget-divider--view-line elementor-widget elementor-widget-divider\" data-id=\"73e9134\" data-element_type=\"widget\" data-widget_type=\"divider.default\">\n\t\t\t\t<div class=\"elementor-widget-container\">\n\t\t\t\t\t<div class=\"elementor-divider\" style=\"--divider-pattern-url: url(&quot;data:image\/svg+xml,%3Csvg xmlns=&#039;http:\/\/www.w3.org\/2000\/svg&#039; preserveAspectRatio=&#039;none&#039; overflow=&#039;visible&#039; height=&#039;100%&#039; viewBox=&#039;0 0 20 16&#039; fill=&#039;none&#039; stroke=&#039;black&#039; stroke-width=&#039;1&#039; stroke-linecap=&#039;square&#039; stroke-miterlimit=&#039;10&#039;%3E%3Cg transform=&#039;translate(-12.000000, 0)&#039;%3E%3Cpath d=&#039;M28,0L10,18&#039;\/%3E%3Cpath d=&#039;M18,0L0,18&#039;\/%3E%3Cpath d=&#039;M48,0L30,18&#039;\/%3E%3Cpath d=&#039;M38,0L20,18&#039;\/%3E%3C\/g%3E%3C\/svg%3E&quot;);\">\n\t\t\t<span class=\"elementor-divider-separator\">\n\t\t\t\t\t\t<\/span>\n\t\t<\/div>\n\t\t\t\t<\/div>\n\t\t\t\t<\/div>\n\t\t\t\t\t<\/div>\n\t\t<\/div>\n\t\t\t\t\t<\/div>\n\t\t<\/section>\n\t\t\t\t<section class=\"elementor-section elementor-top-section elementor-element elementor-element-5ae14dd elementor-section-boxed elementor-section-height-default elementor-section-height-default\" data-id=\"5ae14dd\" data-element_type=\"section\">\n\t\t\t\t\t\t<div class=\"elementor-container elementor-column-gap-default\">\n\t\t\t\t\t<div class=\"elementor-column elementor-col-100 elementor-top-column elementor-element elementor-element-93013d7\" data-id=\"93013d7\" data-element_type=\"column\">\n\t\t\t<div class=\"elementor-widget-wrap elementor-element-populated\">\n\t\t\t\t\t\t<div class=\"elementor-element elementor-element-282e166 elementor-widget elementor-widget-button\" data-id=\"282e166\" data-element_type=\"widget\" data-widget_type=\"button.default\">\n\t\t\t\t<div class=\"elementor-widget-container\">\n\t\t\t\t\t<div class=\"elementor-button-wrapper\">\n\t\t\t<a class=\"elementor-button elementor-button-link elementor-size-sm\" href=\"https:\/\/vimcar.de\/boxenstopp\/2ss59foad\/lsoejtngxqo\/\">\n\t\t\t\t\t\t<span class=\"elementor-button-content-wrapper\">\n\t\t\t\t\t\t<span class=\"elementor-button-icon\">\n\t\t\t\t<svg aria-hidden=\"true\" class=\"e-font-icon-svg e-fas-arrow-left\" viewBox=\"0 0 448 512\" xmlns=\"http:\/\/www.w3.org\/2000\/svg\"><path d=\"M257.5 445.1l-22.2 22.2c-9.4 9.4-24.6 9.4-33.9 0L7 273c-9.4-9.4-9.4-24.6 0-33.9L201.4 44.7c9.4-9.4 24.6-9.4 33.9 0l22.2 22.2c9.5 9.5 9.3 25-.4 34.3L136.6 216H424c13.3 0 24 10.7 24 24v32c0 13.3-10.7 24-24 24H136.6l120.5 114.8c9.8 9.3 10 24.8.4 34.3z\"><\/path><\/svg>\t\t\t<\/span>\n\t\t\t\t\t\t\t\t\t<span class=\"elementor-button-text\">zur Kurs\u00fcbersicht<\/span>\n\t\t\t\t\t<\/span>\n\t\t\t\t\t<\/a>\n\t\t<\/div>\n\t\t\t\t<\/div>\n\t\t\t\t<\/div>\n\t\t\t\t\t<\/div>\n\t\t<\/div>\n\t\t\t\t\t<\/div>\n\t\t<\/section>\n\t\t\t\t<\/div>\n\t\t","protected":false},"excerpt":{"rendered":"<p>\u00dcber diese Lektion Willkommen in dem letzten Video des Kurses &#8222;Beschaffung im Fuhrpark &#8211; Kompaktwissen&#8220;. In diesem Video erfahren Sie, welche neuesten Trends und Entwicklungen es in der Mobilit\u00e4t gibt. Sie finden heraus, welche neuen Fortbewegungsmittel- und konzepte auch f\u00fcr Ihren Fuhrpark interessant sein k\u00f6nnten. Vergessen Sie nicht, die kostenlosen Ressourcen herunterzuladen. Viel Spa\u00df!\u00a0 Video [&hellip;]<\/p>\n","protected":false},"author":74,"featured_media":0,"parent":6348,"menu_order":0,"comment_status":"closed","ping_status":"closed","template":"","meta":{"footnotes":"","_wp_rev_ctl_limit":""},"yoast_head":"<!-- This site is optimized with the Yoast SEO Premium plugin v21.5 (Yoast SEO v21.5) - https:\/\/yoast.com\/wordpress\/plugins\/seo\/ -->\n<title>Fuhrpark der Zukunft - Vimcar Boxenstopp<\/title>\n<meta name=\"robots\" content=\"noindex, follow\" \/>\n<meta property=\"og:locale\" content=\"de_DE\" \/>\n<meta property=\"og:type\" content=\"article\" \/>\n<meta property=\"og:title\" content=\"Fuhrpark der Zukunft\" \/>\n<meta property=\"og:description\" content=\"\u00dcber diese Lektion Willkommen in dem letzten Video des Kurses &#8222;Beschaffung im Fuhrpark &#8211; Kompaktwissen&#8220;. In diesem Video erfahren Sie, welche neuesten Trends und Entwicklungen es in der Mobilit\u00e4t gibt. Sie finden heraus, welche neuen Fortbewegungsmittel- und konzepte auch f\u00fcr Ihren Fuhrpark interessant sein k\u00f6nnten. Vergessen Sie nicht, die kostenlosen Ressourcen herunterzuladen. Viel Spa\u00df!\u00a0 Video [&hellip;]\" \/>\n<meta property=\"og:url\" content=\"https:\/\/vimcar.de\/boxenstopp\/2ss59foad\/lsoejtngxqo\/dlfk\/\" \/>\n<meta property=\"og:site_name\" content=\"Vimcar Boxenstopp\" \/>\n<meta property=\"article:publisher\" content=\"https:\/\/www.facebook.com\/vimcar\" \/>\n<meta property=\"article:modified_time\" content=\"2021-01-22T15:55:29+00:00\" \/>\n<meta name=\"twitter:card\" content=\"summary_large_image\" \/>\n<meta name=\"twitter:site\" content=\"@goVimcar\" \/>\n<meta name=\"twitter:label1\" content=\"Gesch\u00e4tzte Lesezeit\" \/>\n\t<meta name=\"twitter:data1\" content=\"1\u00a0Minute\" \/>\n<!-- \/ Yoast SEO Premium plugin. -->","yoast_head_json":{"title":"Fuhrpark der Zukunft - Vimcar Boxenstopp","robots":{"index":"noindex","follow":"follow"},"og_locale":"de_DE","og_type":"article","og_title":"Fuhrpark der Zukunft","og_description":"\u00dcber diese Lektion Willkommen in dem letzten Video des Kurses &#8222;Beschaffung im Fuhrpark &#8211; Kompaktwissen&#8220;. In diesem Video erfahren Sie, welche neuesten Trends und Entwicklungen es in der Mobilit\u00e4t gibt. Sie finden heraus, welche neuen Fortbewegungsmittel- und konzepte auch f\u00fcr Ihren Fuhrpark interessant sein k\u00f6nnten. Vergessen Sie nicht, die kostenlosen Ressourcen herunterzuladen. Viel Spa\u00df!\u00a0 Video [&hellip;]","og_url":"https:\/\/vimcar.de\/boxenstopp\/2ss59foad\/lsoejtngxqo\/dlfk\/","og_site_name":"Vimcar Boxenstopp","article_publisher":"https:\/\/www.facebook.com\/vimcar","article_modified_time":"2021-01-22T15:55:29+00:00","twitter_card":"summary_large_image","twitter_site":"@goVimcar","twitter_misc":{"Gesch\u00e4tzte Lesezeit":"1\u00a0Minute"},"schema":{"@context":"https:\/\/schema.org","@graph":[{"@type":"WebPage","@id":"https:\/\/vimcar.de\/boxenstopp\/2ss59foad\/lsoejtngxqo\/dlfk\/","url":"https:\/\/vimcar.de\/boxenstopp\/2ss59foad\/lsoejtngxqo\/dlfk\/","name":"Fuhrpark der Zukunft - Vimcar Boxenstopp","isPartOf":{"@id":"https:\/\/vimcar.de\/boxenstopp\/#website"},"datePublished":"2019-12-08T21:02:26+00:00","dateModified":"2021-01-22T15:55:29+00:00","breadcrumb":{"@id":"https:\/\/vimcar.de\/boxenstopp\/2ss59foad\/lsoejtngxqo\/dlfk\/#breadcrumb"},"inLanguage":"de","potentialAction":[{"@type":"ReadAction","target":["https:\/\/vimcar.de\/boxenstopp\/2ss59foad\/lsoejtngxqo\/dlfk\/"]}]},{"@type":"BreadcrumbList","@id":"https:\/\/vimcar.de\/boxenstopp\/2ss59foad\/lsoejtngxqo\/dlfk\/#breadcrumb","itemListElement":[{"@type":"ListItem","position":1,"name":"Startseite","item":"https:\/\/vimcar.de\/boxenstopp\/"},{"@type":"ListItem","position":2,"name":"\u00dcbersicht Online-Kurse","item":"https:\/\/vimcar.de\/boxenstopp\/2ss59foad\/"},{"@type":"ListItem","position":3,"name":"Beschaffung im Fuhrpark \u2013 Kompaktwissen","item":"https:\/\/vimcar.de\/boxenstopp\/2ss59foad\/lsoejtngxqo\/"},{"@type":"ListItem","position":4,"name":"Fuhrpark der Zukunft"}]},{"@type":"WebSite","@id":"https:\/\/vimcar.de\/boxenstopp\/#website","url":"https:\/\/vimcar.de\/boxenstopp\/","name":"Vimcar Boxenstopp","description":"- Die Lernplattform f\u00fcr Fuhrparkleiter","publisher":{"@id":"https:\/\/vimcar.de\/boxenstopp\/#organization"},"potentialAction":[{"@type":"SearchAction","target":{"@type":"EntryPoint","urlTemplate":"https:\/\/vimcar.de\/boxenstopp\/?s={search_term_string}"},"query-input":"required name=search_term_string"}],"inLanguage":"de"},{"@type":"Organization","@id":"https:\/\/vimcar.de\/boxenstopp\/#organization","name":"Vimcar Boxenstopp - Fuhrparkwissen","url":"https:\/\/vimcar.de\/boxenstopp\/","logo":{"@type":"ImageObject","inLanguage":"de","@id":"https:\/\/vimcar.de\/boxenstopp\/#\/schema\/logo\/image\/","url":"https:\/\/vimcar.de\/boxenstopp\/wp-content\/uploads\/2020\/10\/logo-vimcar-boxenstopp.png","contentUrl":"https:\/\/vimcar.de\/boxenstopp\/wp-content\/uploads\/2020\/10\/logo-vimcar-boxenstopp.png","width":250,"height":50,"caption":"Vimcar Boxenstopp - Fuhrparkwissen"},"image":{"@id":"https:\/\/vimcar.de\/boxenstopp\/#\/schema\/logo\/image\/"},"sameAs":["https:\/\/www.facebook.com\/vimcar","https:\/\/twitter.com\/goVimcar","https:\/\/www.instagram.com\/vimcar_official\/","https:\/\/de.linkedin.com\/company\/vimcar","https:\/\/www.pinterest.de\/vimcar\/","https:\/\/www.youtube.com\/channel\/UCWRajoA7OnWsAw-ezAahZPg"]}]}},"_links":{"self":[{"href":"https:\/\/vimcar.de\/boxenstopp\/wp-json\/wp\/v2\/pages\/6413"}],"collection":[{"href":"https:\/\/vimcar.de\/boxenstopp\/wp-json\/wp\/v2\/pages"}],"about":[{"href":"https:\/\/vimcar.de\/boxenstopp\/wp-json\/wp\/v2\/types\/page"}],"author":[{"embeddable":true,"href":"https:\/\/vimcar.de\/boxenstopp\/wp-json\/wp\/v2\/users\/74"}],"replies":[{"embeddable":true,"href":"https:\/\/vimcar.de\/boxenstopp\/wp-json\/wp\/v2\/comments?post=6413"}],"version-history":[{"count":0,"href":"https:\/\/vimcar.de\/boxenstopp\/wp-json\/wp\/v2\/pages\/6413\/revisions"}],"up":[{"embeddable":true,"href":"https:\/\/vimcar.de\/boxenstopp\/wp-json\/wp\/v2\/pages\/6348"}],"wp:attachment":[{"href":"https:\/\/vimcar.de\/boxenstopp\/wp-json\/wp\/v2\/media?parent=6413"}],"curies":[{"name":"wp","href":"https:\/\/api.w.org\/{rel}","templated":true}]}}