{"id":9950,"date":"2020-03-27T15:42:27","date_gmt":"2020-03-27T14:42:27","guid":{"rendered":"https:\/\/vimcar.de\/boxenstopp\/?page_id=9950"},"modified":"2020-10-20T16:54:30","modified_gmt":"2020-10-20T14:54:30","slug":"iq","status":"publish","type":"page","link":"https:\/\/vimcar.de\/boxenstopp\/2ss59foad\/0x2\/iq\/","title":{"rendered":"Versteuerung von Poolfahrzeugen"},"content":{"rendered":"\t\t<div data-elementor-type=\"wp-page\" data-elementor-id=\"9950\" class=\"elementor elementor-9950\" data-elementor-post-type=\"page\">\n\t\t\t\t\t\t<section class=\"elementor-section elementor-top-section elementor-element elementor-element-476ad82 elementor-section-boxed elementor-section-height-default elementor-section-height-default\" data-id=\"476ad82\" data-element_type=\"section\">\n\t\t\t\t\t\t<div class=\"elementor-container elementor-column-gap-default\">\n\t\t\t\t\t<div class=\"elementor-column elementor-col-100 elementor-top-column elementor-element elementor-element-262289f\" data-id=\"262289f\" data-element_type=\"column\">\n\t\t\t<div class=\"elementor-widget-wrap elementor-element-populated\">\n\t\t\t\t\t\t<div class=\"elementor-element elementor-element-3e6106b elementor-widget elementor-widget-heading\" data-id=\"3e6106b\" data-element_type=\"widget\" data-widget_type=\"heading.default\">\n\t\t\t\t<div class=\"elementor-widget-container\">\n\t\t\t<h2 class=\"elementor-heading-title elementor-size-default\">\u00dcber diese Lektion \n<\/h2>\t\t<\/div>\n\t\t\t\t<\/div>\n\t\t\t\t<div class=\"elementor-element elementor-element-ef82e1e elementor-widget elementor-widget-text-editor\" data-id=\"ef82e1e\" data-element_type=\"widget\" data-widget_type=\"text-editor.default\">\n\t\t\t\t<div class=\"elementor-widget-container\">\n\t\t\t\t\t\t\t<p><span style=\"font-weight: 400;\">Willkommen zum dritten Video unseres Kurses \u201cCorporate Carsharing: der moderne Fuhrpark.\u201d Sch\u00f6n, dass Sie noch dabei sind. In diesem Video behandeln wir das Thema Versteuerung von mehrheitlich genutzten Fahrzeugen.\u00a0<\/span><\/p><p><span style=\"font-weight: 400;\">Heute behandeln wir folgende Inhalte:\u00a0<\/span><\/p><ul><li style=\"font-weight: 400;\"><span style=\"font-weight: 400;\">Versteuerung von Poolfahrzeugen<\/span><\/li><li style=\"font-weight: 400;\"><span style=\"font-weight: 400;\">Privates Nutzungsverbot<\/span><\/li><li style=\"font-weight: 400;\"><span style=\"font-weight: 400;\">Private Nutzung einschr\u00e4nken\u00a0<\/span><\/li><li style=\"font-weight: 400;\"><span style=\"font-weight: 400;\">Fahrtenbuch-Methode<\/span><\/li><li style=\"font-weight: 400;\"><span style=\"font-weight: 400;\">Pauschalversteuerung<\/span><\/li><\/ul><p><span style=\"font-weight: 400;\">Denken Sie daran, die kostenlose Brosch\u00fcre unter dem Video herunterzuladen. Diese fasst alle Informationen aus dem Video zusammen. Viel Spa\u00df beim Video! <\/span><\/p>\t\t\t\t\t\t<\/div>\n\t\t\t\t<\/div>\n\t\t\t\t<div class=\"elementor-element elementor-element-db6bb01 elementor-widget elementor-widget-video\" data-id=\"db6bb01\" data-element_type=\"widget\" data-settings=\"{&quot;youtube_url&quot;:&quot;https:\\\/\\\/youtu.be\\\/zt8sS_oJj8M&quot;,&quot;video_type&quot;:&quot;youtube&quot;,&quot;controls&quot;:&quot;yes&quot;}\" data-widget_type=\"video.default\">\n\t\t\t\t<div class=\"elementor-widget-container\">\n\t\t\t\t\t<div class=\"elementor-wrapper elementor-open-inline\">\n\t\t\t<div class=\"elementor-video\"><\/div>\t\t<\/div>\n\t\t\t\t<\/div>\n\t\t\t\t<\/div>\n\t\t\t\t\t<\/div>\n\t\t<\/div>\n\t\t\t\t\t<\/div>\n\t\t<\/section>\n\t\t\t\t<section class=\"elementor-section elementor-top-section elementor-element elementor-element-75b40e8 elementor-section-boxed elementor-section-height-default elementor-section-height-default\" data-id=\"75b40e8\" data-element_type=\"section\">\n\t\t\t\t\t\t<div class=\"elementor-container elementor-column-gap-default\">\n\t\t\t\t\t<div class=\"elementor-column elementor-col-100 elementor-top-column elementor-element elementor-element-48556bc\" data-id=\"48556bc\" data-element_type=\"column\">\n\t\t\t<div class=\"elementor-widget-wrap elementor-element-populated\">\n\t\t\t\t\t\t<div class=\"elementor-element elementor-element-7e6b7a8 elementor-widget elementor-widget-heading\" data-id=\"7e6b7a8\" data-element_type=\"widget\" data-widget_type=\"heading.default\">\n\t\t\t\t<div class=\"elementor-widget-container\">\n\t\t\t<h2 class=\"elementor-heading-title elementor-size-default\">Kostenlose Ressourcen<\/h2>\t\t<\/div>\n\t\t\t\t<\/div>\n\t\t\t\t<div class=\"elementor-element elementor-element-69c534b elementor-widget elementor-widget-text-editor\" data-id=\"69c534b\" data-element_type=\"widget\" data-widget_type=\"text-editor.default\">\n\t\t\t\t<div class=\"elementor-widget-container\">\n\t\t\t\t\t\t\t<p><span style=\"font-weight: 400;\">M\u00f6chten Sie noch mehr zu dem Thema Versteuerung erfahren? Dann lesen Sie in der kostenlosen Brosch\u00fcre weiter. Wir empfehlen Ihnen au\u00dferdem, folgende Lexikonartikel durchzulesen:<\/span><\/p><ul><li style=\"font-weight: 400;\"><span style=\"font-weight: 400;\">Lexikonartikel <a href=\"https:\/\/vimcar.de\/boxenstopp\/lexikon\/poolfahrzeug\/\" target=\"_blank\" rel=\"noopener\">Poolfahrzeuge<\/a>\u00a0<\/span><\/li><li style=\"font-weight: 400;\"><a href=\"https:\/\/s3.eu-central-1.amazonaws.com\/assets.vimcar.de\/190320_mandanteninfo_2_digital.pdf\" target=\"_blank\" rel=\"noopener\"><span style=\"font-weight: 400;\">Brosch\u00fcre zur Versteuerung von Poolfahrzeugen<\/span><\/a><\/li><\/ul><p><span style=\"font-weight: 400;\">Achtung: Falls Sie w\u00e4hrend des Kurses offene Fragen haben, k\u00f6nnen Sie unseren Boxenstopp Experten jederzeit unter <\/span><span style=\"text-decoration: underline;\"><a href=\"mailto:boxenstopp@vimcar.com\"><span style=\"font-weight: 400;\">boxenstopp@vimcar.com<\/span><\/a><\/span><span style=\"font-weight: 400;\"> schreiben. Wir freuen uns, von Ihnen zu h\u00f6ren. <\/span><\/p>\t\t\t\t\t\t<\/div>\n\t\t\t\t<\/div>\n\t\t\t\t<div class=\"elementor-element elementor-element-fbb4007 elementor-widget elementor-widget-heading\" data-id=\"fbb4007\" data-element_type=\"widget\" data-widget_type=\"heading.default\">\n\t\t\t\t<div class=\"elementor-widget-container\">\n\t\t\t<h2 class=\"elementor-heading-title elementor-size-default\">Zum n\u00e4chsten Video<\/h2>\t\t<\/div>\n\t\t\t\t<\/div>\n\t\t\t\t\t<\/div>\n\t\t<\/div>\n\t\t\t\t\t<\/div>\n\t\t<\/section>\n\t\t\t\t<section class=\"elementor-section elementor-top-section elementor-element elementor-element-419d985 elementor-section-boxed elementor-section-height-default elementor-section-height-default\" data-id=\"419d985\" data-element_type=\"section\">\n\t\t\t\t\t\t<div class=\"elementor-container elementor-column-gap-default\">\n\t\t\t\t\t<div class=\"elementor-column elementor-col-100 elementor-top-column elementor-element elementor-element-514a5fd\" data-id=\"514a5fd\" data-element_type=\"column\">\n\t\t\t<div class=\"elementor-widget-wrap elementor-element-populated\">\n\t\t\t\t\t\t<div class=\"elementor-element elementor-element-117d9a0 elementor-widget elementor-widget-text-editor\" data-id=\"117d9a0\" data-element_type=\"widget\" data-widget_type=\"text-editor.default\">\n\t\t\t\t<div class=\"elementor-widget-container\">\n\t\t\t\t\t\t\t<p><span style=\"font-weight: 400;\">In der n\u00e4chsten Lektion schauen wir uns einmal genauer an, wie die Umsetzung im Fuhrpark erfolgt. Es werden folgende Inhalte besprochen:<\/span><\/p><ul><li style=\"font-weight: 400;\"><span style=\"font-weight: 400;\">Was muss im Arbeitsvertrag geregelt werden?<\/span><\/li><li style=\"font-weight: 400;\"><span style=\"font-weight: 400;\">Halterhaftung im Fuhrpark<\/span><\/li><li style=\"font-weight: 400;\"><span style=\"font-weight: 400;\">F\u00fchrerscheinkontrolle<\/span><\/li><\/ul><p><span style=\"font-weight: 400;\">Sie erhalten au\u00dferdem hilfreiche Vorlagen zur sofortigen Umsetzung.<\/span><\/p>\t\t\t\t\t\t<\/div>\n\t\t\t\t<\/div>\n\t\t\t\t\t<\/div>\n\t\t<\/div>\n\t\t\t\t\t<\/div>\n\t\t<\/section>\n\t\t\t\t<section class=\"elementor-section elementor-top-section elementor-element elementor-element-c1cf2b0 elementor-section-boxed elementor-section-height-default elementor-section-height-default\" data-id=\"c1cf2b0\" data-element_type=\"section\">\n\t\t\t\t\t\t<div class=\"elementor-container elementor-column-gap-default\">\n\t\t\t\t\t<div class=\"elementor-column elementor-col-100 elementor-top-column elementor-element elementor-element-7e72fd5\" data-id=\"7e72fd5\" data-element_type=\"column\">\n\t\t\t<div class=\"elementor-widget-wrap elementor-element-populated\">\n\t\t\t\t\t\t<div class=\"elementor-element elementor-element-3e3f1b0 elementor-widget elementor-widget-button\" data-id=\"3e3f1b0\" data-element_type=\"widget\" data-widget_type=\"button.default\">\n\t\t\t\t<div class=\"elementor-widget-container\">\n\t\t\t\t\t<div class=\"elementor-button-wrapper\">\n\t\t\t<a class=\"elementor-button elementor-button-link elementor-size-md\" href=\"https:\/\/vimcar.de\/boxenstopp\/2ss59foad\/0x2\/pl\/\">\n\t\t\t\t\t\t<span class=\"elementor-button-content-wrapper\">\n\t\t\t\t\t\t<span class=\"elementor-button-icon\">\n\t\t\t\t<svg aria-hidden=\"true\" class=\"e-font-icon-svg e-fas-arrow-right\" viewBox=\"0 0 448 512\" xmlns=\"http:\/\/www.w3.org\/2000\/svg\"><path d=\"M190.5 66.9l22.2-22.2c9.4-9.4 24.6-9.4 33.9 0L441 239c9.4 9.4 9.4 24.6 0 33.9L246.6 467.3c-9.4 9.4-24.6 9.4-33.9 0l-22.2-22.2c-9.5-9.5-9.3-25 .4-34.3L311.4 296H24c-13.3 0-24-10.7-24-24v-32c0-13.3 10.7-24 24-24h287.4L190.9 101.2c-9.8-9.3-10-24.8-.4-34.3z\"><\/path><\/svg>\t\t\t<\/span>\n\t\t\t\t\t\t\t\t\t<span class=\"elementor-button-text\">zum n\u00e4chsten Video<\/span>\n\t\t\t\t\t<\/span>\n\t\t\t\t\t<\/a>\n\t\t<\/div>\n\t\t\t\t<\/div>\n\t\t\t\t<\/div>\n\t\t\t\t\t<\/div>\n\t\t<\/div>\n\t\t\t\t\t<\/div>\n\t\t<\/section>\n\t\t\t\t<section class=\"elementor-section elementor-top-section elementor-element elementor-element-62b00e4 elementor-section-boxed elementor-section-height-default elementor-section-height-default\" data-id=\"62b00e4\" data-element_type=\"section\">\n\t\t\t\t\t\t<div class=\"elementor-container elementor-column-gap-default\">\n\t\t\t\t\t<div class=\"elementor-column elementor-col-100 elementor-top-column elementor-element elementor-element-5acf260\" data-id=\"5acf260\" data-element_type=\"column\">\n\t\t\t<div class=\"elementor-widget-wrap elementor-element-populated\">\n\t\t\t\t\t\t<div class=\"elementor-element elementor-element-f17add9 elementor-widget elementor-widget-text-editor\" data-id=\"f17add9\" data-element_type=\"widget\" data-widget_type=\"text-editor.default\">\n\t\t\t\t<div class=\"elementor-widget-container\">\n\t\t\t\t\t\t\t<p><span style=\"font-weight: 400;\">M\u00f6chten Sie lieber mit einem anderen Video weitermachen? Dann geht es hier zur\u00fcck zur Kurs\u00fcbersicht:<\/span><\/p>\t\t\t\t\t\t<\/div>\n\t\t\t\t<\/div>\n\t\t\t\t<div class=\"elementor-element elementor-element-c476182 elementor-widget elementor-widget-button\" data-id=\"c476182\" data-element_type=\"widget\" data-widget_type=\"button.default\">\n\t\t\t\t<div class=\"elementor-widget-container\">\n\t\t\t\t\t<div class=\"elementor-button-wrapper\">\n\t\t\t<a class=\"elementor-button elementor-button-link elementor-size-md\" href=\"https:\/\/vimcar.de\/boxenstopp\/2ss59foad\/0x2\/\">\n\t\t\t\t\t\t<span class=\"elementor-button-content-wrapper\">\n\t\t\t\t\t\t<span class=\"elementor-button-icon\">\n\t\t\t\t<svg aria-hidden=\"true\" class=\"e-font-icon-svg e-fas-arrow-left\" viewBox=\"0 0 448 512\" xmlns=\"http:\/\/www.w3.org\/2000\/svg\"><path d=\"M257.5 445.1l-22.2 22.2c-9.4 9.4-24.6 9.4-33.9 0L7 273c-9.4-9.4-9.4-24.6 0-33.9L201.4 44.7c9.4-9.4 24.6-9.4 33.9 0l22.2 22.2c9.5 9.5 9.3 25-.4 34.3L136.6 216H424c13.3 0 24 10.7 24 24v32c0 13.3-10.7 24-24 24H136.6l120.5 114.8c9.8 9.3 10 24.8.4 34.3z\"><\/path><\/svg>\t\t\t<\/span>\n\t\t\t\t\t\t\t\t\t<span class=\"elementor-button-text\">zur Kurs\u00fcbersicht<\/span>\n\t\t\t\t\t<\/span>\n\t\t\t\t\t<\/a>\n\t\t<\/div>\n\t\t\t\t<\/div>\n\t\t\t\t<\/div>\n\t\t\t\t\t<\/div>\n\t\t<\/div>\n\t\t\t\t\t<\/div>\n\t\t<\/section>\n\t\t\t\t<\/div>\n\t\t","protected":false},"excerpt":{"rendered":"<p>\u00dcber diese Lektion Willkommen zum dritten Video unseres Kurses \u201cCorporate Carsharing: der moderne Fuhrpark.\u201d Sch\u00f6n, dass Sie noch dabei sind. In diesem Video behandeln wir das Thema Versteuerung von mehrheitlich genutzten Fahrzeugen.\u00a0 Heute behandeln wir folgende Inhalte:\u00a0 Versteuerung von Poolfahrzeugen Privates Nutzungsverbot Private Nutzung einschr\u00e4nken\u00a0 Fahrtenbuch-Methode Pauschalversteuerung Denken Sie daran, die kostenlose Brosch\u00fcre unter dem [&hellip;]<\/p>\n","protected":false},"author":74,"featured_media":0,"parent":9933,"menu_order":0,"comment_status":"closed","ping_status":"closed","template":"","meta":{"footnotes":"","_wp_rev_ctl_limit":""},"yoast_head":"<!-- This site is optimized with the Yoast SEO Premium plugin v21.5 (Yoast SEO v21.5) - https:\/\/yoast.com\/wordpress\/plugins\/seo\/ -->\n<title>Versteuerung von Poolfahrzeugen - Vimcar Boxenstopp<\/title>\n<meta name=\"description\" content=\"Schauen Sie jetzt das dritte Video des Kurses &quot;Corporate Carsharing: der moderne Fuhrpark&quot; und erfahren alles zum Thema Versteuerung von Poolfahrzeugen.\" \/>\n<meta name=\"robots\" content=\"noindex, follow\" \/>\n<meta property=\"og:locale\" content=\"de_DE\" \/>\n<meta property=\"og:type\" content=\"article\" \/>\n<meta property=\"og:title\" content=\"Versteuerung von Poolfahrzeugen\" \/>\n<meta property=\"og:description\" content=\"Schauen Sie jetzt das dritte Video des Kurses &quot;Corporate Carsharing: der moderne Fuhrpark&quot; und erfahren alles zum Thema Versteuerung von Poolfahrzeugen.\" \/>\n<meta property=\"og:url\" content=\"https:\/\/vimcar.de\/boxenstopp\/2ss59foad\/0x2\/iq\/\" \/>\n<meta property=\"og:site_name\" content=\"Vimcar Boxenstopp\" \/>\n<meta property=\"article:publisher\" content=\"https:\/\/www.facebook.com\/vimcar\" \/>\n<meta property=\"article:modified_time\" content=\"2020-10-20T14:54:30+00:00\" \/>\n<meta name=\"twitter:card\" content=\"summary_large_image\" \/>\n<meta name=\"twitter:site\" content=\"@goVimcar\" \/>\n<meta name=\"twitter:label1\" content=\"Gesch\u00e4tzte Lesezeit\" \/>\n\t<meta name=\"twitter:data1\" content=\"1\u00a0Minute\" \/>\n<!-- \/ Yoast SEO Premium plugin. -->","yoast_head_json":{"title":"Versteuerung von Poolfahrzeugen - Vimcar Boxenstopp","description":"Schauen Sie jetzt das dritte Video des Kurses \"Corporate Carsharing: der moderne Fuhrpark\" und erfahren alles zum Thema Versteuerung von Poolfahrzeugen.","robots":{"index":"noindex","follow":"follow"},"og_locale":"de_DE","og_type":"article","og_title":"Versteuerung von Poolfahrzeugen","og_description":"Schauen Sie jetzt das dritte Video des Kurses \"Corporate Carsharing: der moderne Fuhrpark\" und erfahren alles zum Thema Versteuerung von Poolfahrzeugen.","og_url":"https:\/\/vimcar.de\/boxenstopp\/2ss59foad\/0x2\/iq\/","og_site_name":"Vimcar Boxenstopp","article_publisher":"https:\/\/www.facebook.com\/vimcar","article_modified_time":"2020-10-20T14:54:30+00:00","twitter_card":"summary_large_image","twitter_site":"@goVimcar","twitter_misc":{"Gesch\u00e4tzte Lesezeit":"1\u00a0Minute"},"schema":{"@context":"https:\/\/schema.org","@graph":[{"@type":"WebPage","@id":"https:\/\/vimcar.de\/boxenstopp\/2ss59foad\/0x2\/iq\/","url":"https:\/\/vimcar.de\/boxenstopp\/2ss59foad\/0x2\/iq\/","name":"Versteuerung von Poolfahrzeugen - Vimcar Boxenstopp","isPartOf":{"@id":"https:\/\/vimcar.de\/boxenstopp\/#website"},"datePublished":"2020-03-27T14:42:27+00:00","dateModified":"2020-10-20T14:54:30+00:00","description":"Schauen Sie jetzt das dritte Video des Kurses \"Corporate Carsharing: der moderne Fuhrpark\" und erfahren alles zum Thema Versteuerung von Poolfahrzeugen.","breadcrumb":{"@id":"https:\/\/vimcar.de\/boxenstopp\/2ss59foad\/0x2\/iq\/#breadcrumb"},"inLanguage":"de","potentialAction":[{"@type":"ReadAction","target":["https:\/\/vimcar.de\/boxenstopp\/2ss59foad\/0x2\/iq\/"]}]},{"@type":"BreadcrumbList","@id":"https:\/\/vimcar.de\/boxenstopp\/2ss59foad\/0x2\/iq\/#breadcrumb","itemListElement":[{"@type":"ListItem","position":1,"name":"Startseite","item":"https:\/\/vimcar.de\/boxenstopp\/"},{"@type":"ListItem","position":2,"name":"\u00dcbersicht Online-Kurse","item":"https:\/\/vimcar.de\/boxenstopp\/2ss59foad\/"},{"@type":"ListItem","position":3,"name":"Corporate Carsharing: der moderne Fuhrpark","item":"https:\/\/vimcar.de\/boxenstopp\/2ss59foad\/0x2\/"},{"@type":"ListItem","position":4,"name":"Versteuerung von Poolfahrzeugen"}]},{"@type":"WebSite","@id":"https:\/\/vimcar.de\/boxenstopp\/#website","url":"https:\/\/vimcar.de\/boxenstopp\/","name":"Vimcar Boxenstopp","description":"- Die Lernplattform f\u00fcr Fuhrparkleiter","publisher":{"@id":"https:\/\/vimcar.de\/boxenstopp\/#organization"},"potentialAction":[{"@type":"SearchAction","target":{"@type":"EntryPoint","urlTemplate":"https:\/\/vimcar.de\/boxenstopp\/?s={search_term_string}"},"query-input":"required name=search_term_string"}],"inLanguage":"de"},{"@type":"Organization","@id":"https:\/\/vimcar.de\/boxenstopp\/#organization","name":"Vimcar Boxenstopp - Fuhrparkwissen","url":"https:\/\/vimcar.de\/boxenstopp\/","logo":{"@type":"ImageObject","inLanguage":"de","@id":"https:\/\/vimcar.de\/boxenstopp\/#\/schema\/logo\/image\/","url":"https:\/\/vimcar.de\/boxenstopp\/wp-content\/uploads\/2020\/10\/logo-vimcar-boxenstopp.png","contentUrl":"https:\/\/vimcar.de\/boxenstopp\/wp-content\/uploads\/2020\/10\/logo-vimcar-boxenstopp.png","width":250,"height":50,"caption":"Vimcar Boxenstopp - Fuhrparkwissen"},"image":{"@id":"https:\/\/vimcar.de\/boxenstopp\/#\/schema\/logo\/image\/"},"sameAs":["https:\/\/www.facebook.com\/vimcar","https:\/\/twitter.com\/goVimcar","https:\/\/www.instagram.com\/vimcar_official\/","https:\/\/de.linkedin.com\/company\/vimcar","https:\/\/www.pinterest.de\/vimcar\/","https:\/\/www.youtube.com\/channel\/UCWRajoA7OnWsAw-ezAahZPg"]}]}},"_links":{"self":[{"href":"https:\/\/vimcar.de\/boxenstopp\/wp-json\/wp\/v2\/pages\/9950"}],"collection":[{"href":"https:\/\/vimcar.de\/boxenstopp\/wp-json\/wp\/v2\/pages"}],"about":[{"href":"https:\/\/vimcar.de\/boxenstopp\/wp-json\/wp\/v2\/types\/page"}],"author":[{"embeddable":true,"href":"https:\/\/vimcar.de\/boxenstopp\/wp-json\/wp\/v2\/users\/74"}],"replies":[{"embeddable":true,"href":"https:\/\/vimcar.de\/boxenstopp\/wp-json\/wp\/v2\/comments?post=9950"}],"version-history":[{"count":0,"href":"https:\/\/vimcar.de\/boxenstopp\/wp-json\/wp\/v2\/pages\/9950\/revisions"}],"up":[{"embeddable":true,"href":"https:\/\/vimcar.de\/boxenstopp\/wp-json\/wp\/v2\/pages\/9933"}],"wp:attachment":[{"href":"https:\/\/vimcar.de\/boxenstopp\/wp-json\/wp\/v2\/media?parent=9950"}],"curies":[{"name":"wp","href":"https:\/\/api.w.org\/{rel}","templated":true}]}}